{"id":946,"date":"2022-03-27T16:26:54","date_gmt":"2022-03-27T16:26:54","guid":{"rendered":"https:\/\/www.ce-iperasmus.eu\/dashboard\/?page_id=946"},"modified":"2022-03-29T03:05:39","modified_gmt":"2022-03-29T03:05:39","slug":"zirkulare-geschaftsmodelle-einfuhrung-2","status":"publish","type":"page","link":"https:\/\/www.ce-iperasmus.eu\/dashboard\/zirkulare-geschaftsmodelle-einfuhrung-2\/","title":{"rendered":"Zirkul\u00e4re Gesch\u00e4ftsmodelle. Einf\u00fchrung"},"content":{"rendered":"\n<div class=\"wp-container-4 wp-block-columns\">\n<div class=\"wp-container-1 wp-block-column\">\n<figure class=\"wp-block-image size-large\"><a href=\"https:\/\/www.ce-iperasmus.eu\/dashboard\/zirkulare-geschaftsmodelle-einfuhrung\/\"><img loading=\"lazy\" width=\"1024\" height=\"1024\" src=\"https:\/\/www.ce-iperasmus.eu\/dashboard\/wp-content\/uploads\/2022\/03\/Circ-Business-Models-intro-german-1024x1024.png\" alt=\"\" class=\"wp-image-1116\" srcset=\"https:\/\/www.ce-iperasmus.eu\/dashboard\/wp-content\/uploads\/2022\/03\/Circ-Business-Models-intro-german-1024x1024.png 1024w, https:\/\/www.ce-iperasmus.eu\/dashboard\/wp-content\/uploads\/2022\/03\/Circ-Business-Models-intro-german-300x300.png 300w, https:\/\/www.ce-iperasmus.eu\/dashboard\/wp-content\/uploads\/2022\/03\/Circ-Business-Models-intro-german-150x150.png 150w, https:\/\/www.ce-iperasmus.eu\/dashboard\/wp-content\/uploads\/2022\/03\/Circ-Business-Models-intro-german-768x768.png 768w, https:\/\/www.ce-iperasmus.eu\/dashboard\/wp-content\/uploads\/2022\/03\/Circ-Business-Models-intro-german-1536x1536.png 1536w, https:\/\/www.ce-iperasmus.eu\/dashboard\/wp-content\/uploads\/2022\/03\/Circ-Business-Models-intro-german-2048x2048.png 2048w, https:\/\/www.ce-iperasmus.eu\/dashboard\/wp-content\/uploads\/2022\/03\/Circ-Business-Models-intro-german-364x364.png 364w\" sizes=\"(max-width: 1024px) 100vw, 1024px\" \/><\/a><\/figure>\n<\/div>\n\n\n\n<div class=\"wp-container-2 wp-block-column\">\n<figure class=\"wp-block-image size-large\"><a href=\"https:\/\/www.ce-iperasmus.eu\/dashboard\/zirkulare-geschaftsmodelle-kreislaufversorgung\"><img loading=\"lazy\" width=\"1024\" height=\"1024\" src=\"https:\/\/www.ce-iperasmus.eu\/dashboard\/wp-content\/uploads\/2022\/03\/Circ-Business-Models-Circ-Supply-german-1024x1024.png\" alt=\"\" class=\"wp-image-1115\" srcset=\"https:\/\/www.ce-iperasmus.eu\/dashboard\/wp-content\/uploads\/2022\/03\/Circ-Business-Models-Circ-Supply-german-1024x1024.png 1024w, https:\/\/www.ce-iperasmus.eu\/dashboard\/wp-content\/uploads\/2022\/03\/Circ-Business-Models-Circ-Supply-german-300x300.png 300w, https:\/\/www.ce-iperasmus.eu\/dashboard\/wp-content\/uploads\/2022\/03\/Circ-Business-Models-Circ-Supply-german-150x150.png 150w, https:\/\/www.ce-iperasmus.eu\/dashboard\/wp-content\/uploads\/2022\/03\/Circ-Business-Models-Circ-Supply-german-768x768.png 768w, https:\/\/www.ce-iperasmus.eu\/dashboard\/wp-content\/uploads\/2022\/03\/Circ-Business-Models-Circ-Supply-german-1536x1536.png 1536w, https:\/\/www.ce-iperasmus.eu\/dashboard\/wp-content\/uploads\/2022\/03\/Circ-Business-Models-Circ-Supply-german-2048x2048.png 2048w, https:\/\/www.ce-iperasmus.eu\/dashboard\/wp-content\/uploads\/2022\/03\/Circ-Business-Models-Circ-Supply-german-364x364.png 364w\" sizes=\"(max-width: 1024px) 100vw, 1024px\" \/><\/a><figcaption> <\/figcaption><\/figure>\n<\/div>\n\n\n\n<div class=\"wp-container-3 wp-block-column\">\n<figure class=\"wp-block-image size-large\"><a href=\"https:\/\/www.ce-iperasmus.eu\/dashboard\/zirkulare-geschaftsmodelle-ressourcenwiederherstellung\"><img loading=\"lazy\" width=\"1024\" height=\"1024\" src=\"https:\/\/www.ce-iperasmus.eu\/dashboard\/wp-content\/uploads\/2022\/03\/Circ-Business-Models-Reso-Recovery-german-1024x1024.png\" alt=\"\" class=\"wp-image-1117\" srcset=\"https:\/\/www.ce-iperasmus.eu\/dashboard\/wp-content\/uploads\/2022\/03\/Circ-Business-Models-Reso-Recovery-german-1024x1024.png 1024w, https:\/\/www.ce-iperasmus.eu\/dashboard\/wp-content\/uploads\/2022\/03\/Circ-Business-Models-Reso-Recovery-german-300x300.png 300w, https:\/\/www.ce-iperasmus.eu\/dashboard\/wp-content\/uploads\/2022\/03\/Circ-Business-Models-Reso-Recovery-german-150x150.png 150w, https:\/\/www.ce-iperasmus.eu\/dashboard\/wp-content\/uploads\/2022\/03\/Circ-Business-Models-Reso-Recovery-german-768x768.png 768w, https:\/\/www.ce-iperasmus.eu\/dashboard\/wp-content\/uploads\/2022\/03\/Circ-Business-Models-Reso-Recovery-german-1536x1536.png 1536w, https:\/\/www.ce-iperasmus.eu\/dashboard\/wp-content\/uploads\/2022\/03\/Circ-Business-Models-Reso-Recovery-german-2048x2048.png 2048w, https:\/\/www.ce-iperasmus.eu\/dashboard\/wp-content\/uploads\/2022\/03\/Circ-Business-Models-Reso-Recovery-german-364x364.png 364w\" sizes=\"(max-width: 1024px) 100vw, 1024px\" \/><\/a><figcaption> <\/figcaption><\/figure>\n<\/div>\n<\/div>\n\n\n\n<div class=\"wp-container-8 wp-block-columns\">\n<div class=\"wp-container-5 wp-block-column\">\n<figure class=\"wp-block-image size-large\"><a href=\"https:\/\/www.ce-iperasmus.eu\/dashboard\/zirkulare-geschaftsmodelle-verlangerung-der-produktlebensdauer\"><img loading=\"lazy\" width=\"1024\" height=\"1024\" src=\"https:\/\/www.ce-iperasmus.eu\/dashboard\/wp-content\/uploads\/2022\/03\/Circ-Business-Models-Prod-Life-Ext-german-1024x1024.png\" alt=\"\" class=\"wp-image-1123\" srcset=\"https:\/\/www.ce-iperasmus.eu\/dashboard\/wp-content\/uploads\/2022\/03\/Circ-Business-Models-Prod-Life-Ext-german-1024x1024.png 1024w, https:\/\/www.ce-iperasmus.eu\/dashboard\/wp-content\/uploads\/2022\/03\/Circ-Business-Models-Prod-Life-Ext-german-300x300.png 300w, https:\/\/www.ce-iperasmus.eu\/dashboard\/wp-content\/uploads\/2022\/03\/Circ-Business-Models-Prod-Life-Ext-german-150x150.png 150w, https:\/\/www.ce-iperasmus.eu\/dashboard\/wp-content\/uploads\/2022\/03\/Circ-Business-Models-Prod-Life-Ext-german-768x768.png 768w, https:\/\/www.ce-iperasmus.eu\/dashboard\/wp-content\/uploads\/2022\/03\/Circ-Business-Models-Prod-Life-Ext-german-1536x1536.png 1536w, https:\/\/www.ce-iperasmus.eu\/dashboard\/wp-content\/uploads\/2022\/03\/Circ-Business-Models-Prod-Life-Ext-german-2048x2048.png 2048w, https:\/\/www.ce-iperasmus.eu\/dashboard\/wp-content\/uploads\/2022\/03\/Circ-Business-Models-Prod-Life-Ext-german-364x364.png 364w\" sizes=\"(max-width: 1024px) 100vw, 1024px\" \/><\/a><\/figure>\n<\/div>\n\n\n\n<div class=\"wp-container-6 wp-block-column\">\n<figure class=\"wp-block-image size-large\"><a href=\"https:\/\/www.ce-iperasmus.eu\/dashboard\/zirkulare-geschaftsmodelle-sharing-plattform\"><img loading=\"lazy\" width=\"1024\" height=\"1024\" src=\"https:\/\/www.ce-iperasmus.eu\/dashboard\/wp-content\/uploads\/2022\/03\/Circ-Business-Models-Sharing-platf-german-1024x1024.png\" alt=\"\" class=\"wp-image-1124\" srcset=\"https:\/\/www.ce-iperasmus.eu\/dashboard\/wp-content\/uploads\/2022\/03\/Circ-Business-Models-Sharing-platf-german-1024x1024.png 1024w, https:\/\/www.ce-iperasmus.eu\/dashboard\/wp-content\/uploads\/2022\/03\/Circ-Business-Models-Sharing-platf-german-300x300.png 300w, https:\/\/www.ce-iperasmus.eu\/dashboard\/wp-content\/uploads\/2022\/03\/Circ-Business-Models-Sharing-platf-german-150x150.png 150w, https:\/\/www.ce-iperasmus.eu\/dashboard\/wp-content\/uploads\/2022\/03\/Circ-Business-Models-Sharing-platf-german-768x768.png 768w, https:\/\/www.ce-iperasmus.eu\/dashboard\/wp-content\/uploads\/2022\/03\/Circ-Business-Models-Sharing-platf-german-1536x1536.png 1536w, https:\/\/www.ce-iperasmus.eu\/dashboard\/wp-content\/uploads\/2022\/03\/Circ-Business-Models-Sharing-platf-german-2048x2048.png 2048w, https:\/\/www.ce-iperasmus.eu\/dashboard\/wp-content\/uploads\/2022\/03\/Circ-Business-Models-Sharing-platf-german-364x364.png 364w\" sizes=\"(max-width: 1024px) 100vw, 1024px\" \/><\/a><\/figure>\n<\/div>\n\n\n\n<div class=\"wp-container-7 wp-block-column\">\n<figure class=\"wp-block-image size-large\"><a href=\"https:\/\/www.ce-iperasmus.eu\/dashboard\/zirkulare-geschaftsmodelle-produkt-als-dienstleistung\"><img loading=\"lazy\" width=\"1024\" height=\"1024\" src=\"https:\/\/www.ce-iperasmus.eu\/dashboard\/wp-content\/uploads\/2022\/03\/Circ-Business-Models-Prod-as-Service-german-1024x1024.png\" alt=\"\" class=\"wp-image-1122\" srcset=\"https:\/\/www.ce-iperasmus.eu\/dashboard\/wp-content\/uploads\/2022\/03\/Circ-Business-Models-Prod-as-Service-german-1024x1024.png 1024w, https:\/\/www.ce-iperasmus.eu\/dashboard\/wp-content\/uploads\/2022\/03\/Circ-Business-Models-Prod-as-Service-german-300x300.png 300w, https:\/\/www.ce-iperasmus.eu\/dashboard\/wp-content\/uploads\/2022\/03\/Circ-Business-Models-Prod-as-Service-german-150x150.png 150w, https:\/\/www.ce-iperasmus.eu\/dashboard\/wp-content\/uploads\/2022\/03\/Circ-Business-Models-Prod-as-Service-german-768x768.png 768w, https:\/\/www.ce-iperasmus.eu\/dashboard\/wp-content\/uploads\/2022\/03\/Circ-Business-Models-Prod-as-Service-german-1536x1536.png 1536w, https:\/\/www.ce-iperasmus.eu\/dashboard\/wp-content\/uploads\/2022\/03\/Circ-Business-Models-Prod-as-Service-german-2048x2048.png 2048w, https:\/\/www.ce-iperasmus.eu\/dashboard\/wp-content\/uploads\/2022\/03\/Circ-Business-Models-Prod-as-Service-german-364x364.png 364w\" sizes=\"(max-width: 1024px) 100vw, 1024px\" \/><\/a><\/figure>\n<\/div>\n<\/div>\n","protected":false},"excerpt":{"rendered":"","protected":false},"author":2,"featured_media":0,"parent":0,"menu_order":0,"comment_status":"closed","ping_status":"closed","template":"","meta":[],"_links":{"self":[{"href":"https:\/\/www.ce-iperasmus.eu\/dashboard\/wp-json\/wp\/v2\/pages\/946"}],"collection":[{"href":"https:\/\/www.ce-iperasmus.eu\/dashboard\/wp-json\/wp\/v2\/pages"}],"about":[{"href":"https:\/\/www.ce-iperasmus.eu\/dashboard\/wp-json\/wp\/v2\/types\/page"}],"author":[{"embeddable":true,"href":"https:\/\/www.ce-iperasmus.eu\/dashboard\/wp-json\/wp\/v2\/users\/2"}],"replies":[{"embeddable":true,"href":"https:\/\/www.ce-iperasmus.eu\/dashboard\/wp-json\/wp\/v2\/comments?post=946"}],"version-history":[{"count":15,"href":"https:\/\/www.ce-iperasmus.eu\/dashboard\/wp-json\/wp\/v2\/pages\/946\/revisions"}],"predecessor-version":[{"id":1127,"href":"https:\/\/www.ce-iperasmus.eu\/dashboard\/wp-json\/wp\/v2\/pages\/946\/revisions\/1127"}],"wp:attachment":[{"href":"https:\/\/www.ce-iperasmus.eu\/dashboard\/wp-json\/wp\/v2\/media?parent=946"}],"curies":[{"name":"wp","href":"https:\/\/api.w.org\/{rel}","templated":true}]}}