{"id":827,"date":"2022-03-27T09:51:51","date_gmt":"2022-03-27T09:51:51","guid":{"rendered":"https:\/\/www.ce-iperasmus.eu\/dashboard\/?page_id=827"},"modified":"2022-06-02T10:11:26","modified_gmt":"2022-06-02T10:11:26","slug":"introduccion-a-la-economia-circular-2","status":"publish","type":"page","link":"https:\/\/www.ce-iperasmus.eu\/dashboard\/introduccion-a-la-economia-circular-2\/","title":{"rendered":"Introducci\u00f3n a la Econom\u00eda Circular"},"content":{"rendered":"\n<div class=\"wp-container-6 wp-block-columns\">\n<div class=\"wp-container-5 wp-block-column\" style=\"flex-basis:100%\">\n<p>SIGUE INFORM\u00c1NDOTE<\/p>\n\n\n\n<div class=\"wp-container-4 wp-block-columns\">\n<div class=\"wp-container-1 wp-block-column\">\n<figure class=\"wp-block-image size-large\"><a href=\"https:\/\/www.ce-iperasmus.eu\/dashboard\/introduccion-a-la-economia-circular\"><img loading=\"lazy\" width=\"1024\" height=\"1024\" src=\"https:\/\/www.ce-iperasmus.eu\/dashboard\/wp-content\/uploads\/2022\/04\/introduccion-ec-spanish-1024x1024.png\" alt=\"\" class=\"wp-image-1227\" srcset=\"https:\/\/www.ce-iperasmus.eu\/dashboard\/wp-content\/uploads\/2022\/04\/introduccion-ec-spanish-1024x1024.png 1024w, https:\/\/www.ce-iperasmus.eu\/dashboard\/wp-content\/uploads\/2022\/04\/introduccion-ec-spanish-300x300.png 300w, https:\/\/www.ce-iperasmus.eu\/dashboard\/wp-content\/uploads\/2022\/04\/introduccion-ec-spanish-150x150.png 150w, https:\/\/www.ce-iperasmus.eu\/dashboard\/wp-content\/uploads\/2022\/04\/introduccion-ec-spanish-768x768.png 768w, https:\/\/www.ce-iperasmus.eu\/dashboard\/wp-content\/uploads\/2022\/04\/introduccion-ec-spanish-1536x1536.png 1536w, https:\/\/www.ce-iperasmus.eu\/dashboard\/wp-content\/uploads\/2022\/04\/introduccion-ec-spanish-2048x2048.png 2048w, https:\/\/www.ce-iperasmus.eu\/dashboard\/wp-content\/uploads\/2022\/04\/introduccion-ec-spanish-364x364.png 364w\" sizes=\"(max-width: 1024px) 100vw, 1024px\" \/><\/a><\/figure>\n<\/div>\n\n\n\n<div class=\"wp-container-2 wp-block-column\">\n<figure class=\"wp-block-image size-large\"><a href=\"https:\/\/www.ce-iperasmus.eu\/dashboard\/introduccion-a-las-microempresas-2\/\"><img loading=\"lazy\" width=\"1024\" height=\"1024\" src=\"https:\/\/www.ce-iperasmus.eu\/dashboard\/wp-content\/uploads\/2022\/04\/introduccion-micro-empresas-spanish-1024x1024.png\" alt=\"\" class=\"wp-image-1230\" srcset=\"https:\/\/www.ce-iperasmus.eu\/dashboard\/wp-content\/uploads\/2022\/04\/introduccion-micro-empresas-spanish-1024x1024.png 1024w, https:\/\/www.ce-iperasmus.eu\/dashboard\/wp-content\/uploads\/2022\/04\/introduccion-micro-empresas-spanish-300x300.png 300w, https:\/\/www.ce-iperasmus.eu\/dashboard\/wp-content\/uploads\/2022\/04\/introduccion-micro-empresas-spanish-150x150.png 150w, https:\/\/www.ce-iperasmus.eu\/dashboard\/wp-content\/uploads\/2022\/04\/introduccion-micro-empresas-spanish-768x768.png 768w, https:\/\/www.ce-iperasmus.eu\/dashboard\/wp-content\/uploads\/2022\/04\/introduccion-micro-empresas-spanish-1536x1536.png 1536w, https:\/\/www.ce-iperasmus.eu\/dashboard\/wp-content\/uploads\/2022\/04\/introduccion-micro-empresas-spanish-2048x2048.png 2048w, https:\/\/www.ce-iperasmus.eu\/dashboard\/wp-content\/uploads\/2022\/04\/introduccion-micro-empresas-spanish-364x364.png 364w\" sizes=\"(max-width: 1024px) 100vw, 1024px\" \/><\/a><\/figure>\n<\/div>\n\n\n\n<div class=\"wp-container-3 wp-block-column\">\n<figure class=\"wp-block-image size-large\"><a href=\"https:\/\/www.ce-iperasmus.eu\/dashboard\/introduccion-a-la-industria-textil-2\"><img loading=\"lazy\" width=\"1024\" height=\"1024\" src=\"https:\/\/www.ce-iperasmus.eu\/dashboard\/wp-content\/uploads\/2022\/04\/Introduccion-a-la-industria-textil-spanish-1024x1024.png\" alt=\"\" class=\"wp-image-1224\" srcset=\"https:\/\/www.ce-iperasmus.eu\/dashboard\/wp-content\/uploads\/2022\/04\/Introduccion-a-la-industria-textil-spanish-1024x1024.png 1024w, https:\/\/www.ce-iperasmus.eu\/dashboard\/wp-content\/uploads\/2022\/04\/Introduccion-a-la-industria-textil-spanish-300x300.png 300w, https:\/\/www.ce-iperasmus.eu\/dashboard\/wp-content\/uploads\/2022\/04\/Introduccion-a-la-industria-textil-spanish-150x150.png 150w, https:\/\/www.ce-iperasmus.eu\/dashboard\/wp-content\/uploads\/2022\/04\/Introduccion-a-la-industria-textil-spanish-768x768.png 768w, https:\/\/www.ce-iperasmus.eu\/dashboard\/wp-content\/uploads\/2022\/04\/Introduccion-a-la-industria-textil-spanish-1536x1536.png 1536w, https:\/\/www.ce-iperasmus.eu\/dashboard\/wp-content\/uploads\/2022\/04\/Introduccion-a-la-industria-textil-spanish-2048x2048.png 2048w, https:\/\/www.ce-iperasmus.eu\/dashboard\/wp-content\/uploads\/2022\/04\/Introduccion-a-la-industria-textil-spanish-364x364.png 364w\" sizes=\"(max-width: 1024px) 100vw, 1024px\" \/><\/a><\/figure>\n<\/div>\n<\/div>\n<\/div>\n<\/div>\n\n\n\n<div class=\"wp-container-10 wp-block-columns\">\n<div class=\"wp-container-7 wp-block-column\">\n<figure class=\"wp-block-image size-large\"><a href=\"https:\/\/www.ce-iperasmus.eu\/dashboard\/circular-business-models-spain\"><img loading=\"lazy\" width=\"1024\" height=\"1024\" src=\"https:\/\/www.ce-iperasmus.eu\/dashboard\/wp-content\/uploads\/2022\/04\/Circular-Business-models-spanish-1024x1024.png\" alt=\"\" class=\"wp-image-1209\" srcset=\"https:\/\/www.ce-iperasmus.eu\/dashboard\/wp-content\/uploads\/2022\/04\/Circular-Business-models-spanish-1024x1024.png 1024w, https:\/\/www.ce-iperasmus.eu\/dashboard\/wp-content\/uploads\/2022\/04\/Circular-Business-models-spanish-300x300.png 300w, https:\/\/www.ce-iperasmus.eu\/dashboard\/wp-content\/uploads\/2022\/04\/Circular-Business-models-spanish-150x150.png 150w, https:\/\/www.ce-iperasmus.eu\/dashboard\/wp-content\/uploads\/2022\/04\/Circular-Business-models-spanish-768x768.png 768w, https:\/\/www.ce-iperasmus.eu\/dashboard\/wp-content\/uploads\/2022\/04\/Circular-Business-models-spanish-1536x1536.png 1536w, https:\/\/www.ce-iperasmus.eu\/dashboard\/wp-content\/uploads\/2022\/04\/Circular-Business-models-spanish-2048x2048.png 2048w, https:\/\/www.ce-iperasmus.eu\/dashboard\/wp-content\/uploads\/2022\/04\/Circular-Business-models-spanish-364x364.png 364w\" sizes=\"(max-width: 1024px) 100vw, 1024px\" \/><\/a><\/figure>\n<\/div>\n\n\n\n<div class=\"wp-container-8 wp-block-column\">\n<figure class=\"wp-block-image size-large\"><a href=\"https:\/\/www.ce-iperasmus.eu\/dashboard\/circular-economy-opportunities-within-companies-spain\"><img loading=\"lazy\" width=\"1024\" height=\"1024\" src=\"https:\/\/www.ce-iperasmus.eu\/dashboard\/wp-content\/uploads\/2022\/04\/ce-opportunities-spanish-1-1024x1024.png\" alt=\"\" class=\"wp-image-1305\" srcset=\"https:\/\/www.ce-iperasmus.eu\/dashboard\/wp-content\/uploads\/2022\/04\/ce-opportunities-spanish-1-1024x1024.png 1024w, https:\/\/www.ce-iperasmus.eu\/dashboard\/wp-content\/uploads\/2022\/04\/ce-opportunities-spanish-1-300x300.png 300w, https:\/\/www.ce-iperasmus.eu\/dashboard\/wp-content\/uploads\/2022\/04\/ce-opportunities-spanish-1-150x150.png 150w, https:\/\/www.ce-iperasmus.eu\/dashboard\/wp-content\/uploads\/2022\/04\/ce-opportunities-spanish-1-768x768.png 768w, https:\/\/www.ce-iperasmus.eu\/dashboard\/wp-content\/uploads\/2022\/04\/ce-opportunities-spanish-1-1536x1536.png 1536w, https:\/\/www.ce-iperasmus.eu\/dashboard\/wp-content\/uploads\/2022\/04\/ce-opportunities-spanish-1-2048x2048.png 2048w, https:\/\/www.ce-iperasmus.eu\/dashboard\/wp-content\/uploads\/2022\/04\/ce-opportunities-spanish-1-364x364.png 364w\" sizes=\"(max-width: 1024px) 100vw, 1024px\" \/><\/a><\/figure>\n<\/div>\n\n\n\n<div class=\"wp-container-9 wp-block-column\">\n<figure class=\"wp-block-image size-large\"><a href=\"https:\/\/www.ce-iperasmus.eu\/dashboard\/economia-circular-mejores-practicas\"><img loading=\"lazy\" width=\"1024\" height=\"1024\" src=\"https:\/\/www.ce-iperasmus.eu\/dashboard\/wp-content\/uploads\/2022\/05\/Avatares-dashboard-1-1024x1024.png\" alt=\"\" class=\"wp-image-1458\" srcset=\"https:\/\/www.ce-iperasmus.eu\/dashboard\/wp-content\/uploads\/2022\/05\/Avatares-dashboard-1-1024x1024.png 1024w, https:\/\/www.ce-iperasmus.eu\/dashboard\/wp-content\/uploads\/2022\/05\/Avatares-dashboard-1-300x300.png 300w, https:\/\/www.ce-iperasmus.eu\/dashboard\/wp-content\/uploads\/2022\/05\/Avatares-dashboard-1-150x150.png 150w, https:\/\/www.ce-iperasmus.eu\/dashboard\/wp-content\/uploads\/2022\/05\/Avatares-dashboard-1-768x768.png 768w, https:\/\/www.ce-iperasmus.eu\/dashboard\/wp-content\/uploads\/2022\/05\/Avatares-dashboard-1-1536x1536.png 1536w, https:\/\/www.ce-iperasmus.eu\/dashboard\/wp-content\/uploads\/2022\/05\/Avatares-dashboard-1-2048x2048.png 2048w, https:\/\/www.ce-iperasmus.eu\/dashboard\/wp-content\/uploads\/2022\/05\/Avatares-dashboard-1-364x364.png 364w\" sizes=\"(max-width: 1024px) 100vw, 1024px\" \/><\/a><\/figure>\n<\/div>\n<\/div>\n\n\n\n<p>SIGUE APRENDIENDO<\/p>\n\n\n\n<figure class=\"wp-block-pullquote\"><blockquote><p><a href=\"https:\/\/www.ce-iperasmus.eu\/dashboard\/hoja-de-ruta-hacia-la-estrategia-y-practicas-de-economia-circular-en-microempresas\">HOJA DE RUTA HACIA LA ESTRATEGIA Y PR\u00c1CTICAS DE ECONOM\u00cdA CIRCULAR EN MICROEMPRESAS<\/a><\/p><\/blockquote><\/figure>\n\n\n\n<p><a href=\"https:\/\/www.ce-iperasmus.eu\/dashboard\/further-information\/\">M\u00c1S INFORMACI\u00d3N<\/a>.<\/p>\n\n\n\n<p><\/p>\n","protected":false},"excerpt":{"rendered":"<p>SIGUE INFORM\u00c1NDOTE SIGUE APRENDIENDO HOJA DE RUTA HACIA LA ESTRATEGIA Y PR\u00c1CTICAS DE ECONOM\u00cdA CIRCULAR EN MICROEMPRESAS M\u00c1S INFORMACI\u00d3N.<\/p>\n","protected":false},"author":2,"featured_media":0,"parent":0,"menu_order":0,"comment_status":"closed","ping_status":"closed","template":"","meta":[],"_links":{"self":[{"href":"https:\/\/www.ce-iperasmus.eu\/dashboard\/wp-json\/wp\/v2\/pages\/827"}],"collection":[{"href":"https:\/\/www.ce-iperasmus.eu\/dashboard\/wp-json\/wp\/v2\/pages"}],"about":[{"href":"https:\/\/www.ce-iperasmus.eu\/dashboard\/wp-json\/wp\/v2\/types\/page"}],"author":[{"embeddable":true,"href":"https:\/\/www.ce-iperasmus.eu\/dashboard\/wp-json\/wp\/v2\/users\/2"}],"replies":[{"embeddable":true,"href":"https:\/\/www.ce-iperasmus.eu\/dashboard\/wp-json\/wp\/v2\/comments?post=827"}],"version-history":[{"count":16,"href":"https:\/\/www.ce-iperasmus.eu\/dashboard\/wp-json\/wp\/v2\/pages\/827\/revisions"}],"predecessor-version":[{"id":1466,"href":"https:\/\/www.ce-iperasmus.eu\/dashboard\/wp-json\/wp\/v2\/pages\/827\/revisions\/1466"}],"wp:attachment":[{"href":"https:\/\/www.ce-iperasmus.eu\/dashboard\/wp-json\/wp\/v2\/media?parent=827"}],"curies":[{"name":"wp","href":"https:\/\/api.w.org\/{rel}","templated":true}]}}