{"id":575,"date":"2021-11-25T07:34:29","date_gmt":"2021-11-25T07:34:29","guid":{"rendered":"https:\/\/www.ce-iperasmus.eu\/dashboard\/?page_id=575"},"modified":"2021-11-25T07:36:24","modified_gmt":"2021-11-25T07:36:24","slug":"national-programs-action-plans-strategy-papers-on-circular-economy","status":"publish","type":"page","link":"https:\/\/www.ce-iperasmus.eu\/dashboard\/national-programs-action-plans-strategy-papers-on-circular-economy\/","title":{"rendered":"NATIONAL PROGRAMS \/ ACTION PLANS \/ STRATEGY PAPERS ON CIRCULAR ECONOMY"},"content":{"rendered":"\n<p><\/p>\n\n\n\n<figure class=\"wp-block-table\"><table><tbody><tr><td><strong>National Programs on Circular Economy (Title and Web Link)<\/strong><\/td><td><strong>Main objectives and what it is about<\/strong><\/td><\/tr><tr><td><strong><em>EU Level<\/em><\/strong><\/td><\/tr><tr><td>European Green Deal &#8211; <a href=\"https:\/\/ec.europa.eu\/info\/strategy\/priorities-2019-2024\/european-green-deal_en\">A European Green Deal | European Commission (europa.eu)<\/a><\/td><td>&#8211; Circular Economy Action Plan* as part of the Green Deal &#8211; hold more products longer in the circle to modernise the economy &#8211; European Circular Economy Platform &#8211; good practices and reports<\/td><\/tr><tr><td>Horizon Europe &#8211; <a href=\"https:\/\/ec.europa.eu\/info\/horizon-europe_en#proposal\">Horizon Europe | European Commission (europa.eu)<\/a><\/td><td>&#8211; support research and innovation e.g. <a href=\"https:\/\/www.remanufacturing.eu\/\">https:\/\/www.remanufacturing.eu\/<\/a> from Horizon 2020 should promote remanufacturing &nbsp; <a href=\"http:\/\/www.retrace-itn.eu\/\">http:\/\/www.retrace-itn.eu\/<\/a> research program from Horizon 2020Trainings for workers in circular economy &#8211; for high qualified workers<\/td><\/tr><tr><td>EU-Monitoring &#8211; <a href=\"https:\/\/ec.europa.eu\/eurostat\/web\/circular-economy\">https:\/\/ec.europa.eu\/eurostat\/web\/circular-economy<\/a><\/td><td>monitoring metrics of each member state with regard to circular economy<\/td><\/tr><tr><td><a href=\"https:\/\/ec.europa.eu\/info\/eu-regional-and-urban-development\/topics\/cities-and-urban-development\/priority-themes-eu-cities\/circular-economy-cities_en\">https:\/\/ec.europa.eu\/info\/eu-regional-and-urban-development\/topics\/cities-and-urban-development\/priority-themes-eu-cities\/circular-economy-cities_en<\/a><\/td><td>*The<a href=\"http:\/\/ec.europa.eu\/environment\/circular-economy\/index_en.htm\"> <\/a><a href=\"http:\/\/ec.europa.eu\/environment\/circular-economy\/index_en.htm\">Circular Economy Package<\/a> consists of an EU Action Plan for the Circular Economy that establishes a concrete and ambitious programme of action, with measures covering the whole cycle: from production and consumption to waste management and the market for secondary raw materials.<\/td><\/tr><tr><td>GERMANY<\/td><\/tr><tr><td>\u201cKreislaufwirtschaftsgesetz\u201d &#8211; <a href=\"https:\/\/www.bmu.de\/gesetz\/kreislaufwirtschaftsgesetz\/\">Kreislaufwirtschaftsgesetz | Gesetze und Verordnungen | BMU<\/a><\/td><td>priority of waste avoidance; following reuse and recycling<\/td><\/tr><tr><td>Hightech-Strategy 2025 &#8211; <a href=\"https:\/\/www.bmbf.de\/de\/hightech-strategie-2025.html\">Hightech-Strategie 2025 &#8211; BMBF<\/a><\/td><td>support innovation and research; themes like sustainability and climate protection, different programs like \u201cInnovative Hochschule\u201d or \u201cCLIENT II &#8211; Internationale Partnerschaften f\u00fcr nachhaltige Innovationen\u201d<\/td><\/tr><tr><td>Circular Economy Initiative Germany &#8211; <a href=\"https:\/\/www.circular-economy-initiative.de\/\">Circular Economy Initiative Deutschland (circular-economy-initiative.de)<\/a><\/td><td>trend to more circular economy as a priority; in cooperation with politic, society, economy and academia<\/td><\/tr><tr><td>guiding principles for a circular economy &#8211; <a href=\"https:\/\/www.umweltbundesamt.de\/publikationen\/leitsaetze-einer-kreislaufwirtschaft\">Leits\u00e4tze einer Kreislaufwirtschaft | Umweltbundesamt<\/a><\/td><td>principles for circular economy in Germany; e.g. design and goals<\/td><\/tr><tr><td>FONA &#8211; research for sustainability &#8211;&nbsp; <a href=\"https:\/\/www.fona.de\/de\/\">Forschung f\u00fcr Nachhaltigkeit (FONA)<\/a><\/td><td>support measure of different topics connecting to sustainability; e.g. resource efficient circular economy &#8211; innovative product circles or technologies to recycle plastic<\/td><\/tr><tr><td>SPAIN<\/td><\/tr><tr><td>ESPA\u00d1A CIRCULAR 2030: Estrategia Espa\u00f1ola de Econom\u00eda Circular <a href=\"https:\/\/www.miteco.gob.es\/es\/calidad-y-evaluacion-ambiental\/temas\/economia-circular\/espanacircular2030_def1_tcm30-509532.PDF\">https:\/\/www.miteco.gob.es\/es\/calidad-y-evaluacion-ambiental\/temas\/economia-circular\/espanacircular2030_def1_tcm30-509532.PDF<\/a> ESPA\u00d1A CIRCULAR 2030: Spanish Circular Economy Strategy <a href=\"https:\/\/www.miteco.gob.es\/es\/calidad-y-evaluacion-ambiental\/temas\/economia-circular\/espanacircular_2030_executivesummary_en_tcm30-510578.pdf\">https:\/\/www.miteco.gob.es\/es\/calidad-y-evaluacion-ambiental\/temas\/economia-circular\/espanacircular_2030_executivesummary_en_tcm30-510578.pdf<\/a><\/td><td>&nbsp;<\/td><\/tr><tr><td>GREECE<\/td><\/tr><tr><td><strong>National Action Plan on Circular Economy<\/strong> <a href=\"https:\/\/circulareconomy.europa.eu\/platform\/en\/main-language\/greek\">https:\/\/circulareconomy.europa.eu\/platform\/en\/main-language\/greek<\/a> &nbsp; <a href=\"https:\/\/ypen.gov.gr\/perivallon\/kykliki-oikonomia\/\">https:\/\/ypen.gov.gr\/perivallon\/kykliki-oikonomia\/<\/a> &nbsp;<\/td><td>-Moving up the waste hierarchy by focusing on preventing waste and improving recycling -supporting circular entrepreneurship by promoting \u201cindustrial symbiosis\u201d and business clusters -supporting circular consumption patterns of re-using and repairing rather than buying new products -enhancing multi-stakeholder partnership across industry, academia and civil society<\/td><\/tr><tr><td><strong>National Strategy for the Circular Economy<\/strong> <a href=\"https:\/\/www.eetaa.gr\/odhgoi\/13102020_odhgos_kyklikhs_oikonomias.pdf\">https:\/\/www.eetaa.gr\/odhgoi\/13102020_odhgos_kyklikhs_oikonomias.pdf<\/a> &nbsp; <a href=\"https:\/\/ypen.gov.gr\/perivallon\/kykliki-oikonomia\/\">https:\/\/ypen.gov.gr\/perivallon\/kykliki-oikonomia\/<\/a> &nbsp;<\/td><td>-Preparation of a National Action Plan for the promotion of Green Public Procurement -Elaboration of proposals to reduce food -Development of innovative applications and cutting-edge technologies for waste management within RIS3 -Development of ecological design criteria -Promoting the use of brokerage at the level of regions or cities to promote the circular economy, as an unpaid consulting service &nbsp;<\/td><\/tr><tr><td><strong>Establishment of a national Circular Economy Observatory<\/strong> <a href=\"https:\/\/en.sev.org.gr\/wp-content\/uploads\/2018\/06\/EY_Study_on_the_Circular_Economy_BRIEF-EDITION_0.pdf\">https:\/\/en.sev.org.gr\/wp-content\/uploads\/2018\/06\/EY_Study_on_the_Circular_Economy_BRIEF-EDITION_0.pdf<\/a> &nbsp; <a href=\"https:\/\/www.eetaa.gr\/odhgoi\/13102020_odhgos_kyklikhs_oikonomias.pdf\">https:\/\/www.eetaa.gr\/odhgoi\/13102020_odhgos_kyklikhs_oikonomias.pdf<\/a> &nbsp; <a href=\"https:\/\/ypen.gov.gr\/perivallon\/kykliki-oikonomia\/\">https:\/\/ypen.gov.gr\/perivallon\/kykliki-oikonomia\/<\/a><\/td><td>-Collection, processing of data and drawing conclusions on the evolution of the circular economy -Monitoring of national indicators of the circular economy and preparation of an annual report -Cooperation with productive and social bodies &nbsp;<\/td><\/tr><tr><td><strong>Creation of the national initiative \u00abCircular Alliance for Greece<\/strong> <a href=\"https:\/\/www.eetaa.gr\/odhgoi\/13102020_odhgos_kyklikhs_oikonomias.pdf\">https:\/\/www.eetaa.gr\/odhgoi\/13102020_odhgos_kyklikhs_oikonomias.pdf<\/a> &nbsp; <a href=\"https:\/\/ypen.gov.gr\/perivallon\/kykliki-oikonomia\/\">https:\/\/ypen.gov.gr\/perivallon\/kykliki-oikonomia\/<\/a><\/td><td>-Funding from the green fund -Agreements with NGOs and producers, with a view to voluntary agreements (food, tourism, industry) -Information and public awareness actions &nbsp;<\/td><\/tr><tr><td><strong>Creation of urban spaces as \u00abcreative reuse centers\u00bb, with utilization of the Green Points \/ KAEDISP and their transformation into \u00abGreen Centers\u00bb<\/strong> <a href=\"https:\/\/circulargreece.gr\/el\/\">https:\/\/circulargreece.gr\/el\/<\/a> &nbsp; <a href=\"https:\/\/www.eetaa.gr\/odhgoi\/13102020_odhgos_kyklikhs_oikonomias.pdf\">https:\/\/www.eetaa.gr\/odhgoi\/13102020_odhgos_kyklikhs_oikonomias.pdf<\/a> &nbsp; <a href=\"https:\/\/ypen.gov.gr\/perivallon\/kykliki-oikonomia\/\">https:\/\/ypen.gov.gr\/perivallon\/kykliki-oikonomia\/<\/a><\/td><td>-mapping of existing reuse initiatives and examining the possibility of establishing a common framework \/ guidelines for establishing social education \/ repair centers in cities (repair-caf\u00e9, more integrated structures, local \/ regional platforms and websites) &#8211; compiling a specific list of incoming waste &nbsp;-connection of green centers with waste treatment structure -segregation and classification of incoming waste with a focus on reuse and hazardous waste. &nbsp;<\/td><\/tr><tr><td>SLOVENIA<\/td><\/tr><tr><td><a href=\"https:\/\/circulareconomy.europa.eu\/platform\/en\/strategies\/roadmap-towards-circular-economy-slovenia\">https:\/\/circulareconomy.europa.eu\/platform\/en\/strategies\/roadmap-towards-circular-economy-slovenia<\/a><\/td><td>The Roadmap towards the Circular Economy in Slovenia sets the path for Slovenia to become a circular economy front runner in the region. Designed through an inclusive, multi-stakeholder approach, it identifies four priority sectors, give recommendations to the government and identifies best practices. The Roadmap introduces the Circular Triangle, a model which unites three inseparable elements \u2013 Circular Economy (business models), Circular Change (government policies) and Circular Culture (citizens), three interdependent aspects that are at the core of systemic change from a linear to a circular economy in Slovenia.<\/td><\/tr><tr><td><a href=\"https:\/\/switchmed.eu\/wp-content\/uploads\/2020\/12\/Country-Profile-Slovenia.pdf\">https:\/\/switchmed.eu\/wp-content\/uploads\/2020\/12\/Country-Profile-Slovenia.pdf<\/a><\/td><td>Slovenia Country Profile &#8211; circular economy<\/td><\/tr><tr><td>https:\/\/www.stat.si\/StatWeb\/en\/News\/Index\/9406<\/td><td>Experimental statistics: Circular economy indicators, Slovenia, 2016-2019 &nbsp;<\/td><\/tr><tr><td><a><\/a>ITALY<\/td><\/tr><tr><td><a href=\"https:\/\/circulareconomy.europa.eu\/platform\/en\/strategies?populate=&amp;country%5B%5D=IT\">https:\/\/circulareconomy.europa.eu\/platform\/en\/strategies?populate=&amp;country%5B%5D=IT<\/a><\/td><td>Existing strategies for the transition to a circular economy adopted at national, regional or local level by public authorities.<\/td><\/tr><tr><td><a href=\"https:\/\/www.isprambiente.gov.it\/it\/amministrazione-trasparente\/organizzazione\/articolazione-degli-uffici\/articolazione-dipartimenti\/centro-nazionale-dei-rifiuti-ed-economia-circolare\/cn-rif\">https:\/\/www.isprambiente.gov.it\/it\/amministrazione-trasparente\/organizzazione\/articolazione-degli-uffici\/articolazione-dipartimenti\/centro-nazionale-dei-rifiuti-ed-economia-circolare\/cn-rif<\/a><\/td><td>Centro Nazionale dei rifiuti e dell&#8217;economia circolare<\/td><\/tr><tr><td><a href=\"https:\/\/www.mise.gov.it\/index.php\/en\/incentivi\/impresa\/r-s-economia-circolare\">https:\/\/www.mise.gov.it\/index.php\/en\/incentivi\/impresa\/r-s-economia-circolare<\/a><\/td><td>The official resources of Ministry of Economic <a>Development<\/a><a href=\"#_msocom_1\">[1]<\/a>&nbsp;<\/td><\/tr><\/tbody><\/table><\/figure>\n\n\n\n<hr class=\"wp-block-separator\"\/>\n\n\n\n<p><a><\/a><\/p>\n\n\n\n<p><\/p>\n","protected":false},"excerpt":{"rendered":"<p>National Programs on Circular Economy (Title and Web Link) Main objectives and what it is about EU Level European Green Deal &#8211; A European Green &hellip; <\/p>\n","protected":false},"author":2,"featured_media":0,"parent":0,"menu_order":0,"comment_status":"closed","ping_status":"closed","template":"","meta":[],"_links":{"self":[{"href":"https:\/\/www.ce-iperasmus.eu\/dashboard\/wp-json\/wp\/v2\/pages\/575"}],"collection":[{"href":"https:\/\/www.ce-iperasmus.eu\/dashboard\/wp-json\/wp\/v2\/pages"}],"about":[{"href":"https:\/\/www.ce-iperasmus.eu\/dashboard\/wp-json\/wp\/v2\/types\/page"}],"author":[{"embeddable":true,"href":"https:\/\/www.ce-iperasmus.eu\/dashboard\/wp-json\/wp\/v2\/users\/2"}],"replies":[{"embeddable":true,"href":"https:\/\/www.ce-iperasmus.eu\/dashboard\/wp-json\/wp\/v2\/comments?post=575"}],"version-history":[{"count":2,"href":"https:\/\/www.ce-iperasmus.eu\/dashboard\/wp-json\/wp\/v2\/pages\/575\/revisions"}],"predecessor-version":[{"id":578,"href":"https:\/\/www.ce-iperasmus.eu\/dashboard\/wp-json\/wp\/v2\/pages\/575\/revisions\/578"}],"wp:attachment":[{"href":"https:\/\/www.ce-iperasmus.eu\/dashboard\/wp-json\/wp\/v2\/media?parent=575"}],"curies":[{"name":"wp","href":"https:\/\/api.w.org\/{rel}","templated":true}]}}