{"id":565,"date":"2021-11-25T00:22:07","date_gmt":"2021-11-25T00:22:07","guid":{"rendered":"https:\/\/www.ce-iperasmus.eu\/dashboard\/?page_id=565"},"modified":"2022-03-29T00:21:05","modified_gmt":"2022-03-29T00:21:05","slug":"oportunidades-de-financiacion-y-financiacion","status":"publish","type":"page","link":"https:\/\/www.ce-iperasmus.eu\/dashboard\/oportunidades-de-financiacion-y-financiacion\/","title":{"rendered":"Oportunidades de financiaci\u00f3n y financiaci\u00f3n"},"content":{"rendered":"\n<p><strong>UE<\/strong><\/p>\n\n\n\n<figure class=\"wp-block-table\"><table><tbody><tr><td><strong>DESCRIPCI\u00d3N<\/strong><\/td><td><strong>NOMBRE DEL PROGRAMA<\/strong><\/td><td><strong>ENLACE<\/strong><\/td><\/tr><tr><td>Como parte del Pacto Verde Europeo, la Comisi\u00f3n Europea ha establecido un&nbsp;<em>Plan de Acci\u00f3n de Econom\u00eda Circular<\/em>&nbsp;con el objetivo de lograr la transici\u00f3n de la UE a una econom\u00eda circular.&nbsp;Para cumplir con este objetivo, la Comisi\u00f3n Europea publica las oportunidades de financiaci\u00f3n relacionados con la econom\u00eda circular&nbsp;<a href=\"https:\/\/ec.europa.eu\/info\/research-and-innovation\/research-area\/environment\/circular-economy_en\">aqu\u00ed<\/a>&nbsp;.&nbsp;<\/td><td>Colecci\u00f3n \/ Resumen<\/td><td><a href=\"https:\/\/ec.europa.eu\/info\/research-and-innovation\/research-area\/environment\/circular-economy_en\">https:\/\/ec.europa.eu\/info\/research-and-innovation\/research-area\/environment\/circular-economy_en<\/a><\/td><\/tr><tr><td>&nbsp;<\/td><td>Fondo de Innovaci\u00f3n de la UE (proyectos a peque\u00f1a escala)<\/td><td><a href=\"https:\/\/ec.europa.eu\/clima\/policies\/innovation-fund_en#tab-0-2\">https:\/\/ec.europa.eu\/clima\/policies\/innovation-fund_en#tab-0-2<\/a><\/td><\/tr><tr><td>&nbsp;<\/td><td>Informaci\u00f3n y proyectos de la EASME (Agencia Ejecutiva para PYMES)<\/td><td><a href=\"https:\/\/wayback.archive-it.org\/12090\/20210412123959\/https:\/ec.europa.eu\/easme\/en\/\">https:\/\/wayback.archive-it.org\/12090\/20210412123959\/https:\/\/ec.europa.eu\/easme\/en\/<\/a><\/td><\/tr><tr><td><strong>&nbsp;<\/strong><\/td><td>Fondo Europeo de Bioeconom\u00eda Circular ECBF<\/td><td><a href=\"https:\/\/www.ecbf.vc\/\">https:\/\/www.ecbf.vc\/<\/a><\/td><\/tr><tr><td>Construir una sociedad basada en el conocimiento y la innovaci\u00f3n y una econom\u00eda competitiva, contribuyendo al mismo tiempo al desarrollo sostenible;&nbsp;con diferentes \u00e1reas de enfoque&nbsp;<\/td><td>InvestEU (2021-2027)&nbsp;<\/td><td><a href=\"https:\/\/www.foerderdatenbank.de\/FDB\/Content\/DE\/Foerderprogramm\/EU\/horizont-2020-rahmenprogramm-forschung-innovation.html\">https:\/\/www.foerderdatenbank.de\/FDB\/Content\/DE\/Foerderprogramm\/<\/a><br><a href=\"https:\/\/www.foerderdatenbank.de\/FDB\/Content\/DE\/Foerderprogramm\/EU\/horizont-2020-rahmenprogramm-forschung-innovation.html\">EU \/ horizont-2020-rahmenprogramm-forschung-innovation.html<\/a><\/td><\/tr><tr><td>A trav\u00e9s del \u00abriesgo compartido\u00bb, proporcionamos financiaci\u00f3n a proyectos \/ promotores de econom\u00eda circular con un perfil de riesgo t\u00edpicamente m\u00e1s alto&nbsp;<\/td><td>Banco Europeo de Inversiones&nbsp;<\/td><td><a href=\"https:\/\/www.eib.org\/en\/about\/initiatives\/circular-economy\/index.htm\">https:\/\/www.eib.org\/en\/about\/initiatives\/circular-economy\/index.htm<\/a>&nbsp;&nbsp;<\/td><\/tr><tr><td>Cinco bancos e instituciones de promoci\u00f3n nacionales europeos y el Banco Europeo de Inversiones (BEI) apoyan el desarrollo y la implementaci\u00f3n de proyectos y programas de econom\u00eda circular en la Uni\u00f3n Europea<\/td><td>La iniciativa conjunta sobre econom\u00eda circular&nbsp;<\/td><td><a href=\"https:\/\/www.kfw.de\/KfW-Group\/Newsroom\/Latest-News\/Pressemitteilungen-Details_531840.html\">https:\/\/www.kfw.de\/KfW-Group\/Newsroom\/Latest-News\/Pressemitteilungen-Details_531840.html<\/a>&nbsp;&nbsp;<\/td><\/tr><\/tbody><\/table><\/figure>\n\n\n\n<p><strong>ALEMANIA<\/strong><\/p>\n\n\n\n<figure class=\"wp-block-table\"><table><tbody><tr><td><strong>DESCRIPCI\u00d3N<\/strong><\/td><td><strong>NOMBRE DEL PROGRAMA<\/strong><\/td><td><strong>ENLACE<\/strong><\/td><\/tr><tr><td>Las empresas invierten en medidas de eficiencia de recursos o en procesos comerciales circulares (NRW)<\/td><td>Programa especial&nbsp;<br>Econom\u00eda circular y eficiencia de recursos&nbsp;<\/td><td><a href=\"https:\/\/www.foerderdatenbank.de\/FDB\/Content\/DE\/Foerderprogramm\/Land\/NRW\/kreislaufwirtschaft-ressourceneffizienz.html\">https:\/\/www.foerderdatenbank.de\/FDB\/Content\/DE\/<\/a><br><a href=\"https:\/\/www.foerderdatenbank.de\/FDB\/Content\/DE\/Foerderprogramm\/Land\/NRW\/kreislaufwirtschaft-ressourceneffizienz.html\">Foerderprogramm \/ Land \/ NRW \/<\/a><br><a href=\"https:\/\/www.foerderdatenbank.de\/FDB\/Content\/DE\/Foerderprogramm\/Land\/NRW\/kreislaufwirtschaft-ressourceneffizienz.html\">kreislaufwirtschaft-ressourceneffizienz.html<\/a><\/td><\/tr><tr><td>Empresas que trabajan solas o con otras personas en soluciones medioambientales innovadoras, especialmente para el tratamiento de residuos (Sachsen-Anhalt)<\/td><td>Promoci\u00f3n de medidas innovadoras de gesti\u00f3n circular y de recursos (Gu\u00eda de recursos)<\/td><td><a href=\"https:\/\/www.foerderdatenbank.de\/FDB\/Content\/DE\/Foerderprogramm\/Land\/Sachsen-Anhalt\/richtlinie-ressource.html\">https:\/\/www.foerderdatenbank.de\/FDB\/Content\/DE\/<\/a><br><a href=\"https:\/\/www.foerderdatenbank.de\/FDB\/Content\/DE\/Foerderprogramm\/Land\/Sachsen-Anhalt\/richtlinie-ressource.html\">Foerderprogramm \/ Land \/<\/a><br><a href=\"https:\/\/www.foerderdatenbank.de\/FDB\/Content\/DE\/Foerderprogramm\/Land\/Sachsen-Anhalt\/richtlinie-ressource.html\">Sachsen-Anhalt \/ richtlinie-ressource.html<\/a>&nbsp;&nbsp;<\/td><\/tr><tr><td>Empresas medianas, los aut\u00f3nomos invierten en la protecci\u00f3n del medio ambiente bajo su propia responsabilidad (Bayern)<\/td><td>Programa de pr\u00e9stamos medioambientales de Baviera \/ \u00ab\u00d6kocredit\u00bb<\/td><td><a href=\"https:\/\/www.foerderdatenbank.de\/FDB\/Content\/DE\/Foerderprogramm\/Land\/Bayern\/bayerisches-umweltkreditprogramm.html\">https:\/\/www.foerderdatenbank.de\/FDB\/Content\/DE\/<\/a><br><a href=\"https:\/\/www.foerderdatenbank.de\/FDB\/Content\/DE\/Foerderprogramm\/Land\/Bayern\/bayerisches-umweltkreditprogramm.html\">Foerderprogramm \/ Land \/ Bayern \/<\/a><br><a href=\"https:\/\/www.foerderdatenbank.de\/FDB\/Content\/DE\/Foerderprogramm\/Land\/Bayern\/bayerisches-umweltkreditprogramm.html\">bayerisches-umweltkreditprogramm.html<\/a><\/td><\/tr><tr><td>Planificar medidas para el desarrollo de la agricultura, la silvicultura, la acuicultura y la pesca, en la protecci\u00f3n del medio ambiente, la naturaleza y el clima y en el \u00e1mbito de la energ\u00eda (Sachsen)<\/td><td>Iniciativas especiales de la directriz de financiaci\u00f3n (RL BesIn \/ 2021)&nbsp;<\/td><td><a href=\"https:\/\/www.foerderdatenbank.de\/FDB\/Content\/DE\/Foerderprogramm\/Land\/Sachsen\/richtlinie-besin-2021.html\">https:\/\/www.foerderdatenbank.de\/FDB\/Content\/DE\/<\/a><br><a href=\"https:\/\/www.foerderdatenbank.de\/FDB\/Content\/DE\/Foerderprogramm\/Land\/Sachsen\/richtlinie-besin-2021.html\">Foerderprogramm \/ Land \/ Sachsen \/ richtlinie-besin-2021.html<\/a><\/td><\/tr><tr><td>Las empresas utilizan servicios de consultor\u00eda externos para aumentar la eficiencia de los recursos (Rheinland-Pfalz)<\/td><td>Consultas de la empresa para aumentar la eficiencia de los recursos&nbsp;<\/td><td><a href=\"https:\/\/www.foerderdatenbank.de\/FDB\/Content\/DE\/Foerderprogramm\/Land\/Rheinland-Pfalz\/betriebsberatungen-erhoehung-ressourceneffizienz.html\">https:\/\/www.foerderdatenbank.de\/FDB\/Content\/DE\/<\/a><br><a href=\"https:\/\/www.foerderdatenbank.de\/FDB\/Content\/DE\/Foerderprogramm\/Land\/Rheinland-Pfalz\/betriebsberatungen-erhoehung-ressourceneffizienz.html\">Foerderprogramm \/ Land \/ Rheinland-Pfalz \/<\/a><br><a href=\"https:\/\/www.foerderdatenbank.de\/FDB\/Content\/DE\/Foerderprogramm\/Land\/Rheinland-Pfalz\/betriebsberatungen-erhoehung-ressourceneffizienz.html\">betriebsberatungen-erhoehung-ressourceneffizienz.html<\/a><\/td><\/tr><tr><td>Reforzar la cooperaci\u00f3n regional y suprarregional entre empresas e instituciones relacionadas con las empresas en redes de cl\u00fasteres (Hessen)<\/td><td>Promoci\u00f3n del desarrollo regional &#8211; Cl\u00fasteres regionales de innovaci\u00f3n (redes de cl\u00fasteres)&nbsp;<\/td><td><a href=\"https:\/\/www.foerderdatenbank.de\/FDB\/Content\/DE\/Foerderprogramm\/Land\/Hessen\/regionale-entwicklung-innovationscluster.html\">https:\/\/www.foerderdatenbank.de\/FDB\/Content\/DE\/<\/a><br><a href=\"https:\/\/www.foerderdatenbank.de\/FDB\/Content\/DE\/Foerderprogramm\/Land\/Hessen\/regionale-entwicklung-innovationscluster.html\">Foerderprogramm \/ Land \/<\/a><br><a href=\"https:\/\/www.foerderdatenbank.de\/FDB\/Content\/DE\/Foerderprogramm\/Land\/Hessen\/regionale-entwicklung-innovationscluster.html\">Hessen \/ regionale-entwicklung-innovationscluster.html<\/a>&nbsp;&nbsp;<\/td><\/tr><tr><td>Empresas o instituciones de investigaci\u00f3n que planifican estudios de investigaci\u00f3n, desarrollo o viabilidad, tambi\u00e9n en cooperaci\u00f3n (Hamburgo)<\/td><td>Programa de Innovaci\u00f3n (PROFI)&nbsp;<\/td><td><a href=\"https:\/\/www.foerderdatenbank.de\/FDB\/Content\/DE\/Foerderprogramm\/Land\/Hamburg\/programm-fuer-innovationen-profi.html\">https:\/\/www.foerderdatenbank.de\/FDB\/Content\/DE\/<\/a><br><a href=\"https:\/\/www.foerderdatenbank.de\/FDB\/Content\/DE\/Foerderprogramm\/Land\/Hamburg\/programm-fuer-innovationen-profi.html\">Foerderprogramm \/ Land \/ Hamburg \/<\/a><br><a href=\"https:\/\/www.foerderdatenbank.de\/FDB\/Content\/DE\/Foerderprogramm\/Land\/Hamburg\/programm-fuer-innovationen-profi.html\">programm-fuer-innovationen-profi.html<\/a><\/td><\/tr><tr><td>Investigaci\u00f3n y desarrollo en el campo de las materias primas renovables (nacional)<\/td><td>Materias primas renovables&nbsp;<\/td><td><a href=\"https:\/\/www.foerderdatenbank.de\/FDB\/Content\/DE\/Foerderprogramm\/Bund\/BMEL\/foerderprogramm-nachwachsende-rohstoffe.html\">https:\/\/www.foerderdatenbank.de\/FDB\/Content\/DE\/<\/a><br><a href=\"https:\/\/www.foerderdatenbank.de\/FDB\/Content\/DE\/Foerderprogramm\/Bund\/BMEL\/foerderprogramm-nachwachsende-rohstoffe.html\">Foerderprogramm \/ Bund \/ BMEL \/<\/a><br><a href=\"https:\/\/www.foerderdatenbank.de\/FDB\/Content\/DE\/Foerderprogramm\/Bund\/BMEL\/foerderprogramm-nachwachsende-rohstoffe.html\">foerderprogramm-nachwachsende-rohstoffe.html<\/a><\/td><\/tr><tr><td>Proyectos de transferencia de conocimiento y promoci\u00f3n de tecnolog\u00edas e infraestructuras verdes y sostenibles en el exterior (nacional)<\/td><td>Promoci\u00f3n de la exportaci\u00f3n de infraestructura verde y sostenible (ambiental) (Iniciativa de Exportaci\u00f3n para Tecnolog\u00edas Ambientales)&nbsp;<\/td><td><a href=\"https:\/\/www.foerderdatenbank.de\/FDB\/Content\/DE\/Foerderprogramm\/Bund\/BMU\/exportinitiative-fuer-umwelttechnologien.html\">https:\/\/www.foerderdatenbank.de\/FDB\/Content\/DE\/<\/a><br><a href=\"https:\/\/www.foerderdatenbank.de\/FDB\/Content\/DE\/Foerderprogramm\/Bund\/BMU\/exportinitiative-fuer-umwelttechnologien.html\">Foerderprogramm \/ Bund \/ BMU \/<\/a><br><a href=\"https:\/\/www.foerderdatenbank.de\/FDB\/Content\/DE\/Foerderprogramm\/Bund\/BMU\/exportinitiative-fuer-umwelttechnologien.html\">exportinitiative-fuer-umwelttechnologien.html<\/a>&nbsp;&nbsp;<\/td><\/tr><tr><td>Peque\u00f1as o medianas empresas (PYME) que investigan y desarrollan un proyecto innovador en los campos de la eficiencia de los recursos y la mitigaci\u00f3n del cambio clim\u00e1tico (nacional)<\/td><td>KMU-innovador: eficiencia de recursos y protecci\u00f3n del clima&nbsp;<\/td><td><a href=\"https:\/\/www.foerderdatenbank.de\/FDB\/Content\/DE\/Foerderprogramm\/Bund\/BMBF\/kmu-innovativ-ressourcen-klimaschutz-bund.html\">https:\/\/www.foerderdatenbank.de\/FDB\/Content\/DE\/<\/a><br><a href=\"https:\/\/www.foerderdatenbank.de\/FDB\/Content\/DE\/Foerderprogramm\/Bund\/BMBF\/kmu-innovativ-ressourcen-klimaschutz-bund.html\">Foerderprogramm \/ Bund \/ BMBF \/ kmu-innovativ-ressourcen-klimaschutz-bund.html<\/a><\/td><\/tr><\/tbody><\/table><\/figure>\n\n\n\n<p><strong>ESPA\u00d1A<\/strong><\/p>\n\n\n\n<figure class=\"wp-block-table\"><table><tbody><tr><td><strong>DESCRIPCI\u00d3N<\/strong><\/td><td><strong>NOMBRE DEL PROGRAMA<\/strong><\/td><td><strong>ENLACE<\/strong><\/td><\/tr><tr><td>El ICO, otros cuatro Bancos e Instituciones Nacionales de Promoci\u00f3n europeos y el Banco Europeo de Inversiones (BEI) han lanzado la Iniciativa Conjunta para la Econom\u00eda Circular para apoyar el desarrollo y la ejecuci\u00f3n de proyectos y programas de econom\u00eda circular en la Uni\u00f3n Europea (UE).&nbsp;El ICO, otros cuatro bancos europeos e instituciones nacionales de promoci\u00f3n y el Banco Europeo de Inversiones han lanzado la Iniciativa Conjunta para la Econom\u00eda Circular para apoyar el desarrollo y la implementaci\u00f3n de proyectos y programas de econom\u00eda circular en la Uni\u00f3n Europea.<\/td><td>Iniciativa conjunta para la econom\u00eda circular (JICE)<\/td><td><a href=\"https:\/\/www.ico.es\/web\/guest\/inicio\">https:\/\/www.ico.es\/web\/guest\/inicio<\/a><\/td><\/tr><tr><td>Ayudas para empresas en general, para la realizaci\u00f3n de proyectos de ecodise\u00f1o y demostraci\u00f3n en econom\u00eda circular, de ecoinnovaci\u00f3n estrat\u00e9gica, de dise\u00f1o de proyectos para programas europeos y de activaci\u00f3n de proyectos retadores.&nbsp;(Gobierno del Pa\u00eds Vasco) Ayudas a empresas en general, para la realizaci\u00f3n de proyectos de ecodise\u00f1o y demostraci\u00f3n en la econom\u00eda circular, ecoinnovaci\u00f3n estrat\u00e9gica, dise\u00f1o de proyectos para programas europeos y activaci\u00f3n de proyectos desafiantes.&nbsp;(Gobierno del Pa\u00eds Vasco)<\/td><td>Ecodise\u00f1o y demostraci\u00f3n en econom\u00eda circular Ecodise\u00f1o y demostraci\u00f3n en econom\u00eda circular<\/td><td>Buscador general \/ Buscador:&nbsp;<a href=\"http:\/\/www.ipyme.org\/es-ES\/BBDD\/AyudasIncentivos\/Paginas\/BuscadorAyudas.aspx\">http:\/\/www.ipyme.org\/es-ES\/BBDD\/AyudasIncentivos\/Paginas\/BuscadorAyudas.aspx<\/a>&nbsp;Ayuda \/ Aid:&nbsp;<a href=\"https:\/\/wapis.ipyme.org\/servicioayudas\/ayudas\/detalle?id=85621&amp;fichero\">https:\/\/wapis.ipyme.org\/servicioayudas\/ayudas\/detalle?id = 85621 &amp; fichero<\/a><br>Web del organismo convocante: \/ Web del organismo organizador:&nbsp;<a href=\"http:\/\/www.ihobe.eus\/\">http:\/\/www.ihobe.eus<\/a>&nbsp;<\/td><\/tr><tr><td>Ayudas para empresas en general, industria, Investigaci\u00f3n y Desarrollo, para la realizaci\u00f3n de proyectos de ecodise\u00f1o y demostraci\u00f3n en econom\u00eda circular, de ecoinnovaci\u00f3n estrat\u00e9gica, de dise\u00f1o de proyectos para programas europeos y de activaci\u00f3n de proyectos retadores.&nbsp;(Gobierno del Pa\u00eds Vasco) Ayudas a empresas en general, industria, Investigaci\u00f3n y Desarrollo, para la realizaci\u00f3n de proyectos de ecodise\u00f1o y demostraci\u00f3n en la econom\u00eda circular, ecoinnovaci\u00f3n estrat\u00e9gica, dise\u00f1o de proyectos para programas europeos y activaci\u00f3n de proyectos desafiantes.&nbsp;(Gobierno del Pa\u00eds Vasco)<\/td><td>Ecoinnovaci\u00f3n estrat\u00e9gica Ecoinnovaci\u00f3n estrat\u00e9gica<\/td><td>Buscador general \/ Buscador:&nbsp;<a href=\"http:\/\/www.ipyme.org\/es-ES\/BBDD\/AyudasIncentivos\/Paginas\/BuscadorAyudas.aspx\">http:\/\/www.ipyme.org\/es-ES\/BBDD\/AyudasIncentivos\/Paginas\/BuscadorAyudas.aspx<\/a>&nbsp;Ayuda \/ Aid:&nbsp;<a href=\"https:\/\/wapis.ipyme.org\/servicioayudas\/ayudas\/detalle?id=85622&amp;fichero\">https:\/\/wapis.ipyme.org\/servicioayudas\/ayudas\/detalle?id = 85622 &amp; fichero<\/a>&nbsp;= Web del organismo convocante \/ Web del organismo organizador:&nbsp;<a href=\"http:\/\/www.ihobe.eus\/\">http:\/\/www.ihobe.eus<\/a><\/td><\/tr><tr><td>Ayudas para Peque\u00f1as o medianas empresas (PYME) (Asturias) Peque\u00f1as o medianas empresas (Pymes) (Asturias)<\/td><td>Subvenciones para el impulso de la econom\u00eda circular en las empresas durante el a\u00f1o 2021 Subvenciones para promover la econom\u00eda circular en las empresas durante 2021<\/td><td>Buscador general \/ Buscador:&nbsp;<a href=\"http:\/\/www.ipyme.org\/es-ES\/BBDD\/AyudasIncentivos\/Paginas\/BuscadorAyudas.aspx\">http:\/\/www.ipyme.org\/es-ES\/BBDD\/AyudasIncentivos\/Paginas\/BuscadorAyudas.aspx<\/a>&nbsp;Ayuda \/ Aid:&nbsp;<a href=\"https:\/\/wapis.ipyme.org\/servicioayudas\/ayudas\/detalle?id=84663&amp;fichero\">https:\/\/wapis.ipyme.org\/servicioayudas\/ayudas\/detalle?id = 84663 &amp; fichero<\/a>&nbsp;= Web del organismo convocante \/ Web del organismo organizador:&nbsp;<a href=\"https:\/\/sede.asturias.es\/\">https:\/\/sede.asturias.es<\/a><\/td><\/tr><tr><td>Empresas privadas y agrupaciones de empresas privadas que tengan al menos un establecimiento operativo en Catalu\u00f1a Empresas privadas y grupos de empresas privadas que tengan al menos un establecimiento operativo en Catalu\u00f1a<\/td><td>Subvenciones para proyectos de fomento de la econom\u00eda circular Becas para proyectos de fomento de la econom\u00eda circular<\/td><td>Buscador general \/ Buscador:&nbsp;<a href=\"http:\/\/www.ipyme.org\/es-ES\/BBDD\/AyudasIncentivos\/Paginas\/BuscadorAyudas.aspx\">http:\/\/www.ipyme.org\/es-ES\/BBDD\/AyudasIncentivos\/Paginas\/BuscadorAyudas.aspx<\/a>&nbsp;Ayuda \/ Aid:&nbsp;<a href=\"https:\/\/wapis.ipyme.org\/servicioayudas\/ayudas\/detalle?id=79578&amp;fichero\">https:\/\/wapis.ipyme.org\/servicioayudas\/ayudas\/detalle?id = 79578 &amp; fichero<\/a>&nbsp;= Web del organismo convocante \/ Web de la entidad organizadora:&nbsp;<a href=\"http:\/\/canalempresa.gencat.cat\/\">http:\/\/canalempresa.gencat.cat<\/a><\/td><\/tr><tr><td>Peque\u00f1as o medianas empresas (PYME) que investigan y desarrollan un proyecto innovador vinculado a la econom\u00eda circular (nacional) Peque\u00f1as o medianas empresas (PYME) que investigan y desarrollan un proyecto innovador vinculado a la econom\u00eda circular (nacional)<\/td><td>Buscador de Ayudas e incentivos para empresas Buscador de ayudas e incentivos en Espa\u00f1a<\/td><td><a href=\"http:\/\/www.ipyme.org\/es-ES\/BBDD\/AyudasIncentivos\/Paginas\/BuscadorAyudas.aspx\">http:\/\/www.ipyme.org\/es-ES\/BBDD\/AyudasIncentivos\/Paginas\/BuscadorAyudas.aspx<\/a>&nbsp;&nbsp;<\/td><\/tr><tr><td>Programas y ayudas de la Uni\u00f3n Europea Programas y becas de la Uni\u00f3n Europea<\/td><td>Gu\u00eda de Financiaci\u00f3n Comunitaria Gu\u00eda de Financiamiento Comunitario<\/td><td><a href=\"https:\/\/www.guiafc.es\/\">https:\/\/www.guiafc.es\/<\/a><\/td><\/tr><\/tbody><\/table><\/figure>\n\n\n\n<p><strong>GRECIA<\/strong><\/p>\n\n\n\n<figure class=\"wp-block-table\"><table><tbody><tr><td><strong>DESCRIPCI\u00d3N<\/strong><\/td><td><strong>NOMBRE DEL PROGRAMA<\/strong><\/td><td><strong>ENLACE<\/strong><\/td><\/tr><tr><td>&nbsp;<\/td><td>&nbsp;<\/td><td>&nbsp;<\/td><\/tr><tr><td>&nbsp;<\/td><td>&nbsp;<\/td><td>&nbsp;<\/td><\/tr><tr><td>&nbsp;<\/td><td>&nbsp;<\/td><td>&nbsp;<\/td><\/tr><tr><td>&nbsp;<\/td><td>&nbsp;<\/td><td>&nbsp;<\/td><\/tr><tr><td>&nbsp;<\/td><td>&nbsp;<\/td><td>&nbsp;<\/td><\/tr><\/tbody><\/table><\/figure>\n\n\n\n<p><strong>ESLOVENIA<\/strong><\/p>\n\n\n\n<figure class=\"wp-block-table\"><table><tbody><tr><td><strong>DESCRIPCI\u00d3N<\/strong><\/td><td><strong>NOMBRE DEL PROGRAMA<\/strong><\/td><td><strong>ENLACE<\/strong><\/td><\/tr><tr><td>Financiranje nalo\u017ebenih projektov, ki prispevajo k prehodu v kro\u017eno gospodarstvo \/ Financiaci\u00f3n de proyectos de inversi\u00f3n que contribuyan a la transici\u00f3n a una econom\u00eda circular<\/td><td>SID Banka<\/td><td><a href=\"https:\/\/www.sid.si\/dokumenti\/financiranje?field_document_category_tid=147\">Dokumenti, financiranje |&nbsp;SID banka<\/a><\/td><\/tr><tr><td>Programa de mitigaci\u00f3n y adaptaci\u00f3n al cambio clim\u00e1tico<\/td><td>Subvenciones del EEE y Noruega 2014-2021 &nbsp;<\/td><td><a href=\"https:\/\/www.norwaygrants.si\/\">Norve\u0161ki en EGP Finan\u010dni mehanizmi &#8211; Norwaygrants<\/a><\/td><\/tr><tr><td>Medida 4 &#8211; Inversiones en activos f\u00edsicos (grupo de inversi\u00f3n para promover la econom\u00eda circular en el contexto de la producci\u00f3n primaria de alimentos) &nbsp;<\/td><td>Programa de desarrollo rural de Eslovenia (PDR) para el per\u00edodo 2014-2020<\/td><td><a href=\"https:\/\/www.program-podezelja.si\/sl\/kaj-je-program-razvoja-podezelja-2014-2020\/ukrepi-in-podukrepi-prp-2014-2020\/m4-nalozbe-v-osnovna-sredstva\/m4-1-podpora-za-nalozbe-v-kmetijska-gospodarstva\">M4.1 &#8211; Podpora za nalo\u017ebe contra kmetijska gospodarstva (program-podezelja.si)<\/a><\/td><\/tr><tr><td>Empleos verdes<\/td><td>Servicio de Empleo de Eslovenia (ESS) &nbsp;<\/td><td><a href=\"https:\/\/www.ess.gov.si\/delodajalci\/financne_spodbude\/razpisi\/zelena-delovna-mesta-2021\">Zelena delovna mesta 2021 (gov.si)<\/a><\/td><\/tr><\/tbody><\/table><\/figure>\n\n\n\n<p><strong>ITALIA<\/strong><\/p>\n\n\n\n<figure class=\"wp-block-table\"><table><tbody><tr><td><strong>DESCRIPCI\u00d3N<\/strong><\/td><td><strong>NOMBRE DEL PROGRAMA<\/strong><\/td><td><strong>ENLACE<\/strong><\/td><\/tr><tr><td>Peque\u00f1as, medianas y grandes empresas que presentan proyectos solos o en asociaci\u00f3n con sujetos privados y p\u00fablicos.<\/td><td>Ministero Sviluppo Economico<\/td><td><a href=\"https:\/\/www.mise.gov.it\/index.php\/it\/incentivi\/impresa\/r-s-economia-circolare\">https:\/\/www.mise.gov.it\/index.php\/it\/incentivi\/impresa\/rs-economia-circolare<\/a><\/td><\/tr><tr><td>Subvenciones para invertir en nuevos instrumentos, herramientas digitales, hardware y software<\/td><td>Ministero Sviluppo Economico<\/td><td><a href=\"https:\/\/www.mise.gov.it\/index.php\/it\/incentivi\/impresa\/beni-strumentali-nuova-sabatini\">https:\/\/www.mise.gov.it\/index.php\/it\/incentivi\/impresa\/beni-strumentali-nuova-sabatini<\/a><\/td><\/tr><tr><td>\u00c1rea de moda para apoyar al <em>Made in Italy<\/em> y sus talentos creativos<\/td><td>Ministero Sviluppo Economico<\/td><td><a href=\"https:\/\/www.mise.gov.it\/index.php\/it\/incentivi\/impresa\/tessile-moda-e-accessori\">https:\/\/www.mise.gov.it\/index.php\/it\/incentivi\/impresa\/tessile-moda-e-accessori<\/a><\/td><\/tr><tr><td>Apoyo en inversiones verdes y nuevos proyectos de dise\u00f1o.<\/td><td>Ministero Sviluppo Economico<\/td><td><a href=\"https:\/\/www.mise.gov.it\/index.php\/it\/incentivi\/impresa\/transizione-4-0\/traniszione-4-0-2019-2020\">https:\/\/www.mise.gov.it\/index.php\/it\/incentivi\/impresa\/transizione-4-0\/traniszione-4-0-2019-2020<\/a><\/td><\/tr><tr><td>A trav\u00e9s de nuevos perfiles de gesti\u00f3n las empresas tienen la posibilidad de mejorar su desarrollo en el proceso digital.<\/td><td>Ministero Sviluppo Economico<\/td><td><a href=\"https:\/\/www.mise.gov.it\/index.php\/it\/incentivi\/impresa\/voucher-consulenza-innovazione\">https:\/\/www.mise.gov.it\/index.php\/it\/incentivi\/impresa\/voucher-consulenza-innovazione<\/a><\/td><\/tr><tr><td>Ayudas para nuevas estrategias y acciones de puesta en marcha<\/td><td>Ministero Sviluppo Economico<\/td><td><a href=\"https:\/\/www.mise.gov.it\/index.php\/it\/incentivi\/impresa\/smart-money\">https:\/\/www.mise.gov.it\/index.php\/it\/incentivi\/impresa\/smart-money<\/a><\/td><\/tr><tr><td>Subvenciones completas para empresas que trabajan con un nuevo enfoque para la econom\u00eda circular en tiempo de Covid<\/td><td>Fondazione Tim<\/td><td><a href=\"https:\/\/infobandi.csvnet.it\/fondazione-tertio-millennio-progetto-laboratorio-italia-2021\/\">https:\/\/infobandi.csvnet.it\/fondazione-tertio-millennio-progetto-laboratorio-italia-2021\/<\/a><\/td><\/tr><tr><td>Ayudas a la empresa de Lombard\u00eda para incrementar su presencia en el mercado y nuevos proyectos<\/td><td>Regione Lombardia<\/td><td><a href=\"https:\/\/www.regione.lombardia.it\/wps\/portal\/istituzionale\/HP\/DettaglioAvviso\/servizi-e-informazioni\/imprese\/filiere-eccellenti\/bando-innovazione-filiere-economia-circolare-2021\/bando-innovazione-filiere-economia-circolare-2021\">https:\/\/www.regione.lombardia.it\/wps\/portal\/istituzionale\/HP\/DettaglioAvviso\/servizi-e-informazioni\/imprese\/filiere-eccellenti\/bando-innovazione-filiere-economia-circolare-2021\/bando-innovazione- filiere-economia-circolare-2021<\/a><\/td><\/tr><tr><td>Subvenciones completas del 50% para estrategias de comercio electr\u00f3nico a peque\u00f1as, medianas y grandes empresas<\/td><td>Regione Puglia<\/td><td><a href=\"https:\/\/www.innoprocess.it\/\">https:\/\/www.innoprocess.it\/<\/a><\/td><\/tr><tr><td>Apoyo a la puesta en marcha y las ideas j\u00f3venes para una nueva econom\u00eda.<\/td><td>Fondazione Bracco<\/td><td><a href=\"https:\/\/www.fondazionebracco.com\/bandi\/nuovo-bando-per-startup-innovative-impegnate-nell-economia-circolare-2\/\">https:\/\/www.fondazionebracco.com\/bandi\/nuovo-bando-per-startup-innovative-impegnate-nell-economia-circolare-2<\/a><\/td><\/tr><\/tbody><\/table><\/figure>\n","protected":false},"excerpt":{"rendered":"<p>UE DESCRIPCI\u00d3N NOMBRE DEL PROGRAMA ENLACE Como parte del Pacto Verde Europeo, la Comisi\u00f3n Europea ha establecido un&nbsp;Plan de Acci\u00f3n de Econom\u00eda Circular&nbsp;con el objetivo &hellip; <\/p>\n","protected":false},"author":2,"featured_media":0,"parent":0,"menu_order":0,"comment_status":"closed","ping_status":"closed","template":"","meta":[],"_links":{"self":[{"href":"https:\/\/www.ce-iperasmus.eu\/dashboard\/wp-json\/wp\/v2\/pages\/565"}],"collection":[{"href":"https:\/\/www.ce-iperasmus.eu\/dashboard\/wp-json\/wp\/v2\/pages"}],"about":[{"href":"https:\/\/www.ce-iperasmus.eu\/dashboard\/wp-json\/wp\/v2\/types\/page"}],"author":[{"embeddable":true,"href":"https:\/\/www.ce-iperasmus.eu\/dashboard\/wp-json\/wp\/v2\/users\/2"}],"replies":[{"embeddable":true,"href":"https:\/\/www.ce-iperasmus.eu\/dashboard\/wp-json\/wp\/v2\/comments?post=565"}],"version-history":[{"count":1,"href":"https:\/\/www.ce-iperasmus.eu\/dashboard\/wp-json\/wp\/v2\/pages\/565\/revisions"}],"predecessor-version":[{"id":566,"href":"https:\/\/www.ce-iperasmus.eu\/dashboard\/wp-json\/wp\/v2\/pages\/565\/revisions\/566"}],"wp:attachment":[{"href":"https:\/\/www.ce-iperasmus.eu\/dashboard\/wp-json\/wp\/v2\/media?parent=565"}],"curies":[{"name":"wp","href":"https:\/\/api.w.org\/{rel}","templated":true}]}}