{"id":545,"date":"2021-11-24T23:11:47","date_gmt":"2021-11-24T23:11:47","guid":{"rendered":"https:\/\/www.ce-iperasmus.eu\/dashboard\/?page_id=545"},"modified":"2022-03-29T00:07:42","modified_gmt":"2022-03-29T00:07:42","slug":"beschaffung-ressourcenruckgewinnung-rohstoffe-zwischenmaterialien","status":"publish","type":"page","link":"https:\/\/www.ce-iperasmus.eu\/dashboard\/beschaffung-ressourcenruckgewinnung-rohstoffe-zwischenmaterialien\/","title":{"rendered":"Beschaffung &#038; Ressourcenr\u00fcckgewinnung (Rohstoffe + Zwischenmaterialien)"},"content":{"rendered":"\n<p>Bei der Umstellung der Welt auf eine Kreislaufwirtschaft kommt der Beschaffungsabteilung eine wichtige Rolle zu. Eine Methode liegt auf der \u00abSystemebene\u00bb, die die vertraglichen Methoden betrifft und die die Einkaufsorganisation anwenden kann, um Kreislaufwirtschaft zu gew\u00e4hrleisten. Das Modell auf der \u00abLieferantenebene\u00bb beschreibt, wie Lieferanten die Kreislaufwirtschaft in ihre eigenen Systeme und Prozesse einbauen k\u00f6nnen, um sicherzustellen, dass die von ihnen angebotenen Produkte und Dienstleistungen den Kriterien der Kreislaufwirtschaft entsprechen. Die \u00abProduktebene\u00bb ist damit verwandt, konzentriert sich aber ausschlie\u00dflich auf die Produkte, die die Lieferanten der \u00f6ffentlichen Hand weiter unten in der Lieferkette selbst beschaffen k\u00f6nnen. Rohstoffe beziehen sich auf Materialien oder Substanzen, die in der Prim\u00e4rproduktion oder Herstellung von Waren verwendet werden, und Industrieg\u00fcter beziehen sich auf alle Objekte, die von Menschen geschaffen werden, um ihre Bed\u00fcrfnisse zu befriedigen und ihren Lebensstandard zu verbessern, beides im Einklang mit den Grundprinzipien der Kreislaufwirtschaft.<\/p>\n\n\n\n<p><strong>Wie k\u00f6nnen Unternehmen ihre Beschaffungspraktiken und -strategien auf die Kreislaufwirtschaft umstellen?<\/strong><\/p>\n\n\n\n<p>Die Kreislaufwirtschaft ist Teil der einschl\u00e4gigen europ\u00e4ischen Strategie &#8211; die sich rasch entwickelt &#8211; und entspricht den Besonderheiten der griechischen Wirtschaft. Die Kreislaufwirtschaft kann eine Katalysatorrolle f\u00fcr den produktiven Wiederaufbau spielen und hat eine klare regionale Dimension. Sie basiert auf der rationellen Nutzung von Ressourcen, dem Konzept der Wiederverwendung und dem Modell der industriellen Symbiose. Der Beitrag des Beschaffungswesens zum Erfolg einer Organisation geht \u00fcber die Verwaltung der Ausgaben hinaus. Im Zuge des \u00dcbergangs zu einer Kreislaufwirtschaft kommt der Beschaffungsabteilung eine wichtige Rolle zu. Eine Methode auf der \u00abSystemebene\u00bb betrifft die vertraglichen Methoden, die die Beschaffungsorganisation anwenden kann, um die Kreislaufwirtschaft zu gew\u00e4hrleisten. Dies reicht von R\u00fccknahmevereinbarungen mit Lieferanten, bei denen der Lieferant das Produkt am Ende seiner Lebensdauer zur\u00fcckgibt, um es wiederzuverwenden, wiederaufzuarbeiten oder zu recyceln, bis hin zu Produkt-Service-Systemen, bei denen der Vertrag sowohl Dienstleistungen als auch Produkte vorsieht. Ein Beispiel f\u00fcr ein Produkt-Service-System ist ein Druckvertrag mit einem Pay-per-Copy-Modell, bei dem der Lieferant alle Ger\u00e4te, Reparaturen, Ersatzger\u00e4te und Schulungen bereitstellt und nicht nur Kopiermaterial verkauft. Das Modell auf der Ebene der Lieferanten beschreibt, wie Lieferanten die Kreislaufwirtschaft in ihre eigenen Systeme und Prozesse einbauen k\u00f6nnen, um sicherzustellen, dass die von ihnen angebotenen Produkte und Dienstleistungen den Kriterien der Kreislaufwirtschaft entsprechen. Die \u00abProduktebene\u00bb ist damit verwandt, konzentriert sich aber ausschlie\u00dflich auf die Produkte, die die Zulieferer der \u00f6ffentlichen Hand weiter unten in der Lieferkette selbst beschaffen k\u00f6nnen. Bei der Kreislaufbeschaffung ist es wichtig, dass sowohl die Systeme der Lieferanten als auch die technischen Spezifikationen der Produkte ber\u00fccksichtigt werden.<\/p>\n\n\n\n<p><strong>Was ist der Unterschied zwischen Rohstoffen und Zwischenprodukten und wie kann jede Art von Material (Roh- und Zwischenprodukt) am besten im Einklang mit den Grunds\u00e4tzen der Kreislaufwirtschaft verwendet werden?<\/strong><\/p>\n\n\n\n<p>Rohstoffe sind Materialien oder Stoffe, die bei der Prim\u00e4rproduktion oder Herstellung von Waren verwendet werden. Rohstoffe sind Waren, die weltweit an den Warenb\u00f6rsen gekauft und verkauft werden. Beispiele f\u00fcr Rohstoffe sind Getreide wie Weizen und Reis, Gem\u00fcse wie Karotten und Zwiebeln, Fleisch wie Rind und Huhn, Holz von einem Baum, Honig aus einem Bienennest, Mineralien oder Metalle aus einer Mine sowie Roh\u00f6l. Technische Materialien sind g\u00e4ngige Materialien, die zur Herstellung von Produkten verwendet werden. Glas, Stahl und Metalle, Kunststoff, Porzellan und Keramik, Bretter oder Beton sind Beispiele f\u00fcr solche Materialien. Manufakturwaren sind alle Gegenst\u00e4nde, die von Menschen geschaffen werden, um ihre Bed\u00fcrfnisse zu befriedigen und ihren Lebensstandard zu verbessern. Jede Art von Material basiert auf den drei Grunds\u00e4tzen der Kreislaufwirtschaft, die alle auf Design beruhen und mit der Vermeidung von Abfall und Verschmutzung, der Betrachtung von Abfall und Verschmutzung als Designfehler und nicht als unvermeidliche Nebenprodukte der hergestellten Dinge, der Zirkulation von Produkten und Materialien sowie der Regeneration der Natur zu tun haben.<\/p>\n","protected":false},"excerpt":{"rendered":"<p>Bei der Umstellung der Welt auf eine Kreislaufwirtschaft kommt der Beschaffungsabteilung eine wichtige Rolle zu. Eine Methode liegt auf der \u00abSystemebene\u00bb, die die vertraglichen Methoden &hellip; <\/p>\n","protected":false},"author":2,"featured_media":0,"parent":0,"menu_order":0,"comment_status":"closed","ping_status":"closed","template":"","meta":[],"_links":{"self":[{"href":"https:\/\/www.ce-iperasmus.eu\/dashboard\/wp-json\/wp\/v2\/pages\/545"}],"collection":[{"href":"https:\/\/www.ce-iperasmus.eu\/dashboard\/wp-json\/wp\/v2\/pages"}],"about":[{"href":"https:\/\/www.ce-iperasmus.eu\/dashboard\/wp-json\/wp\/v2\/types\/page"}],"author":[{"embeddable":true,"href":"https:\/\/www.ce-iperasmus.eu\/dashboard\/wp-json\/wp\/v2\/users\/2"}],"replies":[{"embeddable":true,"href":"https:\/\/www.ce-iperasmus.eu\/dashboard\/wp-json\/wp\/v2\/comments?post=545"}],"version-history":[{"count":1,"href":"https:\/\/www.ce-iperasmus.eu\/dashboard\/wp-json\/wp\/v2\/pages\/545\/revisions"}],"predecessor-version":[{"id":546,"href":"https:\/\/www.ce-iperasmus.eu\/dashboard\/wp-json\/wp\/v2\/pages\/545\/revisions\/546"}],"wp:attachment":[{"href":"https:\/\/www.ce-iperasmus.eu\/dashboard\/wp-json\/wp\/v2\/media?parent=545"}],"curies":[{"name":"wp","href":"https:\/\/api.w.org\/{rel}","templated":true}]}}