{"id":542,"date":"2021-11-24T23:06:06","date_gmt":"2021-11-24T23:06:06","guid":{"rendered":"https:\/\/www.ce-iperasmus.eu\/dashboard\/?page_id=542"},"modified":"2022-03-29T00:07:37","modified_gmt":"2022-03-29T00:07:37","slug":"approvvigionamento-e-recupero-delle-risorse-materie-prime-intermedie","status":"publish","type":"page","link":"https:\/\/www.ce-iperasmus.eu\/dashboard\/approvvigionamento-e-recupero-delle-risorse-materie-prime-intermedie\/","title":{"rendered":"Approvvigionamento e recupero delle risorse (materie prime + intermedie)"},"content":{"rendered":"\n<p>Mentre il mondo sta passando verso un&#8217;economia circolare, il dipartimento Acquisti ha molti ruoli vitali da svolgere. Un metodo a &#8216;livello di sistema&#8217;, che riguarda le modalit\u00e0 contrattuali che l&#8217;organizzazione d&#8217;acquisto pu\u00f2 utilizzare per garantire la circolarit\u00e0. Il modello \u00aba livello di fornitore\u00bb descrive come i fornitori possono integrare la circolarit\u00e0 nei propri sistemi e processi, al fine di garantire che i prodotti e i servizi offerti soddisfino i criteri di approvvigionamento circolari. Il &#8216;Livello di prodotto&#8217; \u00e8 correlato a questo, ma si concentra esclusivamente sui prodotti che i fornitori delle autorit\u00e0 pubbliche possono procurarsi essi stessi pi\u00f9 a valle della catena di approvvigionamento. Le materie prime si riferiscono a materiali o sostanze utilizzate nella produzione primaria o nella fabbricazione di beni e manufatti si riferiscono a qualsiasi oggetto creato dall&#8217;uomo per soddisfare i propri bisogni e migliorare il proprio tenore di vita, entrambi in linea con i principi di base dell&#8217;economia circolare.<\/p>\n\n\n\n<p>In che modo le aziende possono trasformarsi verso pratiche e strategie di approvvigionamento pi\u00f9 circolari?<\/p>\n\n\n\n<p>L&#8217;economia circolare fa parte della relativa strategia europea &#8211; che si sta sviluppando rapidamente &#8211; e corrisponde alle caratteristiche dell&#8217;economia greca. L&#8217;economia circolare pu\u00f2 svolgere un ruolo di catalizzatore per la ricostruzione produttiva e ha una chiara dimensione regionale. Si basa sull&#8217;uso razionale delle risorse, sul concetto di riciclo-riuso e sul modello di simbiosi industriale. Il contributo dell&#8217;approvvigionamento al successo di un&#8217;organizzazione va oltre la gestione della spesa. Mentre il mondo sta passando verso un&#8217;economia circolare, il dipartimento Acquisti ha molti ruoli vitali da svolgere. Un metodo a &#8216;livello di sistema&#8217;, che riguarda le modalit\u00e0 contrattuali che l&#8217;organizzazione d&#8217;acquisto pu\u00f2 utilizzare per garantire la circolarit\u00e0. Si va dagli accordi di ritiro del fornitore, in cui il fornitore restituisce il prodotto alla fine della sua vita per riutilizzarlo, rigenerarlo o riciclarlo, ai sistemi di servizio del prodotto, in cui il contratto fornisce sia servizi che prodotti. Un esempio di un sistema di servizio del prodotto \u00e8 un contratto di stampa che utilizza un modello pay-per-copy, in cui il fornitore fornisce tutte le attrezzature, le riparazioni, le sostituzioni e la formazione anzich\u00e9 vendere semplicemente le forniture di copia. Il modello \u00aba livello di fornitore\u00bb descrive come i fornitori possono integrare la circolarit\u00e0 nei propri sistemi e processi, al fine di garantire che i prodotti e i servizi offerti soddisfino i criteri di approvvigionamento circolari. Il &#8216;Livello di prodotto&#8217; \u00e8 correlato a questo, ma si concentra esclusivamente sui prodotti che i fornitori delle autorit\u00e0 pubbliche possono procurarsi essi stessi pi\u00f9 a valle della catena di approvvigionamento. \u00c8 importante quando si effettuano appalti circolari che siano considerati sia i sistemi dei fornitori che le specifiche tecniche del prodotto.<\/p>\n\n\n\n<p>Qual \u00e8 la differenza tra materie prime e materiali intermedi e come ogni materiale pu\u00f2 essere utilizzato al meglio in base ai principi dell&#8217;economia circolari?<\/p>\n\n\n\n<p>Le materie prime sono materiali o sostanze utilizzate nella produzione primaria o nella fabbricazione di beni. Le materie prime sono merci che vengono acquistate e vendute nelle borse merci di tutto il mondo. Esempi di materie prime sono Cereali come grano e riso, Verdure come carote e cipolle, Carne come manzo e pollo, Legno da un albero, Miele da un nido d&#8217;api, Minerali o metallo da una miniera, nonch\u00e9 petrolio greggio. I materiali tecnici sono materiali comuni utilizzati per realizzare manufatti. Vetro, acciaio e metalli, plastica, porcellana e ceramica, tavole o cemento sono esempi di materiali. Manifattura I beni sono tutti gli oggetti creati dall&#8217;uomo per soddisfare i propri bisogni e migliorare il proprio tenore di vita. Ogni tipologia di materiale si basa sui tre principi dell&#8217;economia circolare, tutti guidati dal design, che hanno a che fare con l&#8217;eliminazione di rifiuti e inquinamento, considerando rifiuti e inquinamento come difetti di progettazione piuttosto che inevitabili sottoprodotti delle cose che vengono realizzate, prodotti circolanti e materiali, oltre a rigenerare la natura.<\/p>\n","protected":false},"excerpt":{"rendered":"<p>Mentre il mondo sta passando verso un&#8217;economia circolare, il dipartimento Acquisti ha molti ruoli vitali da svolgere. Un metodo a &#8216;livello di sistema&#8217;, che riguarda &hellip; <\/p>\n","protected":false},"author":2,"featured_media":0,"parent":0,"menu_order":0,"comment_status":"closed","ping_status":"closed","template":"","meta":[],"_links":{"self":[{"href":"https:\/\/www.ce-iperasmus.eu\/dashboard\/wp-json\/wp\/v2\/pages\/542"}],"collection":[{"href":"https:\/\/www.ce-iperasmus.eu\/dashboard\/wp-json\/wp\/v2\/pages"}],"about":[{"href":"https:\/\/www.ce-iperasmus.eu\/dashboard\/wp-json\/wp\/v2\/types\/page"}],"author":[{"embeddable":true,"href":"https:\/\/www.ce-iperasmus.eu\/dashboard\/wp-json\/wp\/v2\/users\/2"}],"replies":[{"embeddable":true,"href":"https:\/\/www.ce-iperasmus.eu\/dashboard\/wp-json\/wp\/v2\/comments?post=542"}],"version-history":[{"count":1,"href":"https:\/\/www.ce-iperasmus.eu\/dashboard\/wp-json\/wp\/v2\/pages\/542\/revisions"}],"predecessor-version":[{"id":543,"href":"https:\/\/www.ce-iperasmus.eu\/dashboard\/wp-json\/wp\/v2\/pages\/542\/revisions\/543"}],"wp:attachment":[{"href":"https:\/\/www.ce-iperasmus.eu\/dashboard\/wp-json\/wp\/v2\/media?parent=542"}],"curies":[{"name":"wp","href":"https:\/\/api.w.org\/{rel}","templated":true}]}}