{"id":537,"date":"2021-11-24T23:02:31","date_gmt":"2021-11-24T23:02:31","guid":{"rendered":"https:\/\/www.ce-iperasmus.eu\/dashboard\/?page_id=537"},"modified":"2022-03-29T00:07:32","modified_gmt":"2022-03-29T00:07:32","slug":"adquisicion-y-recuperacion-de-recursos-materias-primas-e-intermedias-2","status":"publish","type":"page","link":"https:\/\/www.ce-iperasmus.eu\/dashboard\/adquisicion-y-recuperacion-de-recursos-materias-primas-e-intermedias-2\/","title":{"rendered":"Adquisici\u00f3n y recuperaci\u00f3n de recursos (materias primas e intermedias)"},"content":{"rendered":"\n<p>A medida que el mundo avanza hacia una econom\u00eda circular, el departamento de adquisiciones tiene muchas funciones vitales que desempe\u00f1ar.&nbsp;Un m\u00e9todo a \u00abnivel de sistema\u00bb, que se refiere a los m\u00e9todos contractuales que la organizaci\u00f3n de compras puede utilizar para garantizar la circularidad.&nbsp;El modelo de &#8216;nivel de proveedor&#8217; describe c\u00f3mo los proveedores pueden incorporar la circularidad en sus propios sistemas y procesos, con el fin de garantizar que los productos y servicios que ofrecen cumplen con los criterios de contrataci\u00f3n circular.&nbsp;El &#8216;nivel de producto&#8217; est\u00e1 relacionado con esto, pero se centra \u00fanicamente en los productos que los proveedores de las autoridades p\u00fablicas pueden adquirir ellos mismos m\u00e1s adelante en la cadena de suministro.&nbsp;Las materias primas se refieren a los materiales o sustancias que se utilizan en la producci\u00f3n primaria o la fabricaci\u00f3n de bienes y los bienes manufacturados se refieren a cualquier objeto creado por los seres humanos para satisfacer sus necesidades y mejorar su nivel de vida.<\/p>\n\n\n\n<p><strong><u>\u00bfC\u00f3mo pueden las empresas transformarse hacia pr\u00e1cticas y estrategias de contrataci\u00f3n m\u00e1s circulares?<\/u><\/strong><\/p>\n\n\n\n<p>La econom\u00eda circular forma parte de la estrategia europea pertinente, que se est\u00e1 desarrollando r\u00e1pidamente, y corresponde a las caracter\u00edsticas de la econom\u00eda griega.&nbsp;La econom\u00eda circular puede desempe\u00f1ar un papel catalizador para la reconstrucci\u00f3n productiva y tiene una clara dimensi\u00f3n regional.&nbsp;Se basa en el uso racional de los recursos, el concepto de reciclaje-reutilizaci\u00f3n y el modelo de simbiosis industrial.&nbsp;La contribuci\u00f3n de las adquisiciones al \u00e9xito de una organizaci\u00f3n va m\u00e1s all\u00e1 de la gesti\u00f3n del gasto.&nbsp;A medida que el mundo avanza hacia una econom\u00eda circular, el departamento de adquisiciones tiene muchas funciones vitales que desempe\u00f1ar.&nbsp;Un m\u00e9todo a \u00abnivel de sistema\u00bb, que se refiere a los m\u00e9todos contractuales que la organizaci\u00f3n de compras puede utilizar para garantizar la circularidad.&nbsp;Esto abarca desde acuerdos de devoluci\u00f3n de proveedores, en los que el proveedor devuelve el producto al final de su vida \u00fatil para reutilizarlo,&nbsp;remanufacturarlo o reciclarlo, a sistemas producto-servicio, donde el contrato proporciona tanto servicios como productos.&nbsp;Un ejemplo de un sistema producto-servicio es un contrato de impresi\u00f3n que utiliza un modelo de pago por copia, en el que el proveedor proporciona todo el equipo, las reparaciones, los reemplazos y la capacitaci\u00f3n en lugar de simplemente vender suministros para copias.&nbsp;El modelo de &#8216;nivel de proveedor&#8217; describe c\u00f3mo los proveedores pueden incorporar la circularidad en sus propios sistemas y procesos, con el fin de garantizar que los productos y servicios que ofrecen cumplen con los criterios de contrataci\u00f3n circular.&nbsp;El &#8216;nivel de producto&#8217; est\u00e1 relacionado con esto, pero se centra \u00fanicamente en los productos que los proveedores de las autoridades p\u00fablicas pueden adquirir ellos mismos m\u00e1s adelante en la cadena de suministro.&nbsp;Al realizar adquisiciones circulares, es importante que se consideren tanto los sistemas del proveedor como las especificaciones t\u00e9cnicas del producto.&nbsp;a los sistemas de producto-servicio, donde el contrato proporciona tanto servicios como productos.&nbsp;Un ejemplo de un sistema producto-servicio es un contrato de impresi\u00f3n que utiliza un modelo de pago por copia, en el que el proveedor proporciona todo el equipo, las reparaciones, los reemplazos y la capacitaci\u00f3n en lugar de simplemente vender suministros para copias.&nbsp;<\/p>\n\n\n\n<p>&nbsp;<strong><u>\u00bfCu\u00e1l es la diferencia entre materias primas y materiales intermedios y c\u00f3mo se puede utilizar mejor cada tipo de material (crudo e intermedio) de acuerdo con los principios de la econom\u00eda circular?<\/u><\/strong><\/p>\n\n\n\n<p>Las materias primas son materiales o sustancias que se utilizan en la producci\u00f3n primaria o fabricaci\u00f3n de bienes.&nbsp;Las materias primas son productos b\u00e1sicos que se compran y venden en las bolsas de productos b\u00e1sicos de todo el mundo.&nbsp;Ejemplos de materias primas son granos como trigo y arroz, verduras como zanahorias y cebollas, carne como carne de res y pollo, madera de un \u00e1rbol, miel de un nido de abejas, minerales o metal de una mina, as\u00ed como petr\u00f3leo crudo.&nbsp;Los materiales t\u00e9cnicos son materiales comunes que se utilizan para fabricar productos manufacturados.&nbsp;Vidrio, acero y metales, pl\u00e1stico, porcelana y cer\u00e1mica, tablones u hormig\u00f3n son ejemplos de materiales manufacturados. Los bienes son cualquier objeto creado por humanos para satisfacer sus necesidades y mejorar su nivel de vida.&nbsp;Cada tipo de material se basa en los tres principios de la econom\u00eda circular, todos impulsados \u200b\u200bpor el dise\u00f1o, que tienen que ver con la eliminaci\u00f3n de residuos y contaminaci\u00f3n.<\/p>\n","protected":false},"excerpt":{"rendered":"<p>A medida que el mundo avanza hacia una econom\u00eda circular, el departamento de adquisiciones tiene muchas funciones vitales que desempe\u00f1ar.&nbsp;Un m\u00e9todo a \u00abnivel de sistema\u00bb, &hellip; <\/p>\n","protected":false},"author":2,"featured_media":0,"parent":0,"menu_order":0,"comment_status":"closed","ping_status":"closed","template":"","meta":[],"_links":{"self":[{"href":"https:\/\/www.ce-iperasmus.eu\/dashboard\/wp-json\/wp\/v2\/pages\/537"}],"collection":[{"href":"https:\/\/www.ce-iperasmus.eu\/dashboard\/wp-json\/wp\/v2\/pages"}],"about":[{"href":"https:\/\/www.ce-iperasmus.eu\/dashboard\/wp-json\/wp\/v2\/types\/page"}],"author":[{"embeddable":true,"href":"https:\/\/www.ce-iperasmus.eu\/dashboard\/wp-json\/wp\/v2\/users\/2"}],"replies":[{"embeddable":true,"href":"https:\/\/www.ce-iperasmus.eu\/dashboard\/wp-json\/wp\/v2\/comments?post=537"}],"version-history":[{"count":1,"href":"https:\/\/www.ce-iperasmus.eu\/dashboard\/wp-json\/wp\/v2\/pages\/537\/revisions"}],"predecessor-version":[{"id":538,"href":"https:\/\/www.ce-iperasmus.eu\/dashboard\/wp-json\/wp\/v2\/pages\/537\/revisions\/538"}],"wp:attachment":[{"href":"https:\/\/www.ce-iperasmus.eu\/dashboard\/wp-json\/wp\/v2\/media?parent=537"}],"curies":[{"name":"wp","href":"https:\/\/api.w.org\/{rel}","templated":true}]}}