{"id":527,"date":"2021-11-24T22:54:30","date_gmt":"2021-11-24T22:54:30","guid":{"rendered":"https:\/\/www.ce-iperasmus.eu\/dashboard\/?page_id=527"},"modified":"2022-03-28T23:53:00","modified_gmt":"2022-03-28T23:53:00","slug":"produktion-disruptive-technologieentwicklung","status":"publish","type":"page","link":"https:\/\/www.ce-iperasmus.eu\/dashboard\/produktion-disruptive-technologieentwicklung\/","title":{"rendered":"Produktion: Disruptive Technologieentwicklung"},"content":{"rendered":"\n<p>Die Kreislaufwirtschaft ist sowohl \u00f6kologisch als auch wirtschaftlich sinnvoll. In der Kreislaufwirtschaft erfordert das Wachstum nicht mehr die zunehmende Gewinnung und den Verbrauch von Ressourcen, Energie, Wasser und Prim\u00e4rrohstoffen. Es f\u00e4llt weniger Abfall an und Produkte sowie Ressourcen behalten ihren Wert in der Wirtschaft so lange wie m\u00f6glich. Die Kreislaufwirtschaft erfordert mehr als herk\u00f6mmliche Forschung und Entwicklung oder ein st\u00fcckweises Herangehen an Technologien: Sie erfordert Ver\u00e4nderungen in ganzen Systemen und gemeinsame Anstrengungen von Forschern, Technologiezentren, Industrie und KMU, dem Prim\u00e4rsektor, Unternehmern, Nutzern, Regierungen und der Zivilgesellschaft. Sie braucht g\u00fcnstige rechtliche Rahmenbedingungen und zus\u00e4tzliche \u00f6ffentliche und private Investitionen in die Innovation.<\/p>\n\n\n\n<p><strong><u>Wie k\u00f6nnen Unternehmen die Grunds\u00e4tze der Kreislaufwirtschaft in ihre F&amp;E-Aktivit\u00e4ten einbeziehen?<\/u><\/strong><strong><u><\/u><\/strong><\/p>\n\n\n\n<p>Heutzutage brauchen die Unternehmen neue Unternehmensstrategien und -modelle, um ihre Rentabilit\u00e4t und Wettbewerbsf\u00e4higkeit sowie den Erhalt der nat\u00fcrlichen Ressourcen zu sichern. Je nach Gesch\u00e4ftsmodell und Priorit\u00e4ten k\u00f6nnen Unternehmen auf die Herausforderungen der Nachhaltigkeit auf unterschiedliche Weise reagieren, entweder proaktiv oder defensiv. Einige Unternehmen f\u00f6rdern gr\u00fcne und zirkul\u00e4re Initiativen, um eine \u00abethische F\u00fchrungsrolle\u00bb anzustreben und positive Auswirkungen auf das Image des Unternehmens zu erzielen, w\u00e4hrend andere Unternehmen haupts\u00e4chlich auf Kostensenkungen durch eine bessere Nutzung von Rohstoffen abzielen und wieder andere Unternehmen sich auf Energieverbrauch und -einsparungen konzentrieren.<\/p>\n\n\n\n<p><strong><u>Wie kann Innovationsmanagement mit Blick auf die Kreislaufwirtschaft aussehen?<\/u><\/strong><strong><u><\/u><\/strong><\/p>\n\n\n\n<p>Die Verwirklichung der Kreislaufwirtschaft setzt mehrere Ver\u00e4nderungen voraus. Zum Beispiel: i) Verhaltens\u00e4nderungen bei den Verbrauchern, die einen anderen Lebensstil und andere Verbrauchsgewohnheiten annehmen m\u00fcssen, und ii) regulatorische \u00c4nderungen, die z. B. die Einf\u00fchrung \u00f6ffentlicher Anreize oder neuer Vorschriften f\u00fcr Altprodukte und Sekund\u00e4rrohstoffe beinhalten. Daher ist Innovation im engeren Sinne als \u00abtechnologische Innovation\u00bb nicht die einzige Triebkraft, sondern in bestimmten F\u00e4llen eine wichtige Voraussetzung. Es gibt drei Arten von Ver\u00e4nderungen in der Kreislaufwirtschaft in Bezug auf den Einsatz von Technologie in der Wertsch\u00f6pfungskette von Produkten:<\/p>\n\n\n\n<p>Produkte\/Dienstleistungen, die eine v\u00f6llig neue L\u00f6sung darstellen, die sich stark auf Technologie und weniger auf ein bestimmtes Verbraucherverhalten st\u00fctzt. Biologisch abbaubare Kunststoffe sind ein Beispiel f\u00fcr diese Kategorie, die bereits einige Marktanteile erobert haben;<\/p>\n\n\n\n<p>Produkte\/Dienstleistungen, bei denen die Technologie eine untergeordnete Rolle spielt, bei denen aber das Verhalten der Verbraucher von grundlegender Bedeutung ist und die Anpassung an einen anderen Konsumstil ein wesentlicher Erfolgsfaktor ist. Als Beispiel wird in der oben genannten Ver\u00f6ffentlichung die Verbreitung von verpackungsfreien Gesch\u00e4ften angef\u00fchrt;<\/p>\n\n\n\n<p>Produkte\/Dienstleistungen, bei denen das Verbraucherverhalten von grundlegender Bedeutung ist und bei denen die Technologie der Schl\u00fcssel zum Erfolg ist. Beispiele dieser Art sind Dienstleistungen der Sharing Economy (z. B. Fahrr\u00e4der, Autos und sogar Geschirrsp\u00fcler), bei denen die Nutzung digitaler Plattformen die Umsetzung des Gesch\u00e4ftsmodells erleichtert.<br>&nbsp;<\/p>\n\n\n\n<p><strong><u>Wie k\u00f6nnen Unternehmen die Zusammenarbeit mit Interessengruppen und Branchennetzwerken nutzen, um die Entwicklung neuer Technologien f\u00fcr die Kreislaufwirtschaft voranzutreiben?<\/u><\/strong><strong><u><\/u><\/strong><\/p>\n\n\n\n<p>Eine Perspektive, die nah genug ist, um die Bed\u00fcrfnisse der Unternehmen zu kennen, und breit genug, um die M\u00f6glichkeiten f\u00fcr \u00dcberschneidungen und Zusammenarbeit zu sehen, die direkt mit einer guten Kenntnis des\/der Industriesektors\/en und der Region(en) in Bezug auf Innovation in Verbindung steht. Ein guter Weg zur Sensibilisierung und Inspiration ist das Aufzeigen guter Praktiken und erfolgreicher Beispiele. Die Rolle der Sensibilisierung und Inspiration der Stakeholder scheint f\u00fcr Organisationen geeigneter zu sein als f\u00fcr regionale Beh\u00f6rden, h\u00f6chstwahrscheinlich, weil Clusterorganisationen n\u00e4her an den Stakeholdern sind und die gleiche Sprache sprechen.<\/p>\n","protected":false},"excerpt":{"rendered":"<p>Die Kreislaufwirtschaft ist sowohl \u00f6kologisch als auch wirtschaftlich sinnvoll. In der Kreislaufwirtschaft erfordert das Wachstum nicht mehr die zunehmende Gewinnung und den Verbrauch von Ressourcen, &hellip; <\/p>\n","protected":false},"author":2,"featured_media":0,"parent":0,"menu_order":0,"comment_status":"closed","ping_status":"closed","template":"","meta":[],"_links":{"self":[{"href":"https:\/\/www.ce-iperasmus.eu\/dashboard\/wp-json\/wp\/v2\/pages\/527"}],"collection":[{"href":"https:\/\/www.ce-iperasmus.eu\/dashboard\/wp-json\/wp\/v2\/pages"}],"about":[{"href":"https:\/\/www.ce-iperasmus.eu\/dashboard\/wp-json\/wp\/v2\/types\/page"}],"author":[{"embeddable":true,"href":"https:\/\/www.ce-iperasmus.eu\/dashboard\/wp-json\/wp\/v2\/users\/2"}],"replies":[{"embeddable":true,"href":"https:\/\/www.ce-iperasmus.eu\/dashboard\/wp-json\/wp\/v2\/comments?post=527"}],"version-history":[{"count":1,"href":"https:\/\/www.ce-iperasmus.eu\/dashboard\/wp-json\/wp\/v2\/pages\/527\/revisions"}],"predecessor-version":[{"id":528,"href":"https:\/\/www.ce-iperasmus.eu\/dashboard\/wp-json\/wp\/v2\/pages\/527\/revisions\/528"}],"wp:attachment":[{"href":"https:\/\/www.ce-iperasmus.eu\/dashboard\/wp-json\/wp\/v2\/media?parent=527"}],"curies":[{"name":"wp","href":"https:\/\/api.w.org\/{rel}","templated":true}]}}