{"id":524,"date":"2021-11-24T18:36:41","date_gmt":"2021-11-24T18:36:41","guid":{"rendered":"https:\/\/www.ce-iperasmus.eu\/dashboard\/?page_id=524"},"modified":"2022-03-28T23:52:55","modified_gmt":"2022-03-28T23:52:55","slug":"produzione-sviluppo-tecnologico-dirompente","status":"publish","type":"page","link":"https:\/\/www.ce-iperasmus.eu\/dashboard\/produzione-sviluppo-tecnologico-dirompente\/","title":{"rendered":"Produzione: sviluppo tecnologico dirompente"},"content":{"rendered":"\n<p>L&#8217;economia circolare ha un senso sia ambientale che commerciale. Nell&#8217;economia circolare, la crescita non richiede pi\u00f9 una crescente estrazione e consumo di risorse, energia, acqua e materie prime primarie. Ci sono meno sprechi e prodotti e risorse mantengono il loro valore nell&#8217;economia il pi\u00f9 a lungo possibile. L&#8217;economia circolare ha bisogno di pi\u00f9 della tradizionale R&amp;S o di un approccio frammentario alle tecnologie: ha bisogno di cambiamenti in interi sistemi e sforzi congiunti di ricercatori, centri tecnologici, industria e PMI, settore primario, imprenditori, utenti, governi e societ\u00e0 civile. Ha bisogno di quadri normativi abilitanti e di ulteriori investimenti pubblici e privati, in termini di innovazione.<\/p>\n\n\n\n<p>In che modo le aziende possono incorporare i principi dell&#8217;economia circolare nelle loro operazioni di ricerca e sviluppo?<\/p>\n\n\n\n<p>Oggi le imprese hanno bisogno di nuove strategie e modelli aziendali per salvaguardare la redditivit\u00e0 e la competitivit\u00e0 oltre che il patrimonio delle risorse naturali. In effetti, le aziende possono rispondere alle sfide della sostenibilit\u00e0 in modo diverso, in modo proattivo o difensivo, a seconda dei modelli e delle priorit\u00e0 di business. Alcune aziende promuovono iniziative verdi e circolari per perseguire la \u00ableadership etica\u00bb e generare impatti positivi sull&#8217;immagine aziendale, ma altre aziende mirano principalmente alla riduzione dei costi attraverso un migliore utilizzo delle materie prime mentre altre aziende si concentrano sul consumo e sul risparmio energetico.<\/p>\n\n\n\n<p>&nbsp;Come pu\u00f2 essere la gestione dell&#8217;innovazione per quanto riguarda l&#8217;economia circolare?<\/p>\n\n\n\n<p>La realizzazione dell&#8217;economia circolare implica diversi cambiamenti. Ad esempio: i ) cambiamenti comportamentali da parte dei consumatori, che hanno bisogno di abbracciare stili di vita e modalit\u00e0 di consumo differenti ; ii) modifiche normative, che comportino, ad esempio, l&#8217;introduzione di incentivi pubblici o nuove normative in materia di prodotti a fine vita e materie prime secondarie. Pertanto l&#8217;innovazione, intesa strettamente come \u201cinnovazione tecnologica\u201d non \u00e8 l&#8217;unico driver, ma in casi specifici \u00e8 un fattore abilitante fondamentale. Tre tipi di cambiamenti dell&#8217;Economia Circolare per quanto riguarda l&#8217;uso della tecnologia nella catena del valore dei prodotti sono i seguenti:<\/p>\n\n\n\n<p>Prodotti\/servizi che rappresentano una soluzione completamente nuova, basata molto sulla tecnologia e meno sui comportamenti specifici dei consumatori. Le plastiche biodegradabili sono un esempio di questa classe, che ha gi\u00e0 conquistato alcune quote di mercato;<\/p>\n\n\n\n<p>Prodotti\/servizi dove la tecnologia \u00e8 di secondaria importanza, ma dove il comportamento dei consumatori \u00e8 fondamentale e l&#8217;adattamento a un diverso stile di consumo \u00e8 un fattore chiave di successo. L&#8217;esempio portato nella citata pubblicazione \u00e8 la diffusione dei negozi senza imballaggi;<\/p>\n\n\n\n<p>Prodotti\/servizi dove lo stile dei consumatori \u00e8 fondamentale e dove la tecnologia \u00e8 il fattore chiave. Esempi di questo tipo sono i servizi di sharing economy (es. biciclette, auto e persino lavastoviglie), dove l&#8217;uso di piattaforme digitali facilita l&#8217;implementazione del modello di business.<\/p>\n\n\n\n<p>In che modo le aziende possono utilizzare la cooperazione tra le parti interessate e le reti di settore per guidare lo sviluppo di nuove tecnologie di economia circolare?<\/p>\n\n\n\n<p>Una prospettiva abbastanza vicina per conoscere le esigenze delle aziende e abbastanza ampia per vedere le possibilit\u00e0 di crossover e cooperazione, contattando direttamente con una buona conoscenza del\/i settore\/i industriale\/i e della\/e regione\/i, in termini di innovazione. Un buon modo per creare consapevolezza e ispirare \u00e8 mostrare buone pratiche ed esempi di successo. Il ruolo di aumentare la consapevolezza e ispirare gli stakeholder sembra pi\u00f9 adatto alle organizzazioni che alle autorit\u00e0 regionali, molto probabilmente perch\u00e9 le organizzazioni di cluster sono pi\u00f9 vicine agli stakeholder e usano lo stesso modo di parlare.<\/p>\n","protected":false},"excerpt":{"rendered":"<p>L&#8217;economia circolare ha un senso sia ambientale che commerciale. Nell&#8217;economia circolare, la crescita non richiede pi\u00f9 una crescente estrazione e consumo di risorse, energia, acqua &hellip; <\/p>\n","protected":false},"author":2,"featured_media":0,"parent":0,"menu_order":0,"comment_status":"closed","ping_status":"closed","template":"","meta":[],"_links":{"self":[{"href":"https:\/\/www.ce-iperasmus.eu\/dashboard\/wp-json\/wp\/v2\/pages\/524"}],"collection":[{"href":"https:\/\/www.ce-iperasmus.eu\/dashboard\/wp-json\/wp\/v2\/pages"}],"about":[{"href":"https:\/\/www.ce-iperasmus.eu\/dashboard\/wp-json\/wp\/v2\/types\/page"}],"author":[{"embeddable":true,"href":"https:\/\/www.ce-iperasmus.eu\/dashboard\/wp-json\/wp\/v2\/users\/2"}],"replies":[{"embeddable":true,"href":"https:\/\/www.ce-iperasmus.eu\/dashboard\/wp-json\/wp\/v2\/comments?post=524"}],"version-history":[{"count":1,"href":"https:\/\/www.ce-iperasmus.eu\/dashboard\/wp-json\/wp\/v2\/pages\/524\/revisions"}],"predecessor-version":[{"id":525,"href":"https:\/\/www.ce-iperasmus.eu\/dashboard\/wp-json\/wp\/v2\/pages\/524\/revisions\/525"}],"wp:attachment":[{"href":"https:\/\/www.ce-iperasmus.eu\/dashboard\/wp-json\/wp\/v2\/media?parent=524"}],"curies":[{"name":"wp","href":"https:\/\/api.w.org\/{rel}","templated":true}]}}