{"id":519,"date":"2021-11-24T18:35:06","date_gmt":"2021-11-24T18:35:06","guid":{"rendered":"https:\/\/www.ce-iperasmus.eu\/dashboard\/?page_id=519"},"modified":"2022-03-28T23:52:53","modified_gmt":"2022-03-28T23:52:53","slug":"proizvodnja-disruptivni-tehnoloski-razvoj","status":"publish","type":"page","link":"https:\/\/www.ce-iperasmus.eu\/dashboard\/proizvodnja-disruptivni-tehnoloski-razvoj\/","title":{"rendered":"Proizvodnja: disruptivni tehnolo\u0161ki razvoj"},"content":{"rendered":"\n<p>Kro\u017eno gospodarstvo je tako okoljsko kot poslovno smiselno. V kro\u017enem gospodarstvu rast ne zahteva ve\u010d vse ve\u010djega pridobivanja in porabe virov, energije, vode in primarnih surovin. Manj je odpadkov, izdelki in viri pa ohranjajo svojo vrednost v gospodarstvu \u010dim dlje. Kro\u017eno gospodarstvo potrebuje ve\u010d kot tradicionalni R&amp;R ali delni pristop do tehnologij: potrebuje spremembe v celotnih sistemih in skupna prizadevanja raziskovalcev, tehnolo\u0161kih centrov, industrije in MSP, primarnega sektorja, podjetnikov, uporabnikov, vlad in civilne dru\u017ebe. Potrebuje ugodne regulativne okvirje ter dodatne javne in zasebne nalo\u017ebe v smislu inovacij.<\/p>\n\n\n\n<p><strong><u>Kako lahko podjetja v svoje dejavnosti raziskav in razvoja vklju\u010dijo na\u010dela kro\u017enega gospodarstva?<\/u><\/strong><strong><u><\/u><\/strong><\/p>\n\n\n\n<p>Danes podjetja potrebujejo nove korporativne strategije in modele za za\u0161\u010dito dobi\u010dkonosnosti in konkuren\u010dnosti ter ohranitev naravnih virov. Podjetja se lahko na izzive trajnosti odzovejo na druga\u010den na\u010din, bodisi proaktivno bodisi obrambno, v skladu s poslovnimi modeli in prednostnimi nalogami. Nekatera podjetja spodbujajo zelene in kro\u017ene pobude za doseganje \u00abeti\u010dnega vodstva\u00bb in ustvarjajo pozitivne u\u010dinke na podobo podjetja, druga podjetja pa so usmerjena predvsem na zni\u017eanje stro\u0161kov z bolj\u0161o uporabo surovin, medtem ko se druga podjetja osredoto\u010dajo na porabo energije in prihranke.<\/p>\n\n\n\n<p><strong><u>Kak\u0161no je lahko upravljanje inovacij v povezavi s kro\u017enim gospodarstvom?<\/u><\/strong><strong><u><\/u><\/strong><\/p>\n\n\n\n<p>Uresni\u010ditev kro\u017enega gospodarstva pomeni ve\u010d sprememb. Na primer: i) vedenjske spremembe potro\u0161nikov, ki morajo sprejeti razli\u010dne \u017eivljenjske sloge in na\u010dine porabe ter; ii) zakonske spremembe, ki vklju\u010dujejo na primer uvedbo javnih spodbud ali novih predpisov za obravnavo izrabljenih proizvodov in sekundarnih surovin. Zato inovacije, ki so strogo mi\u0161ljene kot \u00bbtehnolo\u0161ke inovacije\u00ab, niso edini gonilnik, ampak v dolo\u010denih primerih klju\u010dni dejavnik. Tri vrste sprememb kro\u017enega gospodarstva v zvezi z uporabo tehnologije v vrednostni verigi izdelkov so naslednje:<\/p>\n\n\n\n<ul><li>Izdelki\/storitve, ki predstavljajo popolnoma novo re\u0161itev, ki se mo\u010dno zana\u0161a na tehnologijo in manj na vedenje specifi\u010dnih potro\u0161nikov. Primer tega razreda je biorazgradljiva plastika, ki je \u017ee zavzela nekaj tr\u017enih dele\u017eev;<\/li><li>Izdelki\/storitve, pri katerih je tehnologija manj\u0161ega pomena, vendar je vedenje potro\u0161nikov temeljnega pomena, prilagajanje na druga\u010den slog porabe pa je klju\u010dni dejavnik uspeha. Primer, ki ga prina\u0161a prej omenjena publikacija, je \u0161irjenje trgovin brez embala\u017ee;<\/li><li>Izdelki\/storitve, pri katerih je slog potro\u0161nikov temeljni in kjer je tehnologija klju\u010dni dejavnik. Primeri te vrste so storitve delitvene ekonomije (npr. kolesa, avtomobili in celo pomivalni stroji), kjer uporaba digitalnih platform olaj\u0161a implementacijo poslovnega modela.<\/li><\/ul>\n\n\n\n<p><strong><u>Kako lahko podjetja izkoristijo sodelovanje dele\u017enikov in industrijske mre\u017ee za spodbujanje razvoja novih tehnologij kro\u017enega gospodarstva?<\/u><\/strong><\/p>\n\n\n\n<p>To je mogo\u010de le s perspektivo, ki je dovolj blizu, da pozna potrebe podjetij in dovolj \u0161iroka, da vidi mo\u017enosti za prehode in sodelovanje, neposredno v stiku z dobrim poznavanjem industrijskih sektorjev in regij v smislu inovacij, obeta uspeh. Dober na\u010din za ozave\u0161\u010danje in navdih je prikaz dobrih praks in uspe\u0161nih primerov. Vloga pove\u010devanja ozave\u0161\u010denosti in navdihovanja dele\u017enikov se zdi bolj primerna za organizacije kot za regionalne oblasti, najverjetneje zato, ker so organizacije grozdov bli\u017eje dele\u017enikom in uporabljajo enak na\u010din govora.<\/p>\n","protected":false},"excerpt":{"rendered":"<p>Kro\u017eno gospodarstvo je tako okoljsko kot poslovno smiselno. V kro\u017enem gospodarstvu rast ne zahteva ve\u010d vse ve\u010djega pridobivanja in porabe virov, energije, vode in primarnih &hellip; <\/p>\n","protected":false},"author":2,"featured_media":0,"parent":0,"menu_order":0,"comment_status":"closed","ping_status":"closed","template":"","meta":[],"_links":{"self":[{"href":"https:\/\/www.ce-iperasmus.eu\/dashboard\/wp-json\/wp\/v2\/pages\/519"}],"collection":[{"href":"https:\/\/www.ce-iperasmus.eu\/dashboard\/wp-json\/wp\/v2\/pages"}],"about":[{"href":"https:\/\/www.ce-iperasmus.eu\/dashboard\/wp-json\/wp\/v2\/types\/page"}],"author":[{"embeddable":true,"href":"https:\/\/www.ce-iperasmus.eu\/dashboard\/wp-json\/wp\/v2\/users\/2"}],"replies":[{"embeddable":true,"href":"https:\/\/www.ce-iperasmus.eu\/dashboard\/wp-json\/wp\/v2\/comments?post=519"}],"version-history":[{"count":1,"href":"https:\/\/www.ce-iperasmus.eu\/dashboard\/wp-json\/wp\/v2\/pages\/519\/revisions"}],"predecessor-version":[{"id":520,"href":"https:\/\/www.ce-iperasmus.eu\/dashboard\/wp-json\/wp\/v2\/pages\/519\/revisions\/520"}],"wp:attachment":[{"href":"https:\/\/www.ce-iperasmus.eu\/dashboard\/wp-json\/wp\/v2\/media?parent=519"}],"curies":[{"name":"wp","href":"https:\/\/api.w.org\/{rel}","templated":true}]}}