{"id":513,"date":"2021-11-24T18:31:22","date_gmt":"2021-11-24T18:31:22","guid":{"rendered":"https:\/\/www.ce-iperasmus.eu\/dashboard\/?page_id=513"},"modified":"2022-03-28T23:40:31","modified_gmt":"2022-03-28T23:40:31","slug":"komercialno-poslovanje-nabava-in-trzenje","status":"publish","type":"page","link":"https:\/\/www.ce-iperasmus.eu\/dashboard\/komercialno-poslovanje-nabava-in-trzenje\/","title":{"rendered":"Komercialno poslovanje: nabava in tr\u017eenje"},"content":{"rendered":"\n<p>Vklju\u010ditev tr\u017eenjske in komunikacijske perspektive v kro\u017eno gospodarstvo se osredoto\u010da na na\u010dine, na katere podjetja uporabljajo komunikacije za komercializacijo svoje ponudbe in vpliva na vedenje potro\u0161nikov (razse\u017enosti spremembe vedenja in na\u010drtovanja z namenom), za prihodnje tr\u017eenjske in komunikacijske strategije. Poslovna uporaba zelenega tr\u017eenja igra klju\u010dno vlogo pri uspehu in trajnosti novih poslovnih modelov za implementacijo kro\u017enega gospodarstva v prakso.<\/p>\n\n\n\n<p><strong><u>Kako lahko podjetja v svoje komercialno poslovanje (nabava in tr\u017eenje) vklju\u010dijo na\u010dela kro\u017enega gospodarstva?<\/u><\/strong><strong><u><\/u><\/strong><\/p>\n\n\n\n<p>Koncept kro\u017enega gospodarstva daje navdih podjetjem za pove\u010danje u\u010dinkovitosti virov. S sprejetjem strategij in praks kro\u017enega gospodarstva lahko podjetniki uresni\u010dijo vse vrste razli\u010dnih poslovnih koristi. Malo je ukrepov, ki vklju\u010dujejo tr\u017eenjsko in komunikacijsko perspektivo kro\u017enega gospodarstva in se osredoto\u010dajo na na\u010dine, na katere podjetja, ki ponujajo kro\u017ene izdelke ali storitve, trenutno uporabljajo komunikacije za tr\u017eenje svoje ponudbe in vplivajo na vedenje potro\u0161nikov. Uporabljena sta dva modela s podro\u010dja oblikovanja (Dimensions of Behavior Change in Design with Intent) za interpretacijo primerov spletnih komunikacij \u0161tirih trgovcev s kro\u017enimi izdelki in storitvami ter za predlaganje prihodnjih marketin\u0161kih in komunikacijskih strategij za uporabo v poslovanju in raziskavah.<\/p>\n\n\n\n<p><strong><u>Kako lahko podjetja tr\u017eijo kro\u017ene \u00bbodpadke\u00ab\/stranske proizvode svoje proizvodnje drugim podjetjem in panogam?<\/u><\/strong><strong><u><\/u><\/strong><\/p>\n\n\n\n<p>Politika in cilji EU o odpadkih so klju\u010dno gonilo za prehod na kro\u017eno gospodarstvo. Za okrepitev prizadevanj so predlagani cilji za recikliranje odpadkov do leta 2030 \u2013 70 % za komunalne odpadke in 80 % za odpadno embala\u017eo. Obstoje\u010di gospodarski sistem je v bistvu linearni model, kjer pridobivamo, proizvajamo, prodajamo, uporabljamo in zavr\u017eemo. \u010ce ponovno izdelamo, ponovno uporabimo in recikliramo, pri \u010demer odpadki ene industrije postanejo surovina druge, se lahko premaknemo v bolj kro\u017eno gospodarstvo, kjer se odpadki izlo\u010dajo, viri pa se uporabljajo na u\u010dinkovit in trajnosten na\u010din. U\u010dinkovito in trajnostno ravnanje z odpadki, ki se osredoto\u010da na zmanj\u0161evanje koli\u010dine odpadkov, ponovno uporabo in recikliranje, bi prispevalo k prenehanju izgube dragocenih materialov in zagotovilo njihovo ponovno implementacijo v gospodarstvo EU.<\/p>\n\n\n\n<p><strong><u>Katere koristi lahko pridobijo podjetja z uporabo tr\u017eenjskih strategij za promocijo praks kro\u017enega gospodarstva svojega poslovanja svojim kon\u010dnim potro\u0161nikom?<\/u><\/strong><strong><u><\/u><\/strong> Vpliv kro\u017enega gospodarstva na bolj trajnostna podjetja je mogo\u010de opaziti na \u0161tevilnih poslovnih podro\u010djih. \u0160tudije o trajnostnih podjetjih so zanimiva tema. Na nekaterih podro\u010djih je ta vpliv bolj o\u010diten in se obravnava kot temeljno vpra\u0161anje, na drugih je nekaj nejasnosti glede dejanskih posledic praks kro\u017enega gospodarstva za podjetja. Kljub temu pa \u0161tevilna dejanja\/prakse v smeri kro\u017enosti (ali ve\u010dje kro\u017enosti) morda niso bila identificirana kot taka, zato so dobila druga imena, \u010deprav so mnoge v praksi \u017ee dolgo. Strate\u0161ko na\u010drtovanje, upravljanje stro\u0161kov, upravljanje kro\u017ene dobavne verige, upravljanje kakovosti, upravljanje okolja, upravljanje procesov, logistika in povratna logistika, upravljanje storitev ter raziskave in razvoj je nekaj podro\u010dij podjetja\/organizacije, kjer lahko kro\u017eno gospodarstvo deluje kot gonilna sila bolj trajnostne prakse. Te prakse lahko vklju\u010dujejo medsebojne, ve\u010dsmerne spremembe med prej omenjenimi in drugimi podro\u010dji, prav tako pa lahko eden neposredno vpliva na drugega.<\/p>\n","protected":false},"excerpt":{"rendered":"<p>Vklju\u010ditev tr\u017eenjske in komunikacijske perspektive v kro\u017eno gospodarstvo se osredoto\u010da na na\u010dine, na katere podjetja uporabljajo komunikacije za komercializacijo svoje ponudbe in vpliva na vedenje &hellip; <\/p>\n","protected":false},"author":2,"featured_media":0,"parent":0,"menu_order":0,"comment_status":"closed","ping_status":"closed","template":"","meta":[],"_links":{"self":[{"href":"https:\/\/www.ce-iperasmus.eu\/dashboard\/wp-json\/wp\/v2\/pages\/513"}],"collection":[{"href":"https:\/\/www.ce-iperasmus.eu\/dashboard\/wp-json\/wp\/v2\/pages"}],"about":[{"href":"https:\/\/www.ce-iperasmus.eu\/dashboard\/wp-json\/wp\/v2\/types\/page"}],"author":[{"embeddable":true,"href":"https:\/\/www.ce-iperasmus.eu\/dashboard\/wp-json\/wp\/v2\/users\/2"}],"replies":[{"embeddable":true,"href":"https:\/\/www.ce-iperasmus.eu\/dashboard\/wp-json\/wp\/v2\/comments?post=513"}],"version-history":[{"count":1,"href":"https:\/\/www.ce-iperasmus.eu\/dashboard\/wp-json\/wp\/v2\/pages\/513\/revisions"}],"predecessor-version":[{"id":514,"href":"https:\/\/www.ce-iperasmus.eu\/dashboard\/wp-json\/wp\/v2\/pages\/513\/revisions\/514"}],"wp:attachment":[{"href":"https:\/\/www.ce-iperasmus.eu\/dashboard\/wp-json\/wp\/v2\/media?parent=513"}],"curies":[{"name":"wp","href":"https:\/\/api.w.org\/{rel}","templated":true}]}}