{"id":510,"date":"2021-11-24T18:30:16","date_gmt":"2021-11-24T18:30:16","guid":{"rendered":"https:\/\/www.ce-iperasmus.eu\/dashboard\/?page_id=510"},"modified":"2022-03-28T23:40:29","modified_gmt":"2022-03-28T23:40:29","slug":"operaciones-comerciales-compras-y-marketing","status":"publish","type":"page","link":"https:\/\/www.ce-iperasmus.eu\/dashboard\/operaciones-comerciales-compras-y-marketing\/","title":{"rendered":"Operaciones comerciales: compras y marketing"},"content":{"rendered":"\n<p>Incorporar una perspectiva de marketing y comunicaci\u00f3n para la econom\u00eda circular se centra en las formas en que las empresas utilizan las comunicaciones para comercializar sus ofertas e influir en el comportamiento del consumidor (Dimensiones del cambio de comportamiento y Dise\u00f1o con intenci\u00f3n), para futuras estrategias de marketing y comunicaci\u00f3n para el uso empresarial del marketing verde. juega un papel clave en el \u00e9xito y la sostenibilidad de los nuevos modelos de negocio para implementar la econom\u00eda circular en la pr\u00e1ctica.<\/p>\n\n\n\n<p><strong><u>\u00bfC\u00f3mo pueden las empresas incorporar los principios de la econom\u00eda circular en sus operaciones comerciales (compras y marketing)?<\/u><\/strong><\/p>\n\n\n\n<p>El concepto de econom\u00eda circular proporciona inspiraci\u00f3n para que las empresas aumenten la eficiencia de sus recursos.&nbsp;Al adoptar estrategias y pr\u00e1cticas de econom\u00eda circular, los emprendedores pueden obtener todo tipo de beneficios comerciales diferentes.&nbsp;Hay pocas medidas que incorporen una perspectiva de marketing y comunicaciones sobre la econom\u00eda circular, y que se centren en las formas en que las empresas que ofrecen productos o servicios circulares utilizan actualmente las comunicaciones para comercializar sus ofertas e influir en el comportamiento del consumidor.&nbsp;Se utilizan dos modelos del campo del dise\u00f1o (Dimensiones del cambio de comportamiento y Dise\u00f1o con intenci\u00f3n) para interpretar ejemplos de comunicaciones web de cuatro minoristas de productos y servicios circulares y para sugerir futuras estrategias de marketing y comunicaciones para su uso en negocios e investigaci\u00f3n.<\/p>\n\n\n\n<p><strong><u>\u00bfC\u00f3mo pueden las empresas comercializar los \u00abresiduos\u00bb circulares \/ subproductos de su producci\u00f3n a otras empresas e industrias?<\/u><\/strong><\/p>\n\n\n\n<p>La pol\u00edtica y los objetivos de la UE en materia de residuos son factores clave para el cambio a una econom\u00eda circular.&nbsp;Para intensificar los esfuerzos, se proponen objetivos de reciclaje de residuos con horizonte 2030: 70 % para residuos municipales y 80 % para residuos de envases.&nbsp;El sistema econ\u00f3mico persistente es b\u00e1sicamente un modelo lineal donde extraemos, fabricamos, vendemos, usamos y tiramos.&nbsp;Si re-fabricamos, reutilizamos y reciclamos, con los desechos de una industria convirti\u00e9ndose en la materia prima de otra, podemos pasar a una econom\u00eda m\u00e1s circular donde se eliminan los desechos y se utilizan los recursos de manera eficiente y sostenible.&nbsp;Una gesti\u00f3n de residuos eficiente y sostenible centrada en la reducci\u00f3n, reutilizaci\u00f3n y reciclaje de residuos contribuir\u00eda a dejar de perder materiales valiosos y garantizar su reinyecci\u00f3n en la econom\u00eda de la UE.<\/p>\n\n\n\n<p><strong><u>\u00bfQu\u00e9 beneficios pueden obtener las empresas al utilizar estrategias de marketing para promover las pr\u00e1cticas de econom\u00eda circular de su negocio entre sus consumidores finales?<\/u><\/strong><\/p>\n\n\n\n<p>La influencia de la econom\u00eda circular hacia negocios m\u00e1s sostenibles se puede ver en una variedad de \u00e1reas comerciales.&nbsp;Los estudios sobre empresas sostenibles son un tema prol\u00edfico.&nbsp;En algunas \u00e1reas, esta influencia es m\u00e1s evidente, vista como un problema subyacente, en otras, hay algo de confusi\u00f3n sobre las implicaciones reales de las pr\u00e1cticas de la econom\u00eda circular para las empresas.&nbsp;Sin embargo, muchas acciones \/ pr\u00e1cticas hacia la circularidad (o mayor circularidad) podr\u00edan no haber sido identificadas como tales, habiendo recibido as\u00ed otros nombres, aunque muchas han estado en pr\u00e1ctica durante mucho tiempo.&nbsp;Planificaci\u00f3n estrat\u00e9gica, gesti\u00f3n de costes, gesti\u00f3n de la cadena de suministro circular, gesti\u00f3n de la calidad, gesti\u00f3n medioambiental, gesti\u00f3n de procesos, log\u00edstica y log\u00edstica inversa, gesti\u00f3n de servicios,&nbsp;y la investigaci\u00f3n y el desarrollo son algunas \u00e1reas de una empresa \/ organizaci\u00f3n en las que la econom\u00eda circular puede actuar como motor de pr\u00e1cticas m\u00e1s sostenibles.&nbsp;Estas pr\u00e1cticas pueden comprender cambios mutuos y multidireccionales entre las \u00e1reas mencionadas anteriormente y otras, as\u00ed como una puede ejercer una influencia directa unidireccional sobre otra.<\/p>\n","protected":false},"excerpt":{"rendered":"<p>Incorporar una perspectiva de marketing y comunicaci\u00f3n para la econom\u00eda circular se centra en las formas en que las empresas utilizan las comunicaciones para comercializar &hellip; <\/p>\n","protected":false},"author":2,"featured_media":0,"parent":0,"menu_order":0,"comment_status":"closed","ping_status":"closed","template":"","meta":[],"_links":{"self":[{"href":"https:\/\/www.ce-iperasmus.eu\/dashboard\/wp-json\/wp\/v2\/pages\/510"}],"collection":[{"href":"https:\/\/www.ce-iperasmus.eu\/dashboard\/wp-json\/wp\/v2\/pages"}],"about":[{"href":"https:\/\/www.ce-iperasmus.eu\/dashboard\/wp-json\/wp\/v2\/types\/page"}],"author":[{"embeddable":true,"href":"https:\/\/www.ce-iperasmus.eu\/dashboard\/wp-json\/wp\/v2\/users\/2"}],"replies":[{"embeddable":true,"href":"https:\/\/www.ce-iperasmus.eu\/dashboard\/wp-json\/wp\/v2\/comments?post=510"}],"version-history":[{"count":1,"href":"https:\/\/www.ce-iperasmus.eu\/dashboard\/wp-json\/wp\/v2\/pages\/510\/revisions"}],"predecessor-version":[{"id":511,"href":"https:\/\/www.ce-iperasmus.eu\/dashboard\/wp-json\/wp\/v2\/pages\/510\/revisions\/511"}],"wp:attachment":[{"href":"https:\/\/www.ce-iperasmus.eu\/dashboard\/wp-json\/wp\/v2\/media?parent=510"}],"curies":[{"name":"wp","href":"https:\/\/api.w.org\/{rel}","templated":true}]}}