{"id":507,"date":"2021-11-24T18:29:15","date_gmt":"2021-11-24T18:29:15","guid":{"rendered":"https:\/\/www.ce-iperasmus.eu\/dashboard\/?page_id=507"},"modified":"2022-03-28T23:40:39","modified_gmt":"2022-03-28T23:40:39","slug":"kommerzielle-operationen-einkauf-marketing","status":"publish","type":"page","link":"https:\/\/www.ce-iperasmus.eu\/dashboard\/kommerzielle-operationen-einkauf-marketing\/","title":{"rendered":"Kommerzielle Operationen: Einkauf &#038; Marketing"},"content":{"rendered":"\n<p>Die Einbeziehung einer Marketing- und Kommunikationsperspektive f\u00fcr die Kreislaufwirtschaft konzentriert sich auf die Art und Weise, wie Unternehmen die Kommunikation nutzen, um ihre Angebote zu vermarkten und das Verbraucherverhalten zu beeinflussen (Dimensions of Behaviour Change and Design with Intent), f\u00fcr k\u00fcnftige Marketing- und Kommunikationsstrategien f\u00fcr Unternehmen spielt gr\u00fcnes Marketing eine Schl\u00fcsselrolle f\u00fcr den Erfolg und die Nachhaltigkeit neuer Gesch\u00e4ftsmodelle zur Umsetzung der Kreislaufwirtschaft in die Praxis.<\/p>\n\n\n\n<p><strong>Wie k\u00f6nnen Unternehmen Prinzipien der Kreislaufwirtschaft in ihren Gesch\u00e4ftsbetrieb (Einkauf und Marketing) integrieren?<\/strong><\/p>\n\n\n\n<p>Das Konzept der Kreislaufwirtschaft inspiriert Unternehmen dazu, ihre Ressourceneffizienz zu steigern. Durch die Einf\u00fchrung von Strategien und Praktiken der Kreislaufwirtschaft k\u00f6nnen Unternehmer alle m\u00f6glichen gesch\u00e4ftlichen Vorteile erzielen. Es gibt nur wenige Ma\u00dfnahmen, die eine Marketing- und Kommunikationsperspektive auf die Kreislaufwirtschaft einbeziehen und sich auf die Art und Weise konzentrieren, wie Unternehmen, die Kreislaufprodukte oder -dienstleistungen anbieten, derzeit die Kommunikation nutzen, um ihre Angebote zu vermarkten und das Verbraucherverhalten zu beeinflussen. Es werden zwei Modelle aus dem Bereich Design (Dimensions of Behaviour Change und Design with Intent) verwendet, um Beispiele der Webkommunikation von vier Einzelh\u00e4ndlern, die Kreislaufprodukte und -dienstleistungen anbieten, zu interpretieren und k\u00fcnftige Marketing- und Kommunikationsstrategien f\u00fcr den Einsatz in Unternehmen und Forschung vorzuschlagen. Design-Frameworks k\u00f6nnen ein relevantes und umfassendes Mittel zur Analyse von Marketingstrategien sein und weniger bin\u00e4re Ans\u00e4tze vorschlagen als z. B. gr\u00fcnes Marketing.<\/p>\n\n\n\n<p><strong>Wie k\u00f6nnen Unternehmen zirkul\u00e4re \u00bbAbf\u00e4lle\u00ab\/Nebenprodukte ihrer Produktion an andere Unternehmen und Branchen vermarkten?<\/strong><\/p>\n\n\n\n<p>Die Abfallpolitik und -ziele der EU sind wichtige Triebkr\u00e4fte f\u00fcr den \u00dcbergang zu einer Kreislaufwirtschaft. Um die Bem\u00fchungen zu verst\u00e4rken, werden Ziele f\u00fcr das Abfallrecycling mit einem Horizont bis 2030 vorgeschlagen \u2013 70 % f\u00fcr Siedlungsabf\u00e4lle und 80 % f\u00fcr Verpackungsabf\u00e4lle. Das fortbestehende Wirtschaftssystem ist im Grunde ein lineares Modell, in dem wir extrahieren, herstellen, verkaufen, verwenden und wegwerfen. Wenn wir aufbereiten, wiederverwenden und recyceln, wobei der Abfall einer Branche zum Rohstoff einer anderen wird, k\u00f6nnen wir zu einer st\u00e4rker kreislauforientierten Wirtschaft \u00fcbergehen, in der Abfall beseitigt und Ressourcen effizient und nachhaltig genutzt werden. Eine effiziente und nachhaltige Abfallbewirtschaftung mit Schwerpunkt auf Abfallreduzierung, Wiederverwendung und Recycling w\u00fcrde dazu beitragen, den Verlust wertvoller Materialien zu stoppen und ihre Wiedereinbringung in die EU-Wirtschaft sicherzustellen.<\/p>\n\n\n\n<p><strong>Welche Vorteile k\u00f6nnen Unternehmen durch den Einsatz von Marketingstrategien erzielen, um die Kreislaufwirtschaftspraktiken ihres Unternehmens bei ihren Endverbrauchern zu f\u00f6rdern?<\/strong> Der Einfluss der Kreislaufwirtschaft auf nachhaltigere Unternehmen l\u00e4sst sich in einer Reihe von Gesch\u00e4ftsbereichen feststellen. Studien \u00fcber nachhaltige Unternehmen sind ein weit verbreitetes Thema. In einigen Bereichen ist dieser Einfluss offensichtlicher und wird als grundlegendes Problem gesehen, in anderen sind die tats\u00e4chlichen Auswirkungen von Kreislaufwirtschaftspraktiken auf Unternehmen eher unklar. Nichtsdestotrotz sind viele Ma\u00dfnahmen\/Praktiken, die auf eine Kreislaufwirtschaft (oder eine st\u00e4rkere Kreislaufwirtschaft) abzielen, nicht als solche erkannt worden und haben daher andere Namen erhalten, obwohl viele von ihnen seit langem in der Praxis angewendet werden. Strategische Planung, Kostenmanagement, zirkul\u00e4res Lieferkettenmanagement, Qualit\u00e4tsmanagement, Umweltmanagement, Prozessmanagement, Logistik und R\u00fcckw\u00e4rtslogistik, Dienstleistungsmanagement sowie Forschung und Entwicklung sind einige Bereiche eines Unternehmens\/einer Organisation, in denen die Kreislaufwirtschaft als Motor f\u00fcr nachhaltigere Praktiken fungieren kann. Diese Praktiken k\u00f6nnen wechselseitige, multidirektionale Ver\u00e4nderungen zwischen den zuvor genannten und anderen Bereichen umfassen, aber auch einen direkten, unidirektionalen Einfluss auf andere Bereiche aus\u00fcben.<\/p>\n","protected":false},"excerpt":{"rendered":"<p>Die Einbeziehung einer Marketing- und Kommunikationsperspektive f\u00fcr die Kreislaufwirtschaft konzentriert sich auf die Art und Weise, wie Unternehmen die Kommunikation nutzen, um ihre Angebote zu &hellip; <\/p>\n","protected":false},"author":2,"featured_media":0,"parent":0,"menu_order":0,"comment_status":"closed","ping_status":"closed","template":"","meta":[],"_links":{"self":[{"href":"https:\/\/www.ce-iperasmus.eu\/dashboard\/wp-json\/wp\/v2\/pages\/507"}],"collection":[{"href":"https:\/\/www.ce-iperasmus.eu\/dashboard\/wp-json\/wp\/v2\/pages"}],"about":[{"href":"https:\/\/www.ce-iperasmus.eu\/dashboard\/wp-json\/wp\/v2\/types\/page"}],"author":[{"embeddable":true,"href":"https:\/\/www.ce-iperasmus.eu\/dashboard\/wp-json\/wp\/v2\/users\/2"}],"replies":[{"embeddable":true,"href":"https:\/\/www.ce-iperasmus.eu\/dashboard\/wp-json\/wp\/v2\/comments?post=507"}],"version-history":[{"count":1,"href":"https:\/\/www.ce-iperasmus.eu\/dashboard\/wp-json\/wp\/v2\/pages\/507\/revisions"}],"predecessor-version":[{"id":508,"href":"https:\/\/www.ce-iperasmus.eu\/dashboard\/wp-json\/wp\/v2\/pages\/507\/revisions\/508"}],"wp:attachment":[{"href":"https:\/\/www.ce-iperasmus.eu\/dashboard\/wp-json\/wp\/v2\/media?parent=507"}],"curies":[{"name":"wp","href":"https:\/\/api.w.org\/{rel}","templated":true}]}}