{"id":504,"date":"2021-11-24T18:28:21","date_gmt":"2021-11-24T18:28:21","guid":{"rendered":"https:\/\/www.ce-iperasmus.eu\/dashboard\/?page_id=504"},"modified":"2022-03-28T23:40:35","modified_gmt":"2022-03-28T23:40:35","slug":"operazioni-commerciali-acquisti-e-marketing","status":"publish","type":"page","link":"https:\/\/www.ce-iperasmus.eu\/dashboard\/operazioni-commerciali-acquisti-e-marketing\/","title":{"rendered":"Operazioni commerciali: acquisti e marketing"},"content":{"rendered":"\n<p>Incorporare una prospettiva di marketing e comunicazione per l&#8217;economia circolare, concentrarsi sui modi in cui le aziende utilizzano le comunicazioni per commercializzare le loro offerte e influenzare il comportamento dei consumatori (Dimensioni del cambiamento di comportamento e progettazione con intento), per future strategie di marketing e comunicazione per l&#8217;uso aziendale del marketing verde svolge un ruolo chiave nel successo e nella sostenibilit\u00e0 di nuovi modelli di business per mettere in pratica l&#8217;economia circolare.<\/p>\n\n\n\n<p>In che modo le aziende possono incorporare i principi dell&#8217;economia circolare nelle loro operazioni commerciali (acquisti e marketing)?<\/p>\n\n\n\n<p>Il concetto di economia circolare fornisce ispirazione alle imprese per aumentare l&#8217;efficienza delle risorse. Adottando strategie e pratiche di economia circolare, gli imprenditori possono realizzare tutti i tipi di vantaggi aziendali diversi. Esistono poche misure che incorporano una prospettiva di marketing e comunicazione sull&#8217;economia circolare e che si concentrano sui modi in cui le aziende che forniscono prodotti o servizi circolari utilizzano attualmente le comunicazioni per commercializzare le loro offerte e influenzare il comportamento dei consumatori . Vengono utilizzati due modelli del campo del design (Dimensions of Behavior Change e Design with Intent) per interpretare esempi di comunicazioni web di quattro rivenditori di prodotti e servizi circolari e per suggerire future strategie di marketing e comunicazione da utilizzare nel business e nella ricerca. I framework di progettazione possono fornire un mezzo pertinente e completo per analizzare le strategie di marketing e suggerire approcci meno binari rispetto ad esempio al marketing verde.<\/p>\n\n\n\n<p>In che modo le aziende possono commercializzare \u00bbrifiuti\u00ab\/sottoprodotti circolari della loro produzione ad altre imprese e industrie?<\/p>\n\n\n\n<p>La politica e gli obiettivi dell&#8217;UE in materia di rifiuti sono un fattore chiave per il passaggio a un&#8217;economia circolare. Per intensificare gli sforzi, vengono proposti obiettivi sul riciclaggio dei rifiuti con un orizzonte 2030: il 70% per i rifiuti urbani e l&#8217;80% per i rifiuti di imballaggio. Il sistema economico persistente \u00e8 fondamentalmente un modello lineare in cui estraiamo, produciamo, vendiamo, usiamo e buttiamo via. Se ri-produciamo, riutilizziamo e ricicliamo, con i rifiuti di un settore che diventano la materia prima di un altro, possiamo passare a un&#8217;economia pi\u00f9 circolare in cui i rifiuti vengono eliminati e le risorse vengono utilizzate in modo efficiente e sostenibile. Una gestione efficiente e sostenibile dei rifiuti, incentrata sulla riduzione, il riutilizzo e il riciclaggio dei rifiuti, contribuirebbe a fermare la perdita di materiali preziosi e garantire il loro reinserimento nell&#8217;economia dell&#8217;UE.<\/p>\n\n\n\n<p>Quali vantaggi possono ottenere le aziende utilizzando strategie di marketing per promuovere le pratiche di economia circolare della loro attivit\u00e0 presso i loro consumatori finali?<\/p>\n\n\n\n<p>L&#8217;influenza dell&#8217;economia circolare verso imprese pi\u00f9 sostenibili pu\u00f2 essere vista in una serie di aree di business. Gli studi sulle imprese sostenibili sono un tema prolifico. In alcune aree questa influenza \u00e8 pi\u00f9 evidente, vista come un problema di fondo, in altre c&#8217;\u00e8 un po&#8217; di confusione sulle reali implicazioni delle pratiche di economia circolare per le imprese. Tuttavia, molte azioni\/pratiche verso la circolarit\u00e0 (o maggiore circolarit\u00e0) potrebbero non essere state identificate come tali, avendo cos\u00ec ricevuto altri nomi, anche se molte sono in pratica da tempo. Pianificazione strategica, gestione dei costi, gestione della catena di approvvigionamento circolare, gestione della qualit\u00e0, gestione ambientale, gestione dei processi, logistica e logistica inversa, gestione dei servizi e ricerca e sviluppo sono alcune aree di un&#8217;azienda\/organizzazione in cui l&#8217;economia circolare pu\u00f2 fungere da motore verso pratiche pi\u00f9 sostenibili. Queste pratiche possono comprendere cambiamenti reciproci e multidirezionali tra le aree precedentemente menzionate e altre, cos\u00ec come si potrebbe esercitare un&#8217;influenza unidirezionale diretta su un&#8217;altra.<\/p>\n","protected":false},"excerpt":{"rendered":"<p>Incorporare una prospettiva di marketing e comunicazione per l&#8217;economia circolare, concentrarsi sui modi in cui le aziende utilizzano le comunicazioni per commercializzare le loro offerte &hellip; <\/p>\n","protected":false},"author":2,"featured_media":0,"parent":0,"menu_order":0,"comment_status":"closed","ping_status":"closed","template":"","meta":[],"_links":{"self":[{"href":"https:\/\/www.ce-iperasmus.eu\/dashboard\/wp-json\/wp\/v2\/pages\/504"}],"collection":[{"href":"https:\/\/www.ce-iperasmus.eu\/dashboard\/wp-json\/wp\/v2\/pages"}],"about":[{"href":"https:\/\/www.ce-iperasmus.eu\/dashboard\/wp-json\/wp\/v2\/types\/page"}],"author":[{"embeddable":true,"href":"https:\/\/www.ce-iperasmus.eu\/dashboard\/wp-json\/wp\/v2\/users\/2"}],"replies":[{"embeddable":true,"href":"https:\/\/www.ce-iperasmus.eu\/dashboard\/wp-json\/wp\/v2\/comments?post=504"}],"version-history":[{"count":1,"href":"https:\/\/www.ce-iperasmus.eu\/dashboard\/wp-json\/wp\/v2\/pages\/504\/revisions"}],"predecessor-version":[{"id":505,"href":"https:\/\/www.ce-iperasmus.eu\/dashboard\/wp-json\/wp\/v2\/pages\/504\/revisions\/505"}],"wp:attachment":[{"href":"https:\/\/www.ce-iperasmus.eu\/dashboard\/wp-json\/wp\/v2\/media?parent=504"}],"curies":[{"name":"wp","href":"https:\/\/api.w.org\/{rel}","templated":true}]}}