{"id":498,"date":"2021-11-24T18:24:53","date_gmt":"2021-11-24T18:24:53","guid":{"rendered":"https:\/\/www.ce-iperasmus.eu\/dashboard\/?page_id=498"},"modified":"2022-03-28T23:48:02","modified_gmt":"2022-03-28T23:48:02","slug":"gestione-delle-risorse-umane","status":"publish","type":"page","link":"https:\/\/www.ce-iperasmus.eu\/dashboard\/gestione-delle-risorse-umane\/","title":{"rendered":"Gestione delle risorse umane"},"content":{"rendered":"\n<p>Quando parliamo di economia circolare, ci riferiamo a tutta una serie di concetti e pratiche legate alla riduzione dell&#8217;uso delle risorse, all&#8217;ottimizzazione del capitale fisico e tecnico ma raramente parliamo di ci\u00f2 che questo implica in termini di capitale umano. La risorsa umana rappresenta le capacit\u00e0, i talenti, le qualifiche, le esperienze di una persona. Questo capitale \u00e8 uno dei pilastri del modo in cui operano le aziende. \u00c8 quindi inimmaginabile che la transizione verso un&#8217;economia circolare non sarebbe completa senza un nuovo approccio alla gestione delle risorse umane. Tutte le aree della gestione delle risorse umane devono considerare e implementare aspetti di sostenibilit\u00e0 e circolarit\u00e0 per contribuire a pratiche aziendali pi\u00f9 ecologiche.<\/p>\n\n\n\n<p>Quanto \u00e8 alto il rischio di non investire nello sviluppo delle competenze per il passaggio alla circolarit\u00e0?<\/p>\n\n\n\n<p>Un recente studio del World Economic Forum ha previsto che il 65% degli scolari sarebbe impiegato in lavori che ancora non esistono in futuro. Ad esempio, nel settore della gestione dei rifiuti, molti lavori manuali saranno obsoleti in futuro con la tecnologia AI sar\u00e0 rapidamente implementato in impianti di selezione.<\/p>\n\n\n\n<p>Il mercato del lavoro circolare comprende tutti i tipi di posti di lavoro in diversi settori, che vanno dalle industrie manifatturiere e creative alla gestione dei rifiuti e delle risorse. I lavori nell&#8217;economia circolare, in breve \u00ablavori circolari\u00bb, sono tutti lavori che contribuiscono a una delle strategie del framework DISRUPT (Circle Economy (2020)). Circle Economy definisce diversi tipi di lavori circolari come segue:<\/p>\n\n\n\n<p>\u2022 Lavori circolari di base: questi lavori assicurano che i cicli delle materie prime siano chiusi e quindi costituiscano il nucleo dell&#8217;economia circolare. Includono posti di lavoro nei settori delle energie rinnovabili, delle riparazioni, dei rifiuti e della gestione delle risorse.<\/p>\n\n\n\n<p>\u2022 Abilitazione di lavori circolari: questi lavori consentono l&#8217;accelerazione e l&#8217;upscaling delle attivit\u00e0 circolari di base e costituiscono quindi l&#8217;involucro di supporto dell&#8217;economia circolare. Includono posti di lavoro nel leasing, nell&#8217;ingegneria e nella tecnologia digitale, anche se solo quelli che contribuiscono effettivamente alla circolarit\u00e0.<\/p>\n\n\n\n<p>\u2022 Lavori circolari indiretti: questi lavori forniscono servizi alle attivit\u00e0 circolari primarie di cui sopra e quindi formano le attivit\u00e0 che sostengono indirettamente l&#8217;economia circolare. Includono, ad esempio, posti di lavoro nel settore dell&#8217;istruzione, della logistica e del settore pubblico.<\/p>\n\n\n\n<p>L&#8217;ILO (2019) suggerisce che la misura in cui i ruoli professionali dovranno essere adattati e riqualificati per lavorare in modi pi\u00f9 ecologici aumenta con il livello di abilit\u00e0 professionale. Ad esempio, i lavoratori pratici possono richiedere piccoli adattamenti comportamentali che possono essere in gran parte insegnati sul posto di lavoro. Mentre la maggior parte dei ruoli emergenti viene generata all&#8217;interno di occupazioni altamente qualificate, attraverso la domanda di competenze specialistiche che richiedono livelli di istruzione pi\u00f9 elevati o programmi di aggiornamento delle competenze a lungo termine.<\/p>\n\n\n\n<p>Un modello di cambiamento simile pu\u00f2 talvolta applicarsi alla transizione delle competenze richiesta nei settori dell&#8217;economia circolare. Oltre a richiedere un miglioramento generale delle competenze a causa della diversificazione dei compiti e dei progressi tecnologici, l&#8217;economia circolare richiede anche un fondamentale cambiamento di mentalit\u00e0 a tutti i livelli della forza lavoro. La leadership pubblica e privata \u00e8 necessaria per incoraggiare il pensiero sistemico tra i lavoratori in tutta la gamma di settori che contribuiscono all&#8217;economia circolare.<\/p>\n\n\n\n<p>La gestione delle risorse umane svolge un ruolo cruciale nel modo in cui le aziende si adattano e applicano pratiche commerciali pi\u00f9 verdi e quindi anche pi\u00f9 circolari. Varie aree della gestione della ricerca umana possono avere un&#8217;influenza sulla guida delle pratiche sostenibili e delle prestazioni di un&#8217;azienda, come ad esempio il processo di reclutamento, i corsi di formazione, la valutazione delle prestazioni e le strutture di ricompensa, la cultura organizzativa, i team e l&#8217;empowerment dei dipendenti. Tutte queste aree delle risorse umane devono essere prestate attenzione quando si stabiliscono pratiche verdi in un&#8217;azienda al fine di raggiungere i migliori risultati possibili di una trasformazione verde\/circolare. L&#8217;attenzione al \u201clato umano\u201d di un&#8217;economia circolare, accanto agli aspetti dei metodi di produzione e delle soluzioni tecnologiche, \u00e8 un aspetto importante per implementare pratiche circolari nelle aziende (Jabbour 2019).<\/p>\n\n\n\n<p>Reclutamento: le aziende possono considerare la mentalit\u00e0 e l&#8217;ambizione dei futuri dipendenti per quanto riguarda la guida di pratiche sostenibili all&#8217;interno dell&#8217;azienda insieme ad altri fattori come le qualifiche e le precedenti esperienze lavorative; includere competenze circolari come ad esempio il pensiero sistemico, nel processo di reclutamento e nelle decisioni di selezione<\/p>\n\n\n\n<p>Formazione: le aziende possono creare consapevolezza e fornire formazione su temi di sostenibilit\u00e0 e competenze circolari all&#8217;interno dei loro programmi di sviluppo dei dipendenti per il personale appena assunto e per i dipendenti esistenti<\/p>\n\n\n\n<p>Valutazione delle prestazioni e premi: le aziende possono includere misure di sostenibilit\u00e0 nella valutazione dei propri dipendenti e legare premi come promozioni o aumenti a misure di prestazioni ambientali e sociali<\/p>\n\n\n\n<p>Cultura organizzativa: le risorse umane possono lavorare per una cultura organizzativa pi\u00f9 sostenibile mirando a campagne e sensibilizzazione su questi aspetti e fornendo spazio per promuovere pratiche di sostenibilit\u00e0 vissute<\/p>\n\n\n\n<p>&nbsp;Empowerment dei dipendenti: le aziende possono rafforzare l&#8217;empowerment dei dipendenti incoraggiando comportamenti e iniziative ambientali da parte dei propri dipendenti. L&#8217;implementazione di pratiche sostenibili e\/o circolari pu\u00f2 combinare un approccio dall&#8217;alto verso il basso e un approccio dal basso verso l&#8217;alto guidato dai dipendenti.<\/p>\n\n\n\n<p>Team: le aziende possono istituire team dedicati all&#8217;innovazione e all&#8217;implementazione di attivit\u00e0 e processi specificamente focalizzati sulla sostenibilit\u00e0 per rafforzare la consapevolezza e l&#8217;iniziativa dei dipendenti su questi temi<\/p>\n\n\n\n<p>Economia del cerchio (2020). Jobs &amp; Skills in the Circular Economy: stato di avanzamento e percorsi futuri. Disponibile su: https:\/\/www.circle-economy.com\/resources\/jobs-skills-in-the-circular-economystate-of-play-and-future-pathways<\/p>\n\n\n\n<p>Economia del cerchio (2021). Circular Human Resource Management: un briefing per i professionisti delle risorse umane su come plasmare il futuro dell&#8217;economia circolare. Disponibile su: https:\/\/assets.website-files.com\/5d26d80e8836af2d12ed1269\/607d8856980f6e851593a235_20210419%20-%20CJI%20Brief%20HR%20-%20circular%20human%20resource%20management%20-%20297x210mm.pdf<\/p>\n\n\n\n<p>Circle Economy ed Ehero (2016). Lavori circolari: Capire l&#8217;occupazione nell&#8217;economia circolare nei Paesi Bassi. Disponibile all&#8217;indirizzo: https: \/\/ new.circle-economy.com\/ jobsskills \/ risorse<\/p>\n\n\n\n<p>Organizzazione internazionale del lavoro (2019). Competenze per un futuro pi\u00f9 verde: una visione globale. Disponibile all&#8217;indirizzo: https:\/\/www.ilo.org\/wcmsp5\/groups\/public\/&#8212; ed_emp \/documents\/publication\/wcms_732214.pdf<\/p>\n\n\n\n<p>Organizzazione internazionale del Lavoro. (2018). Occupazione mondiale e prospettive sociali 2018: Greening with jobs. Estratto da https:\/\/www.ilo.org\/weso-greening\/documents\/WESO_Greening_EN_web2.pdf<\/p>\n\n\n\n<p>Jabbour, Charbel Jose Chiappetta, et al. \u00abChi comanda ? Una rassegna e un&#8217;agenda di ricerca sul &#8216; lato umano&#8217; dell&#8217;economia circolare\u00bb. Journal of Clean Production 222 (2019): 793-801.<\/p>\n","protected":false},"excerpt":{"rendered":"<p>Quando parliamo di economia circolare, ci riferiamo a tutta una serie di concetti e pratiche legate alla riduzione dell&#8217;uso delle risorse, all&#8217;ottimizzazione del capitale fisico &hellip; <\/p>\n","protected":false},"author":2,"featured_media":0,"parent":0,"menu_order":0,"comment_status":"closed","ping_status":"closed","template":"","meta":[],"_links":{"self":[{"href":"https:\/\/www.ce-iperasmus.eu\/dashboard\/wp-json\/wp\/v2\/pages\/498"}],"collection":[{"href":"https:\/\/www.ce-iperasmus.eu\/dashboard\/wp-json\/wp\/v2\/pages"}],"about":[{"href":"https:\/\/www.ce-iperasmus.eu\/dashboard\/wp-json\/wp\/v2\/types\/page"}],"author":[{"embeddable":true,"href":"https:\/\/www.ce-iperasmus.eu\/dashboard\/wp-json\/wp\/v2\/users\/2"}],"replies":[{"embeddable":true,"href":"https:\/\/www.ce-iperasmus.eu\/dashboard\/wp-json\/wp\/v2\/comments?post=498"}],"version-history":[{"count":1,"href":"https:\/\/www.ce-iperasmus.eu\/dashboard\/wp-json\/wp\/v2\/pages\/498\/revisions"}],"predecessor-version":[{"id":499,"href":"https:\/\/www.ce-iperasmus.eu\/dashboard\/wp-json\/wp\/v2\/pages\/498\/revisions\/499"}],"wp:attachment":[{"href":"https:\/\/www.ce-iperasmus.eu\/dashboard\/wp-json\/wp\/v2\/media?parent=498"}],"curies":[{"name":"wp","href":"https:\/\/api.w.org\/{rel}","templated":true}]}}