{"id":468,"date":"2021-11-24T17:50:44","date_gmt":"2021-11-24T17:50:44","guid":{"rendered":"https:\/\/www.ce-iperasmus.eu\/dashboard\/?page_id=468"},"modified":"2022-03-28T19:49:49","modified_gmt":"2022-03-28T19:49:49","slug":"modelli-di-business-circolari-prodotto-come-servizio","status":"publish","type":"page","link":"https:\/\/www.ce-iperasmus.eu\/dashboard\/modelli-di-business-circolari-prodotto-come-servizio\/","title":{"rendered":"Modelli di Business Circolari: prodotto come servizio"},"content":{"rendered":"\n<p>I modelli di business del prodotto come servizio (PSS) sfidano l&#8217;approccio commerciale esistente e dominante della vendita di prodotti tangibili. Questi possono essere raggruppati in tre categorie principali: modelli PSS orientati al prodotto, orientati all&#8217;uso e orientati ai risultati. Pu\u00f2 essere implementato tramite pratiche di leasing, noleggio, pay-per-use o modelli di business basati sulle prestazioni.<\/p>\n\n\n\n<p>Qual \u00e8 il modello di business di un prodotto?<\/p>\n\n\n\n<p>I modelli del sistema di servizio del prodotto (PSS) combinano un prodotto fisico con una componente di servizio, che variano in base alla loro enfasi sul prodotto fisico o sull&#8217;aspetto del servizio (OCSE, 2019 ; Lacy e Rutqvist , 2015). Di solito, l&#8217;azienda mantiene la propriet\u00e0 del prodotto e offre al cliente l&#8217;accesso al prodotto. In questo modo, si possono realizzare benefici ambientali in quanto le aziende sono incoraggiate a riparare e mantenere il prodotto in uso per un periodo pi\u00f9 lungo (Rizos et al., 2017).<\/p>\n\n\n\n<p>La tipologia di PSS segue quella sviluppata da Tukker (2004), separando i modelli del sistema di servizio del prodotto in otto tipi (ad esempio, pagamento per unit\u00e0 di servizio, noleggio\/condivisione, leasing, raggruppamento di prodotti) che sono raggruppati in tre categorie principali: orientato al prodotto, modelli PSS orientati all&#8217;uso e ai risultati. Il PSS \u00e8 strettamente legato al processo e al modello di business dell&#8217;estensione della vita del prodotto.<\/p>\n\n\n\n<p>In quale contesto \u00e8 utile l&#8217;offerta di un prodotto come servizio?<\/p>\n\n\n\n<p>Il PSS si \u00e8 espanso in una gamma pi\u00f9 ampia di campi scientifici (ad esempio, gestione aziendale, design, produzione) e regioni (Tukker, 2015). Inoltre, il campo si \u00e8 spostato verso la discussione su come implementare PSS e la sua dipendenza da determinati fattori e problemi di successo (ad esempio, disponibilit\u00e0 del prodotto per i clienti o diversit\u00e0 dei servizi forniti). Yang et al. (2018) sottolinea il potenziale di PSS nel migliorare la circolarit\u00e0 delle catene di approvvigionamento attraverso la creazione di valore in circoli interni, circoli di utilizzo lunghi e a cascata. Applicando le tre categorie di Tukker (2004), i PSS orientati ai risultati hanno cicli pi\u00f9 stretti ed efficienti delle operazioni della catena di approvvigionamento. Ci\u00f2 significa che il sistema di riparazione, riutilizzo e rigenerazione \u00e8 pi\u00f9 veloce e la velocit\u00e0 \u00e8 pi\u00f9 alta (Yang et al., 2018).<\/p>\n\n\n\n<p>Cosa \u00e8 importante tenere a mente quando si progettano prodotti come un servizio per la propria azienda?<\/p>\n\n\n\n<p>I PSS sono stati associati a benefici ambientali (Baines et al., 200 ), ma allo stesso tempo sono state sollevate preoccupazioni sul beneficio ambientale netto di questi modelli (Tukker, 2015). Una delle preoccupazioni \u00e8 affrontare l&#8217;impatto sul consumo energetico dei modelli di business PSS. Rizos et al. (2017) hanno evidenziato che l&#8217;efficienza energetica di PSS dipende dal cambiamento e dallo sviluppo di miglioramenti dell&#8217;efficienza tra le nuove generazioni di prodotti. Le tecnologie digitali emergenti offrono ulteriori opportunit\u00e0 per i modelli di business PSS, ma allo stesso tempo sostenibilit\u00e0 e digitalizzazione sono state considerate congiuntamente per non cadere nella trappola degli effetti di rimbalzo, il che significa che c&#8217;\u00e8 pi\u00f9 consumo a causa dell&#8217;efficienza di un prodotto, ad esempio.<\/p>\n\n\n\n<p>Quando sviluppano il modello di business PSS, le aziende devono procedere con cautela sui servizi che scelgono per i consumatori, avere il controllo sulle cose e sulla loro vita \u00e8 uno degli attributi che sono molto apprezzati. Tuttavia, rispetto ai prodotti tradizionali, i PSS sono spesso meno accessibili e mancano della tangibilit\u00e0 a cui i clienti erano abituati (Tukker, 2015). Tuttavia, attraverso i modelli PSS (soprattutto quelli orientati all&#8217;utente) i consumatori possono accedere a prodotti di alta qualit\u00e0 o tecnologicamente avanzati che non potrebbero permettersi altrimenti (OCSE, 2019).<\/p>\n\n\n\n<p>Il produttore pu\u00f2 beneficiare di numerosi vantaggi, come la mitigazione del rischio della catena di approvvigionamento. Tuttavia, se sono coinvolte aziende non manifatturiere, l&#8217;adozione di PSS orientati all&#8217;utente \u00e8 piuttosto motivata da altre opportunit\u00e0 (OCSE, 2019). Per beni costosi come veicoli e abbigliamento di fascia alta, ad esempio, potrebbe essere consigliabile rivolgersi a consumatori che non possono o non vogliono acquistare nuovi prodotti ma sono interessati a pagare per un accesso temporaneo. Per l&#8217;accesso digitale alla letteratura e alla musica, ci\u00f2 pu\u00f2 ridurre i costi di produzione unitari ( OCSE, 2019 ).<\/p>\n\n\n\n<p>&nbsp;Quali sono i diversi livelli di tali sistemi prodotto-servizio e perch\u00e9 \u00e8 importante per la sostenibilit\u00e0?<\/p>\n\n\n\n<p>I sistemi PSS orientati al prodotto sono generalmente incorporati verso la fine della fine del prodotto dello spettro PSS. Le aziende manifatturiere continueranno a produrre e vendere ma miglioreranno il prodotto tradizionale offrendo servizi post-vendita aggiuntivi (ad esempio, contratti e offerte di riparazione o manutenzione) ( OCSE, 2019 ).<\/p>\n\n\n\n<p>I modelli PSS orientati all&#8217;utente (o orientati all&#8217;accesso) si concentrano sui clienti che pagano per l&#8217;accesso temporaneo a un prodotto (ad es. attraverso un contratto di locazione a breve o lungo termine), mentre il fornitore di servizi mantiene la piena propriet\u00e0 del prodotto, ad es. condivisione, locazione di uffici e attrezzature e servizi di noleggio di indumenti (OCSE, 2019). I consumatori pagano per un prodotto solo quando ne hanno effettivamente bisogno, ma la propriet\u00e0 del bene stesso rimane all&#8217;azienda o al fornitore. I PSS orientati ai risultati commercializzano i servizi o i risultati forniti dai prodotti fabbricati (ad esempio, un&#8217;azienda potrebbe vendere un risultato di riscaldamento invece di determinate apparecchiature o input energetici). Poich\u00e9 questi modelli di business riguardano maggiormente il risultato, ci\u00f2 crea forti incentivi per l&#8217;uso efficiente di diversi input (ad es. energia o prodotti chimici) (OCSE, 2019). Esempi di modelli PSS orientati ai risultati includono societ\u00e0 di servizi energetici che offrono, ad esempio, servizi di efficienza energetica ai propri clienti, servizi di gestione dei prodotti chimici o leasing di prodotti chimici, collegando la compensazione del fornitore alla quantit\u00e0\/qualit\u00e0 del servizio e gestione integrata dei parassiti\/prestazioni- gestione dei parassiti basata come forma speciale di leasing chimico nel settore agricolo (OCSE, 2019).<\/p>\n","protected":false},"excerpt":{"rendered":"<p>I modelli di business del prodotto come servizio (PSS) sfidano l&#8217;approccio commerciale esistente e dominante della vendita di prodotti tangibili. Questi possono essere raggruppati in &hellip; <\/p>\n","protected":false},"author":2,"featured_media":0,"parent":0,"menu_order":0,"comment_status":"closed","ping_status":"closed","template":"","meta":[],"_links":{"self":[{"href":"https:\/\/www.ce-iperasmus.eu\/dashboard\/wp-json\/wp\/v2\/pages\/468"}],"collection":[{"href":"https:\/\/www.ce-iperasmus.eu\/dashboard\/wp-json\/wp\/v2\/pages"}],"about":[{"href":"https:\/\/www.ce-iperasmus.eu\/dashboard\/wp-json\/wp\/v2\/types\/page"}],"author":[{"embeddable":true,"href":"https:\/\/www.ce-iperasmus.eu\/dashboard\/wp-json\/wp\/v2\/users\/2"}],"replies":[{"embeddable":true,"href":"https:\/\/www.ce-iperasmus.eu\/dashboard\/wp-json\/wp\/v2\/comments?post=468"}],"version-history":[{"count":1,"href":"https:\/\/www.ce-iperasmus.eu\/dashboard\/wp-json\/wp\/v2\/pages\/468\/revisions"}],"predecessor-version":[{"id":470,"href":"https:\/\/www.ce-iperasmus.eu\/dashboard\/wp-json\/wp\/v2\/pages\/468\/revisions\/470"}],"wp:attachment":[{"href":"https:\/\/www.ce-iperasmus.eu\/dashboard\/wp-json\/wp\/v2\/media?parent=468"}],"curies":[{"name":"wp","href":"https:\/\/api.w.org\/{rel}","templated":true}]}}