{"id":452,"date":"2021-11-24T17:25:05","date_gmt":"2021-11-24T17:25:05","guid":{"rendered":"https:\/\/www.ce-iperasmus.eu\/dashboard\/?page_id=452"},"modified":"2022-03-28T19:46:09","modified_gmt":"2022-03-28T19:46:09","slug":"modelos-de-negocio-circulares-plataforma-de-intercambio","status":"publish","type":"page","link":"https:\/\/www.ce-iperasmus.eu\/dashboard\/modelos-de-negocio-circulares-plataforma-de-intercambio\/","title":{"rendered":"Modelos de negocio circulares.\u00a0Plataforma de intercambio"},"content":{"rendered":"\n<p>Los modelos de econom\u00eda colaborativa est\u00e1n utilizando activos de consumo infrautilizados de forma m\u00e1s intensiva a trav\u00e9s de pr\u00e9stamos o agrupaciones.&nbsp;Por lo general, los productos son de propiedad conjunta (por ejemplo, herramientas) o de acceso conjunto (por ejemplo, uso compartido de veh\u00edculos) por parte de varias personas.&nbsp;La suficiencia, la extensi\u00f3n de la vida \u00fatil del producto y el consumo colaborativo son los conceptos b\u00e1sicos de la econom\u00eda colaborativa.&nbsp;<\/p>\n\n\n\n<p><strong>\u00bfQu\u00e9 es la econom\u00eda colaborativa?<\/strong><\/p>\n\n\n\n<p>Los modelos de intercambio, la econom\u00eda de intercambio o los modelos de plataforma de intercambio implican un uso m\u00e1s intensivo de los activos de los consumidores infrautilizados (&nbsp;<a href=\"https:\/\/doi.org\/10.1057\/9781137530707_4\">Lacy &amp; Rutqvist, 2015<\/a>&nbsp;).&nbsp;Este \u201cconsumo colaborativo\u201d (&nbsp;<a href=\"http:\/\/aei.pitt.edu\/85892\/\">Rizos et al., 2017<\/a>&nbsp;) se puede realizar mediante pr\u00e9stamos o mancomunaci\u00f3n y se puede categorizar en dos subtipos: copropiedad y co-acceso.&nbsp;Los alojamientos, los veh\u00edculos, la ropa y las herramientas son algunos ejemplos de productos que no se utilizan durante gran parte de su vida \u00fatil.&nbsp;Hoy en d\u00eda, estos modelos de intercambio se facilitan a trav\u00e9s de plataformas y tecnolog\u00eda digital (por ejemplo, <em>Airbnb<\/em> en el mercado de la vivienda) (&nbsp;<a href=\"https:\/\/www.oecd.org\/environment\/business-models-for-the-circular-economy-g2g9dd62-en.htm\">OCDE, 2019<\/a>&nbsp;).<\/p>\n\n\n\n<p><strong>\u00bfEn qu\u00e9 contexto son \u00fatiles las plataformas para compartir?<\/strong><\/p>\n\n\n\n<p>La variante de copropiedad de los modelos de intercambio implica el pr\u00e9stamo de bienes f\u00edsicos, porque son intensivos en capital, se utilizan con poca frecuencia o tienen una tasa de propiedad baja.&nbsp;Tambi\u00e9n deben ser f\u00e1ciles de transportar y duraderos.&nbsp;Los modelos de copropiedad son especialmente \u00fatiles en las zonas urbanas, que se caracterizan por una alta densidad de poblaci\u00f3n.&nbsp;La variante de co-acceso de los modelos de uso compartido implica permitir que otros participen en una actividad que habr\u00eda tenido lugar de todos modos (por ejemplo, compartir asientos vacantes como parte del uso compartido del autom\u00f3vil, como <em>Blablacar<\/em>) (&nbsp;<a href=\"https:\/\/www.oecd.org\/environment\/business-models-for-the-circular-economy-g2g9dd62-en.htm\">OCDE, 2019<\/a>&nbsp;).<\/p>\n\n\n\n<p><strong>\u00bfQu\u00e9 es importante tener en cuenta al crear una plataforma de intercambio para su empresa?&nbsp;<\/strong> Los propietarios de plataformas generalmente pueden generar un peque\u00f1o margen en cada transacci\u00f3n relacionada y el costo de inversi\u00f3n inicial requerido para lanzar una plataforma en l\u00ednea es mucho menor que el de un proveedor tradicional.&nbsp;Otra ventaja son los peque\u00f1os costos operativos y el importante potencial de ampliaci\u00f3n (<a href=\"https:\/\/www.oecd.org\/environment\/business-models-for-the-circular-economy-g2g9dd62-en.htm\">&nbsp;OCDE, 2019<\/a>&nbsp;).&nbsp;Sin embargo, se deben considerar las diferentes necesidades y preferencias generacionales al configurar estas plataformas de intercambio (<a href=\"https:\/\/doi.org\/10.1016\/j.indmarman.2017.08.021\">&nbsp;Kumar et al., 2018<\/a>&nbsp;).&nbsp;Diferenciar a\u00fan m\u00e1s los diferentes modelos de plataformas de intercambio: modelos de transacciones singulares (por ejemplo, de segunda mano), modelos basados \u200b\u200ben suscripci\u00f3n (por ejemplo, cajas de verduras), plataformas ilimitadas (por ejemplo, <em>Wikipedia<\/em>), plataformas basadas en comisiones (por ejemplo, <em>Ebay<\/em>) (<a href=\"https:\/\/doi.org\/10.1016\/j.jclepro.2018.12.154\">Ritter y Schanz, 2019<\/a>&nbsp;).<\/p>\n","protected":false},"excerpt":{"rendered":"<p>Los modelos de econom\u00eda colaborativa est\u00e1n utilizando activos de consumo infrautilizados de forma m\u00e1s intensiva a trav\u00e9s de pr\u00e9stamos o agrupaciones.&nbsp;Por lo general, los productos &hellip; <\/p>\n","protected":false},"author":2,"featured_media":0,"parent":0,"menu_order":0,"comment_status":"closed","ping_status":"closed","template":"","meta":[],"_links":{"self":[{"href":"https:\/\/www.ce-iperasmus.eu\/dashboard\/wp-json\/wp\/v2\/pages\/452"}],"collection":[{"href":"https:\/\/www.ce-iperasmus.eu\/dashboard\/wp-json\/wp\/v2\/pages"}],"about":[{"href":"https:\/\/www.ce-iperasmus.eu\/dashboard\/wp-json\/wp\/v2\/types\/page"}],"author":[{"embeddable":true,"href":"https:\/\/www.ce-iperasmus.eu\/dashboard\/wp-json\/wp\/v2\/users\/2"}],"replies":[{"embeddable":true,"href":"https:\/\/www.ce-iperasmus.eu\/dashboard\/wp-json\/wp\/v2\/comments?post=452"}],"version-history":[{"count":1,"href":"https:\/\/www.ce-iperasmus.eu\/dashboard\/wp-json\/wp\/v2\/pages\/452\/revisions"}],"predecessor-version":[{"id":453,"href":"https:\/\/www.ce-iperasmus.eu\/dashboard\/wp-json\/wp\/v2\/pages\/452\/revisions\/453"}],"wp:attachment":[{"href":"https:\/\/www.ce-iperasmus.eu\/dashboard\/wp-json\/wp\/v2\/media?parent=452"}],"curies":[{"name":"wp","href":"https:\/\/api.w.org\/{rel}","templated":true}]}}