{"id":450,"date":"2021-11-24T17:23:43","date_gmt":"2021-11-24T17:23:43","guid":{"rendered":"https:\/\/www.ce-iperasmus.eu\/dashboard\/?page_id=450"},"modified":"2022-03-28T19:46:12","modified_gmt":"2022-03-28T19:46:12","slug":"krozni-poslovni-modeli-platforma-za-skupno-rabo","status":"publish","type":"page","link":"https:\/\/www.ce-iperasmus.eu\/dashboard\/krozni-poslovni-modeli-platforma-za-skupno-rabo\/","title":{"rendered":"Kro\u017eni poslovni modeli: platforma za skupno rabo"},"content":{"rendered":"\n<p>Modeli ekonomije delitve intenzivneje uporabljajo premalo izkori\u0161\u010dena potro\u0161ni\u0161ka sredstva s posojanjem ali zdru\u017eevanjem. Obi\u010dajno so izdelki v solastni\u0161tvu (npr. orodja) ali sodostopi (npr. skupno sodelovanje) ve\u010d ljudi. Zadostnost, podalj\u0161anje \u017eivljenjske dobe izdelkov in skupna potro\u0161nja so osnovni koncepti skupnega gospodarstva.<\/p>\n\n\n\n<p><strong><u>Kaj je ekonomija delitve?<\/u><\/strong><strong><\/strong><\/p>\n\n\n\n<p>Modeli skupne rabe, ekonomije delitve ali modeli platforme za skupno rabo vklju\u010dujejo intenzivnej\u0161o uporabo premalo izkori\u0161\u010denih potro\u0161ni\u0161kih sredstev (<a href=\"https:\/\/doi.org\/10.1057\/9781137530707_4\">Lacy &amp; Rutqvist, 2015<\/a>). Ta \u00bbsodelujo\u010da potro\u0161nja\u00ab (<a href=\"http:\/\/aei.pitt.edu\/85892\/\">Rizos idr., 2017<\/a>) se lahko izvede s posojanjem ali zdru\u017eevanjem in ga lahko razvrstimo v dve podvrsti: solastni\u0161tvo in sodostop. Preno\u010di\u0161\u010da, vozila, obla\u010dila in orodja so nekateri primeri izdelkov, ki se ve\u010dino svoje \u017eivljenjske dobe ne uporabljajo. Danes so ti modeli skupne rabe olaj\u0161ani z digitalno tehnologijo in platformami (na primer Airbnb na stanovanjskem trgu) (<a href=\"https:\/\/www.oecd.org\/environment\/business-models-for-the-circular-economy-g2g9dd62-en.htm\">OECD, 2019<\/a>).<\/p>\n\n\n\n<p><strong><u>V katerem kontekstu so platforme za skupno rabo uporabne?<\/u><\/strong><strong><\/strong><\/p>\n\n\n\n<p>Solastni\u0161ka varianta modelov delitve vklju\u010duje posojanje fizi\u010dnega blaga, ker so kapitalsko intenzivne, redko uporabljene ali imajo nizko stopnjo lastni\u0161tva. Prav tako morajo biti enostavni za transport in vzdr\u017eljivi. Modeli solastni\u0161tva so \u0161e posebej uporabni v urbanih obmo\u010djih, za katera je zna\u010dilna visoka gostota prebivalstva. Razli\u010dica skupnega dostopa pri modelih souporabe vklju\u010duje dovolitev drugim, da sodelujejo pri dejavnosti, ki bi se vseeno zgodila (npr. delitev prostih sede\u017eev v okviru skupnega skupnega prevoza, kot je Blablacar) (<a href=\"https:\/\/www.oecd.org\/environment\/business-models-for-the-circular-economy-g2g9dd62-en.htm\">OECD, 2019<\/a>).<\/p>\n\n\n\n<p><strong><u>Kaj je pomembno upo\u0161tevati pri ustvarjanju platforme za skupno rabo za svoje podjetje?<\/u><\/strong><strong><\/strong><\/p>\n\n\n\n<p>Lastniki platform lahko obi\u010dajno ustvarijo majhno mar\u017eo za vsako povezano transakcijo in za\u010detni stro\u0161ki nalo\u017ebe, potrebni za zagon spletne platforme, so veliko manj\u0161i kot pri tradicionalnem ponudniku. Druga prednost so majhni operativni stro\u0161ki in velik potencial za pove\u010danje (<a href=\"https:\/\/www.oecd.org\/environment\/business-models-for-the-circular-economy-g2g9dd62-en.htm\">OECD, 2019<\/a>). Vendar pa je treba pri postavljanju teh platform za skupno rabo upo\u0161tevati razli\u010dne generacijske potrebe in preference (<a href=\"https:\/\/doi.org\/10.1016\/j.indmarman.2017.08.021\">Kumar idr., 2018<\/a>). Nadalje razlikovati razli\u010dne modele platform za skupno rabo: modele posameznih transakcij (npr. rabljeni), modele, ki temeljijo na naro\u010dnini (npr. zelenjavne \u0161katle), neomejene platforme (npr. Wikipedia), platforme, ki temeljijo na proviziji (npr. Ebay) (<a href=\"https:\/\/doi.org\/10.1016\/j.jclepro.2018.12.154\">Ritter in Schanz, 2019<\/a>).<\/p>\n","protected":false},"excerpt":{"rendered":"<p>Modeli ekonomije delitve intenzivneje uporabljajo premalo izkori\u0161\u010dena potro\u0161ni\u0161ka sredstva s posojanjem ali zdru\u017eevanjem. Obi\u010dajno so izdelki v solastni\u0161tvu (npr. orodja) ali sodostopi (npr. skupno sodelovanje) &hellip; <\/p>\n","protected":false},"author":2,"featured_media":0,"parent":0,"menu_order":0,"comment_status":"closed","ping_status":"closed","template":"","meta":[],"_links":{"self":[{"href":"https:\/\/www.ce-iperasmus.eu\/dashboard\/wp-json\/wp\/v2\/pages\/450"}],"collection":[{"href":"https:\/\/www.ce-iperasmus.eu\/dashboard\/wp-json\/wp\/v2\/pages"}],"about":[{"href":"https:\/\/www.ce-iperasmus.eu\/dashboard\/wp-json\/wp\/v2\/types\/page"}],"author":[{"embeddable":true,"href":"https:\/\/www.ce-iperasmus.eu\/dashboard\/wp-json\/wp\/v2\/users\/2"}],"replies":[{"embeddable":true,"href":"https:\/\/www.ce-iperasmus.eu\/dashboard\/wp-json\/wp\/v2\/comments?post=450"}],"version-history":[{"count":1,"href":"https:\/\/www.ce-iperasmus.eu\/dashboard\/wp-json\/wp\/v2\/pages\/450\/revisions"}],"predecessor-version":[{"id":451,"href":"https:\/\/www.ce-iperasmus.eu\/dashboard\/wp-json\/wp\/v2\/pages\/450\/revisions\/451"}],"wp:attachment":[{"href":"https:\/\/www.ce-iperasmus.eu\/dashboard\/wp-json\/wp\/v2\/media?parent=450"}],"curies":[{"name":"wp","href":"https:\/\/api.w.org\/{rel}","templated":true}]}}