{"id":447,"date":"2021-11-24T17:22:27","date_gmt":"2021-11-24T17:22:27","guid":{"rendered":"https:\/\/www.ce-iperasmus.eu\/dashboard\/?page_id=447"},"modified":"2022-03-28T19:46:16","modified_gmt":"2022-03-28T19:46:16","slug":"modelli-di-business-circolari-piattaforma-di-condivisione","status":"publish","type":"page","link":"https:\/\/www.ce-iperasmus.eu\/dashboard\/modelli-di-business-circolari-piattaforma-di-condivisione\/","title":{"rendered":"Modelli di Business Circolari: piattaforma di condivisione"},"content":{"rendered":"\n<p>I modelli di economia della condivisione utilizzano i beni di consumo sottoutilizzati in modo pi\u00f9 intensivo attraverso il prestito o il pooling. Di solito, i prodotti sono di propriet\u00e0 condivisa (ad es. strumenti) o di accesso condiviso (ad es. carpooling) da pi\u00f9 persone. La sufficienza, l&#8217;estensione della durata del prodotto e il consumo collaborativo sono i concetti base dell&#8217;economia condivisa.<\/p>\n\n\n\n<p>Cos&#8217;\u00e8 l&#8217;economia della condivisione ?<\/p>\n\n\n\n<p>I modelli di condivisione, la condivisione dell&#8217;economia o i modelli di piattaforma di condivisione comportano un utilizzo pi\u00f9 intensivo di beni di consumo sottoutilizzati (Lacy &amp; Rutqvist , 2015 ). Questo \u00abconsumo collaborativo\u00bb (Rizos et al., 2017) pu\u00f2 essere effettuato tramite prestito o pooling e pu\u00f2 essere classificato in due sottotipi: compropriet\u00e0 e co-accesso. Alloggi, veicoli, abbigliamento e strumenti sono alcuni esempi di prodotti che non vengono utilizzati per gran parte della loro vita. Al giorno d&#8217;oggi, questi modelli di condivisione sono facilitati attraverso la tecnologia e le piattaforme digitali (ad esempio Airbnb nel mercato immobiliare) ( OCSE, 2019 ).<\/p>\n\n\n\n<p>&nbsp;In quale contesto sono utili le piattaforme di condivisione?<\/p>\n\n\n\n<p>La variante di compropriet\u00e0 dei modelli di condivisione prevede il prestito di beni fisici, perch\u00e9 sono ad alta intensit\u00e0 di capitale, utilizzati di rado o hanno un basso tasso di propriet\u00e0. Dovrebbero anche essere facili da trasportare ed essere durevoli. I modelli di compropriet\u00e0 sono particolarmente utili nelle aree urbane, caratterizzate da un&#8217;elevata densit\u00e0 di popolazione. La variante di co-accesso dei modelli di condivisione prevede la possibilit\u00e0 per altri di prendere parte a un&#8217;attivit\u00e0 che si sarebbe comunque svolta (ad esempio, la condivisione di posti vacanti nell&#8217;ambito del carpooling, come Blablacar ) ( OCSE, 2019 ).<\/p>\n\n\n\n<p>Cosa \u00e8 importante tenere a mente quando si costruisce una piattaforma di condivisione per la propria azienda? I proprietari di piattaforme di solito possono generare un piccolo margine su ogni transazione correlata e il costo di investimento iniziale richiesto per lanciare una piattaforma online \u00e8 molto inferiore a quello di un provider tradizionale. Un altro vantaggio sono i piccoli costi operativi e il significativo potenziale di espansione (OCSE, 2019). Tuttavia, durante la creazione di queste piattaforme di condivisione \u00e8 necessario considerare diverse esigenze e preferenze generazionali (Kumar et al., 2018). Differenziare ulteriormente i diversi modelli di piattaforma di condivisione: modelli di transazione singolari (ad es. di seconda mano), modelli basati su abbonamento (ad es. scatole di verdure), piattaforme illimitate (ad es. Wikipedia), piattaforme basate su commissioni (ad es. Ebay ) ( Ritter e Schanz , 2019 ).<\/p>\n","protected":false},"excerpt":{"rendered":"<p>I modelli di economia della condivisione utilizzano i beni di consumo sottoutilizzati in modo pi\u00f9 intensivo attraverso il prestito o il pooling. Di solito, i &hellip; <\/p>\n","protected":false},"author":2,"featured_media":0,"parent":0,"menu_order":0,"comment_status":"closed","ping_status":"closed","template":"","meta":[],"_links":{"self":[{"href":"https:\/\/www.ce-iperasmus.eu\/dashboard\/wp-json\/wp\/v2\/pages\/447"}],"collection":[{"href":"https:\/\/www.ce-iperasmus.eu\/dashboard\/wp-json\/wp\/v2\/pages"}],"about":[{"href":"https:\/\/www.ce-iperasmus.eu\/dashboard\/wp-json\/wp\/v2\/types\/page"}],"author":[{"embeddable":true,"href":"https:\/\/www.ce-iperasmus.eu\/dashboard\/wp-json\/wp\/v2\/users\/2"}],"replies":[{"embeddable":true,"href":"https:\/\/www.ce-iperasmus.eu\/dashboard\/wp-json\/wp\/v2\/comments?post=447"}],"version-history":[{"count":1,"href":"https:\/\/www.ce-iperasmus.eu\/dashboard\/wp-json\/wp\/v2\/pages\/447\/revisions"}],"predecessor-version":[{"id":448,"href":"https:\/\/www.ce-iperasmus.eu\/dashboard\/wp-json\/wp\/v2\/pages\/447\/revisions\/448"}],"wp:attachment":[{"href":"https:\/\/www.ce-iperasmus.eu\/dashboard\/wp-json\/wp\/v2\/media?parent=447"}],"curies":[{"name":"wp","href":"https:\/\/api.w.org\/{rel}","templated":true}]}}