{"id":444,"date":"2021-11-24T17:21:02","date_gmt":"2021-11-24T17:21:02","guid":{"rendered":"https:\/\/www.ce-iperasmus.eu\/dashboard\/?page_id=444"},"modified":"2022-03-28T19:46:19","modified_gmt":"2022-03-28T19:46:19","slug":"zirkulare-geschaftsmodelle-sharing-plattform","status":"publish","type":"page","link":"https:\/\/www.ce-iperasmus.eu\/dashboard\/zirkulare-geschaftsmodelle-sharing-plattform\/","title":{"rendered":"Zirkul\u00e4re Gesch\u00e4ftsmodelle. Sharing-Plattform"},"content":{"rendered":"\n<p>Sharing-Economy-Modelle nutzen durch Kreditvergabe oder Pooling verst\u00e4rkt ungenutzte Konsumg\u00fcter. Normalerweise sind Produkte entweder im Miteigentum (z.B. Werkzeuge) oder werden von mehreren Personen gemeinsam genutzt (z.B. Fahrgemeinschaften). Suffizienz, Verl\u00e4ngerung der Produktlebensdauer und kollaborativer Konsum sind die Grundkonzepte der Sharing Economy.<\/p>\n\n\n\n<p><strong>Was ist die Sharing Economy?<\/strong><\/p>\n\n\n\n<p>Sharing-Modelle, Sharing- Economy- oder Sharing-Plattform-Modelle beinhalten eine intensivere Nutzung ungenutzter Konsumg\u00fcter (Lacy &amp; Rutqvist, 2015). Dieser \u201ekollaborative Konsum\u201c (Rizos et al., 2017) kann \u00fcber Verleih oder Pooling erfolgen und in zwei Unterarten eingeteilt werden: Miteigentum und Mitzugang. Unterk\u00fcnfte, Fahrzeuge, Kleidung und Werkzeuge sind einige Beispiele f\u00fcr Produkte, die f\u00fcr einen Gro\u00dfteil ihrer Lebensdauer ungenutzt bleiben. Heutzutage werden diese Sharing-Modelle durch digitale Technologien und Plattformen (zum Beispiel Airbnb auf dem Wohnungsmarkt) erleichtert (OECD, 2019).<\/p>\n\n\n\n<p><strong>In welchem \u200b\u200bKontext sind Sharing-Plattformen sinnvoll?<\/strong><\/p>\n\n\n\n<p>Bei der Co-Ownership-Variante von Sharing-Modellen werden physische G\u00fcter verliehen, da diese kapitalintensiv sind, selten genutzt werden oder eine geringe Eigentumsquote aufweisen. Au\u00dferdem sollten sie leicht zu transportieren und langlebig sein. Die Miteigentumsmodelle sind besonders in urbanen Gebieten sinnvoll, die sich durch eine hohe Bev\u00f6lkerungsdichte auszeichnen. Die Co-Zugangsvariante von Sharing &#8211; Modellen beinhaltet es andere erm\u00f6glichen, an einer Aktivit\u00e4t teilzunehmen , die ohnehin stattgefunden h\u00e4tten (z.B. gemeinsame Nutzung frei gewordene Sitze im Rahmen von Fahrgemeinschaften, wie Blablacar) (OECD, 2019).<\/p>\n\n\n\n<p><strong>Was ist beim Aufbau einer Sharing-Plattform f\u00fcr Ihr Unternehmen zu beachten?<\/strong> Plattformbesitzer k\u00f6nnen in der Regel bei jeder zugeh\u00f6rigen Transaktion eine kleine Marge erzielen, und die anf\u00e4nglichen Investitionskosten, die f\u00fcr den Start einer Online-Plattform erforderlich sind, sind viel geringer als bei einem traditionellen Anbieter. Ein weiterer Vorteil sind geringe Betriebskosten und ein erhebliches Scale-up-Potenzial (OECD, 2019). Bei der Einrichtung dieser Sharing-Plattformen m\u00fcssen jedoch unterschiedliche Bed\u00fcrfnisse und Pr\u00e4ferenzen der Generationen ber\u00fccksichtigt werden (Kumar et al., 2018). Es gibt verschiedene Sharing-Plattform-Modelle: singul\u00e4re Transaktionsmodelle (z. B. gebraucht), abonnementbasierte Modelle (z. B. Gem\u00fcsekisten), unbegrenzte Plattformen (z. B. Wikipedia), provisionsbasierte Plattformen (z. B. Ebay) (Ritter und Schanz, 2019).<\/p>\n","protected":false},"excerpt":{"rendered":"<p>Sharing-Economy-Modelle nutzen durch Kreditvergabe oder Pooling verst\u00e4rkt ungenutzte Konsumg\u00fcter. Normalerweise sind Produkte entweder im Miteigentum (z.B. Werkzeuge) oder werden von mehreren Personen gemeinsam genutzt (z.B. &hellip; <\/p>\n","protected":false},"author":2,"featured_media":0,"parent":0,"menu_order":0,"comment_status":"closed","ping_status":"closed","template":"","meta":[],"_links":{"self":[{"href":"https:\/\/www.ce-iperasmus.eu\/dashboard\/wp-json\/wp\/v2\/pages\/444"}],"collection":[{"href":"https:\/\/www.ce-iperasmus.eu\/dashboard\/wp-json\/wp\/v2\/pages"}],"about":[{"href":"https:\/\/www.ce-iperasmus.eu\/dashboard\/wp-json\/wp\/v2\/types\/page"}],"author":[{"embeddable":true,"href":"https:\/\/www.ce-iperasmus.eu\/dashboard\/wp-json\/wp\/v2\/users\/2"}],"replies":[{"embeddable":true,"href":"https:\/\/www.ce-iperasmus.eu\/dashboard\/wp-json\/wp\/v2\/comments?post=444"}],"version-history":[{"count":1,"href":"https:\/\/www.ce-iperasmus.eu\/dashboard\/wp-json\/wp\/v2\/pages\/444\/revisions"}],"predecessor-version":[{"id":445,"href":"https:\/\/www.ce-iperasmus.eu\/dashboard\/wp-json\/wp\/v2\/pages\/444\/revisions\/445"}],"wp:attachment":[{"href":"https:\/\/www.ce-iperasmus.eu\/dashboard\/wp-json\/wp\/v2\/media?parent=444"}],"curies":[{"name":"wp","href":"https:\/\/api.w.org\/{rel}","templated":true}]}}