{"id":434,"date":"2021-11-24T17:03:10","date_gmt":"2021-11-24T17:03:10","guid":{"rendered":"https:\/\/www.ce-iperasmus.eu\/dashboard\/?page_id=434"},"modified":"2022-05-26T14:58:41","modified_gmt":"2022-05-26T14:58:41","slug":"zirkulare-geschaftsmodelle-verlangerung-der-produktlebensdauer","status":"publish","type":"page","link":"https:\/\/www.ce-iperasmus.eu\/dashboard\/zirkulare-geschaftsmodelle-verlangerung-der-produktlebensdauer\/","title":{"rendered":"Zirkul\u00e4re Gesch\u00e4ftsmodelle. Verl\u00e4ngerung der Produktlebensdauer"},"content":{"rendered":"\n<p>Gesch\u00e4ftsmodelle zur Verl\u00e4ngerung der Produktlebensdauer verl\u00e4ngern die Lebensdauer von Produkten durch langlebiges Design, Wiederverwendung und Reparatur sowie Wiederaufarbeitungs-\/Aufarbeitungsstrategien.<\/p>\n\n\n\n<p><strong>Was ist es?<\/strong><\/p>\n\n\n\n<p>Modelle zur Verl\u00e4ngerung der Produktlebensdauer beinhalten \u2013 wie der Name schon sagt \u2013 die Verl\u00e4ngerung der Nutzungsdauer von Produkten (OECD, 2019). Ziel ist es, dass Materialien l\u00e4nger in der Wirtschaft verbleiben und dadurch die Gewinnung neuer Ressourcen reduziert wird. Um dies zu erreichen, k\u00f6nnen Hersteller ihre Produkte so gestalten, dass sie ihre Langlebigkeit und Haltbarkeit erh\u00f6hen (auch als Long-Life-Modell bezeichnet), wie beispielsweise die LED-Gl\u00fchbirne (OECD, 2019; Rizos et al., 2017). Dar\u00fcber hinaus stellen Wiederverwendungs- und Reparaturaktivit\u00e4ten sicher, dass Produkte \u00fcber einen l\u00e4ngeren Zeitraum verwendet werden, anstatt nach einigen Monaten oder Jahren entsorgt zu werden. Dar\u00fcber hinaus sorgen Remanufacturing-Prozesse daf\u00fcr, dass Produkte in eine v\u00f6llig neue Nutzungs- oder Produktlebensdauer eintreten k\u00f6nnen (OECD, 2019). Produktverbesserungen durch Design scheinen weniger verbreitet zu sein als durch Wartungs- und Wiederherstellungsverfahren (Ertz et al., 2019).<\/p>\n\n\n\n<p>L\u00fcdeke-Freund et al. (2019) hat die oben genannten drei Strategien neu zusammengestellt und drei Gesch\u00e4ftsmodellmuster skizziert, die in die Kategorie der Verl\u00e4ngerung der Produktlebensdauer passen, n\u00e4mlich Reparatur und Wartung, Wiederverwendung und Neuverteilung, Aufarbeitung und Wiederaufbereitung.<\/p>\n\n\n\n<p><strong>In welchem \u200b\u200bKontext ist eine Verl\u00e4ngerung der Produktlebensdauer sinnvoll?<\/strong><\/p>\n\n\n\n<p>Modelle zur Verl\u00e4ngerung der Produktlebensdauer werden nicht unbedingt vom Originalger\u00e4tehersteller (OEM) vorangetrieben, mit Ausnahme des klassischen Modells mit langer Lebensdauer (siehe unten). Dies er\u00f6ffnet Gesch\u00e4ftsm\u00f6glichkeiten f\u00fcr Dritte, die Reparatur-, Aufarbeitungs- oder Wiederaufbereitungsdienste anbieten k\u00f6nnen. Die (nach-)produzierten Produkte sind von \u00e4hnlicher Qualit\u00e4t, jedoch zu deutlich geringeren Kosten (OECD, 2019). OEMs \u00fcbernehmen haupts\u00e4chlich aus zwei Gr\u00fcnden Aktivit\u00e4ten zur Verl\u00e4ngerung der Lebensdauer. Erstens ist die Einf\u00fchrung dieser Modelle eine strategische Entscheidung, um dem Wettbewerb durch Dritte zu begegnen und gleichzeitig die Kundenbindung zu f\u00f6rdern. Zweitens k\u00f6nnen Beschaffungsrisiken bestimmter Materialien, wenn wir die Wiederaufarbeitung in Betracht ziehen, teilweise gemindert werden (OECD, 2019).<\/p>\n\n\n\n<p><strong>Was ist bei der Verl\u00e4ngerung der Produktlebensdauer Ihrer Angebote zu beachten?<\/strong><\/p>\n\n\n\n<p>Klassisch lange Lebensdauer: Unternehmen, die qualitativ hochwertigere Produkte herstellen, haben die M\u00f6glichkeit, ihren Kunden h\u00f6here Preise zu berechnen, wodurch sie niedrige Verkaufsmengen durch eine Premium-Preisstrategie ausgleichen k\u00f6nnen (OECD, 2019). Diese Art von Produkten sind in der Regel langlebiger und konzentrieren sich auf den Kundenservice, z. B. durch Reparaturdienste (Bocken et al., 2016 ; Rizos et al., 2017). Dies reduziert die sogenannte geplante Obsoleszenz (d.h. Produkte werden zum Zerbrechen gebracht), die oft eine \u00fcberm\u00e4\u00dfige Nutzung nat\u00fcrlicher Ressourcen ausl\u00f6st und Umweltsch\u00e4den verursacht (Guiltinan, 2009; Lacy und Rutqvist, 2015). Der Verkauf des Produkts als Dienstleistung statt des Produkts selbst k\u00f6nnte eine L\u00f6sung sein (weitere Details finden Sie im Abschnitt \u201eProdukt als Dienstleistung\u201c &#8211; Gesch\u00e4ftsmodelle) (Rizos et al., 2017). Dies k\u00f6nnte jedoch in einigen F\u00e4llen die Marktdurchdringung verz\u00f6gern, z.B. f\u00fcr Haushaltsger\u00e4te oder Autos, da der \u00dcbergang von einer Produktgeneration zur anderen durch bestimmte Vorteile wie einen geringeren Energie- oder Kraftstoffverbrauch gekennzeichnet sein k\u00f6nnte.<\/p>\n\n\n\n<p><em>Direkte Nutzung:<\/em> In vielen F\u00e4llen entscheiden sich Verbraucher, vorhandene Produkte durch aktualisierte Versionen zu ersetzen. Die Direktnutzungsstrategie versucht, die Entsorgung funktionsf\u00e4higer Produkte zu verhindern und im Umlauf zu halten. Anstelle von OEMs besetzen Dritte diesen Platz auf dem Markt, indem sie bestehende Waren vertreiben, z. B. \u00fcber Internet-Reselling (OECD, 2019). Der Restwert des Produkts sollte f\u00fcr den Wiederverkauf hoch genug sein, da die erzielten Margen in der Regel gering sind. Dies kann nur gew\u00e4hrleistet werden, wenn weitestgehend unbesch\u00e4digte Produkte in einem guten Zustand weiterverkauft werden. Allerdings m\u00fcssen Internet-Verkaufsplattformen sicherstellen, dass eine kritische Masse von Verk\u00e4ufern und K\u00e4ufern vorhanden ist (OECD, 2019). Wartung und Reparatur und Aufarbeitung\/Wiederaufarbeitung: Durch die Reparatur oder den Austausch defekter Komponenten stellt die Produktwartung und -reparatur sicher, dass die Produkte ihre volle erwartete Lebensdauer erreichen. Eine h\u00f6here Pr\u00e4mie und die Kundenbindung sowie eine h\u00f6here Markentreue sind zentrale Vorteile (OECD, 2019). Refurbishment und Remanufacturing beinhalten die Restaurierung gebrauchter Produkte, entweder f\u00fcr den Wiederverkauf oder gegen eine zus\u00e4tzliche Geb\u00fchr an (neue) Besitzer. Beim Refurbishment steht die \u00e4sthetische Verbesserung im Vordergrund, w\u00e4hrend das Remanufacturing die Wiederherstellung gebrauchter Produkte in ihrem urspr\u00fcnglichen Funktionszustand beinhaltet (OECD, 2019).<\/p>\n","protected":false},"excerpt":{"rendered":"<p>Gesch\u00e4ftsmodelle zur Verl\u00e4ngerung der Produktlebensdauer verl\u00e4ngern die Lebensdauer von Produkten durch langlebiges Design, Wiederverwendung und Reparatur sowie Wiederaufarbeitungs-\/Aufarbeitungsstrategien. Was ist es? Modelle zur Verl\u00e4ngerung der &hellip; <\/p>\n","protected":false},"author":2,"featured_media":0,"parent":0,"menu_order":0,"comment_status":"closed","ping_status":"closed","template":"","meta":[],"_links":{"self":[{"href":"https:\/\/www.ce-iperasmus.eu\/dashboard\/wp-json\/wp\/v2\/pages\/434"}],"collection":[{"href":"https:\/\/www.ce-iperasmus.eu\/dashboard\/wp-json\/wp\/v2\/pages"}],"about":[{"href":"https:\/\/www.ce-iperasmus.eu\/dashboard\/wp-json\/wp\/v2\/types\/page"}],"author":[{"embeddable":true,"href":"https:\/\/www.ce-iperasmus.eu\/dashboard\/wp-json\/wp\/v2\/users\/2"}],"replies":[{"embeddable":true,"href":"https:\/\/www.ce-iperasmus.eu\/dashboard\/wp-json\/wp\/v2\/comments?post=434"}],"version-history":[{"count":2,"href":"https:\/\/www.ce-iperasmus.eu\/dashboard\/wp-json\/wp\/v2\/pages\/434\/revisions"}],"predecessor-version":[{"id":1447,"href":"https:\/\/www.ce-iperasmus.eu\/dashboard\/wp-json\/wp\/v2\/pages\/434\/revisions\/1447"}],"wp:attachment":[{"href":"https:\/\/www.ce-iperasmus.eu\/dashboard\/wp-json\/wp\/v2\/media?parent=434"}],"curies":[{"name":"wp","href":"https:\/\/api.w.org\/{rel}","templated":true}]}}