{"id":431,"date":"2021-11-24T17:02:20","date_gmt":"2021-11-24T17:02:20","guid":{"rendered":"https:\/\/www.ce-iperasmus.eu\/dashboard\/?page_id=431"},"modified":"2022-03-28T19:40:13","modified_gmt":"2022-03-28T19:40:13","slug":"krozni-poslovni-modeli-podaljsanje-zivljenjske-dobe-izdelka","status":"publish","type":"page","link":"https:\/\/www.ce-iperasmus.eu\/dashboard\/krozni-poslovni-modeli-podaljsanje-zivljenjske-dobe-izdelka\/","title":{"rendered":"Kro\u017eni poslovni modeli: podalj\u0161anje \u017eivljenjske dobe izdelka"},"content":{"rendered":"\n<p>Poslovni modeli za podalj\u0161anje \u017eivljenjske dobe izdelkov podalj\u0161ujejo \u017eivljenjsko dobo izdelkov s pomo\u010djo trajnega oblikovanja, ponovne uporabe in popravil ter obnove.<\/p>\n\n\n\n<p><strong><u>Kaj je to?<\/u><\/strong><strong><\/strong><\/p>\n\n\n\n<p>Modeli podalj\u0161anja \u017eivljenjske dobe izdelka \u2013 kot \u017ee ime pove \u2013 vklju\u010dujejo podalj\u0161anje \u017eivljenjske dobe izdelkov (<a href=\"https:\/\/www.oecd.org\/environment\/business-models-for-the-circular-economy-g2g9dd62-en.htm\">OECD, 2019<\/a>). Cilj je zagotoviti, da materiali ostanejo v gospodarstvu dlje, in s tem zmanj\u0161ati \u010drpanje novih virov. Da bi to dosegli, lahko proizvajalci oblikujejo svoje izdelke na na\u010din, ki pove\u010da njihovo dolgo \u017eivljenjsko dobo in vzdr\u017eljivost (znan tudi kot model z dolgo \u017eivljenjsko dobo), kot je LED \u017earnica (<a href=\"https:\/\/www.oecd.org\/environment\/business-models-for-the-circular-economy-g2g9dd62-en.htm\">OECD, 2019<\/a>; <a href=\"http:\/\/aei.pitt.edu\/85892\/\">Rizos idr., 2017<\/a>). Poleg tega dejavnosti ponovne uporabe in popravil zagotavljajo, da se izdelki uporabljajo dlje \u010dasa, namesto da bi jih po nekaj mesecih ali letih zavrgli. Poleg tega procesi ponovne proizvodnje zagotavljajo, da lahko izdelki vstopijo v popolnoma novo \u017eivljenjsko dobo izdelka (<a href=\"https:\/\/www.oecd.org\/environment\/business-models-for-the-circular-economy-g2g9dd62-en.htm\">OECD, 2019<\/a>). Izbolj\u0161anje izdelka z oblikovanjem se zdi manj pogosto kot s postopki vzdr\u017eevanja in obnovitve (<a href=\"https:\/\/doi.org\/10.1016\/j.jclepro.2019.06.264\">Ertz idr., 2019<\/a>).<\/p>\n\n\n\n<p><a href=\"https:\/\/doi.org\/10.1111\/jiec.12763\">L\u00fcdeke-Freund et al.<\/a> (2019) je ponovno sestavil zgoraj omenjene tri strategije in orisal tri vzorce poslovnih modelov, ki ustrezajo kategoriji podalj\u0161anja \u017eivljenjske dobe izdelka, in sicer popravilo in vzdr\u017eevanje, ponovna uporaba in ponovna distribucija ter obnova.<\/p>\n\n\n\n<p><strong><u>V katerem kontekstu je podalj\u0161anje \u017eivljenjske dobe izdelka koristno?<\/u><\/strong><strong><\/strong><\/p>\n\n\n\n<p>Modelov za podalj\u0161anje \u017eivljenjske dobe izdelka ne izvaja nujno proizvajalec originalne opreme (OEM), razen klasi\u010dnega modela z dolgo \u017eivljenjsko dobo (pojasnjeno spodaj). Tako to ponuja poslovne prilo\u017enosti tretjim osebam, ki lahko ponudijo storitve popravil, obnove ali predelave. (Ponovno)proizvedeni izdelki so podobne kakovosti, vendar imajo bistveno ni\u017ejo ceno (<a href=\"https:\/\/www.oecd.org\/environment\/business-models-for-the-circular-economy-g2g9dd62-en.htm\">OECD, 2019<\/a>). OEM proizvajalci ve\u010dinoma sprejemajo dejavnosti podalj\u0161anja \u017eivljenjske dobe predvsem zaradi dveh razlogov. Prvi\u010d, sprejetje teh modelov je strate\u0161ka odlo\u010ditev za obravnavo konkurence tretjih oseb in hkrati spodbuja zvestobo strank. Drugi\u010d, \u010de upo\u0161tevamo predelavo, je mogo\u010de delno zmanj\u0161ati tveganja nabave dolo\u010denega materiala (<a href=\"https:\/\/www.oecd.org\/environment\/business-models-for-the-circular-economy-g2g9dd62-en.htm\">OECD, 2019<\/a>).<\/p>\n\n\n\n<p><strong><u>Kaj je pomembno upo\u0161tevati pri podalj\u0161anju \u017eivljenjske dobe va\u0161ih izdelkov?<\/u><\/strong><strong><\/strong><\/p>\n\n\n\n<p><em>Klasi\u010dna dolga \u017eivljenjska doba<\/em>: Podjetja, ki proizvajajo izdelke vi\u0161je kakovosti, imajo mo\u017enost kupcem zara\u010dunavati vi\u0161je cene, kar jim omogo\u010da, da nizke koli\u010dine prodaje izravnajo s cenovno strategijo premium (<a href=\"https:\/\/www.oecd.org\/environment\/business-models-for-the-circular-economy-g2g9dd62-en.htm\">OECD, 2019<\/a>). Te vrste izdelkov so obi\u010dajno trajnej\u0161e in se osredoto\u010dajo na storitve za stranke, npr. prek storitev popravil (<a href=\"https:\/\/doi.org\/10.1080\/21681015.2016.1172124\">Bocken et al., 2016<\/a>; <a href=\"http:\/\/aei.pitt.edu\/85892\/\">Rizos idr., 2017<\/a>). S tem se zmanj\u0161a tako imenovana na\u010drtovana zastarelost (tj. izdelki so narejeni, da se zlomijo), ki pogosto spro\u017ei prekomerno rabo naravnih virov in povzro\u010da okoljsko \u0161kodo (<a href=\"https:\/\/doi.org\/10.1007\/s10551-008-9907-9\">Guiltinan, 2009;<\/a> <a href=\"https:\/\/doi.org\/10.1057\/9781137530707_4\">Lacy in Rutqvist, 2015<\/a>). Prodaja izdelka kot storitve in ne izdelka samega je lahko re\u0161itev (ve\u010d podrobnosti si oglejte v razdelku \u00bbizdelek kot storitev\u00ab) (<a href=\"http:\/\/aei.pitt.edu\/85892\/\">Rizos idr., 2017<\/a>). Vendar pa bi to lahko v nekaterih primerih o prodor na trg, na primer za gospodinjske aparate ali avtomobile, saj bi lahko prehod iz ene \u201egeneracije\u201c izdelkov v drugo zaznamovali nekatere prednosti, kot je zmanj\u0161ana poraba energije ali goriva.<\/p>\n\n\n\n<p><em>Neposredna uporaba<\/em>: V mnogih primerih se potro\u0161niki odlo\u010dijo zamenjati obstoje\u010de izdelke s posodobljenimi razli\u010dicami. Strategija neposredne uporabe posku\u0161a odvrniti odlaganje delujo\u010dih izdelkov in jih sku\u0161a obdr\u017eati v obtoku. Namesto proizvajalcev originalne opreme tretje osebe zasedajo ta prostor na trgu z distribucijo obstoje\u010dega blaga, npr. prek internetne preprodaje (<a href=\"https:\/\/www.oecd.org\/environment\/business-models-for-the-circular-economy-g2g9dd62-en.htm\">OECD, 2019<\/a>). Preostala vrednost izdelka mora biti dovolj visoka za nadaljnjo prodajo, saj so pridobljene mar\u017ee obi\u010dajno majhne. To je mogo\u010de zagotoviti le, \u010de se preprodajajo ve\u010dinoma nepo\u0161kodovani izdelki, ki so v dobrem stanju. Vendar pa morajo platforme za spletno prodajo zagotoviti, da obstaja kriti\u010dna masa prodajalcev in kupcev (<a href=\"https:\/\/www.oecd.org\/environment\/business-models-for-the-circular-economy-g2g9dd62-en.htm\">OECD, 2019<\/a>).<em>Vzdr\u017eevanje in popravila ter obnova<\/em>: S popravilom ali zamenjavo pokvarjenih komponent vzdr\u017eevanje in popravilo izdelkov zagotavljata, da izdelki dose\u017eejo svojo polno pri\u010dakovano \u017eivljenjsko dobo. Vi\u0161ja dodana vrednost in krepitev zvestobe strank sta osrednji prednosti. ve\u010dja zvestoba blagovni znamki (<a href=\"https:\/\/www.oecd.org\/environment\/business-models-for-the-circular-economy-g2g9dd62-en.htm\">OECD, 2019<\/a>). Obnova in predelava vklju\u010dujeta obnovo rabljenih izdelkov, bodisi za nadaljnjo prodajo bodisi za dodatno pla\u010dilo (novim) lastnikom. Za obnovo so estetske izbolj\u0161ave osrednjega pomena, medtem ko ponovna izdelava vklju\u010duje obnovo rabljenih izdelkov na njihovo prvotno raven funkcionalnosti (<a href=\"https:\/\/www.oecd.org\/environment\/business-models-for-the-circular-economy-g2g9dd62-en.htm\">OECD, 2019<\/a>).<\/p>\n","protected":false},"excerpt":{"rendered":"<p>Poslovni modeli za podalj\u0161anje \u017eivljenjske dobe izdelkov podalj\u0161ujejo \u017eivljenjsko dobo izdelkov s pomo\u010djo trajnega oblikovanja, ponovne uporabe in popravil ter obnove. Kaj je to? Modeli &hellip; <\/p>\n","protected":false},"author":2,"featured_media":0,"parent":0,"menu_order":0,"comment_status":"closed","ping_status":"closed","template":"","meta":[],"_links":{"self":[{"href":"https:\/\/www.ce-iperasmus.eu\/dashboard\/wp-json\/wp\/v2\/pages\/431"}],"collection":[{"href":"https:\/\/www.ce-iperasmus.eu\/dashboard\/wp-json\/wp\/v2\/pages"}],"about":[{"href":"https:\/\/www.ce-iperasmus.eu\/dashboard\/wp-json\/wp\/v2\/types\/page"}],"author":[{"embeddable":true,"href":"https:\/\/www.ce-iperasmus.eu\/dashboard\/wp-json\/wp\/v2\/users\/2"}],"replies":[{"embeddable":true,"href":"https:\/\/www.ce-iperasmus.eu\/dashboard\/wp-json\/wp\/v2\/comments?post=431"}],"version-history":[{"count":1,"href":"https:\/\/www.ce-iperasmus.eu\/dashboard\/wp-json\/wp\/v2\/pages\/431\/revisions"}],"predecessor-version":[{"id":432,"href":"https:\/\/www.ce-iperasmus.eu\/dashboard\/wp-json\/wp\/v2\/pages\/431\/revisions\/432"}],"wp:attachment":[{"href":"https:\/\/www.ce-iperasmus.eu\/dashboard\/wp-json\/wp\/v2\/media?parent=431"}],"curies":[{"name":"wp","href":"https:\/\/api.w.org\/{rel}","templated":true}]}}