{"id":420,"date":"2021-11-24T16:52:46","date_gmt":"2021-11-24T16:52:46","guid":{"rendered":"https:\/\/www.ce-iperasmus.eu\/dashboard\/?page_id=420"},"modified":"2022-03-28T20:23:39","modified_gmt":"2022-03-28T20:23:39","slug":"krozni-poslovni-modeli-obnovitev-virov","status":"publish","type":"page","link":"https:\/\/www.ce-iperasmus.eu\/dashboard\/krozni-poslovni-modeli-obnovitev-virov\/","title":{"rendered":"Kro\u017eni poslovni modeli: obnovitev virov"},"content":{"rendered":"\n<h2><\/h2>\n\n\n\n<p>Poslovni modeli za obnovitev virov pretvarjajo odpadke v sekundarne surovine, tako da se lahko ponovno vklju\u010dijo v vrednostno verigo in se material uporablja u\u010dinkoviteje. Posledi\u010dno se vrednost odpadkov pove\u010da. Vendar pa ti modeli ka\u017eejo nekatere omejitve na obmo\u010djih, ki niso gosto poseljena ali kjer je raven porabe nizka. Poleg tega morajo podjetja zagotoviti, da obstaja trg za sekundarne materiale in da se ustvari ustrezna koli\u010dina odpadkov, ki jih je mogo\u010de uporabiti.<\/p>\n\n\n\n<p><strong><u>Kaj je obnovitev virov?<\/u><\/strong><strong><\/strong><\/p>\n\n\n\n<p>Poslovni modeli za obnovitev virov (znani tudi kot recikliranje) vklju\u010dujejo proizvodnjo sekundarnih surovin iz odpadkov, ki jih je mogo\u010de zbrati na ve\u010d na\u010dinov, kot so zbiranje, sortiranje in sekundarna proizvodnja (<a href=\"https:\/\/doi.org\/10.1057\/9781137530707_4\">Lacy &amp; Rutqvist, 2015<\/a>). Prva pot, zbiranje odpadnih materialov, poteka prek gospodinjstev, podjetij in industrijskih akterjev, kar obi\u010dajno organizirajo lokalne oblasti (<a href=\"https:\/\/www.oecd.org\/environment\/business-models-for-the-circular-economy-g2g9dd62-en.htm\">OECD, 2019<\/a>). Drugi\u010d, sortiranje vklju\u010duje lo\u010devanje dolo\u010dene kategorije odpadkov na njene razli\u010dne materialne sestavine s strani javnih objektov ali zasebnega sektorja. Tretji\u010d, sekundarna proizvodnja vklju\u010duje preoblikovanje razvr\u0161\u010denega odpadnega materiala nazaj v kon\u010dne surovine, obi\u010dajno v zasebnem sektorju (<a href=\"https:\/\/www.oecd.org\/environment\/business-models-for-the-circular-economy-g2g9dd62-en.htm\">OECD, 2019<\/a>). Sekundarne (ali z drugo \u017eivljenjsko dobo) surovine (npr. kovine, plastika, papir itd.) se prodajajo razli\u010dnim proizvodnim podjetjem, da se vklju\u010dijo v downcycling, upcycling ali industrijsko simbiozo. Downcycling vklju\u010duje preoblikovanje odpadkov v sekundarno surovino. Vendar pa so zaradi postopka kon\u010dni predelani materiali obi\u010dajno slab\u0161e kakovosti. Upcycling vklju\u010duje preoblikovanje odpadkov v sekundarne surovine za ponovno uporabo v aplikacijah vi\u0161je vrednosti. Industrijska simbioza (tj. recikliranje z zaprto zanko) vklju\u010duje uporabo proizvodnih stranskih proizvodov enega podjetja kot proizvodnih vlo\u017ekov drugega (<a href=\"https:\/\/www.oecd.org\/environment\/business-models-for-the-circular-economy-g2g9dd62-en.htm\">OECD, 2019<\/a>).<\/p>\n\n\n\n<p>Kemi\u010dno recikliranje plasti\u010dnih odpadkov vklju\u010duje predelavo petrokemi\u010dnih delov polimera. To se lahko uporablja za ponovno proizvodnjo plastike ali proizvodnjo drugih sinteti\u010dnih kemikalij. Vendar pa je prihodnji potencial kemi\u010dnega recikliranja odvisen od ekonomsko izvedljivih inovativnih tehnologij, kot je razprava o materialnih snoveh iz plastike (<a href=\"http:\/\/aei.pitt.edu\/85892\/\">Rizos idr., 2017<\/a>). Poleg mo\u017enosti kemi\u010dnega recikliranja bi lahko bila uporaba biolo\u0161kih virov za proizvodnjo drugih izdelkov zanimiva mo\u017enost. \u0160e posebej, \u010de razmi\u0161ljamo o industrijski simbiozi in sodelovanju med industrijami, bi lahko bila uporaba odpadkov, ki nastanejo v vrednostnih verigah, in njihovo ponovno vna\u0161anje v proizvodnjo drugih sektorjev zanimiva mo\u017enost (<a href=\"http:\/\/aei.pitt.edu\/85892\/\">Rizos idr., 2017<\/a>).<\/p>\n\n\n\n<p>Dolo\u010diti je mogo\u010de ve\u010d vzorcev poslovnega modela, ki se prekrivajo s procesi obnavljanja virov, npr. <a href=\"https:\/\/doi.org\/10.1111\/jiec.12763\">L\u00fcdeke-Freund et al., 2019<\/a>).<\/p>\n\n\n\n<p><strong><u>V katerem kontekstu je obnovitev virov uporabna?<\/u><\/strong><strong><\/strong><\/p>\n\n\n\n<p>Odpadke ponovno ovrednotimo in jim pripi\u0161emo vi\u0161jo vrednost. Surovi odpadki so obi\u010dajno na voljo za nizko vrednost ali brezpla\u010dno (<a href=\"https:\/\/www.oecd.org\/environment\/business-models-for-the-circular-economy-g2g9dd62-en.htm\">OECD, 2019<\/a>). Vendar pa je izziv za podjetja, ki sprejmejo model predelave virov, zagotoviti, da so stro\u0161ki ponovne uporabe teh odpadkov, ki jih povzro\u010dajo, dovolj majhni glede na tr\u017eno ceno kon\u010dnih materialov (<a href=\"https:\/\/www.oecd.org\/environment\/business-models-for-the-circular-economy-g2g9dd62-en.htm\">OECD, 2019<\/a>).<\/p>\n\n\n\n<p>Obstajajo \u0161tevilni dejavniki za prilagoditev modelov obnovitve virov, npr. pomanjkanje virov, dvig poslovanja, zmanj\u0161ana negotovost glede \u010dasovnega razporeda, omejevanje neusklajenosti med ponudbo in povpra\u0161evanjem po donosih izdelkov, manj\u0161i vplivi na okolje, dav\u010dne olaj\u0161ave in spodbude politik, ve\u010dje \u0161tevilo zaposlenih, &nbsp;predanost in produktivnost, zvestoba strank, konkurenca, vrednostne ponudbe izdelkov\/storitev, zni\u017eani stro\u0161ki ali pove\u010dani dobi\u010dki, pritisk strank in dru\u017ebenih skupin za trajnostno rabo virov in poslovanje (<a href=\"https:\/\/doi.org\/10.1016\/j.scitotenv.2018.08.224\">Velenturf &amp; Jopson, 2019<\/a>). Vendar pa obstajajo tudi nekatere ovire, ki ote\u017eujejo izvajanje, kot so pomanjkanje finan\u010dnega poslovnega primera, omejeni trgi, strukturne ovire, ki so zunaj podjetij, kot so ponovna pogajanja o odgovornostih v dobavni verigi, odvisnosti in vklju\u010devanje perspektiv partnerjev v dobavni verigi, strukturne poti odlo\u010danja v podjetjih in vpra\u0161anja vedenja, kot je nerazumevanje kro\u017enega gospodarstva ali trajnostnega razvoja in posledi\u010dno odpor do sprememb. Poleg tega so tehnolo\u0161ki vidiki, kot so kakovost recikliranih materialov in logistika vra\u010danja izdelkov, pomanjkanje spretnosti za upravljanje potrebnih radikalnih inovacij ali pomanjkanje sodelovanja in partnerjev za izmenjavo (<a href=\"https:\/\/doi.org\/10.1016\/j.scitotenv.2018.08.224\">Velenturf &amp; Jopson, 2019<\/a>).<\/p>\n\n\n\n<p><strong><u>Kaj je pomembno upo\u0161tevati pri uporabi obnovitve virov za va\u0161e podjetje?<\/u><\/strong><strong><\/strong><\/p>\n\n\n\n<p>Prvi\u010d, obstajati mora trg za sekundarne surovine, tj. splo\u0161na pripravljenost kupcev za nakup blaga iz postopkov ponovne uporabe (<a href=\"https:\/\/www.oecd.org\/environment\/business-models-for-the-circular-economy-g2g9dd62-en.htm\">OECD, 2019<\/a>). Podjetja se morajo zavedati mo\u017enih pomislekov glede kakovosti ali sestave teh ponovno pridobljenih materialov in kako se upravljajo posebni postopki predelave virov (<a href=\"https:\/\/doi.org\/10.1177\/0734242X14537868\">Singh et al., 2014<\/a>). Drugi\u010d, ustvariti je treba zadostno koli\u010dino odpadnega materiala. To je obi\u010dajno precej te\u017eko na obmo\u010djih, za katera je zna\u010dilna nizko \u0161tevilo prebivalstva ali nizka raven porabe (<a href=\"https:\/\/www.oecd.org\/environment\/business-models-for-the-circular-economy-g2g9dd62-en.htm\">OECD, 2019<\/a>).<\/p>\n\n\n\n<p><a href=\"https:\/\/doi.org\/10.1016\/j.jclepro.2015.12.020\">Singh &amp; Ordo\u00f1ez<\/a> (2016) omenjajo, da je v praksi trenutni sistem zbiranja materiala ravnanje z odpadki in ne sistemi vra\u010danja, osredoto\u010den na proizvodnjo. To so potencialna podro\u010dja za izbolj\u0161ave, ki jih morajo podjetja obravnavati.<\/p>\n\n\n\n<p>\u010ce je mogo\u010de zagotoviti visokokakovostno recikliranje, lahko recikliranje prese\u017ee predelavo materialov in jih preusmeri v njihov naslednji \u017eivljenjski cikel. Pove\u010dane stopnje recikliranja lahko sprostijo stro\u0161kovno u\u010dinkovitost v vseh panogah in zmanj\u0161ajo odvisnost od primarnih materialov, kar lahko vodi do zmanj\u0161ane nestanovitnosti cen, povezanih s primarnimi surovinami, in odvisnosti od uvoza (<a href=\"http:\/\/aei.pitt.edu\/85892\/\">Rizos idr., 2017<\/a>).<\/p>\n","protected":false},"excerpt":{"rendered":"<p>Poslovni modeli za obnovitev virov pretvarjajo odpadke v sekundarne surovine, tako da se lahko ponovno vklju\u010dijo v vrednostno verigo in se material uporablja u\u010dinkoviteje. Posledi\u010dno &hellip; <\/p>\n","protected":false},"author":2,"featured_media":0,"parent":0,"menu_order":0,"comment_status":"closed","ping_status":"closed","template":"","meta":[],"_links":{"self":[{"href":"https:\/\/www.ce-iperasmus.eu\/dashboard\/wp-json\/wp\/v2\/pages\/420"}],"collection":[{"href":"https:\/\/www.ce-iperasmus.eu\/dashboard\/wp-json\/wp\/v2\/pages"}],"about":[{"href":"https:\/\/www.ce-iperasmus.eu\/dashboard\/wp-json\/wp\/v2\/types\/page"}],"author":[{"embeddable":true,"href":"https:\/\/www.ce-iperasmus.eu\/dashboard\/wp-json\/wp\/v2\/users\/2"}],"replies":[{"embeddable":true,"href":"https:\/\/www.ce-iperasmus.eu\/dashboard\/wp-json\/wp\/v2\/comments?post=420"}],"version-history":[{"count":1,"href":"https:\/\/www.ce-iperasmus.eu\/dashboard\/wp-json\/wp\/v2\/pages\/420\/revisions"}],"predecessor-version":[{"id":421,"href":"https:\/\/www.ce-iperasmus.eu\/dashboard\/wp-json\/wp\/v2\/pages\/420\/revisions\/421"}],"wp:attachment":[{"href":"https:\/\/www.ce-iperasmus.eu\/dashboard\/wp-json\/wp\/v2\/media?parent=420"}],"curies":[{"name":"wp","href":"https:\/\/api.w.org\/{rel}","templated":true}]}}