{"id":413,"date":"2021-11-24T16:42:13","date_gmt":"2021-11-24T16:42:13","guid":{"rendered":"https:\/\/www.ce-iperasmus.eu\/dashboard\/?page_id=413"},"modified":"2022-03-28T20:23:46","modified_gmt":"2022-03-28T20:23:46","slug":"zirkulare-geschaftsmodelle-ressourcenwiederherstellung","status":"publish","type":"page","link":"https:\/\/www.ce-iperasmus.eu\/dashboard\/zirkulare-geschaftsmodelle-ressourcenwiederherstellung\/","title":{"rendered":"Zirkul\u00e4re Gesch\u00e4ftsmodelle. Ressourcenwiederherstellung"},"content":{"rendered":"\n<p>Gesch\u00e4ftsmodelle der Ressourcenr\u00fcckgewinnung wandeln Abf\u00e4lle in Sekund\u00e4rrohstoffe um, damit sie wieder in die Wertsch\u00f6pfungskette einflie\u00dfen und das Material effizienter genutzt wird. Als Folge davon steigt der Wert des Abfalls. Diese Modelle zeigen jedoch einige Einschr\u00e4nkungen in Gebieten, die nicht dicht besiedelt sind oder wo der Verbrauch niedrig ist. Dar\u00fcber hinaus m\u00fcssen Unternehmen sicherstellen, dass ein Markt f\u00fcr Sekund\u00e4rmaterialien besteht und eine ausreichende Menge an Abfall anf\u00e4llt, die verwertet werden kann.<\/p>\n\n\n\n<p><strong>Was ist Ressourcenwiederherstellung?<\/strong><\/p>\n\n\n\n<p>Gesch\u00e4ftsmodelle f\u00fcr die Ressourcenr\u00fcckgewinnung (auch bekannt als Recycling) beinhalten die Produktion von Sekund\u00e4rrohstoffen aus Abf\u00e4llen, die \u00fcber verschiedene Wege gesammelt werden k\u00f6nnen, wie z. B. Sammlung, Sortierung und Sekund\u00e4rproduktion (Lacy &amp; Rutqvist, 2015). Der erste Schritt, die Sammlung von Abfallmaterialien, erfolgt \u00fcber Haushalte, Unternehmen und Industrieakteure und wird in der Regel von den lokalen Beh\u00f6rden organisiert (OECD, 2019). Der zweite Schritt, die Sortierung, beinhaltet die Trennung einer bestimmten Abfallkategorie in ihre verschiedenen Materialkomponenten durch \u00f6ffentliche Einrichtungen oder den privaten Sektor. Drittens beinhaltet die Sekund\u00e4rproduktion die Umwandlung von sortiertem Abfallmaterial in fertige Rohstoffe, in der Regel durch den privaten Sektor (OECD, 2019). Die Sekund\u00e4rrohstoffe (z. B. Metalle, Kunststoffe, Papier usw.) werden an verschiedene Produktionsunternehmen verkauft, die Downcycling, Upcycling oder industrielle Symbiosen betreiben. Beim Downcycling wird Abfall in Sekund\u00e4rrohstoffe umgewandelt. Aufgrund des Prozesses sind die wiedergewonnenen Materialien jedoch in der Regel von minderer Qualit\u00e4t. Beim Upcycling werden Abf\u00e4lle in Sekund\u00e4rrohstoffe umgewandelt, die in h\u00f6herwertigen Anwendungen wiederverwendet werden. Die industrielle Symbiose (d. h. die Kreislaufwirtschaft) umfasst die Verwendung von Nebenprodukten eines Unternehmens als Produktionsinput f\u00fcr ein anderes Unternehmen (OECD, 2019).<\/p>\n\n\n\n<p>Das chemische Recycling von Kunststoffabf\u00e4llen umfasst die R\u00fcckgewinnung der petrochemischen Bestandteile des Polymers. Diese k\u00f6nnen f\u00fcr die Wiederaufbereitung von Kunststoffen oder die Herstellung anderer synthetischer Chemikalien verwendet werden. Das k\u00fcnftige Potenzial des chemischen Recyclings h\u00e4ngt jedoch von wirtschaftlich tragf\u00e4higen innovativen Technologien ab, da die stofflichen Bestandteile von Kunststoffen diskutiert werden (Rizos et al., 2017). Neben der Option des chemischen Recyclings k\u00f6nnte auch die Nutzung biologischer Ressourcen f\u00fcr die Herstellung anderer Produkte interessante Optionen bieten. Insbesondere im Hinblick auf die industrielle Symbiose und die Zusammenarbeit zwischen Branchen k\u00f6nnte die Nutzung von Abf\u00e4llen, die in verschiedenen Wertsch\u00f6pfungsketten anfallen, und deren Wiedereinf\u00fchrung in die Produktion anderer Sektoren eine interessante Option darstellen (Rizos et al., 2017).<\/p>\n\n\n\n<p>Es lassen sich mehrere Gesch\u00e4ftsmodellmuster identifizieren, die sich mit den Prozessen der Ressourcenr\u00fcckgewinnung \u00fcberschneiden, z. B. Kaskadierung und Wiederverwendung, Recycling und organische Rohstoffe (L\u00fcdeke-Freund et al., 2019).<\/p>\n\n\n\n<p><strong>In welchem \u200b\u200bKontext ist die Ressourcenwiederherstellung sinnvoll?<\/strong><\/p>\n\n\n\n<p>Abf\u00e4lle werden neu bewertet und ihnen wird ein h\u00f6herer Wert zugeordnet. Rohabf\u00e4lle sind in der Regel zu geringen oder gar keinen Kosten erh\u00e4ltlich (OECD, 2019). Die Herausforderung f\u00fcr Unternehmen, die das Ressourcenr\u00fcckgewinnungsmodell \u00fcbernehmen, besteht jedoch darin, sicherzustellen, dass die durch die Wiederverwendung dieser Abf\u00e4lle verursachten Kosten im Verh\u00e4ltnis zum Marktpreis der fertigen Materialien ausreichend gering sind (OECD, 2019).<\/p>\n\n\n\n<p>Es gibt eine Reihe von Triebkr\u00e4ften f\u00fcr die Anpassung von Modellen der Ressourcenr\u00fcckgewinnung, z. B. Ressourcenknappheit, robustere Gesch\u00e4ftsabl\u00e4ufe, geringere Unsicherheit hinsichtlich des Zeitpunkts, Begrenzung des Missverh\u00e4ltnisses zwischen Angebot und Nachfrage bei Produktr\u00fcckgaben, geringere Umweltauswirkungen, Steuererleichterungen und politische Anreize, gr\u00f6\u00dferes Engagement und h\u00f6here Produktivit\u00e4t der Mitarbeiter, Kundentreue, Wettbewerb, Wertversprechen von Produkten\/Dienstleistungen, geringere Kosten oder h\u00f6here Gewinne, Druck von Kunden und gesellschaftlichen Gruppen in Bezug auf nachhaltige Ressourcennutzung und Gesch\u00e4ftsabl\u00e4ufe (Velenturf &amp; Jopson, 2019). Es gibt jedoch auch bestimmte Hindernisse, die die Umsetzung erschweren, wie z. B. das Fehlen eines finanziellen Gesch\u00e4ftsszenarios, begrenzte M\u00e4rkte, strukturelle Hindernisse au\u00dferhalb der Unternehmen, wie z. B. die Neuverhandlung der Zust\u00e4ndigkeiten in der Lieferkette, Abh\u00e4ngigkeiten und die Integration der Perspektiven der Partner in der Lieferkette, strukturelle Entscheidungswege innerhalb der Unternehmen und Einstellungsprobleme, wie z. B. ein mangelndes Verst\u00e4ndnis der Kreislaufwirtschaft oder der nachhaltigen Entwicklung und der daraus resultierende Widerstand gegen Ver\u00e4nderungen. Hinzu kommen technologische Aspekte wie die Qualit\u00e4t der recycelten Materialien und die Logistik f\u00fcr die R\u00fccknahme von Produkten, der Mangel an F\u00e4higkeiten zur Bew\u00e4ltigung der erforderlichen radikalen Innovationen oder das Fehlen von Kooperations- und Austauschpartnern (Velenturf &amp; Jopson, 2019).<\/p>\n\n\n\n<p><strong>Was ist bei der Ressourcenwiederherstellung f\u00fcr Ihr Unternehmen zu beachten?<\/strong><\/p>\n\n\n\n<p>Erstens muss es einen Markt f\u00fcr Sekund\u00e4rrohstoffe geben, also eine generelle Kaufbereitschaft der Kunden auf Basis der Ressourcenr\u00fcckgewinnung (OECD, 2019). Unternehmen m\u00fcssen sich der m\u00f6glichen Bedenken hinsichtlich der Qualit\u00e4t oder Zusammensetzung dieser wiedergewonnenen Materialien und des Managements bestimmter Ressourcenr\u00fcckgewinnungsprozesse bewusst sein (Singh et al., 2014). Zweitens muss eine ausreichende Menge an Abfallmaterial erzeugt werden. Dies ist in Gebieten mit geringer Bev\u00f6lkerungszahl oder geringem Konsum in der Regel eher schwierig (OECD, 2019).<\/p>\n\n\n\n<p>Singh &amp; Ordo\u00f1ez (2016) weisen darauf hin, dass das derzeitige Materialsammelsystem in der Praxis eher ein Abfallmanagement als ein fertigungszentriertes R\u00fccknahmesystem ist. Dies sind potenzielle Verbesserungsbereiche, die Unternehmen angehen m\u00fcssen. Wenn ein hochwertiges Recycling sichergestellt werden kann, kann das Recycling \u00fcber die R\u00fcckgewinnung von Materialien hinausgehen und diese in ihren n\u00e4chsten Lebenszyklus umleiten. Erh\u00f6hte Recyclingquoten k\u00f6nnen branchen\u00fcbergreifend die Kosteneffizienz steigern und die Abh\u00e4ngigkeit von Prim\u00e4rmaterialien verringern, was zu einer geringeren Preisvolatilit\u00e4t in Bezug auf Prim\u00e4rrohstoffe und Abh\u00e4ngigkeit von Importen f\u00fchren kann (Rizos et al., 2017).<\/p>\n","protected":false},"excerpt":{"rendered":"<p>Gesch\u00e4ftsmodelle der Ressourcenr\u00fcckgewinnung wandeln Abf\u00e4lle in Sekund\u00e4rrohstoffe um, damit sie wieder in die Wertsch\u00f6pfungskette einflie\u00dfen und das Material effizienter genutzt wird. Als Folge davon steigt &hellip; <\/p>\n","protected":false},"author":2,"featured_media":0,"parent":0,"menu_order":0,"comment_status":"closed","ping_status":"closed","template":"","meta":[],"_links":{"self":[{"href":"https:\/\/www.ce-iperasmus.eu\/dashboard\/wp-json\/wp\/v2\/pages\/413"}],"collection":[{"href":"https:\/\/www.ce-iperasmus.eu\/dashboard\/wp-json\/wp\/v2\/pages"}],"about":[{"href":"https:\/\/www.ce-iperasmus.eu\/dashboard\/wp-json\/wp\/v2\/types\/page"}],"author":[{"embeddable":true,"href":"https:\/\/www.ce-iperasmus.eu\/dashboard\/wp-json\/wp\/v2\/users\/2"}],"replies":[{"embeddable":true,"href":"https:\/\/www.ce-iperasmus.eu\/dashboard\/wp-json\/wp\/v2\/comments?post=413"}],"version-history":[{"count":1,"href":"https:\/\/www.ce-iperasmus.eu\/dashboard\/wp-json\/wp\/v2\/pages\/413\/revisions"}],"predecessor-version":[{"id":416,"href":"https:\/\/www.ce-iperasmus.eu\/dashboard\/wp-json\/wp\/v2\/pages\/413\/revisions\/416"}],"wp:attachment":[{"href":"https:\/\/www.ce-iperasmus.eu\/dashboard\/wp-json\/wp\/v2\/media?parent=413"}],"curies":[{"name":"wp","href":"https:\/\/api.w.org\/{rel}","templated":true}]}}