{"id":407,"date":"2021-11-24T12:03:58","date_gmt":"2021-11-24T12:03:58","guid":{"rendered":"https:\/\/www.ce-iperasmus.eu\/dashboard\/?page_id=407"},"modified":"2022-03-28T19:38:25","modified_gmt":"2022-03-28T19:38:25","slug":"modelos-de-negocio-circulares-suministro-circular","status":"publish","type":"page","link":"https:\/\/www.ce-iperasmus.eu\/dashboard\/modelos-de-negocio-circulares-suministro-circular\/","title":{"rendered":"Modelos de negocio circulares. Suministro circular"},"content":{"rendered":"\n<p>Los modelos comerciales de suministro circular y los modelos comerciales de recuperaci\u00f3n de recursos tienen objetivos similares.&nbsp;Sin embargo, para los modelos de suministro circular, los insumos de producci\u00f3n tradicionales se reemplazan con materiales de base biol\u00f3gica, renovables o recuperados, comenzando el proceso de reestructuraci\u00f3n alej\u00e1ndose de las cadenas de suministro lineales de repensar el dise\u00f1o y el material utilizado.<\/p>\n\n\n\n<p><strong>\u00bfQu\u00e9 es el suministro circular?<\/strong><\/p>\n\n\n\n<p>Los modelos de negocio de suministro circular implican el reemplazo de insumos de producci\u00f3n tradicionales con materiales de base biol\u00f3gica, renovables o recuperados.&nbsp;Por lo tanto, puede considerarse similar al modelo comercial de recuperaci\u00f3n de recursos.&nbsp;Sin embargo, en los modelos de suministro circular, la recuperaci\u00f3n de material se considera en una etapa mucho m\u00e1s temprana del ciclo de vida del producto con el objetivo de dise\u00f1ar lejos de los desechos que de otro modo ocurrir\u00edan en el modelo lineal (&nbsp;<a href=\"https:\/\/doi.org\/10.1057\/9781137530707_4\">Lacy y Rutqvist, 2015<\/a>&nbsp;;&nbsp;<a href=\"https:\/\/www.oecd.org\/environment\/business-models-for-the-circular-economy-g2g9dd62-en.htm\">OCDE, 2019<\/a>&nbsp;).&nbsp;Dos enfoques de modelo de negocio, que se adaptan al suministro circular, son la cascada y la reutilizaci\u00f3n y la materia prima org\u00e1nica (&nbsp;<a href=\"https:\/\/doi.org\/10.1111\/jiec.12763\">L\u00fcdeke-Freund et al., 2019<\/a>&nbsp;).&nbsp;<\/p>\n\n\n\n<p><strong>\u00bfEn qu\u00e9 contexto es \u00fatil el suministro circular?<\/strong><\/p>\n\n\n\n<p>La filosof\u00eda que subyace al modelo de suministro circular es similar al dise\u00f1o del producto \u00abde la cuna a la cuna\u00bb.&nbsp;<a href=\"https:\/\/epea.com\/en\/about-us\/cradle-to-cradle\"><em>Cradle-to-cradle<\/em><\/a>&nbsp;es ahora tambi\u00e9n un sistema de certificaci\u00f3n oficial, que incluye aprox.&nbsp;500 productos certificados (&nbsp;<a href=\"https:\/\/www.oecd.org\/environment\/business-models-for-the-circular-economy-g2g9dd62-en.htm\">OCDE, 2019<\/a>&nbsp;).&nbsp;El caso comercial de los modelos comerciales de suministro circular tiene las siguientes ventajas: Primero, si los insumos o materiales tradicionales se reemplazan por materiales de base biol\u00f3gica, renovables o recuperados, los productos se pueden comercializar como \u201cverdes\u201d.&nbsp;En segundo lugar, el riesgo regulatorio o de la cadena de suministro se puede abordar cambiando hacia insumos materiales alternativos (&nbsp;<a href=\"https:\/\/www.oecd.org\/environment\/business-models-for-the-circular-economy-g2g9dd62-en.htm\">OCDE, 2019<\/a>&nbsp;).&nbsp;Esto es especialmente beneficioso cuando se trata de regulaciones ambientales o regiones pol\u00edticamente inestables.&nbsp;Sin embargo, para aprovechar estos beneficios, el material secundario debe obtenerse localmente.&nbsp;<\/p>\n\n\n\n<p>Un dominio de particular inter\u00e9s son las cadenas de suministro de conversi\u00f3n de residuos en energ\u00eda (WTE) ilustradas por Pan et al.&nbsp;(2015) que resuelven simult\u00e1neamente el dilema de la demanda energ\u00e9tica, la gesti\u00f3n de residuos y las emisiones de gases de efecto invernadero.&nbsp;Entre las tecnolog\u00edas WTE de \u00faltima generaci\u00f3n se encuentran la combusti\u00f3n, la gasificaci\u00f3n y la digesti\u00f3n anaer\u00f3bica.&nbsp;Sin embargo, es necesario superar las barreras tecnol\u00f3gicas, financieras, institucionales y regulatorias (Pan et al., 2015).&nbsp;Las estrategias para implementar cadenas de suministro de WTE podr\u00edan ser (1) establecer la pol\u00edtica y la responsabilidad del gobierno, (2) internalizar las externalidades, la aceptaci\u00f3n social y la movilizaci\u00f3n de inversores, (3) proporcionar incentivos econ\u00f3micos y apoyos de precios, y (4) establecer un programa integral de evaluaci\u00f3n del desempe\u00f1o. (&nbsp;<a href=\"https:\/\/doi.org\/10.1016\/j.jclepro.2015.06.124\">Pan et al., 2015<\/a>&nbsp;).&nbsp;<\/p>\n\n\n\n<p><strong>\u00bfQu\u00e9 es importante tener en cuenta al intentar crear un suministro circular para su negocio?<\/strong> Para hacer uso de modelos de oferta circular, hay dos condiciones previas que deben cumplirse, por ejemplo, una demanda de mercado suficiente y la voluntad de pagar por productos ecol\u00f3gicos.&nbsp;Sin embargo, las empresas deben tener cuidado de que los insumos de materiales de base biol\u00f3gica, renovables o recuperados que se adopten sean buenos sustitutos de los materiales tradicionales que reemplazan (&nbsp;<a href=\"https:\/\/www.oecd.org\/environment\/business-models-for-the-circular-economy-g2g9dd62-en.htm\">OCDE, 2019<\/a>&nbsp;).&nbsp;Como todav\u00eda hay una falta de modelos e infraestructuras de suministro circulares existentes,&nbsp;<a href=\"https:\/\/doi.org\/10.3390\/su9091602\">Masi et al.&nbsp;<\/a>(2017) identificaron tres configuraciones de cadena de suministro de econom\u00eda circular, a saber, parques eco-industriales, cadenas de suministro ecol\u00f3gicas o ambientales y cadenas de suministro de circuito cerrado que se pueden adoptar.<\/p>\n","protected":false},"excerpt":{"rendered":"<p>Los modelos comerciales de suministro circular y los modelos comerciales de recuperaci\u00f3n de recursos tienen objetivos similares.&nbsp;Sin embargo, para los modelos de suministro circular, los &hellip; <\/p>\n","protected":false},"author":2,"featured_media":0,"parent":0,"menu_order":0,"comment_status":"closed","ping_status":"closed","template":"","meta":[],"_links":{"self":[{"href":"https:\/\/www.ce-iperasmus.eu\/dashboard\/wp-json\/wp\/v2\/pages\/407"}],"collection":[{"href":"https:\/\/www.ce-iperasmus.eu\/dashboard\/wp-json\/wp\/v2\/pages"}],"about":[{"href":"https:\/\/www.ce-iperasmus.eu\/dashboard\/wp-json\/wp\/v2\/types\/page"}],"author":[{"embeddable":true,"href":"https:\/\/www.ce-iperasmus.eu\/dashboard\/wp-json\/wp\/v2\/users\/2"}],"replies":[{"embeddable":true,"href":"https:\/\/www.ce-iperasmus.eu\/dashboard\/wp-json\/wp\/v2\/comments?post=407"}],"version-history":[{"count":1,"href":"https:\/\/www.ce-iperasmus.eu\/dashboard\/wp-json\/wp\/v2\/pages\/407\/revisions"}],"predecessor-version":[{"id":408,"href":"https:\/\/www.ce-iperasmus.eu\/dashboard\/wp-json\/wp\/v2\/pages\/407\/revisions\/408"}],"wp:attachment":[{"href":"https:\/\/www.ce-iperasmus.eu\/dashboard\/wp-json\/wp\/v2\/media?parent=407"}],"curies":[{"name":"wp","href":"https:\/\/api.w.org\/{rel}","templated":true}]}}