{"id":404,"date":"2021-11-24T12:02:32","date_gmt":"2021-11-24T12:02:32","guid":{"rendered":"https:\/\/www.ce-iperasmus.eu\/dashboard\/?page_id=404"},"modified":"2022-03-28T19:38:23","modified_gmt":"2022-03-28T19:38:23","slug":"krozni-poslovni-modeli-krozna-oskrba","status":"publish","type":"page","link":"https:\/\/www.ce-iperasmus.eu\/dashboard\/krozni-poslovni-modeli-krozna-oskrba\/","title":{"rendered":"Kro\u017eni poslovni modeli: kro\u017ena oskrba"},"content":{"rendered":"\n<p>Poslovni modeli kro\u017ene oskrbe in poslovni modeli za pridobivanje virov imajo podobne cilje. Vendar pa se pri modelih kro\u017ene oskrbe tradicionalni proizvodni vlo\u017eki nadomestijo z biolo\u0161kimi, obnovljivimi ali predelanimi materiali, s \u010dimer se za\u010dne proces prestrukturiranja, odmika se od linearnih dobavnih verig zaradi ponovnega razmi\u0161ljanja o zasnovi in \u200b\u200buporabljenih materialih.<\/p>\n\n\n\n<p><strong><u>Kaj je kro\u017ena oskrba?<\/u><\/strong><strong><\/strong><\/p>\n\n\n\n<p>Poslovni modeli kro\u017ene dobave vklju\u010dujejo zamenjavo tradicionalnih proizvodnih vlo\u017ekov z biolo\u0161kimi, obnovljivimi ali predelanimi materiali. Tako ga lahko obravnavamo kot podobno poslovnemu modelu za obnovitev virov. Vendar pa se v modelih kro\u017ene oskrbe predelava materiala obravnava na veliko zgodnej\u0161i stopnji \u017eivljenjskega cikla izdelka s ciljem, da se odstranijo odpadki, ki bi se sicer pojavili v linearnem modelu (<a href=\"https:\/\/doi.org\/10.1057\/9781137530707_4\">Lacy in Rutqvist, 2015<\/a>; <a href=\"https:\/\/www.oecd.org\/environment\/business-models-for-the-circular-economy-g2g9dd62-en.htm\">OECD, 2019<\/a>). Dva pristopa k poslovnemu modelu, ki skrbita za kro\u017eno oskrbo, sta kaskadni in ponovno namenski ter organska surovina (<a href=\"https:\/\/doi.org\/10.1111\/jiec.12763\">L\u00fcdeke-Freund et al., 2019<\/a>).<\/p>\n\n\n\n<p><strong><u>V katerem kontekstu je kro\u017ena ponudba uporabna?<\/u><\/strong><strong><\/strong><\/p>\n\n\n\n<p>Filozofija, na kateri temelji kro\u017eni model oskrbe, je podobna zasnovi izdelka \u00abod zibelke do zibelke\u00bb. <a href=\"https:\/\/epea.com\/en\/about-us\/cradle-to-cradle\">Od zibke do zibelke<\/a> je zdaj tudi uradni sistem certificiranja, vklju\u010dno s pribl. 500 certificiranih izdelkov (<a href=\"https:\/\/www.oecd.org\/environment\/business-models-for-the-circular-economy-g2g9dd62-en.htm\">OECD, 2019<\/a>). Poslovni primer poslovnih modelov kro\u017ene dobave ima naslednje prednosti:<\/p>\n\n\n\n<ol type=\"1\"><li>\u010de se tradicionalni vlo\u017eki ali material nadomestijo z biolo\u0161kimi, obnovljivimi ali predelanimi materiali, se lahko izdelki tr\u017eijo kot \u00bbzeleni\u00ab.<\/li><li>tveganje dobavne verige ali regulativno tveganje je mogo\u010de obravnavati s prehodom na alternativne materialne vlo\u017eke (<a href=\"https:\/\/www.oecd.org\/environment\/business-models-for-the-circular-economy-g2g9dd62-en.htm\">OECD, 2019<\/a>). To je \u0161e posebej koristno, ko gre za okoljsko ureditev ali politi\u010dno nestabilne regije. Vendar pa je treba za izkori\u0161\u010danje teh prednosti sekundarni material pridobivati \u200b\u200blokalno.<\/li><\/ol>\n\n\n\n<p>Eno podro\u010dje, ki je \u0161e posebej zanimivo, so dobavne verige odpadkov v energijo (WTE), ki jih ponazarja <a href=\"https:\/\/doi.org\/10.1016\/j.jclepro.2015.06.124\">Pan et al.<\/a>(2015), ki hkrati re\u0161ujejo dilemo povpra\u0161evanja po energiji, ravnanja z odpadki in emisij toplogrednih plinov. Med najsodobnej\u0161e tehnologije WTE spadajo zgorevanje, uplinjanje in anaerobna digestija. Vendar pa je treba premagati tehnolo\u0161ke, finan\u010dne, institucionalne in regulativne ovire (<a href=\"https:\/\/doi.org\/10.1016\/j.jclepro.2015.06.124\">Pan in sod., 2015<\/a>). Strategije za izvajanje oskrbovalnih verig WTE bi lahko bile (1) vzpostavitev politike in odgovornosti vlade, (2) ponotranjenje zunanjih u\u010dinkov, dru\u017ebena sprejemljivost in mobilizacija vlagateljev, (3) zagotavljanje gospodarskih spodbud in podpore cen ter (4) vzpostavitev celovitega programa ocenjevanja uspe\u0161nosti (<a href=\"https:\/\/doi.org\/10.1016\/j.jclepro.2015.06.124\">Pan in sod., 2015<\/a>).<\/p>\n\n\n\n<p><strong><u>Kaj je pomembno upo\u0161tevati, ko nameravate zgraditi kro\u017eno oskrbo za va\u0161e podjetje?<\/u><\/strong><strong><\/strong><\/p>\n\n\n\n<p>Za uporabo modelov kro\u017ene oskrbe morata biti izpolnjena dva predpogoja: zadostno povpra\u0161evanje na trgu in pripravljenost pla\u010dati za zelene izdelke. Vendar pa morajo podjetja paziti, da so uporabljeni vlo\u017eki na biolo\u0161ki, obnovljivi ali predelani materiali dobri nadomestki za tradicionalne materiale, ki jih nadomestijo (<a href=\"https:\/\/www.oecd.org\/environment\/business-models-for-the-circular-economy-g2g9dd62-en.htm\">OECD, 2019<\/a>). Ker \u0161e vedno primanjkuje obstoje\u010dih modelov in obstoje\u010dih infrastruktur kro\u017ene oskrbe, je <a href=\"https:\/\/doi.org\/10.3390\/su9091602\">Masi idr.<\/a> (2017) identificiral tri konfiguracije dobavne verige kro\u017enega gospodarstva, in sicer ekoindustrijske parke, okoljske ali zelene dobavne verige in zaprte dobavne verige, ki jih je mogo\u010de sprejeti in implementirati.<\/p>\n","protected":false},"excerpt":{"rendered":"<p>Poslovni modeli kro\u017ene oskrbe in poslovni modeli za pridobivanje virov imajo podobne cilje. Vendar pa se pri modelih kro\u017ene oskrbe tradicionalni proizvodni vlo\u017eki nadomestijo z &hellip; <\/p>\n","protected":false},"author":2,"featured_media":0,"parent":0,"menu_order":0,"comment_status":"closed","ping_status":"closed","template":"","meta":[],"_links":{"self":[{"href":"https:\/\/www.ce-iperasmus.eu\/dashboard\/wp-json\/wp\/v2\/pages\/404"}],"collection":[{"href":"https:\/\/www.ce-iperasmus.eu\/dashboard\/wp-json\/wp\/v2\/pages"}],"about":[{"href":"https:\/\/www.ce-iperasmus.eu\/dashboard\/wp-json\/wp\/v2\/types\/page"}],"author":[{"embeddable":true,"href":"https:\/\/www.ce-iperasmus.eu\/dashboard\/wp-json\/wp\/v2\/users\/2"}],"replies":[{"embeddable":true,"href":"https:\/\/www.ce-iperasmus.eu\/dashboard\/wp-json\/wp\/v2\/comments?post=404"}],"version-history":[{"count":1,"href":"https:\/\/www.ce-iperasmus.eu\/dashboard\/wp-json\/wp\/v2\/pages\/404\/revisions"}],"predecessor-version":[{"id":405,"href":"https:\/\/www.ce-iperasmus.eu\/dashboard\/wp-json\/wp\/v2\/pages\/404\/revisions\/405"}],"wp:attachment":[{"href":"https:\/\/www.ce-iperasmus.eu\/dashboard\/wp-json\/wp\/v2\/media?parent=404"}],"curies":[{"name":"wp","href":"https:\/\/api.w.org\/{rel}","templated":true}]}}