{"id":352,"date":"2021-11-24T01:36:40","date_gmt":"2021-11-24T01:36:40","guid":{"rendered":"https:\/\/www.ce-iperasmus.eu\/dashboard\/?page_id=352"},"modified":"2022-04-01T17:07:55","modified_gmt":"2022-04-01T17:07:55","slug":"industria-textil-impactos-del-ciclo-de-vida-social","status":"publish","type":"page","link":"https:\/\/www.ce-iperasmus.eu\/dashboard\/industria-textil-impactos-del-ciclo-de-vida-social\/","title":{"rendered":"Industria textil.\u00a0Impactos del ciclo de vida: social"},"content":{"rendered":"\n<p><strong>\u00bfCu\u00e1les son los impactos sociales de la industria textil y de la moda?<\/strong><\/p>\n\n\n\n<p><strong>Impactos con respecto a las condiciones laborales y los derechos humanos<\/strong><\/p>\n\n\n\n<p>En cuanto a las Condiciones de Trabajo y los Derechos Humanos, los datos de la industria textil en este momento son alarmantes.&nbsp;El movimiento internacional de la revoluci\u00f3n de la moda realiz\u00f3 una serie de encuestas a trabajadores de la industria textil, de las cuales surgieron los siguientes datos: en Guangdong, China, las mujeres j\u00f3venes trabajan hasta 150 horas al mes de horas extras, el 60 % de ellas no tienen contrato, y el 90 % no tiene acceso a la seguridad social;&nbsp;en Bangladesh, los trabajadores de la confecci\u00f3n ganan $ 44 al mes (contra un salario m\u00ednimo de $ 109).&nbsp;Aun as\u00ed, Fashion Revolution tambi\u00e9n ha estimado en el curso de una encuesta realizada a 91 marcas de ropa que solo el 12 % de estas han tomado medidas para garantizar un salario m\u00ednimo legal para sus trabajadores.&nbsp;El Foro de Derechos del Ni\u00f1o de Bangladesh estima que 7,4 millones de ni\u00f1os de Bangladesh se ven obligados a trabajar desde una edad temprana para ayudar a mantener a sus familias.<\/p>\n\n\n\n<p>En Italia, el salario medio de los textiles es de 20 040 euros al a\u00f1o o 10,28 euros la hora.&nbsp;Los puestos de nivel de entrada ganan un salario de 14.400 \u20ac al a\u00f1o, mientras que los trabajadores con m\u00e1s experiencia ganan hasta 51.250 \u20ac al a\u00f1o.&nbsp;El Contrato Textil y Confecci\u00f3n 2021 prev\u00e9 un tiempo de trabajo de 40 horas semanales a realizar con diferentes distribuciones \/ articulaciones en base a un convenio con la RSU.&nbsp;Para los empleados con tareas discontinuas, el tiempo de trabajo es de 48 horas semanales de media durante un per\u00edodo de 12 meses, mientras que para los trabajadores en turnos de 6 \u00d7 6, el tiempo de trabajo es de 36 horas semanales.&nbsp;En general, las horas de trabajo semanales, incluidas las horas extraordinarias, no pueden exceder el l\u00edmite de 48 horas por semana y el l\u00edmite anual de 96 horas.&nbsp;Por jornada laboral por turnos, el trabajador tiene derecho a un aumento de 1.&nbsp;38 % del salario nacional contractual y de los elementos adicionales que establezca la empresa si se paga mensualmente;&nbsp;mientras que, para los trabajadores en turnos de ajedrez, el aumento es del 1,64 % en el elemento salarial nacional<strong>.&nbsp;&nbsp;&nbsp;&nbsp;&nbsp;&nbsp;<\/strong><\/p>\n\n\n\n<p><strong>Impactos sobre las<\/strong>&nbsp;<strong>condiciones laborales y la salud en la producci\u00f3n de recursos<\/strong><\/p>\n\n\n\n<p>En cambio<strong>, en lo que<\/strong>&nbsp;respecta a las condiciones de trabajo y la salud en la producci\u00f3n de recursos, la industria textil puede manifestar las siguientes patolog\u00edas de riesgo: trastornos musculo-esquel\u00e9ticos;&nbsp;exposici\u00f3n a agentes f\u00edsicos;&nbsp;exposici\u00f3n al riesgo qu\u00edmico;&nbsp;exposici\u00f3n al polvo y fibras;&nbsp;exposici\u00f3n a agentes biol\u00f3gicos;&nbsp;estr\u00e9s relacionado con el trabajo.&nbsp;<\/p>\n\n\n\n<p>Las manifestaciones dermatol\u00f3gicas provocadas por el contacto con la ropa se atribuyen generalmente a los productos qu\u00edmicos y colorantes que se agregan a las fibras textiles durante su fabricaci\u00f3n y ensamblaje en las prendas.&nbsp;En particular, los agentes responsables han representado subproductos para te\u00f1ido y acabado, metales, cauchos y colas.&nbsp;Ocasionalmente, los abrillantadores \u00f3pticos, biocidas, retardadores de fuego y otros qu\u00edmicos agregados tambi\u00e9n son responsables de la aparici\u00f3n del cuadro cl\u00ednico de la piel.&nbsp;Los tintes son los productos qu\u00edmicos m\u00e1s utilizados.&nbsp;La causa de los problemas cut\u00e1neos profesionales es el contacto con determinadas sustancias durante el trabajo.&nbsp;Afectan las manos y los antebrazos (preferiblemente) que son las partes del cuerpo que tienen m\u00e1s probabilidades de entrar en contacto con la sustancia, pero que pueden extenderse a otras partes.&nbsp;La rapidez con que reacciona la piel depende de la concentraci\u00f3n o potencia de la sustancia, as\u00ed como de la duraci\u00f3n y frecuencia de su contacto con la piel.&nbsp;En algunos casos, los al\u00e9rgenos pueden causar s\u00edntomas cut\u00e1neos si se inhalan o ingieren.&nbsp;Tambi\u00e9n puede suceder que el contacto de la piel con productos qu\u00edmicos provoque s\u00edntomas al\u00e9rgicos en el sistema respiratorio.<\/p>\n\n\n\n<p><a href=\"https:\/\/sdwatch.eu\/2020\/02\/environmental-and-social-impacts-of-fast-fashion\/\">https:\/\/sdwatch.eu\/2020\/02\/environmental-and-social-impacts-of-fast-fashion\/<\/a><\/p>\n\n\n\n<p><a href=\"https:\/\/dressthechange.org\/limpatto-ambientale-e-sociale-dellindustria-della-moda\">https:\/\/dressthechange.org\/limpatto-ambientale-e-sociale-dellindustria-della-moda<\/a><\/p>\n\n\n\n<p><a href=\"https:\/\/www.puntosicuro.it\/sicurezza-sul-lavoro-C-1\/settori-C-4\/industria-tessile-cartaria-C-22\/i-rischi-per-la-salute-nel-settore-tessile-AR-16004\">https:\/\/www.puntosicuro.it\/sicurezza-sul-lavoro-C-1\/settori-C-4\/industria-tessile-cartaria-C-22\/i-rischi-per-la-salute-nel-settore- tessile-AR-16004<\/a><\/p>\n\n\n\n<p><a href=\"https:\/\/www.businessonline.it\/articoli\/contratto-tessile-e-abbigliamento-orari-reperibilita-turni-e-riposo-lavoro-di-notte.html\">https:\/\/www.businessonline.it\/articoli\/contratto-tessile-e-abbigliamento-orari-reperibilita-turni-e-riposo-lavoro-di-notte.html<\/a><\/p>\n","protected":false},"excerpt":{"rendered":"<p>\u00bfCu\u00e1les son los impactos sociales de la industria textil y de la moda? Impactos con respecto a las condiciones laborales y los derechos humanos En &hellip; <\/p>\n","protected":false},"author":2,"featured_media":0,"parent":0,"menu_order":0,"comment_status":"closed","ping_status":"closed","template":"","meta":[],"_links":{"self":[{"href":"https:\/\/www.ce-iperasmus.eu\/dashboard\/wp-json\/wp\/v2\/pages\/352"}],"collection":[{"href":"https:\/\/www.ce-iperasmus.eu\/dashboard\/wp-json\/wp\/v2\/pages"}],"about":[{"href":"https:\/\/www.ce-iperasmus.eu\/dashboard\/wp-json\/wp\/v2\/types\/page"}],"author":[{"embeddable":true,"href":"https:\/\/www.ce-iperasmus.eu\/dashboard\/wp-json\/wp\/v2\/users\/2"}],"replies":[{"embeddable":true,"href":"https:\/\/www.ce-iperasmus.eu\/dashboard\/wp-json\/wp\/v2\/comments?post=352"}],"version-history":[{"count":2,"href":"https:\/\/www.ce-iperasmus.eu\/dashboard\/wp-json\/wp\/v2\/pages\/352\/revisions"}],"predecessor-version":[{"id":1181,"href":"https:\/\/www.ce-iperasmus.eu\/dashboard\/wp-json\/wp\/v2\/pages\/352\/revisions\/1181"}],"wp:attachment":[{"href":"https:\/\/www.ce-iperasmus.eu\/dashboard\/wp-json\/wp\/v2\/media?parent=352"}],"curies":[{"name":"wp","href":"https:\/\/api.w.org\/{rel}","templated":true}]}}