{"id":347,"date":"2021-11-24T01:33:51","date_gmt":"2021-11-24T01:33:51","guid":{"rendered":"https:\/\/www.ce-iperasmus.eu\/dashboard\/?page_id=347"},"modified":"2022-04-01T17:04:01","modified_gmt":"2022-04-01T17:04:01","slug":"impatti-del-ciclo-di-vita-sociale","status":"publish","type":"page","link":"https:\/\/www.ce-iperasmus.eu\/dashboard\/impatti-del-ciclo-di-vita-sociale\/","title":{"rendered":"Impatti del ciclo di vita: sociale"},"content":{"rendered":"\n<p>Quali sono gli impatti sociali dell&#8217;industria tessile e della moda?<\/p>\n\n\n\n<p>Impatti relativi alle condizioni di lavoro e ai diritti umani<\/p>\n\n\n\n<p>Per quanto riguarda le condizioni di lavoro e dei diritti umani , i dati dell&#8217;industria tessile al momento sono allarmanti. Il movimento internazionale per la rivoluzione della moda ha condotto una serie di indagini sui lavoratori dell&#8217;industria tessile, da cui sono emersi i seguenti dati: nel Guangdong , in Cina, le giovani donne lavorano fino a 150 ore al mese di straordinario, il 60% di loro non ha un contratto e il 90% non ha accesso alla sicurezza sociale; in Bangladesh, i lavoratori dell&#8217;abbigliamento guadagnano 44 dollari al mese (contro un salario minimo di 109 dollari). Tuttavia, Fashion Revolution ha anche stimato nel corso di un sondaggio condotto su 91 marchi di abbigliamento che solo il 12% di questi si \u00e8 attivato per garantire un salario minimo legale per i propri lavoratori. Il Bangladesh Child Right Forum stima che 7,4 milioni di bambini del Bangladesh sono costretti a lavorare fin dalla tenera et\u00e0 per aiutare a sostenere le loro famiglie, diventando vittime di abusi e torture nel 17% dei casi. In Italia, il salario medio per il tessile in Italia \u00e8 di \u20ac 20.040 all&#8217;anno o \u20ac 10,28 all&#8217;ora. Le posizioni entry level guadagnano uno stipendio di \u20ac 14.400 all&#8217;anno, mentre i lavoratori pi\u00f9 esperti guadagnano fino a \u20ac 51.250 all&#8217;anno. Il Contratto Tessile Abbigliamento 2021 prevede un orario di lavoro di 40 ore settimanali da svolgere con diverse distribuzioni\/articolazioni in base ad un accordo con le RSU. Per i dipendenti con mansioni discontinue l&#8217;orario di lavoro \u00e8 mediamente di 48 ore settimanali su un periodo di 12 mesi, mentre per i lavoratori su turni 6&#215;6 l&#8217;orario di lavoro \u00e8 di 36 ore settimanali. Complessivamente, l&#8217;orario di lavoro settimanale, compreso lo straordinario, non pu\u00f2 superare il limite di 48 ore settimanali e il limite annuo di 96 ore. Per l&#8217;orario di lavoro a turni, il lavoratore ha diritto ad una maggiorazione dell&#8217;1,38% della retribuzione contrattuale nazionale e degli elementi aggiuntivi stabiliti dall&#8217;azienda se pagati mensilmente; mentre per i lavoratori su turni scacchistici l&#8217;incremento \u00e8 dell&#8217;1,64% sulla componente salariale nazionale.&nbsp;&nbsp;&nbsp;&nbsp;&nbsp;&nbsp;&nbsp;&nbsp;&nbsp;&nbsp;&nbsp;&nbsp;&nbsp;&nbsp;&nbsp;&nbsp;&nbsp;&nbsp;&nbsp;&nbsp;&nbsp;&nbsp;&nbsp;&nbsp;&nbsp;&nbsp;&nbsp;&nbsp;&nbsp;&nbsp;&nbsp;&nbsp;&nbsp;&nbsp;&nbsp;&nbsp;&nbsp;&nbsp;&nbsp;&nbsp;&nbsp;&nbsp;&nbsp;&nbsp;&nbsp;&nbsp;&nbsp;&nbsp;&nbsp;&nbsp;&nbsp;&nbsp;&nbsp;&nbsp;&nbsp;&nbsp;&nbsp;&nbsp;&nbsp;&nbsp;&nbsp;&nbsp;&nbsp;&nbsp;&nbsp;&nbsp;&nbsp;&nbsp;&nbsp;&nbsp;&nbsp;&nbsp;&nbsp;&nbsp;&nbsp;&nbsp;&nbsp;&nbsp;&nbsp;&nbsp;&nbsp;&nbsp;&nbsp;&nbsp;&nbsp;&nbsp;&nbsp;&nbsp;&nbsp;&nbsp;&nbsp;&nbsp;&nbsp;&nbsp;&nbsp;&nbsp;&nbsp;&nbsp;&nbsp;&nbsp;&nbsp;&nbsp;&nbsp;&nbsp;&nbsp;&nbsp;&nbsp;&nbsp;&nbsp;&nbsp;&nbsp;&nbsp;&nbsp;&nbsp;&nbsp;&nbsp;&nbsp;&nbsp;&nbsp;&nbsp;&nbsp;&nbsp;&nbsp;&nbsp;&nbsp;&nbsp;&nbsp;&nbsp;&nbsp;&nbsp;&nbsp;&nbsp;&nbsp;&nbsp;&nbsp;&nbsp;&nbsp;&nbsp;&nbsp;&nbsp;&nbsp;&nbsp;&nbsp;&nbsp;&nbsp;&nbsp;&nbsp;&nbsp;&nbsp;&nbsp;&nbsp;&nbsp;&nbsp;&nbsp;&nbsp;&nbsp;<\/p>\n\n\n\n<p>Impatti sulle condizioni di lavoro e sulla salute nella produzione di risorse<\/p>\n\n\n\n<p>Per quanto riguarda le condizioni di lavoro e la salute nella produzione di risorse invece, l&#8217;industria tessile pu\u00f2 manifestarsi le seguenti patologie: disturbi muscoloscheletrici di rischio; Esposizione ad agenti fisici; Esposizione al rischio chimico; Esposizione a polvere e fibre ; Esposizione ad agenti biologici; Stress dovuto al lavoro.<\/p>\n\n\n\n<p>Manifestazioni dermatologiche causate dal contatto con indumenti sono generalmente attribuita alle sostanze chimiche e coloranti che vengono aggiunti alle fibre tessili durante la loro fabbricazione e assemblaggio in indumenti. In particolare, gli agenti responsabili sono rappresentati da prodotti per tintura e finissaggio, metalli, gomma e colle. Occasionalmente, anche sbiancanti ottici, biocidi, ritardanti di fiamma e altre sostanze chimiche aggiunte sono responsabili dell&#8217;insorgenza del quadro clinico della pelle. I coloranti sono i prodotti chimici pi\u00f9 comunemente usati. La causa dei problemi della pelle professionale \u00e8 il contatto con determinate sostanze durante il lavoro. Colpiscono le mani e gli avambracci (prevalentemente) che sono le parti del corpo che hanno maggiori probabilit\u00e0 di entrare in contatto con la sostanza ma possono estendersi ad altre parti. La velocit\u00e0 di reazione della pelle dipende dalla concentrazione o dalla potenza della sostanza, nonch\u00e9 dalla durata e dalla frequenza del suo contatto con la pelle. In alcuni casi, gli allergeni possono causare sintomi cutanei se inalati o ingeriti. Pu\u00f2 anche accadere che il contatto della pelle con sostanze chimiche provochi sintomi allergici all&#8217;apparato respiratorio.&nbsp;&nbsp;&nbsp;<\/p>\n\n\n\n<p><a href=\"https:\/\/sdwatch.eu\/2020\/02\/impatto-ambientale-e-sociale-della-moda-rapida\/\" target=\"_blank\" rel=\"noreferrer noopener\">https:\/\/sdwatch.eu\/2020\/02\/impatto-ambientale-e-sociale-della-moda-rapida\/<\/a><\/p>\n\n\n\n<p><a href=\"https:\/\/dressthechange.org\/limpatto-ambientale-e-sociale-dellindustria-della-moda\/\" target=\"_blank\" rel=\"noreferrer noopener\">https:\/\/dressthechange.org\/limpatto-ambientale-e-sociale-dellindustria-della-moda\/<\/a><\/p>\n\n\n\n<p><a href=\"https:\/\/www.puntosicuro.it\/sicurezza-sul-lavoro-C-1\/settori-C-4\/industria-tessile-cartaria-C-22\/i-rischi-per-la-salute-nel-settore- tessile-AR-16004\" target=\"_blank\" rel=\"noreferrer noopener\">https:\/\/www.puntosicuro.it\/sicurezza-sul-lavoro-C-1\/settori-C-4\/industria-tessile-cartaria-C-22\/i-rischi-per-la-salute-nel-settore- tessile-AR-16004<\/a><\/p>\n\n\n\n<p><a href=\"https:\/\/www.businessonline.it\/articoli\/contratto-tessile-e-abbigliamento-orari-reperibilita-turni-e-riposo-lavoro-di-notte.html\" target=\"_blank\" rel=\"noreferrer noopener\">https:\/\/www.businessonline.it\/articoli\/contratto-tessile-e-abbigliamento-orari-reperibilita-turni-e-riposo-lavoro-di-notte.html<\/a><\/p>\n","protected":false},"excerpt":{"rendered":"<p>Quali sono gli impatti sociali dell&#8217;industria tessile e della moda? Impatti relativi alle condizioni di lavoro e ai diritti umani Per quanto riguarda le condizioni &hellip; <\/p>\n","protected":false},"author":2,"featured_media":0,"parent":0,"menu_order":0,"comment_status":"closed","ping_status":"closed","template":"","meta":[],"_links":{"self":[{"href":"https:\/\/www.ce-iperasmus.eu\/dashboard\/wp-json\/wp\/v2\/pages\/347"}],"collection":[{"href":"https:\/\/www.ce-iperasmus.eu\/dashboard\/wp-json\/wp\/v2\/pages"}],"about":[{"href":"https:\/\/www.ce-iperasmus.eu\/dashboard\/wp-json\/wp\/v2\/types\/page"}],"author":[{"embeddable":true,"href":"https:\/\/www.ce-iperasmus.eu\/dashboard\/wp-json\/wp\/v2\/users\/2"}],"replies":[{"embeddable":true,"href":"https:\/\/www.ce-iperasmus.eu\/dashboard\/wp-json\/wp\/v2\/comments?post=347"}],"version-history":[{"count":2,"href":"https:\/\/www.ce-iperasmus.eu\/dashboard\/wp-json\/wp\/v2\/pages\/347\/revisions"}],"predecessor-version":[{"id":358,"href":"https:\/\/www.ce-iperasmus.eu\/dashboard\/wp-json\/wp\/v2\/pages\/347\/revisions\/358"}],"wp:attachment":[{"href":"https:\/\/www.ce-iperasmus.eu\/dashboard\/wp-json\/wp\/v2\/media?parent=347"}],"curies":[{"name":"wp","href":"https:\/\/api.w.org\/{rel}","templated":true}]}}