{"id":345,"date":"2021-11-24T01:31:29","date_gmt":"2021-11-24T01:31:29","guid":{"rendered":"https:\/\/www.ce-iperasmus.eu\/dashboard\/?page_id=345"},"modified":"2022-03-27T16:17:30","modified_gmt":"2022-03-27T16:17:30","slug":"textilindustrie-auswirkungen-auf-den-lebenszyklus-sozial","status":"publish","type":"page","link":"https:\/\/www.ce-iperasmus.eu\/dashboard\/textilindustrie-auswirkungen-auf-den-lebenszyklus-sozial\/","title":{"rendered":"Textilindustrie. Auswirkungen auf den Lebenszyklus: Sozial"},"content":{"rendered":"\n<p>Welche gesellschaftlichen Auswirkungen hat die Textil- und Modeindustrie?<\/p>\n\n\n\n<p><em>Auswirkungen auf Arbeitsbedingungen und Menschenrechte<\/em><\/p>\n\n\n\n<p>In Bezug auf Arbeitsbedingungen und Menschenrechte sind die Zahlen der Textilindustrie derzeit alarmierend. Die internationale Bewegung \u00abFashion Revolution\u00bb f\u00fchrte eine Reihe von Umfragen unter den Arbeitnehmern in der Textilindustrie durch, aus denen die folgenden Daten hervorgingen: In Guangdong, China, leisten junge Frauen bis zu 150 \u00dcberstunden im Monat, 60 % von ihnen haben keinen Vertrag und 90 % haben keinen Zugang zur sozialen Sicherheit; in Bangladesch verdienen Textilarbeiterinnen 44 US-Dollar im Monat (bei einem Mindestlohn von 109 US-Dollar). Dennoch hat Fashion Revolution im Rahmen einer Umfrage bei 91 Bekleidungsmarken festgestellt, dass nur 12 % von ihnen Ma\u00dfnahmen ergriffen haben, um einen gesetzlichen Mindestlohn f\u00fcr ihre Arbeiter zu gew\u00e4hrleisten. Das Bangladesh Child Rights Forum sch\u00e4tzt, dass 7,4 Millionen bangladeschische Kinder von klein auf gezwungen werden, zu arbeiten, um ihre Familien zu unterst\u00fctzen.<\/p>\n\n\n\n<p>In Italien liegt der Durchschnittslohn f\u00fcr Textilarbeiter bei 20.040 \u20ac pro Jahr oder 10,28 \u20ac pro Stunde. Einsteiger erhalten ein Gehalt von 14 400 \u20ac pro Jahr, w\u00e4hrend erfahrene Arbeitnehmer bis zu 51 250 \u20ac pro Jahr verdienen. Der Textil- und Bekleidungsvertrag 2021 sieht eine Arbeitszeit von 40 Stunden pro Woche vor, die auf der Grundlage einer Vereinbarung mit der RSU unterschiedlich aufgeteilt wird. F\u00fcr Arbeitnehmer mit diskontinuierlichen Aufgaben betr\u00e4gt die Arbeitszeit im Durchschnitt 48 Stunden pro Woche \u00fcber einen Zeitraum von 12 Monaten, w\u00e4hrend die Arbeitszeit f\u00fcr Arbeitnehmer in 6\u00d76-Schichten 36 Stunden pro Woche betr\u00e4gt. Insgesamt darf die Wochenarbeitszeit einschlie\u00dflich der \u00dcberstunden die Grenze von 48 Stunden pro Woche und die Jahresgrenze von 96 Stunden nicht \u00fcberschreiten. F\u00fcr Schichtarbeit hat der Arbeitnehmer Anspruch auf einen Zuschlag in H\u00f6he von 1,38 % des nationalen Vertragslohns und der vom Unternehmen festgelegten zus\u00e4tzlichen Elemente, wenn er monatlich ausgezahlt wird; bei Arbeitnehmern in Schachschichten betr\u00e4gt der Zuschlag 1,64 % auf den nationalen Lohnbestandteil.&nbsp;<\/p>\n\n\n\n<p><em>Auswirkungen auf Arbeitsbedingungen und Gesundheit in der Ressourcenproduktion<\/em><\/p>\n\n\n\n<p>Stattdessen kann die Textilindustrie in Bezug auf Arbeitsbedingungen und Gesundheit in der Ressourcenproduktion die folgenden Risikopathologien aufweisen: Muskel-Skelett-Erkrankungen; Exposition gegen\u00fcber physikalischen Einwirkungen; Exposition gegen\u00fcber chemischen Risiken; Exposition gegen\u00fcber Staub und Fasern; Exposition gegen\u00fcber biologischen Mitteln; Arbeitsbedingter Stress. Dermatologische Erscheinungen, die durch den Kontakt mit Kleidung verursacht werden, werden im Allgemeinen auf Chemikalien und Farbstoffe zur\u00fcckgef\u00fchrt, die den Textilfasern bei der Herstellung und Verarbeitung zu Kleidungsst\u00fccken zugesetzt werden. Verantwortlich daf\u00fcr sind insbesondere Nebenprodukte der F\u00e4rberei und Veredelung, Metalle, Gummi und Klebstoffe. Gelegentlich sind auch optische Aufheller, Biozide, Flammschutzmittel und andere zugesetzte Chemikalien f\u00fcr das Auftreten des Krankheitsbildes der Haut verantwortlich. Farbstoffe sind die am h\u00e4ufigsten verwendeten Chemikalien. Die Ursache f\u00fcr berufliche Hautprobleme ist der Kontakt mit bestimmten Stoffen w\u00e4hrend der Arbeit. Sie betreffen vorzugsweise die H\u00e4nde und Unterarme, also die K\u00f6rperteile, die am ehesten mit der Substanz in Ber\u00fchrung kommen, k\u00f6nnen sich aber auch auf andere Teile ausdehnen. Wie schnell die Haut reagiert, h\u00e4ngt von der Konzentration oder Potenz der Substanz sowie von der Dauer und H\u00e4ufigkeit des Kontakts mit der Haut ab. In einigen F\u00e4llen k\u00f6nnen Allergene Hautsymptome hervorrufen, wenn sie eingeatmet oder verschluckt werden. Es kann auch vorkommen, dass der Hautkontakt mit Chemikalien zu allergischen Symptomen in den Atemwegen f\u00fchrt.<\/p>\n","protected":false},"excerpt":{"rendered":"<p>Welche gesellschaftlichen Auswirkungen hat die Textil- und Modeindustrie? Auswirkungen auf Arbeitsbedingungen und Menschenrechte In Bezug auf Arbeitsbedingungen und Menschenrechte sind die Zahlen der Textilindustrie derzeit &hellip; <\/p>\n","protected":false},"author":2,"featured_media":0,"parent":0,"menu_order":0,"comment_status":"closed","ping_status":"closed","template":"","meta":[],"_links":{"self":[{"href":"https:\/\/www.ce-iperasmus.eu\/dashboard\/wp-json\/wp\/v2\/pages\/345"}],"collection":[{"href":"https:\/\/www.ce-iperasmus.eu\/dashboard\/wp-json\/wp\/v2\/pages"}],"about":[{"href":"https:\/\/www.ce-iperasmus.eu\/dashboard\/wp-json\/wp\/v2\/types\/page"}],"author":[{"embeddable":true,"href":"https:\/\/www.ce-iperasmus.eu\/dashboard\/wp-json\/wp\/v2\/users\/2"}],"replies":[{"embeddable":true,"href":"https:\/\/www.ce-iperasmus.eu\/dashboard\/wp-json\/wp\/v2\/comments?post=345"}],"version-history":[{"count":1,"href":"https:\/\/www.ce-iperasmus.eu\/dashboard\/wp-json\/wp\/v2\/pages\/345\/revisions"}],"predecessor-version":[{"id":346,"href":"https:\/\/www.ce-iperasmus.eu\/dashboard\/wp-json\/wp\/v2\/pages\/345\/revisions\/346"}],"wp:attachment":[{"href":"https:\/\/www.ce-iperasmus.eu\/dashboard\/wp-json\/wp\/v2\/media?parent=345"}],"curies":[{"name":"wp","href":"https:\/\/api.w.org\/{rel}","templated":true}]}}