{"id":341,"date":"2021-11-24T01:15:09","date_gmt":"2021-11-24T01:15:09","guid":{"rendered":"https:\/\/www.ce-iperasmus.eu\/dashboard\/?page_id=341"},"modified":"2022-04-01T17:01:04","modified_gmt":"2022-04-01T17:01:04","slug":"industria-textil-impactos-del-ciclo-de-vida-medioambientales","status":"publish","type":"page","link":"https:\/\/www.ce-iperasmus.eu\/dashboard\/industria-textil-impactos-del-ciclo-de-vida-medioambientales\/","title":{"rendered":"Industria Textil. Impactos del ciclo de vida: medioambientales"},"content":{"rendered":"\n<p>Se consider\u00f3 que la industria de la moda estaba excepcionalmente preparada para encabezar una iniciativa de este tipo, un sector en el que las empresas pod\u00edan colaborar en intereses compartidos y donde las acciones pod\u00edan tener la escala y el impacto necesarios.&nbsp;Sin duda, la moda es una industria con tremenda influencia.&nbsp;En las \u00faltimas d\u00e9cadas, la moda ha experimentado un crecimiento significativo, y los ingresos mundiales de la confecci\u00f3n se duplicaron de 2001 a 2019.<\/p>\n\n\n\n<ol type=\"1\"><li>En la actualidad, la industria emplea a m\u00e1s de 75 millones de personas en todo el mundo, generando 1,5 billones de euros al a\u00f1o en ingresos.&nbsp;Se espera que ese crecimiento contin\u00fae a una tasa anual compuesta del 7 % hasta 2024, incluso corrigiendo la inestabilidad econ\u00f3mica causada por la pandemia.&nbsp;<\/li><li>La industria de la moda tambi\u00e9n sigue teniendo una influencia cultural insuperable.&nbsp;<\/li><li>Como colectivo, est\u00e1 formado por marcas que forman parte de la vida diaria de miles de millones de personas.&nbsp;Durante la \u00faltima d\u00e9cada,&nbsp;La sostenibilidad se ha convertido en una preocupaci\u00f3n creciente dentro de la industria, impulsada por consumidores conscientes, la amenaza de interrupci\u00f3n de la cadena de suministro y las expectativas regulatorias.&nbsp;<\/li><li>Como tal, ya existen muchas iniciativas de sostenibilidad innovadoras y efectivas dentro de la industria.&nbsp;Sin embargo, dada la naturaleza fragmentada de la cadena de valor de la moda, es un tema incre\u00edblemente complejo para que una sola entidad o empresa de moda individual lo gestione por completo.&nbsp;Muchas marcas y empresas han tomado medidas significativas: desde la definici\u00f3n de objetivos de sostenibilidad personalizados hasta el aumento de la trazabilidad de la cadena de suministro de sus productos, pasando por la inversi\u00f3n en transparencia y educaci\u00f3n del consumidor.&nbsp;Al mismo tiempo, las fundaciones, las incubadoras, han ayudado a desarrollar y promover m\u00e9todos de fabricaci\u00f3n alternativos y nuevos marcos econ\u00f3micos como la circularidad.<\/li><\/ol>\n\n\n\n<p>Sabemos que es posible una industria de la moda sustancialmente m\u00e1s sostenible, pero reconocemos que los problemas ambientales y sociales no pueden ser resueltos por ninguna marca por s\u00ed sola.&nbsp;Para reducir nuestro impacto ambiental en la magnitud requerida, la colaboraci\u00f3n ser\u00e1 fundamental.&nbsp;Y la colaboraci\u00f3n debe involucrar a representantes de todo el ecosistema de la moda.&nbsp;Necesitamos marcas, minoristas, fuentes, proveedores y fabricantes que trabajen en conjunto en torno a objetivos y metas claramente acordados.&nbsp;En una palabra, nuestros esfuerzos de sostenibilidad deben ser colectivos.&nbsp;La visi\u00f3n es: impulsar una inversi\u00f3n masiva y la adopci\u00f3n de formas de hacer negocios con bajas emisiones de carbono, respetuosas con la biodiversidad y conscientes de los oc\u00e9anos en todo el mundo de la moda.<\/p>\n\n\n\n<p><strong>\u00bfCu\u00e1l es el impacto de la producci\u00f3n textil y la industria de residuos en el medio ambiente?<\/strong><\/p>\n\n\n\n<p>La moda r\u00e1pida, que permite la disponibilidad constante de nuevos estilos a precios muy bajos, ha provocado un fuerte aumento en la cantidad de ropa producida, utilizada y luego desechada.<\/p>\n\n\n\n<p>Para abordar el impacto ambiental de las industrias, la UE tiene la intenci\u00f3n de acelerar la transici\u00f3n a una econom\u00eda circular. En marzo de 2020, la Comisi\u00f3n adopt\u00f3 un nuevo Plan de Acci\u00f3n para la Econom\u00eda Circular, que incluye una estrategia textil de la UE, con el objetivo de desarrollar la innovaci\u00f3n y promover la reutilizaci\u00f3n en el sector.&nbsp;En febrero de 2021, el Parlamento Europeo vot\u00f3 a favor del nuevo Plan de Acci\u00f3n de Econom\u00eda Circular, en el que pidi\u00f3 medidas adicionales para lograr una econom\u00eda totalmente circular, libre de t\u00f3xicos y sin emisiones de carbono para 2050. Tambi\u00e9n se incluyen normas de reciclaje m\u00e1s estrictas y objetivos vinculantes para 2030. sobre el uso de materiales y la huella de carbono.<br><br>Los impactos ambientales m\u00e1s importantes de la industria textil se describen a continuaci\u00f3n:<\/p>\n\n\n\n<p><strong>Consumo de agua<\/strong><\/p>\n\n\n\n<p>La producci\u00f3n textil necesita usar mucha agua, sin mencionar el uso de la tierra utilizada para cultivar algod\u00f3n y otras fibras.&nbsp;Se estima que la industria textil y de la confecci\u00f3n utiliz\u00f3 un total de 79 000 millones de metros c\u00fabicos de agua en 2015, mientras que las necesidades de toda la econom\u00eda de la UE ascendieron a 266 000 millones de metros c\u00fabicos en 2017. Algunas estimaciones sugieren que se necesitan 2 700 litros de agua dulce para hacer una sola camiseta de algod\u00f3n, un volumen igual al que necesitar\u00eda beber una persona en 2,5 a\u00f1os.<\/p>\n\n\n\n<p><strong>La contaminaci\u00f3n del agua<\/strong><\/p>\n\n\n\n<p>Se estima que la producci\u00f3n textil es responsable de alrededor del 20 % de la contaminaci\u00f3n global del agua potable debido a los diversos procesos a los que se someten los productos, como el te\u00f1ido y el acabado, y que el lavado de prendas sint\u00e9ticas libera 0,5 millones de toneladas de microfibras al mar cada a\u00f1o.<\/p>\n\n\n\n<p>El lavado de prendas sint\u00e9ticas representa el 35 % de la liberaci\u00f3n de micropl\u00e1sticos primarios al medio ambiente.&nbsp;Una sola carga de ropa de poli\u00e9ster puede resultar en la liberaci\u00f3n de 700.000 fibras micropl\u00e1sticas que pueden terminar en la cadena alimentaria.<\/p>\n\n\n\n<p><strong>Emisiones de gases de efecto invernadero<\/strong><\/p>\n\n\n\n<p>Se estima que la industria de la moda es responsable del 10 % de las emisiones globales de carbono, m\u00e1s que el total de todos los vuelos y env\u00edos internacionales combinados.<\/p>\n\n\n\n<p>Seg\u00fan la Agencia Europea de Medio Ambiente, las compras de textiles en la UE en 2017 generaron alrededor de 654 kg de emisiones de CO2 por persona.<\/p>\n\n\n\n<p><strong>Residuos textiles en vertederos<\/strong><\/p>\n\n\n\n<p>La forma en que las personas desechan la ropa que ya no quieren tener en sus hogares tambi\u00e9n ha cambiado: muchas prendas se desechan en lugar de ser donadas.<\/p>\n\n\n\n<p>Desde 1996, la cantidad de ropa comprada por persona en la UE ha aumentado en un 40 % debido a una ca\u00edda repentina de los precios.&nbsp;Esto ha llevado a una reducci\u00f3n en el ciclo de vida de los productos textiles: los ciudadanos europeos consumen casi 26 kg de textiles cada a\u00f1o y eliminan alrededor de 11 kg.&nbsp;La ropa usada puede exportarse fuera de la UE, pero la mayor\u00eda se incinera o se deposita en vertederos (87 %).<\/p>\n\n\n\n<p>A nivel mundial, menos del 1 % de las prendas se recicla como ropa, en parte debido a la tecnolog\u00eda inadecuada.<a href=\"https:\/\/thefashionpact.org\/wp-content\/uploads\/2020\/10\/038906e111abca13dce4c77d419e4f21.pdf\">https:\/\/thefashionpact.org\/wp-content\/uploads\/2020\/10\/038906e111abca13dce4c77d419e4f21.pdf&nbsp;<\/a><a href=\"https:\/\/www.europarl.europa.eu\/news\/en\/headlines\/society\/20201208STO93327\/the-impact-of-textile-production-and-waste-on-the-environment-infographic\">https:\/\/www.europarl.europa.eu\/news\/en\/headlines\/society\/20201208STO93327\/the-impact-of-textile infograf\u00eda de producci\u00f3n y desperdicio en el medio ambiente<\/a><\/p>\n","protected":false},"excerpt":{"rendered":"<p>Se consider\u00f3 que la industria de la moda estaba excepcionalmente preparada para encabezar una iniciativa de este tipo, un sector en el que las empresas &hellip; <\/p>\n","protected":false},"author":2,"featured_media":0,"parent":0,"menu_order":0,"comment_status":"closed","ping_status":"closed","template":"","meta":[],"_links":{"self":[{"href":"https:\/\/www.ce-iperasmus.eu\/dashboard\/wp-json\/wp\/v2\/pages\/341"}],"collection":[{"href":"https:\/\/www.ce-iperasmus.eu\/dashboard\/wp-json\/wp\/v2\/pages"}],"about":[{"href":"https:\/\/www.ce-iperasmus.eu\/dashboard\/wp-json\/wp\/v2\/types\/page"}],"author":[{"embeddable":true,"href":"https:\/\/www.ce-iperasmus.eu\/dashboard\/wp-json\/wp\/v2\/users\/2"}],"replies":[{"embeddable":true,"href":"https:\/\/www.ce-iperasmus.eu\/dashboard\/wp-json\/wp\/v2\/comments?post=341"}],"version-history":[{"count":1,"href":"https:\/\/www.ce-iperasmus.eu\/dashboard\/wp-json\/wp\/v2\/pages\/341\/revisions"}],"predecessor-version":[{"id":342,"href":"https:\/\/www.ce-iperasmus.eu\/dashboard\/wp-json\/wp\/v2\/pages\/341\/revisions\/342"}],"wp:attachment":[{"href":"https:\/\/www.ce-iperasmus.eu\/dashboard\/wp-json\/wp\/v2\/media?parent=341"}],"curies":[{"name":"wp","href":"https:\/\/api.w.org\/{rel}","templated":true}]}}