{"id":330,"date":"2021-11-24T01:08:48","date_gmt":"2021-11-24T01:08:48","guid":{"rendered":"https:\/\/www.ce-iperasmus.eu\/dashboard\/?page_id=330"},"modified":"2022-05-26T14:50:23","modified_gmt":"2022-05-26T14:50:23","slug":"textilindustrie-auswirkungen-auf-den-lebenszyklus-umwelt","status":"publish","type":"page","link":"https:\/\/www.ce-iperasmus.eu\/dashboard\/textilindustrie-auswirkungen-auf-den-lebenszyklus-umwelt\/","title":{"rendered":"Textilindustrie. Auswirkungen auf den Lebenszyklus: Umwelt"},"content":{"rendered":"\n<p>Die Modeindustrie wurde als besonders geeignet angesehen, eine solche Initiative anzuf\u00fchren &#8211; ein Sektor, in dem Unternehmen bei gemeinsamen Interessen zusammenarbeiten k\u00f6nnen und in dem Ma\u00dfnahmen die erforderliche Gr\u00f6\u00dfe und Wirkung haben k\u00f6nnen. Ohne Zweifel ist Mode eine Branche mit enormem Einfluss. In den letzten Jahrzehnten ist die Modebranche stark gewachsen, wobei sich die weltweiten Ums\u00e4tze mit Bekleidung von 2001 bis 2019 verdoppelt haben. Heute besch\u00e4ftigt die Branche weltweit \u00fcber 75 Millionen Menschen und erwirtschaftet einen Jahresumsatz von 1,5 Billionen EUR. Es wird erwartet, dass sich dieses Wachstum bis 2024 mit einer durchschnittlichen j\u00e4hrlichen Rate von 7 % fortsetzt und sogar die durch die Pandemie verursachte wirtschaftliche Instabilit\u00e4t korrigiert. Au\u00dferdem hat die Modebranche nach wie vor einen un\u00fcbertroffenen kulturellen Einfluss. Als Kollektiv besteht es aus Marken, die Teil des t\u00e4glichen Lebens von Milliarden Menschen sind. W\u00e4hrend des letzten Jahrzehnts ist Nachhaltigkeit in der Branche zu einem wachsenden Anliegen geworden, angetrieben durch bewusste Verbraucher, die Gefahr einer Unterbrechung der Lieferkette und regulatorische Erwartungen. Es gibt bereits viele innovative und wirksame Nachhaltigkeitsinitiativen in der Branche. Angesichts der fragmentierten Natur der Mode-Wertsch\u00f6pfungskette ist es jedoch ein unglaublich komplexes Thema, das ein einzelnes Unternehmen oder ein einzelnes Modeunternehmen vollst\u00e4ndig verwalten muss. Viele Marken und Unternehmen haben sinnvolle Schritte unternommen: von der Definition ma\u00dfgeschneiderter Nachhaltigkeitsziele, \u00fcber die Verbesserung der R\u00fcckverfolgbarkeit der Lieferkette f\u00fcr ihre Produkte, bis hin zu Investitionen in Transparenz und Verbraucheraufkl\u00e4rung. Gleichzeitig haben Stiftungen und Inkubatoren dazu beigetragen, alternative Herstellungsmethoden und neue wirtschaftliche Rahmenbedingungen wie Zirkularit\u00e4t zu entwickeln und zu f\u00f6rdern.<\/p>\n\n\n\n<p>Wir wissen, dass eine wesentlich nachhaltigere Modebranche m\u00f6glich ist \u2013 aber wir wissen, dass \u00f6kologische und soziale Probleme nicht von jeder Marke allein gel\u00f6st werden k\u00f6nnen. Um unsere Umweltauswirkungen im erforderlichen Ausma\u00df zu reduzieren, wird die Zusammenarbeit von entscheidender Bedeutung sein. Und die Zusammenarbeit muss Vertreter aus dem gesamten Mode-\u00d6kosystem einbeziehen. Wir brauchen Marken, Einzelh\u00e4ndler, Quellen, Lieferanten und Hersteller, die an klar vereinbarten Zielen und Vorgaben zusammenarbeiten. Kurzum, unsere Nachhaltigkeitsbem\u00fchungen m\u00fcssen kollektiv sein. Die Vision ist: massive Investitionen und die Einf\u00fchrung von CO2-armen, biodiversit\u00e4tsfreundlichen und ozeanbewussten Gesch\u00e4ftsmethoden in der gesamten Modebranche voranzutreiben.<\/p>\n\n\n\n<p><strong>Welche Auswirkungen hat die Textilproduktion und die Abfallwirtschaft auf die Umwelt?<\/strong><\/p>\n\n\n\n<p>Fast Fashion, die eine st\u00e4ndige Verf\u00fcgbarkeit neuer Styles zu sehr niedrigen Preisen erm\u00f6glicht, hat zu einem starken Anstieg der produzierten, gebrauchten und dann weggeworfenen Kleidung gef\u00fchrt.<\/p>\n\n\n\n<p>Um den Umweltauswirkungen der Industrie zu begegnen, beabsichtigt die EU, den \u00dcbergang zu einer Kreislaufwirtschaft zu beschleunigen.<\/p>\n\n\n\n<p>Im M\u00e4rz 2020 verabschiedete die Kommission einen neuen Aktionsplan f\u00fcr die Kreislaufwirtschaft, einschlie\u00dflich einer EU-Textilstrategie, mit dem Ziel, Innovationen zu entwickeln und die Wiederverwendung in der Branche zu f\u00f6rdern. Im Februar 2021 hat das Europ\u00e4ische Parlament f\u00fcr den neuen Aktionsplan f\u00fcr die Kreislaufwirtschaft gestimmt, der zus\u00e4tzliche Ma\u00dfnahmen fordert, um bis 2050 eine klimaneutrale, umweltvertr\u00e4gliche, schadstofffreie und vollst\u00e4ndige Kreislaufwirtschaft zu erreichen. Ebenfalls enthalten sind strengere Recyclingstandards und verbindliche Ziele f\u00fcr 2030 zum Materialverbrauch und zum CO2-Fu\u00dfabdruck.<\/p>\n\n\n\n<p>Nachfolgend werden die wichtigsten Umweltauswirkungen der Textilindustrie beschrieben:<\/p>\n\n\n\n<p><em>Wasserverbrauch<\/em><\/p>\n\n\n\n<p>Die Textilproduktion verbraucht viel Wasser, ganz zu schweigen von der Landnutzung f\u00fcr den Anbau von Baumwolle und anderen Fasern. Sch\u00e4tzungen zufolge verbrauchte die Textil- und Bekleidungsindustrie 2015 insgesamt 79 Milliarden Kubikmeter Wasser, w\u00e4hrend sich der Bedarf der gesamten EU-Wirtschaft 2017 auf 266 Milliarden Kubikmeter belief. Einigen Sch\u00e4tzungen zufolge werden f\u00fcr die Herstellung eines einzigen Baumwoll-T-Shirts 2.700 Liter S\u00fc\u00dfwasser ben\u00f6tigt, eine Menge, die dem Trinkbedarf eines Menschen in 2,5 Jahren entspricht.<\/p>\n\n\n\n<p><em>Wasserverschmutzung<\/em><\/p>\n\n\n\n<p>Es wird gesch\u00e4tzt, dass die Textilproduktion aufgrund der verschiedenen Prozesse, die die Produkte durchlaufen, wie F\u00e4rben und Veredeln, f\u00fcr etwa 20 % der weltweiten Trinkwasserverschmutzung verantwortlich ist, und dass beim Waschen synthetischer Kleidungsst\u00fccke jedes Jahr 0,5 Millionen Tonnen Mikrofasern ins Meer gelangen.<\/p>\n\n\n\n<p>Das Waschen von synthetischer Kleidung macht 35 % der Freisetzung von prim\u00e4rem Mikroplastik in die Umwelt aus. Eine einzige Ladung Polyester-Bekleidungsw\u00e4sche kann zur Freisetzung von 700.000 Mikroplastikfasern f\u00fchren, die in die Nahrungskette gelangen k\u00f6nnen.<\/p>\n\n\n\n<p><em>Treibhausgasemissionen<\/em><\/p>\n\n\n\n<p>Sch\u00e4tzungen zufolge ist die Modeindustrie f\u00fcr 10 % der weltweiten CO2-Emissionen verantwortlich, mehr als die Summe aller internationalen Fl\u00fcge und Schifffahrt zusammen.<\/p>\n\n\n\n<p>Laut der Europ\u00e4ischen Umweltagentur verursachten Textilk\u00e4ufe in der EU im Jahr 2017 etwa 654 kg CO2-Emissionen pro Person.<\/p>\n\n\n\n<p><em>Textilabf\u00e4lle auf Deponien<\/em><\/p>\n\n\n\n<p>Auch die Art und Weise, wie Menschen Kleidung entsorgen, die sie nicht mehr zu Hause behalten m\u00f6chten, hat sich ge\u00e4ndert: Viele Kleidungsst\u00fccke werden weggeworfen statt gespendet.<\/p>\n\n\n\n<p>Seit 1996 ist die Menge der pro Person gekauften Kleidung in der EU aufgrund eines pl\u00f6tzlichen Preisverfalls um 40 % gestiegen. Dies hat zu einer Verk\u00fcrzung des Lebenszyklus von Textilprodukten gef\u00fchrt: Die europ\u00e4ischen B\u00fcrger verbrauchen j\u00e4hrlich fast 26 kg Textilien und entsorgen rund 11 kg. Gebrauchte Kleidung kann au\u00dferhalb der EU exportiert werden, aber die meisten werden verbrannt oder deponiert (87%). Weltweit werden weniger als 1 % der Kleidungsst\u00fccke als Kleidung recycelt, teilweise aufgrund unzureichender Technologie.<\/p>\n","protected":false},"excerpt":{"rendered":"<p>Die Modeindustrie wurde als besonders geeignet angesehen, eine solche Initiative anzuf\u00fchren &#8211; ein Sektor, in dem Unternehmen bei gemeinsamen Interessen zusammenarbeiten k\u00f6nnen und in dem &hellip; <\/p>\n","protected":false},"author":2,"featured_media":0,"parent":0,"menu_order":0,"comment_status":"closed","ping_status":"closed","template":"","meta":[],"_links":{"self":[{"href":"https:\/\/www.ce-iperasmus.eu\/dashboard\/wp-json\/wp\/v2\/pages\/330"}],"collection":[{"href":"https:\/\/www.ce-iperasmus.eu\/dashboard\/wp-json\/wp\/v2\/pages"}],"about":[{"href":"https:\/\/www.ce-iperasmus.eu\/dashboard\/wp-json\/wp\/v2\/types\/page"}],"author":[{"embeddable":true,"href":"https:\/\/www.ce-iperasmus.eu\/dashboard\/wp-json\/wp\/v2\/users\/2"}],"replies":[{"embeddable":true,"href":"https:\/\/www.ce-iperasmus.eu\/dashboard\/wp-json\/wp\/v2\/comments?post=330"}],"version-history":[{"count":2,"href":"https:\/\/www.ce-iperasmus.eu\/dashboard\/wp-json\/wp\/v2\/pages\/330\/revisions"}],"predecessor-version":[{"id":1444,"href":"https:\/\/www.ce-iperasmus.eu\/dashboard\/wp-json\/wp\/v2\/pages\/330\/revisions\/1444"}],"wp:attachment":[{"href":"https:\/\/www.ce-iperasmus.eu\/dashboard\/wp-json\/wp\/v2\/media?parent=330"}],"curies":[{"name":"wp","href":"https:\/\/api.w.org\/{rel}","templated":true}]}}