{"id":320,"date":"2021-11-24T01:03:09","date_gmt":"2021-11-24T01:03:09","guid":{"rendered":"https:\/\/www.ce-iperasmus.eu\/dashboard\/?page_id=320"},"modified":"2022-03-27T11:00:17","modified_gmt":"2022-03-27T11:00:17","slug":"introduccion-a-la-industria-textil","status":"publish","type":"page","link":"https:\/\/www.ce-iperasmus.eu\/dashboard\/introduccion-a-la-industria-textil\/","title":{"rendered":"Introducci\u00f3n a la Industria Textil"},"content":{"rendered":"\n<p>La industria textil es uno de los sectores industriales m\u00e1s importantes del mundo.&nbsp;La industria textil de la UE sigue siendo una industria basada en las PYME.&nbsp;El ciclo de vida de los textiles incluye la adquisici\u00f3n de materias primas, la producci\u00f3n de tejidos, la confecci\u00f3n de prendas, el transporte, el uso, el final de la vida \u00fatil: eliminaci\u00f3n, reutilizaci\u00f3n, reciclaje, valorizaci\u00f3n.&nbsp;Debido a la gran cantidad de productos que se fabrican, usan y eliminan en todo el mundo, la industria textil tiene un gran impacto ambiental y social.<\/p>\n\n\n\n<p><strong><u>\u00bfQu\u00e9 incluye el sector textil?<\/u><\/strong><\/p>\n\n\n\n<p>El sector textil es un sector muy amplio e incluye todo el ciclo de vida de los art\u00edculos fabricados con textiles.&nbsp;Esto incluye el cultivo de fibras naturales, la fabricaci\u00f3n de fibras sint\u00e9ticas, la preparaci\u00f3n e hilado de fibras textiles, as\u00ed como el tejido y acabado de tejidos.&nbsp;Adem\u00e1s, la ropa, la fabricaci\u00f3n de art\u00edculos textiles confeccionados, la fabricaci\u00f3n de cuero y productos afines, la fabricaci\u00f3n de art\u00edculos de piel, etc. se incluyen en el sector textil.&nbsp;<br>Asimismo, la recogida, recuperaci\u00f3n, reciclaje y valorizaci\u00f3n de los residuos textiles y todas las operaciones relacionadas con ellos forman parte del sector textil.<\/p>\n\n\n\n<p><strong><u>\u00bfCu\u00e1l es la importancia de la industria textil en la UE?<\/u><\/strong><\/p>\n\n\n\n<p>La industria textil es un sector muy diverso que juega un papel importante en la industria manufacturera europea y especialmente en la econom\u00eda y el bienestar en muchas regiones de Europa.<\/p>\n\n\n\n<p>Hay 185 000 empresas que emplean a 1,7 millones de personas (el 6 % del sector manufacturero europeo) que generan una facturaci\u00f3n de 166 000 millones de euros.&nbsp;El sector en la UE se basa principalmente en empresas de tama\u00f1o muy peque\u00f1o y peque\u00f1o de menos de 50 empleados.<\/p>\n\n\n\n<p><strong><u>\u00bfCu\u00e1l es el ciclo de vida de un producto o servicio?<\/u><\/strong><\/p>\n\n\n\n<p>El ciclo de vida son las&nbsp;<em>etapas consecutivas e interrelacionadas de un sistema de producto (o servicio), desde la adquisici\u00f3n o generaci\u00f3n de materia prima a partir de los recursos naturales hasta la disposici\u00f3n final.&nbsp;Las etapas del ciclo de vida incluyen la adquisici\u00f3n de materias primas, dise\u00f1o, producci\u00f3n, transporte \/ entrega, uso, tratamiento al final de su vida \u00fatil y disposici\u00f3n final<\/em>&nbsp;&#8216;.&nbsp;(ISO 14001).<\/p>\n\n\n\n<p>El ciclo de vida de los textiles incluye la adquisici\u00f3n de materias primas, la producci\u00f3n de tejidos, la fabricaci\u00f3n de prendas, el transporte, el uso y la etapa de final de vida: eliminaci\u00f3n, reutilizaci\u00f3n, reciclaje o valorizaci\u00f3n.<\/p>\n\n\n\n<p><strong><u>\u00bfQu\u00e9 es una evaluaci\u00f3n del ciclo de vida de un producto?<\/u><\/strong><\/p>\n\n\n\n<p>La evaluaci\u00f3n del ciclo de vida es una t\u00e9cnica de an\u00e1lisis basada en la evaluaci\u00f3n de los impactos ambientales y \/ o sociales asociados con todas las etapas del ciclo de vida de un producto, que va desde la extracci\u00f3n de la materia prima hasta el procesamiento, fabricaci\u00f3n, distribuci\u00f3n, uso y disposici\u00f3n dise\u00f1ada como de la cuna a la tumba (econom\u00eda lineal) o de la cuna a la cuna (econom\u00eda circular).<\/p>\n\n\n\n<p>La evaluaci\u00f3n del ciclo de vida ambiental a trav\u00e9s de inventarios de energ\u00eda y materia utilizados durante el ciclo de vida del producto calcula las emisiones, vertidos y residuos producidos y transforma los resultados en impactos ambientales.&nbsp;Esto proporciona una comprensi\u00f3n del perfil ambiental de un producto.<\/p>\n\n\n\n<p>El ciclo de vida social calcula los impactos sociales relacionados con el ciclo de vida del producto, para obtener el perfil social del producto.<\/p>\n\n\n\n<p>Con los resultados anteriores, y utilizando protocolos y m\u00e9todos adecuados, se puede obtener el perfil de sostenibilidad de un producto o servicio.<\/p>\n\n\n\n<p><strong><u>\u00bfQu\u00e9 significa \u201cimpacto ambiental\u201d e \u201cimpacto social\u201d?<\/u><\/strong><\/p>\n\n\n\n<p>El impacto ambiental es el resultado de una variaci\u00f3n en las condiciones ambientales causada por cualquier actividad natural o humana.<\/p>\n\n\n\n<p>La huella medioambiental de la UE (EF3.0 v1.0) utiliza las siguientes categor\u00edas de impacto medioambiental:<\/p>\n\n\n\n<p>\u2022 Cambio clim\u00e1tico (CO2 equivalente).<\/p>\n\n\n\n<p>\u2022 Agotamiento de la capa de ozono.<\/p>\n\n\n\n<p>\u2022 Radiaci\u00f3n ionizante.<\/p>\n\n\n\n<p>\u2022 Formaci\u00f3n de ozono fotoqu\u00edmico.<\/p>\n\n\n\n<p>\u2022 Materias particuladas.<\/p>\n\n\n\n<p>\u2022 Toxicidad humana, no cancerosa.<\/p>\n\n\n\n<p>\u2022 Toxicidad humana, c\u00e1ncer.<\/p>\n\n\n\n<p>\u2022 Acidificaci\u00f3n.<\/p>\n\n\n\n<p>\u2022 Eutrofizaci\u00f3n de agua dulce.<\/p>\n\n\n\n<p>\u2022 Eutrofizaci\u00f3n marina.<\/p>\n\n\n\n<p>\u2022 Eutrofizaci\u00f3n terrestre.<\/p>\n\n\n\n<p>\u2022 Ecotoxicidad del agua dulce.<\/p>\n\n\n\n<p>\u2022 Uso del suelo.<\/p>\n\n\n\n<p>\u2022 Uso del agua.<\/p>\n\n\n\n<p>\u2022 Uso de recursos, f\u00f3siles.<\/p>\n\n\n\n<p>\u2022 Uso de recursos, minerales y metales.<\/p>\n\n\n\n<p>Un impacto social es una forma de medir la contribuci\u00f3n sobre los aspectos sociales y sociol\u00f3gicos asociados al ciclo de vida de un producto o servicio para el bienestar de las personas.<\/p>\n\n\n\n<p>&nbsp;La evaluaci\u00f3n del ciclo de vida social eval\u00faa el impacto social dentro de las siguientes categor\u00edas:<\/p>\n\n\n\n<p>\u2022 Derechos laborales y trabajo decente.<\/p>\n\n\n\n<p>\u2022 Salud y seguridad.<\/p>\n\n\n\n<p>\u2022 Derechos humanos.<\/p>\n\n\n\n<p>\u2022 Gobernanza.<\/p>\n\n\n\n<p>\u2022 Infraestructura comunitaria.<\/p>\n\n\n\n<p>En este sentido, en cuanto a la medici\u00f3n de impactos sociales en la cadena de suministro, la Evaluaci\u00f3n del Ciclo de Vida Social (SLCA) es una. Para medir los impactos ambientales y sociales de la industria textil existen varias herramientas y m\u00e9todos.&nbsp;<\/p>\n\n\n\n<p>Las herramientas y m\u00e9todos m\u00e1s relevantes que se utilizan hoy en d\u00eda para medir los impactos ambientales son la Evaluaci\u00f3n del ciclo de vida (LCA) y las huellas.&nbsp;Centr\u00e1ndonos en los impactos ambientales, para la Comisi\u00f3n Europea (2003) la metodolog\u00eda LCA es la metodolog\u00eda m\u00e1s adecuada para medir los impactos ambientales a lo largo de las cadenas de suministro, desde la extracci\u00f3n de las materias primas hasta su disposici\u00f3n final.&nbsp;La Organizaci\u00f3n Internacional de Normalizaci\u00f3n lo ha estandarizado en las normas ISO 14040 y de los m\u00e9todos m\u00e1s aplicados en la literatura acad\u00e9mica.&nbsp;<\/p>\n\n\n\n<p>El Grupo de Investigaci\u00f3n SoGReS-MF, en el marco del Proyecto SMART H2020, propone un Marco de Evaluaci\u00f3n de la Sostenibilidad (SAF) a lo largo de la cadena de suministro.&nbsp;(Para obtener informaci\u00f3n m\u00e1s detallada sobre la aplicaci\u00f3n de SAF y sus principales resultados, consulte el siguiente&nbsp;<a href=\"https:\/\/www.smart.uio.no\/publications\/reports\/d5.6.v3_final.pdf\">Informe<\/a>&nbsp;)&nbsp;<\/p>\n\n\n\n<p>Comisi\u00f3n Europea (2021): Mercado Interior, Industria, Emprendimiento y Pymes.&nbsp;Textiles y confecci\u00f3n en la UE.&nbsp;Disponible en:&nbsp;&nbsp;<a href=\"https:\/\/ec.europa.eu\/growth\/sectors\/fashion\/textiles-clothing\/eu_en\">https:\/\/ec.europa.eu\/growth\/sectors\/fashion\/textiles-clothing\/eu_en<\/a><\/p>\n\n\n\n<p>Comisi\u00f3n Europea.&nbsp;2016. \u201cGu\u00eda piloto de la huella ambiental del producto para la implementaci\u00f3n de la huella ambiental del producto (PEF) de la UE durante la fase piloto de la huella ambiental (EF)\u201d.&nbsp;Versi\u00f3n 5.2 &#8211; Febrero de 2016. Disponible en:&nbsp;&nbsp;<a href=\"http:\/\/ec.europa.eu\/environment\/eussd\/smgp\/pdf\/Guidance_products.pdf\">http:\/\/ec.europa.eu\/environment\/eussd\/smgp\/pdf\/Guidance_products.pdf<\/a><\/p>\n\n\n\n<p>Mu\u00f1oz-Torres, MJ, Fernandez-Izquierdo, MA, Rivera-Lirio, JM, Ferrero-Ferrero, I., Escrig-Olmedo, E., Gisbert-Navarro, JV (2017).&nbsp;D5.2 Lista de mejores pr\u00e1cticas y KPI del ciclo de vida de los productos textiles.&nbsp;Informe p\u00fablico, Proyecto SMART H2020.&nbsp;Disponible en:&nbsp;<a href=\"https:\/\/ec.europa.eu\/research\/participants\/documents\/downloadPublic?documentIds=080166e5bd4e507d&amp;appId=PPGMS\">https:\/\/ec.europa.eu\/research\/participants\/documents\/downloadPublic?documentIds=080166e5bd4e507d&amp;appId=PPGMS<\/a>&nbsp; UNEP-SETAC (2009).&nbsp;Directrices para la evaluaci\u00f3n del ciclo de vida social de los productos.&nbsp;Disponible en:&nbsp;<a href=\"https:\/\/www.lifecycleinitiative.org\/starting-life-cycle-thinking\/life-cycle-approaches\/social-lca\/\">https:\/\/www.lifecycleinitiative.org\/starting-life-cycle-thinking\/life-cycle-approaches\/social-lca\/<\/a><\/p>\n","protected":false},"excerpt":{"rendered":"<p>La industria textil es uno de los sectores industriales m\u00e1s importantes del mundo.&nbsp;La industria textil de la UE sigue siendo una industria basada en las &hellip; <\/p>\n","protected":false},"author":2,"featured_media":0,"parent":0,"menu_order":0,"comment_status":"closed","ping_status":"closed","template":"","meta":[],"_links":{"self":[{"href":"https:\/\/www.ce-iperasmus.eu\/dashboard\/wp-json\/wp\/v2\/pages\/320"}],"collection":[{"href":"https:\/\/www.ce-iperasmus.eu\/dashboard\/wp-json\/wp\/v2\/pages"}],"about":[{"href":"https:\/\/www.ce-iperasmus.eu\/dashboard\/wp-json\/wp\/v2\/types\/page"}],"author":[{"embeddable":true,"href":"https:\/\/www.ce-iperasmus.eu\/dashboard\/wp-json\/wp\/v2\/users\/2"}],"replies":[{"embeddable":true,"href":"https:\/\/www.ce-iperasmus.eu\/dashboard\/wp-json\/wp\/v2\/comments?post=320"}],"version-history":[{"count":2,"href":"https:\/\/www.ce-iperasmus.eu\/dashboard\/wp-json\/wp\/v2\/pages\/320\/revisions"}],"predecessor-version":[{"id":881,"href":"https:\/\/www.ce-iperasmus.eu\/dashboard\/wp-json\/wp\/v2\/pages\/320\/revisions\/881"}],"wp:attachment":[{"href":"https:\/\/www.ce-iperasmus.eu\/dashboard\/wp-json\/wp\/v2\/media?parent=320"}],"curies":[{"name":"wp","href":"https:\/\/api.w.org\/{rel}","templated":true}]}}