{"id":309,"date":"2021-11-24T00:57:34","date_gmt":"2021-11-24T00:57:34","guid":{"rendered":"https:\/\/www.ce-iperasmus.eu\/dashboard\/?page_id=309"},"modified":"2022-03-27T10:41:12","modified_gmt":"2022-03-27T10:41:12","slug":"einfuhrung-in-die-textilindustrie","status":"publish","type":"page","link":"https:\/\/www.ce-iperasmus.eu\/dashboard\/einfuhrung-in-die-textilindustrie\/","title":{"rendered":"Einf\u00fchrung in die Textilindustrie"},"content":{"rendered":"\n<p>Die Textilindustrie ist einer der gr\u00f6\u00dften Industriezweige der Welt. Die Textilindustrie der EU ist eine KMU-basierte Industrie. Der Lebenszyklus von Textilien umfasst Rohstoffgewinnung, Stoffherstellung, Bekleidungsherstellung, Transport, Nutzung und &nbsp;Lebensende: Entsorgung, Wiederverwendung, Recycling, Verwertung. Aufgrund einer gro\u00dfen Anzahl von Produkten, die weltweit hergestellt, verwendet und entsorgt werden, hat die Textilindustrie einen gro\u00dfen \u00f6kologischen und sozialen Einfluss.<\/p>\n\n\n\n<p><strong>Was umfasst die Textilbranche?<\/strong><\/p>\n\n\n\n<p>Der Textilsektor ist ein sehr breiter Sektor und umfasst den gesamten Lebenszyklus von Artikeln aus Textilien. Dazu geh\u00f6ren der Anbau von Naturfasern, die Herstellung von Synthesefasern, die Aufbereitung und Spinnerei von Textilfasern sowie die Textilweberei und Gewebeveredelung. Ferner geh\u00f6ren zum Textilsektor Bekleidung, Herstellung von konfektionierten Textilwaren, Herstellung von Leder und verwandten Produkten, Herstellung von Pelzartikeln usw.<\/p>\n\n\n\n<p>Auch die Sammlung, Verwertung, das Recycling und die Verwertung von Textilabf\u00e4llen und alle damit zusammenh\u00e4ngenden Vorg\u00e4nge geh\u00f6ren zum Textilsektor.<\/p>\n\n\n\n<p><strong>Welche Bedeutung hat die Textilindustrie in der EU?<\/strong><\/p>\n\n\n\n<p>Die Textilindustrie ist ein sehr vielf\u00e4ltiger Sektor, der in der europ\u00e4ischen verarbeitenden Industrie und insbesondere in vielen Regionen Europas f\u00fcr Wirtschaft und Wohlstand eine wichtige Rolle spielt.<\/p>\n\n\n\n<p>Es gibt 185.000 Unternehmen mit 1,7 Millionen Besch\u00e4ftigten (6 % des europ\u00e4ischen verarbeitenden Gewerbes), welche einen Umsatz von 166 Milliarden EUR erwirtschaften. Der Sektor in der EU basiert haupts\u00e4chlich auf sehr kleinen und kleinen Unternehmen mit weniger als 50 Besch\u00e4ftigten.<\/p>\n\n\n\n<p><strong>Was ist der Lebenszyklus eines Produkts oder einer Dienstleistung?<\/strong><\/p>\n\n\n\n<p>Der Lebenszyklus sind die \u201eaufeinander folgende und miteinander verbundene Phasen eines Produkt- (oder Dienstleistungs-)Systems, von der Rohstoffgewinnung oder Gewinnung aus nat\u00fcrlichen Ressourcen bis zur endg\u00fcltigen Entsorgung. Die Lebenszyklusphasen umfassen die Beschaffung von Rohstoffen, Design, Produktion, Transport\/Lieferung, Nutzung, Entsorgung und Endlagerung.\u201c (ISO 14001).<\/p>\n\n\n\n<p>Der Lebenszyklus von Textilien umfasst die Rohstoffgewinnung, die Stoffherstellung, die Bekleidungsherstellung, den Transport, die Nutzung sowie die End-of-Life-Phase: Entsorgung, Wiederverwendung, Recycling oder Verwertung.<\/p>\n\n\n\n<p><strong>Was ist eine \u00d6kobilanz eines Produktes?<\/strong><\/p>\n\n\n\n<p>Life-Cycle-Assessment ist eine Analysetechnik, die auf der Bewertung der \u00f6kologischen und\/oder sozialen Auswirkungen basiert, die mit allen Phasen des Lebenszyklus eines Produkts verbunden sind, von der Rohstoffgewinnung \u00fcber die Materialverarbeitung, Herstellung, Verteilung, Verwendung und Entsorgung als Cradle-to-Grave (Lineal Economy) oder Cradle-to-Cradle (Circular Economy).<\/p>\n\n\n\n<p>Die \u00d6kobilanz durch Energie- und Stoffinventare w\u00e4hrend des Produktlebenszyklus berechnet Emissionen, Einleitungen und produzierte Abf\u00e4lle und wandelt die Ergebnisse in Umweltauswirkungen um. Dies liefert ein Verst\u00e4ndnis des Umweltprofils eines Produkts.<\/p>\n\n\n\n<p>Der soziale Lebenszyklus berechnet die sozialen Auswirkungen im Zusammenhang mit dem Lebenszyklus des Produkts, um das soziale Profil des Produkts zu erhalten.<\/p>\n\n\n\n<p>Mit den obigen Ergebnissen und unter Verwendung geeigneter Protokolle und Methoden kann das Nachhaltigkeitsprofil eines Produkts oder einer Dienstleistung erstellt werden.<\/p>\n\n\n\n<p><strong>Was bedeutet \u201eUmweltwirkung\u201c und \u201eSoziale Wirkung\u201c?<\/strong><\/p>\n\n\n\n<p>Die Umweltauswirkungen sind das Ergebnis einer Ver\u00e4nderung der Umweltbedingungen, die durch nat\u00fcrliche oder menschliche Aktivit\u00e4ten verursacht werden.<\/p>\n\n\n\n<p>Der UE-Umweltfu\u00dfabdruck (EF3.0 v1.0) verwendet die folgenden Umweltwirkungskategorien:<\/p>\n\n\n\n<ul><li>Klimawandel (CO2-\u00c4quivalent).<\/li><li>Ozonabbau.<\/li><li>Ionisierende Strahlung.<\/li><li>Photochemische Ozonbildung.<\/li><li>Partikelangelegenheiten.<\/li><li>Humantoxizit\u00e4t, nicht krebserregend.<\/li><li>Humantoxizit\u00e4t, Krebs<\/li><li>Ans\u00e4uerung.<\/li><li>Eutrophierung S\u00fc\u00dfwasser.<\/li><li>Eutrophierung marine.<\/li><li>Eutrophierung terrestrisch.<\/li><li>\u00d6kotoxizit\u00e4t S\u00fc\u00dfwasser.<\/li><li>Bodennutzung.<\/li><li>Wasserverbrauch.<\/li><li>Ressourcenverbrauch, Fossilien.<\/li><li>Ressourcenverbrauch, Mineralien und Metalle.<\/li><\/ul>\n\n\n\n<p>Eine soziale Wirkung ist eine M\u00f6glichkeit, den Beitrag zu den sozialen und soziologischen Aspekten im Zusammenhang mit dem Lebenszyklus eines Produkts oder einer Dienstleistung zum Wohle der Menschen zu messen.<\/p>\n\n\n\n<p>Die soziale \u00d6kobilanz bewertet die sozialen Auswirkungen innerhalb der folgenden Kategorien:<\/p>\n\n\n\n<ul><li>Arbeitnehmerrechte und menschenw\u00fcrdige Arbeit.<\/li><li>Gesundheit und Sicherheit.<\/li><li>Menschenrechte.<\/li><li>F\u00fchrung.<\/li><li>Gemeinschaftsinfrastruktur.<\/li><\/ul>\n\n\n\n<p>In diesem Sinne ist das Social Life Cycle Assessment (SLCA) in Bezug auf die Messung der sozialen Auswirkungen auf die Lieferkette eine Methode um die \u00f6kologischen und sozialen Auswirkungen der Textilindustrie zu messen. Es gibt aber verschiedene Instrumente und Methoden.<\/p>\n\n\n\n<p>Die wichtigsten Instrumente und Methoden, die heute zur Messung von Umweltauswirkungen verwendet werden, sind Life Cycle Assessment (LCA) und Footprints. Mit Blick auf die Umweltauswirkungen ist die \u00d6kobilanz-Methodik f\u00fcr die Europ\u00e4ische Kommission (2003) die an der besten geeigneten Methode, um die Umweltauswirkungen entlang der Lieferketten von der Rohstoffgewinnung bis zur endg\u00fcltigen Entsorgung zu messen. Die International Standards Organization hat es in den Standards ISO 14040 und den an den h\u00e4ufigsten angewandten Methoden in der wissenschaftlichen Literatur standardisiert. Die SoGReS-MF Research Group schl\u00e4gt im Rahmen des SMART H2020 Projekts ein Sustainability Assessment Framework (SAF) entlang der Lieferkette vor. (Weitere Informationen zur Anwendung von SAF und den wichtigsten Ergebnissen finden Sie im folgenden Bericht)<\/p>\n","protected":false},"excerpt":{"rendered":"<p>Die Textilindustrie ist einer der gr\u00f6\u00dften Industriezweige der Welt. Die Textilindustrie der EU ist eine KMU-basierte Industrie. Der Lebenszyklus von Textilien umfasst Rohstoffgewinnung, Stoffherstellung, Bekleidungsherstellung, &hellip; <\/p>\n","protected":false},"author":2,"featured_media":0,"parent":0,"menu_order":0,"comment_status":"closed","ping_status":"closed","template":"","meta":[],"_links":{"self":[{"href":"https:\/\/www.ce-iperasmus.eu\/dashboard\/wp-json\/wp\/v2\/pages\/309"}],"collection":[{"href":"https:\/\/www.ce-iperasmus.eu\/dashboard\/wp-json\/wp\/v2\/pages"}],"about":[{"href":"https:\/\/www.ce-iperasmus.eu\/dashboard\/wp-json\/wp\/v2\/types\/page"}],"author":[{"embeddable":true,"href":"https:\/\/www.ce-iperasmus.eu\/dashboard\/wp-json\/wp\/v2\/users\/2"}],"replies":[{"embeddable":true,"href":"https:\/\/www.ce-iperasmus.eu\/dashboard\/wp-json\/wp\/v2\/comments?post=309"}],"version-history":[{"count":2,"href":"https:\/\/www.ce-iperasmus.eu\/dashboard\/wp-json\/wp\/v2\/pages\/309\/revisions"}],"predecessor-version":[{"id":871,"href":"https:\/\/www.ce-iperasmus.eu\/dashboard\/wp-json\/wp\/v2\/pages\/309\/revisions\/871"}],"wp:attachment":[{"href":"https:\/\/www.ce-iperasmus.eu\/dashboard\/wp-json\/wp\/v2\/media?parent=309"}],"curies":[{"name":"wp","href":"https:\/\/api.w.org\/{rel}","templated":true}]}}