{"id":304,"date":"2021-11-24T00:53:23","date_gmt":"2021-11-24T00:53:23","guid":{"rendered":"https:\/\/www.ce-iperasmus.eu\/dashboard\/?page_id=304"},"modified":"2022-03-27T15:40:18","modified_gmt":"2022-03-27T15:40:18","slug":"microempresas-desafios","status":"publish","type":"page","link":"https:\/\/www.ce-iperasmus.eu\/dashboard\/microempresas-desafios\/","title":{"rendered":"Microempresas: desaf\u00edos"},"content":{"rendered":"\n<p>Existen varios obst\u00e1culos en la forma de implementar con \u00e9xito las pr\u00e1cticas de la econom\u00eda circular, que pueden agruparse en barreras culturales, tecnol\u00f3gicas, regulatorias y de mercado.&nbsp;Superarlos requiere un cambio de paradigma fundamental, que puede iniciarse mediante campa\u00f1as de concienciaci\u00f3n e incentivos y regulaciones pol\u00edticas.<\/p>\n\n\n\n<p><strong>\u00bfCu\u00e1les son los desaf\u00edos que pueden obstaculizar una transformaci\u00f3n hacia la circularidad?<\/strong><\/p>\n\n\n\n<p>Los posibles obst\u00e1culos para avanzar hacia una mayor circularidad pueden incluir: falta de apoyo por parte de la alta direcci\u00f3n \/ propietario, barreras financieras, falta de apoyo gubernamental y legislaci\u00f3n eficaz, falta de informaci\u00f3n (es decir, falta de conocimiento sobre el concepto general de econom\u00eda circular y sus beneficios) , las cargas administrativas, la falta de habilidades t\u00e9cnicas y la falta de apoyo de la red de oferta y demanda (&nbsp;<a href=\"http:\/\/aei.pitt.edu\/67297\/1\/WD412_GreenEconet_SMEs_Circular_Economy.pdf\">Rizos et al., 2015<\/a>&nbsp;;&nbsp;<a href=\"https:\/\/doi.org\/10.3390\/su8111212\">Rizos et al., 2016<\/a>&nbsp;;&nbsp;<a href=\"https:\/\/doi.org\/10.1016\/j.ecolecon.2018.04.028\">Kirchherr et al., 2018<\/a>&nbsp;).&nbsp;Los tres principales desaf\u00edos son la falta de una red de oferta y demanda de apoyo, la falta de capital y la falta de apoyo del gobierno (&nbsp;<a href=\"https:\/\/doi.org\/10.3390\/su8111212\">Rizos et al., 2016<\/a>).&nbsp;Adem\u00e1s, las empresas m\u00e1s proactivas (empresas en proceso) en la implementaci\u00f3n de medidas de econom\u00eda circular se encuentran con barreras comunes como procesos administrativos, regulaciones y la falta de recursos humanos para realizar estas pr\u00e1cticas, mientras que las empresas que no han implementado medidas de econom\u00eda circular (no empresas emergentes) ven las barreras de financiamiento, inversi\u00f3n y costo-beneficio como las m\u00e1s significativas (&nbsp;<a href=\"https:\/\/doi.org\/10.3390\/ijerph16050851\">Garc\u00e9s-Ayerbe et al., 2019<\/a>&nbsp;).&nbsp;<\/p>\n\n\n\n<p><strong>\u00bfC\u00f3mo se pueden superar estas barreras?<\/strong><\/p>\n\n\n\n<p>En general, es necesario aumentar el conocimiento sobre el tema y las oportunidades del modelo de negocio ecol\u00f3gico, lo que debe ser facilitado por las pol\u00edticas europeas y nacionales.&nbsp;Esto podr\u00eda ayudar a influir en las preferencias de los consumidores, las cadenas de valor del mercado y la cultura empresarial.&nbsp;M\u00e1s espec\u00edficamente, esto se puede lograr mediante la creaci\u00f3n de mercados y comunidades de pr\u00e1ctica dedicados (&nbsp;<a href=\"http:\/\/aei.pitt.edu\/67297\/1\/WD412_GreenEconet_SMEs_Circular_Economy.pdf\">Rizos et al., 2015<\/a>&nbsp;;&nbsp;<a href=\"https:\/\/doi.org\/10.3390\/su8111212\">2016<\/a>&nbsp;).&nbsp;<\/p>\n\n\n\n<p>En un nivel m\u00e1s fundamental, la cultura medioambiental de la empresa (es decir, la cultura de la empresa, la mentalidad del director o CEO), redes (es decir, unirse a pymes de ideas afines y participar en membres\u00edas), y apoyo de la red demandada en la b\u00fasqueda por apoyo a productos ecol\u00f3gicos, destacan como habilitadores (Rizos et al., 2016).&nbsp;Se requiere un cambio de paradigma que provoque el apetito de las pymes para pensar e implementar los beneficios y medidas de la econom\u00eda circular (Thorley et al., 2019).&nbsp;A nivel pol\u00edtico, se deben mejorar las regulaciones de la econom\u00eda circular para facilitar a las empresas la implementaci\u00f3n de estrategias que las hagan m\u00e1s sostenibles (Garc\u00e9s-Ayerbe et al., 2019; Thorley et al., 2019).&nbsp;Las empresas que no han implementado medidas de EC consideran que las barreras de financiamiento, inversi\u00f3n y costo-beneficio son las m\u00e1s importantes.&nbsp;En otras palabras,&nbsp;las empresas parecen creer que factores econ\u00f3micos les han impedido profundizar en el tema.&nbsp;Esto podr\u00eda abordarse mediante mecanismos de financiaci\u00f3n, ya que el inicio de actividades de econom\u00eda circular est\u00e1 relacionado con la inversi\u00f3n en investigaci\u00f3n y desarrollo (I + D).&nbsp;Estos mecanismos de financiamiento podr\u00edan alinearse con las siguientes tres etapas, que la mayor\u00eda de las PyMEs siguen como un avance gradual:<\/p>\n\n\n\n<p>(1) comenzando por implementar medidas de reciclaje y reutilizaci\u00f3n de materiales<\/p>\n\n\n\n<p>(2) implementando medidas para minimizar el consumo de energ\u00eda y redise\u00f1ar los productos<\/p>\n\n\n\n<p>(3) repensar su consumo de agua y recurrir a energ\u00edas renovables (<a href=\"https:\/\/doi.org\/10.3390\/ijerph16050851\">Garc\u00e9s-Ayerbe et al., 2019<\/a>&nbsp;).&nbsp; Sin embargo, no existe un enfoque \u00fanico para todos, por lo que las pol\u00edticas deben considerar diferentes sectores y tama\u00f1os de empresas (&nbsp;<a href=\"https:\/\/doi.org\/10.1016\/j.energy.2011.11.005\">Trianni y Cagno, 2012<\/a>&nbsp;).<\/p>\n","protected":false},"excerpt":{"rendered":"<p>Existen varios obst\u00e1culos en la forma de implementar con \u00e9xito las pr\u00e1cticas de la econom\u00eda circular, que pueden agruparse en barreras culturales, tecnol\u00f3gicas, regulatorias y &hellip; <\/p>\n","protected":false},"author":2,"featured_media":0,"parent":0,"menu_order":0,"comment_status":"closed","ping_status":"closed","template":"","meta":[],"_links":{"self":[{"href":"https:\/\/www.ce-iperasmus.eu\/dashboard\/wp-json\/wp\/v2\/pages\/304"}],"collection":[{"href":"https:\/\/www.ce-iperasmus.eu\/dashboard\/wp-json\/wp\/v2\/pages"}],"about":[{"href":"https:\/\/www.ce-iperasmus.eu\/dashboard\/wp-json\/wp\/v2\/types\/page"}],"author":[{"embeddable":true,"href":"https:\/\/www.ce-iperasmus.eu\/dashboard\/wp-json\/wp\/v2\/users\/2"}],"replies":[{"embeddable":true,"href":"https:\/\/www.ce-iperasmus.eu\/dashboard\/wp-json\/wp\/v2\/comments?post=304"}],"version-history":[{"count":1,"href":"https:\/\/www.ce-iperasmus.eu\/dashboard\/wp-json\/wp\/v2\/pages\/304\/revisions"}],"predecessor-version":[{"id":305,"href":"https:\/\/www.ce-iperasmus.eu\/dashboard\/wp-json\/wp\/v2\/pages\/304\/revisions\/305"}],"wp:attachment":[{"href":"https:\/\/www.ce-iperasmus.eu\/dashboard\/wp-json\/wp\/v2\/media?parent=304"}],"curies":[{"name":"wp","href":"https:\/\/api.w.org\/{rel}","templated":true}]}}