{"id":299,"date":"2021-11-24T00:50:27","date_gmt":"2021-11-24T00:50:27","guid":{"rendered":"https:\/\/www.ce-iperasmus.eu\/dashboard\/?page_id=299"},"modified":"2022-04-09T09:52:55","modified_gmt":"2022-04-09T09:52:55","slug":"sfide-microimpresa","status":"publish","type":"page","link":"https:\/\/www.ce-iperasmus.eu\/dashboard\/sfide-microimpresa\/","title":{"rendered":"Sfide Microimpresa"},"content":{"rendered":"\n<p>Esistono diversi ostacoli nel modo di implementare con successo pratiche di economia circolare, che possono essere raggruppati in barriere culturali, tecnologiche, normative e di mercato. Il loro superamento richiede un fondamentale cambiamento di paradigma, che pu\u00f2 essere avviato da campagne di sensibilizzazione e incentivi e regolamenti politici.<\/p>\n\n\n\n<p>Quali sono le sfide che potrebbero ostacolare una trasformazione verso l\u2019economia circolare?<\/p>\n\n\n\n<p>I possibili ostacoli al passaggio a una maggiore circolarit\u00e0 possono essere: mancanza di supporto da parte del top management\/proprietario, barriere finanziarie, mancanza di sostegno governativo e legislazione efficace, mancanza di informazioni (ovvero, mancanza di conoscenza del concetto generale di economia circolare e dei suoi benefici) , gli oneri amministrativi, la mancanza di competenze tecniche e la mancanza di supporto da parte della rete di domanda e offerta stanno sorgendo sfide (Rizos et al., 2015 ; Rizos et al., 2016 ; Kirchherr et al., 2018). Le tre sfide principali sono la mancanza di una rete di domanda e offerta di supporto, la mancanza di capitale e la mancanza di sostegno del governo (Rizos et al., 2016). Inoltre, le aziende pi\u00f9 proattive (imprese in entrata) nell&#8217;attuazione di misure di economia circolare incontrano ostacoli comuni come processi amministrativi, regolamenti e mancanza di risorse umane per eseguire queste pratiche, mentre le aziende che non hanno implementato misure di economia circolare (no- imprese in corso) considerano le barriere di finanziamento, investimento e costi-benefici come le pi\u00f9 significative (Garc\u00e9s-Ayerbe et al., 2019 ).<\/p>\n\n\n\n<p>&nbsp;Come superare queste barriere?<\/p>\n\n\n\n<p>In generale, \u00e8 necessario aumentare la consapevolezza dell&#8217;argomento e le opportunit\u00e0 del modello di business \u201cverde\u201d, che deve essere facilitata dalle politiche europee e nazionali. Ci\u00f2 potrebbe contribuire a influenzare le preferenze dei consumatori, le catene del valore di mercato e le culture aziendali. Pi\u00f9 specificamente, ci\u00f2 pu\u00f2 essere ottenuto attraverso la creazione di mercati e comunit\u00e0 di pratica dedicati ( Rizos et al., 2015 ; 2016 ).<\/p>\n\n\n\n<p>A un livello pi\u00f9 profondo, cultura ambientale aziendale (cio\u00e8 cultura aziendale, mentalit\u00e0 del manager o amministratore delegato), networking (cio\u00e8 entrare a far parte di PMI che la pensano allo stesso modo e impegnarsi in adesioni) e supporto dalla rete della domanda nella ricerca o nel supporto di prodotti verdi sono evidenziati come abilitanti (Rizos et al., 2016). \u00c8 necessario un cambiamento di paradigma che stimoli le PMI a pensare e implementare benefici e misure dell&#8217;economia circolare (Thorley et al., 2019). A livello politico, le normative sull&#8217;economia circolare dovrebbero essere migliorate per facilitare alle aziende l&#8217;attuazione di strategie che le rendano pi\u00f9 sostenibili (Garc\u00e9s-Ayerbe et al., 2019 ; Thorley et al., 2019). Le aziende che non hanno implementato misure CE considerano le barriere di finanziamento, investimento e costi-benefici come le pi\u00f9 significative. In altre parole, le aziende sembrano ritenere che fattori economici abbiano impedito loro di approfondire l&#8217;argomento. Questo potrebbe essere affrontato attraverso meccanismi di finanziamento, poich\u00e9 l&#8217;avvio di attivit\u00e0 di economia circolare \u00e8 legato agli investimenti in ricerca e sviluppo (R&amp;S). Questi meccanismi di finanziamento potrebbero essere allineati alle seguenti tre fasi, che la maggior parte delle PMI segue come un avanzamento graduale: (1) iniziando implementando misure di riciclaggio e riutilizzo dei materiali, (2) implementando misure per ridurre al minimo il consumo di energia e riprogettare i prodotti, (3) ripensando il loro uso dell&#8217;acqua e si rivolgono alle energie rinnovabili (Garc\u00e9s-Ayerbe et al., 2019). Tuttavia, non esiste un approccio unico per tutti, quindi le politiche devono considerare diversi settori e dimensioni aziendali (Trianni &amp; Cagno, 2012).<\/p>\n","protected":false},"excerpt":{"rendered":"<p>Esistono diversi ostacoli nel modo di implementare con successo pratiche di economia circolare, che possono essere raggruppati in barriere culturali, tecnologiche, normative e di mercato. &hellip; <\/p>\n","protected":false},"author":2,"featured_media":0,"parent":0,"menu_order":0,"comment_status":"closed","ping_status":"closed","template":"","meta":[],"_links":{"self":[{"href":"https:\/\/www.ce-iperasmus.eu\/dashboard\/wp-json\/wp\/v2\/pages\/299"}],"collection":[{"href":"https:\/\/www.ce-iperasmus.eu\/dashboard\/wp-json\/wp\/v2\/pages"}],"about":[{"href":"https:\/\/www.ce-iperasmus.eu\/dashboard\/wp-json\/wp\/v2\/types\/page"}],"author":[{"embeddable":true,"href":"https:\/\/www.ce-iperasmus.eu\/dashboard\/wp-json\/wp\/v2\/users\/2"}],"replies":[{"embeddable":true,"href":"https:\/\/www.ce-iperasmus.eu\/dashboard\/wp-json\/wp\/v2\/comments?post=299"}],"version-history":[{"count":2,"href":"https:\/\/www.ce-iperasmus.eu\/dashboard\/wp-json\/wp\/v2\/pages\/299\/revisions"}],"predecessor-version":[{"id":1390,"href":"https:\/\/www.ce-iperasmus.eu\/dashboard\/wp-json\/wp\/v2\/pages\/299\/revisions\/1390"}],"wp:attachment":[{"href":"https:\/\/www.ce-iperasmus.eu\/dashboard\/wp-json\/wp\/v2\/media?parent=299"}],"curies":[{"name":"wp","href":"https:\/\/api.w.org\/{rel}","templated":true}]}}