{"id":296,"date":"2021-11-24T00:48:51","date_gmt":"2021-11-24T00:48:51","guid":{"rendered":"https:\/\/www.ce-iperasmus.eu\/dashboard\/?page_id=296"},"modified":"2022-03-27T15:36:30","modified_gmt":"2022-03-27T15:36:30","slug":"kleinstunternehmen-herausforderungen","status":"publish","type":"page","link":"https:\/\/www.ce-iperasmus.eu\/dashboard\/kleinstunternehmen-herausforderungen\/","title":{"rendered":"Kleinstunternehmen \u2013 Herausforderungen"},"content":{"rendered":"\n<p>Der erfolgreichen Umsetzung von Kreislaufwirtschaftspraktiken stehen mehrere Hindernisse im Weg, die in kulturelle, technologische, regulatorische und Marktbarrieren gruppiert werden k\u00f6nnen. Diese zu \u00fcberwinden, erfordert einen grundlegenden Paradigmenwechsel, der durch Sensibilisierungskampagnen und politische Anreize und Regulierungen eingeleitet werden kann.<\/p>\n\n\n\n<p><strong>Was sind Herausforderungen, die eine Transformation in Richtung Zirkularit\u00e4t behindern k\u00f6nnten?<\/strong><\/p>\n\n\n\n<p>M\u00f6gliche Hindernisse f\u00fcr einen \u00dcbergang zu mehr Zirkularit\u00e4t k\u00f6nnen sein: fehlende Unterst\u00fctzung durch das Top-Management\/Eigent\u00fcmer, finanzielle Hindernisse, fehlende staatliche Unterst\u00fctzung und wirksame Gesetzgebung, Mangel an Informationen (d.h. fehlendes Wissen \u00fcber das allgemeine Konzept der Kreislaufwirtschaft und dessen Vorteile), Verwaltungsaufwand, fehlende technische F\u00e4higkeiten und mangelnde Unterst\u00fctzung durch das Angebots- und Nachfragenetzwerk stellen neue Herausforderungen dar (Rizos et al., 2015 ; Rizos et al., 2016 ; Kirchherr et al., 2018) . Die drei Hauptherausforderungen sind der Mangel an Unterst\u00fctzungsangebot und -nachfragenetzwerk, Mangel an Kapital und Mangel an staatlicher Unterst\u00fctzung (Rizos et al., 2016). Dar\u00fcber hinaus sto\u00dfen die proaktivsten Unternehmen bei der Umsetzung von Kreislaufwirtschaftsma\u00dfnahmen auf allgemeine Hindernisse wie administrative Prozesse, Vorschriften und einen Mangel an Humanressourcen, um diese Praktiken durchzuf\u00fchren, w\u00e4hrend Unternehmen, die keine Ma\u00dfnahmen zur Kreislaufwirtschaft umgesetzt haben Finanzierungs-, Investitions- und Kosten-Nutzen-Barrieren als die bedeutendsten H\u00fcrden ansehen (Garc\u00e9s-Ayerbe et al., 2019).<\/p>\n\n\n\n<p><strong>Wie k\u00f6nnen diese Barrieren \u00fcberwunden werden?<\/strong><\/p>\n\n\n\n<p>Generell gilt es, das Wissen \u00fcber das Thema und die Chancen gr\u00fcner Gesch\u00e4ftsmodelle zu erh\u00f6hen, was durch europ\u00e4ische und nationale Politiken gef\u00f6rdert werden muss. Dies k\u00f6nnte dazu beitragen, Verbraucherpr\u00e4ferenzen, Marktwertsch\u00f6pfungsketten und Unternehmenskulturen zu beeinflussen. Dies kann insbesondere durch die Schaffung spezieller Marktpl\u00e4tze und Praxisgemeinschaften erreicht werden (Rizos et al., 2015 ; 2016). Auf einer grundlegenderen Ebene werden als Wegbereiter hervorgehoben: die Umweltkultur des Unternehmens (d.h. die Unternehmenskultur, die Denkweise des Managers oder CEO), die Vernetzung (d.h. die Partnerschaft zu gleichgesinnten KMU und die Teilnahme an Mitgliedschaften) und die Unterst\u00fctzung des Nachfragenetzwerks bei der Suche nach oder Unterst\u00fctzung von gr\u00fcnen Produkten (Rizos et al., 2016). Es ist ein Paradigmenwechsel erforderlich, der den \u201eAppetit\u201c von KMU weckt, \u00fcber die Vorteile und Ma\u00dfnahmen der Kreislaufwirtschaft nachzudenken und diese umzusetzen (Thorley et al., 2019). Auf politischer Ebene sollten die Regelungen zur Kreislaufwirtschaft verbessert werden, um Unternehmen die Umsetzung nachhaltigerer Strategien zu erleichtern (Garc\u00e9s-Ayerbe et al., 2019; Thorley et al., 2019). Unternehmen, die keine Kreislaufwirtschafts-Ma\u00dfnahmen umgesetzt haben, sehen die Finanzierungs-, Investitions- und Kosten-Nutzen-Barrieren als die bedeutendsten an. Mit anderen Worten, Unternehmen scheinen zu glauben, dass wirtschaftliche Faktoren sie daran gehindert haben, sich n\u00e4her mit dem Thema zu besch\u00e4ftigen. Dies k\u00f6nnte durch Finanzierungsmechanismen angegangen werden, da die Initiierung von Aktivit\u00e4ten der Kreislaufwirtschaft mit Investitionen in Forschung und Entwicklung (FuE) verbunden ist. Diese F\u00f6rdermechanismen k\u00f6nnten auf die folgenden drei Stufen ausgerichtet werden, die die meisten KMU als schrittweise Weiterentwicklung verfolgen: (1) beginnend mit der Umsetzung von stofflichen Recycling- und Wiederverwendungsma\u00dfnahmen, (2) Umsetzung von Ma\u00dfnahmen zur Minimierung des Stromverbrauchs und zur Neugestaltung von Produkten, (3) Umdenken ihres Wasserverbrauchs und nutzen erneuerbare Energien (Garc\u00e9s-Ayerbe et al., 2019). Es gibt jedoch keinen einheitlichen Ansatz, daher m\u00fcssen die Strategien verschiedene Sektoren und Unternehmensgr\u00f6\u00dfen ber\u00fccksichtigt werden (Trianni &amp; Cagno, 2012).<\/p>\n","protected":false},"excerpt":{"rendered":"<p>Der erfolgreichen Umsetzung von Kreislaufwirtschaftspraktiken stehen mehrere Hindernisse im Weg, die in kulturelle, technologische, regulatorische und Marktbarrieren gruppiert werden k\u00f6nnen. Diese zu \u00fcberwinden, erfordert einen &hellip; <\/p>\n","protected":false},"author":2,"featured_media":0,"parent":0,"menu_order":0,"comment_status":"closed","ping_status":"closed","template":"","meta":[],"_links":{"self":[{"href":"https:\/\/www.ce-iperasmus.eu\/dashboard\/wp-json\/wp\/v2\/pages\/296"}],"collection":[{"href":"https:\/\/www.ce-iperasmus.eu\/dashboard\/wp-json\/wp\/v2\/pages"}],"about":[{"href":"https:\/\/www.ce-iperasmus.eu\/dashboard\/wp-json\/wp\/v2\/types\/page"}],"author":[{"embeddable":true,"href":"https:\/\/www.ce-iperasmus.eu\/dashboard\/wp-json\/wp\/v2\/users\/2"}],"replies":[{"embeddable":true,"href":"https:\/\/www.ce-iperasmus.eu\/dashboard\/wp-json\/wp\/v2\/comments?post=296"}],"version-history":[{"count":1,"href":"https:\/\/www.ce-iperasmus.eu\/dashboard\/wp-json\/wp\/v2\/pages\/296\/revisions"}],"predecessor-version":[{"id":297,"href":"https:\/\/www.ce-iperasmus.eu\/dashboard\/wp-json\/wp\/v2\/pages\/296\/revisions\/297"}],"wp:attachment":[{"href":"https:\/\/www.ce-iperasmus.eu\/dashboard\/wp-json\/wp\/v2\/media?parent=296"}],"curies":[{"name":"wp","href":"https:\/\/api.w.org\/{rel}","templated":true}]}}