{"id":287,"date":"2021-11-24T00:37:50","date_gmt":"2021-11-24T00:37:50","guid":{"rendered":"https:\/\/www.ce-iperasmus.eu\/dashboard\/?page_id=287"},"modified":"2022-03-27T15:35:21","modified_gmt":"2022-03-27T15:35:21","slug":"microempresas-oportunidades","status":"publish","type":"page","link":"https:\/\/www.ce-iperasmus.eu\/dashboard\/microempresas-oportunidades\/","title":{"rendered":"Microempresas: oportunidades"},"content":{"rendered":"\n<p>Con el apoyo interno de, por ejemplo, la alta direcci\u00f3n y el apoyo externo de, por ejemplo, la pol\u00edtica, las PYMES no solo podr\u00e1n contribuir a la sociedad y el medio ambiente, sino que tambi\u00e9n se beneficiar\u00e1n de una imagen mejorada, reducci\u00f3n de costes, crecimiento empresarial y mayor productividad.<\/p>\n\n\n\n<p><strong>\u00bfC\u00f3mo son las microempresas especialmente aptas para adaptarse a las pr\u00e1cticas comerciales circulares?<\/strong><\/p>\n\n\n\n<p>Las peque\u00f1as y medianas empresas (PYMES) son cada vez m\u00e1s conscientes de los beneficios de cerrar bucles y mejorar la eficiencia de los recursos, como el ahorro en costos de materiales, la creaci\u00f3n de ventajas competitivas y el acceso a nuevos mercados (&nbsp;<a href=\"https:\/\/doi.org\/10.3390\/su8111212\">Rizos et al., 2016<\/a>&nbsp;).&nbsp;Entre los facilitadores que mencionaron las PYMES, estos son los m\u00e1s importantes: cultura ambiental de la empresa, trabajo en red, apoyo de la red de demanda, modelos de negocio econ\u00f3micamente atractivos, reconocimiento externo (es decir, premios y distinciones), conocimiento personal de los individuos dentro de la empresa y apoyo gubernamental (&nbsp;<a href=\"https:\/\/doi.org\/10.3390\/su8111212\">Rizos et al., 2016<\/a>).&nbsp;La implementaci\u00f3n exitosa de la econom\u00eda circular depender\u00e1 de una serie de factores: los factores externos incluyen las pol\u00edticas p\u00fablicas, las condiciones del mercado, el desarrollo tecnol\u00f3gico y las partes interesadas, mientras que los factores internos son los recursos, las capacidades y las competencias de la empresa (&nbsp;<a href=\"https:\/\/doi.org\/10.1002\/csr.1761\">Prieto-Sandoval et al., 2018).<\/a>&nbsp;).<\/p>\n\n\n\n<p>Si las pymes pueden hacer uso de estos habilitadores, surgen varios beneficios y oportunidades para ellas, por ejemplo, mayor imagen, reducci\u00f3n de costos, crecimiento empresarial, mayor productividad, recuperaci\u00f3n del medio ambiente a trav\u00e9s de la reducci\u00f3n de emisiones de CO2 y mayor sostenibilidad (Prieto-Sandoval et al., 2018).&nbsp;Existen estrategias en varios campos de acciones (tomar, fabricar, distribuir, usar y recuperar) de la econom\u00eda circular en las que las pymes pueden participar (&nbsp;<a href=\"https:\/\/doi.org\/10.1002\/csr.1761\">Prieto-Sandoval et al., 2018;&nbsp;<\/a><a href=\"https:\/\/doi.org\/10.1002\/bse.2492\">Dey et al., 2020<\/a>&nbsp;).&nbsp;Las actividades que suelen realizar las pymes en la UE son la minimizaci\u00f3n de residuos, la replanificaci\u00f3n del uso de la energ\u00eda, el redise\u00f1o de productos y servicios, el uso de energ\u00edas renovables y el uso del agua (&nbsp;<a href=\"https:\/\/doi.org\/10.1002\/bse.2259\">Katz-Gerro y Sintas, 2018<\/a>&nbsp;).<\/p>\n","protected":false},"excerpt":{"rendered":"<p>Con el apoyo interno de, por ejemplo, la alta direcci\u00f3n y el apoyo externo de, por ejemplo, la pol\u00edtica, las PYMES no solo podr\u00e1n contribuir &hellip; <\/p>\n","protected":false},"author":2,"featured_media":0,"parent":0,"menu_order":0,"comment_status":"closed","ping_status":"closed","template":"","meta":[],"_links":{"self":[{"href":"https:\/\/www.ce-iperasmus.eu\/dashboard\/wp-json\/wp\/v2\/pages\/287"}],"collection":[{"href":"https:\/\/www.ce-iperasmus.eu\/dashboard\/wp-json\/wp\/v2\/pages"}],"about":[{"href":"https:\/\/www.ce-iperasmus.eu\/dashboard\/wp-json\/wp\/v2\/types\/page"}],"author":[{"embeddable":true,"href":"https:\/\/www.ce-iperasmus.eu\/dashboard\/wp-json\/wp\/v2\/users\/2"}],"replies":[{"embeddable":true,"href":"https:\/\/www.ce-iperasmus.eu\/dashboard\/wp-json\/wp\/v2\/comments?post=287"}],"version-history":[{"count":2,"href":"https:\/\/www.ce-iperasmus.eu\/dashboard\/wp-json\/wp\/v2\/pages\/287\/revisions"}],"predecessor-version":[{"id":921,"href":"https:\/\/www.ce-iperasmus.eu\/dashboard\/wp-json\/wp\/v2\/pages\/287\/revisions\/921"}],"wp:attachment":[{"href":"https:\/\/www.ce-iperasmus.eu\/dashboard\/wp-json\/wp\/v2\/media?parent=287"}],"curies":[{"name":"wp","href":"https:\/\/api.w.org\/{rel}","templated":true}]}}