{"id":284,"date":"2021-11-24T00:36:40","date_gmt":"2021-11-24T00:36:40","guid":{"rendered":"https:\/\/www.ce-iperasmus.eu\/dashboard\/?page_id=284"},"modified":"2022-03-27T15:34:30","modified_gmt":"2022-03-27T15:34:30","slug":"priloznosti-za-me","status":"publish","type":"page","link":"https:\/\/www.ce-iperasmus.eu\/dashboard\/priloznosti-za-me\/","title":{"rendered":"Prilo\u017enosti za ME"},"content":{"rendered":"\n<p>Z notranjo podporo (npr. najvi\u0161jega vodstva) in zunanjo podporo (npr. primer politike), bodo mala in srednja podjetja ne le prispevala k dru\u017ebi in okolju, temve\u010d bodo imela tudi koristi od izbolj\u0161ane podobe, zni\u017eanja stro\u0161kov, rasti poslovanja in ve\u010dje produktivnosti.<\/p>\n\n\n\n<p><strong><u>Zakaj so mikro podjetja \u0161e posebej primerna za prilagajanje kro\u017enim poslovnim praksam?<\/u><\/strong><strong><\/strong><\/p>\n\n\n\n<p>Mala in srednje velika podjetja (MSP) se vse bolj zavedajo prednosti zapiranja zank in izbolj\u0161anja u\u010dinkovitosti virov, kot so prihranek materialnih stro\u0161kov, ustvarjanje konkuren\u010dnih prednosti in dostop do novih trgov (<a href=\"https:\/\/doi.org\/10.3390\/su8111212\">Rizos idr., 2016<\/a>). Med dejavniki, ki jih MSP omenjajo, so najpomembnej\u0161i: okoljska kultura podjetja, mre\u017eenje, podpora mre\u017ee povpra\u0161evanja, finan\u010dno privla\u010dni poslovni modeli, zunanja prepoznavnost (tj. certifikati in nagrade), osebno poznavanje posameznikov v podjetju in politi\u010dna podpora (<a href=\"https:\/\/doi.org\/10.3390\/su8111212\">Rizos idr., 2016<\/a>). Uspe\u0161no izvajanje kro\u017enega gospodarstva bo odvisno od \u0161tevilnih dejavnikov: zunanji dejavniki vklju\u010dujejo javno politiko, tr\u017ene razmere, tehnolo\u0161ki razvoj in dele\u017enike, notranji dejavniki pa viri, zmogljivosti in kompetence podjetja (<a href=\"https:\/\/doi.org\/10.1002\/csr.1761\">Prieto-Sandoval et al., 2018<\/a>). \u010ce lahko MSP izkoristijo te dejavnike, se za MSP pojavijo \u0161tevilne prednosti in prilo\u017enosti, na primer izbolj\u0161ana zunanja podoba, zni\u017eanje stro\u0161kov, rast podjetja, ve\u010dja produktivnost, obnova okolja z zmanj\u0161animi emisijami CO<sub>2<\/sub> in ve\u010dja trajnost (<a href=\"https:\/\/doi.org\/10.1002\/csr.1761\">Prieto-Sandoval et al., 2018<\/a>).<\/p>\n\n\n\n<p> Obstajajo strategije na ve\u010d podro\u010djih delovanja (ustvarjanje, izdelava, distribucija, uporaba in obnavljanje) kro\u017enega gospodarstva, v katerega se lahko vklju\u010dijo MSP (<a href=\"https:\/\/doi.org\/10.1002\/csr.1761\">Prieto-Sandoval et al., 2018;<\/a><a href=\"https:\/\/doi.org\/10.1002\/bse.2492\">Dey et al., 2020<\/a>). Dejavnosti, ki jih MSP v EU obi\u010dajno izvajajo, so zmanj\u0161evanje odpadkov, ponovno na\u010drtovanje porabe energije, preoblikovanje izdelkov in storitev, uporaba obnovljive energije in poraba vode (<a href=\"https:\/\/doi.org\/10.1002\/bse.2259\">Katz-Gerro in Sintas, 2018<\/a>).<\/p>\n","protected":false},"excerpt":{"rendered":"<p>Z notranjo podporo (npr. najvi\u0161jega vodstva) in zunanjo podporo (npr. primer politike), bodo mala in srednja podjetja ne le prispevala k dru\u017ebi in okolju, temve\u010d &hellip; <\/p>\n","protected":false},"author":2,"featured_media":0,"parent":0,"menu_order":0,"comment_status":"closed","ping_status":"closed","template":"","meta":[],"_links":{"self":[{"href":"https:\/\/www.ce-iperasmus.eu\/dashboard\/wp-json\/wp\/v2\/pages\/284"}],"collection":[{"href":"https:\/\/www.ce-iperasmus.eu\/dashboard\/wp-json\/wp\/v2\/pages"}],"about":[{"href":"https:\/\/www.ce-iperasmus.eu\/dashboard\/wp-json\/wp\/v2\/types\/page"}],"author":[{"embeddable":true,"href":"https:\/\/www.ce-iperasmus.eu\/dashboard\/wp-json\/wp\/v2\/users\/2"}],"replies":[{"embeddable":true,"href":"https:\/\/www.ce-iperasmus.eu\/dashboard\/wp-json\/wp\/v2\/comments?post=284"}],"version-history":[{"count":1,"href":"https:\/\/www.ce-iperasmus.eu\/dashboard\/wp-json\/wp\/v2\/pages\/284\/revisions"}],"predecessor-version":[{"id":285,"href":"https:\/\/www.ce-iperasmus.eu\/dashboard\/wp-json\/wp\/v2\/pages\/284\/revisions\/285"}],"wp:attachment":[{"href":"https:\/\/www.ce-iperasmus.eu\/dashboard\/wp-json\/wp\/v2\/media?parent=284"}],"curies":[{"name":"wp","href":"https:\/\/api.w.org\/{rel}","templated":true}]}}