{"id":281,"date":"2021-11-24T00:35:10","date_gmt":"2021-11-24T00:35:10","guid":{"rendered":"https:\/\/www.ce-iperasmus.eu\/dashboard\/?page_id=281"},"modified":"2022-03-27T15:33:38","modified_gmt":"2022-03-27T15:33:38","slug":"opportunita-di-me","status":"publish","type":"page","link":"https:\/\/www.ce-iperasmus.eu\/dashboard\/opportunita-di-me\/","title":{"rendered":"Opportunit\u00e0 di ME"},"content":{"rendered":"\n<p>Con il supporto interno, ad esempio, del top management e il supporto esterno, ad esempio, della politica, le PMI non solo potranno contribuire alla societ\u00e0 e all&#8217;ambiente, ma potranno anche beneficiare di una maggiore immagine, riduzione dei costi, crescita aziendale e maggiore produttivit\u00e0.<\/p>\n\n\n\n<p>In che modo le microimprese sono particolarmente adatte ad adattarsi alle pratiche commerciali circolari?<\/p>\n\n\n\n<p>Le piccole e medie imprese (PMI) sono sempre pi\u00f9 consapevoli dei vantaggi della chiusura dei circuiti e del miglioramento dell&#8217;efficienza delle risorse, come il risparmio sui costi dei materiali, la creazione di vantaggi competitivi e l&#8217;accesso a nuovi mercati ( Rizos et al., 2016 ). Tra gli elementi abilitanti menzionati dalle PMI, questi sono i pi\u00f9 importanti: cultura ambientale aziendale, networking, supporto dalla rete della domanda, modelli di business finanziariamente attraenti, riconoscimento esterno (ad es. premi e riconoscimenti), conoscenza personale degli individui all&#8217;interno dell&#8217;azienda e governo supporto ( Rizos et al., 2016 ). Il successo dell&#8217;attuazione dell&#8217;economia circolare dipender\u00e0 da una serie di fattori: i fattori esterni includono la politica pubblica, le condizioni di mercato, lo sviluppo tecnologico e le parti interessate, mentre i fattori interni sono le risorse, le capacit\u00e0 e le competenze dell&#8217;azienda ( Prieto-Sandoval et al., 2018 ). Se le PMI sono in grado di utilizzare questi fattori abilitanti, sorgono numerosi vantaggi e opportunit\u00e0 per le PMI, ad esempio, aumento dell&#8217;immagine, riduzione dei costi, crescita del business, maggiore produttivit\u00e0, recupero dell&#8217;ambiente attraverso la riduzione delle emissioni di CO 2 e una maggiore sostenibilit\u00e0 ( Prieto-Sandoval et al., 2018 ). Esistono strategie in diversi campi di azione (prendere, realizzare, distribuire, utilizzare e recuperare) dell&#8217;economia circolare in cui le PMI possono impegnarsi ( Prieto-Sandoval et al.,2018; Dey et al., 2020 ). Le attivit\u00e0 che le PMI nell&#8217;UE di solito intraprendono sono la riduzione al minimo dei rifiuti, la riprogrammazione dell&#8217;uso dell&#8217;energia, la riprogettazione di prodotti e servizi, l&#8217;utilizzo di energie rinnovabili e l&#8217;uso dell&#8217;acqua ( Katz-Gerro e Sintas, 2018 ).<\/p>\n","protected":false},"excerpt":{"rendered":"<p>Con il supporto interno, ad esempio, del top management e il supporto esterno, ad esempio, della politica, le PMI non solo potranno contribuire alla societ\u00e0 &hellip; <\/p>\n","protected":false},"author":2,"featured_media":0,"parent":0,"menu_order":0,"comment_status":"closed","ping_status":"closed","template":"","meta":[],"_links":{"self":[{"href":"https:\/\/www.ce-iperasmus.eu\/dashboard\/wp-json\/wp\/v2\/pages\/281"}],"collection":[{"href":"https:\/\/www.ce-iperasmus.eu\/dashboard\/wp-json\/wp\/v2\/pages"}],"about":[{"href":"https:\/\/www.ce-iperasmus.eu\/dashboard\/wp-json\/wp\/v2\/types\/page"}],"author":[{"embeddable":true,"href":"https:\/\/www.ce-iperasmus.eu\/dashboard\/wp-json\/wp\/v2\/users\/2"}],"replies":[{"embeddable":true,"href":"https:\/\/www.ce-iperasmus.eu\/dashboard\/wp-json\/wp\/v2\/comments?post=281"}],"version-history":[{"count":1,"href":"https:\/\/www.ce-iperasmus.eu\/dashboard\/wp-json\/wp\/v2\/pages\/281\/revisions"}],"predecessor-version":[{"id":282,"href":"https:\/\/www.ce-iperasmus.eu\/dashboard\/wp-json\/wp\/v2\/pages\/281\/revisions\/282"}],"wp:attachment":[{"href":"https:\/\/www.ce-iperasmus.eu\/dashboard\/wp-json\/wp\/v2\/media?parent=281"}],"curies":[{"name":"wp","href":"https:\/\/api.w.org\/{rel}","templated":true}]}}