{"id":277,"date":"2021-11-24T00:33:56","date_gmt":"2021-11-24T00:33:56","guid":{"rendered":"https:\/\/www.ce-iperasmus.eu\/dashboard\/?page_id=277"},"modified":"2022-03-27T15:32:55","modified_gmt":"2022-03-27T15:32:55","slug":"kleinstunternehmen-chancen","status":"publish","type":"page","link":"https:\/\/www.ce-iperasmus.eu\/dashboard\/kleinstunternehmen-chancen\/","title":{"rendered":"Kleinstunternehmen \u2013 Chancen"},"content":{"rendered":"\n<p><\/p>\n\n\n\n<p>Mit interner Unterst\u00fctzung z.B. durch das Top-Management und externer Unterst\u00fctzung z.B. durch die Politik k\u00f6nnen KMU\u2018s nicht nur einen Beitrag f\u00fcr Gesellschaft und Umwelt leisten, sondern auch von Imagegewinn, Kostensenkung, Unternehmenswachstum und h\u00f6herer Produktivit\u00e4t profitieren.<\/p>\n\n\n\n<p><strong>Wie sind Kleinstunternehmen besonders geeignet, sich an zirkul\u00e4re Gesch\u00e4ftspraktiken anzupassen?<\/strong><\/p>\n\n\n\n<p>Kleine und mittlere Unternehmen (KMU) sind sich zunehmend der Vorteile bewusst, Kreisl\u00e4ufe zu schlie\u00dfen und die Ressourceneffizienz zu verbessern, beispielsweise indem sie Materialkosten einsparen, Wettbewerbsvorteile schaffen und neue M\u00e4rkte erschlie\u00dfen (Rizos et al., 2016). Unter den von KMU genannten Wegbereitern sind dies die wichtigsten: Umweltkultur des Unternehmens, Vernetzung, Unterst\u00fctzung durch das Nachfragenetzwerk, finanziell attraktive Gesch\u00e4ftsmodelle, externe Anerkennung (d.h. Auszeichnungen und Preise), pers\u00f6nliches Wissen \u00fcber Einzelpersonen innerhalb des Unternehmens und die Unterst\u00fctzung der Regierung (Rizos et al., 2016). Die erfolgreiche Umsetzung der Kreislaufwirtschaft h\u00e4ngt von einer Reihe von Faktoren ab: Externe Faktoren umfassen die \u00f6ffentliche Politik, Marktbedingungen, technologische Entwicklung und Interessengruppen, w\u00e4hrend interne Faktoren die Ressourcen, F\u00e4higkeiten und Kompetenzen des Unternehmens sind (Prieto-Sandoval et al., 2018). Wenn KMU in der Lage sind, diese Wegbereiter zu nutzen, ergeben sich f\u00fcr sie mehrere Vorteile und Chancen, z. B. Imagegewinn, Kostensenkung, Unternehmenswachstum, h\u00f6here Produktivit\u00e4t, Schonung der Umwelt durch geringere CO2-Emissionen und gr\u00f6\u00dfere Nachhaltigkeit (Prieto-Sandoval et al., 2018).<\/p>\n\n\n\n<p>Es gibt Strategien f\u00fcr mehrere Aktionsfelder (Nehmen, Machen, Verteilen, Verwenden und Wiederherstellen) der Kreislaufwirtschaft, an denen sich KMU beteiligen k\u00f6nnen (Prieto-Sandoval et al., 2018; Dey et al., 2020). Aktivit\u00e4ten, die KMU in der EU normalerweise durchf\u00fchren, sind Abfallminimierung, Neuplanung des Energieverbrauchs, Neugestaltung von Produkten und Dienstleistungen, Nutzung erneuerbarer Energien und Wassernutzung (Katz-Gerro und Sintas, 2018).<\/p>\n","protected":false},"excerpt":{"rendered":"<p>Mit interner Unterst\u00fctzung z.B. durch das Top-Management und externer Unterst\u00fctzung z.B. durch die Politik k\u00f6nnen KMU\u2018s nicht nur einen Beitrag f\u00fcr Gesellschaft und Umwelt leisten, &hellip; <\/p>\n","protected":false},"author":2,"featured_media":0,"parent":0,"menu_order":0,"comment_status":"closed","ping_status":"closed","template":"","meta":[],"_links":{"self":[{"href":"https:\/\/www.ce-iperasmus.eu\/dashboard\/wp-json\/wp\/v2\/pages\/277"}],"collection":[{"href":"https:\/\/www.ce-iperasmus.eu\/dashboard\/wp-json\/wp\/v2\/pages"}],"about":[{"href":"https:\/\/www.ce-iperasmus.eu\/dashboard\/wp-json\/wp\/v2\/types\/page"}],"author":[{"embeddable":true,"href":"https:\/\/www.ce-iperasmus.eu\/dashboard\/wp-json\/wp\/v2\/users\/2"}],"replies":[{"embeddable":true,"href":"https:\/\/www.ce-iperasmus.eu\/dashboard\/wp-json\/wp\/v2\/comments?post=277"}],"version-history":[{"count":1,"href":"https:\/\/www.ce-iperasmus.eu\/dashboard\/wp-json\/wp\/v2\/pages\/277\/revisions"}],"predecessor-version":[{"id":278,"href":"https:\/\/www.ce-iperasmus.eu\/dashboard\/wp-json\/wp\/v2\/pages\/277\/revisions\/278"}],"wp:attachment":[{"href":"https:\/\/www.ce-iperasmus.eu\/dashboard\/wp-json\/wp\/v2\/media?parent=277"}],"curies":[{"name":"wp","href":"https:\/\/api.w.org\/{rel}","templated":true}]}}