{"id":268,"date":"2021-11-24T00:24:59","date_gmt":"2021-11-24T00:24:59","guid":{"rendered":"https:\/\/www.ce-iperasmus.eu\/dashboard\/?page_id=268"},"modified":"2022-04-02T13:04:48","modified_gmt":"2022-04-02T13:04:48","slug":"introduccion-a-las-microempresas","status":"publish","type":"page","link":"https:\/\/www.ce-iperasmus.eu\/dashboard\/introduccion-a-las-microempresas\/","title":{"rendered":"Introducci\u00f3n a las microempresas"},"content":{"rendered":"\n<p>Microempresas<\/p>\n\n\n\n<p>Las microempresas emplean normalmente a menos de 10 personas y su balance o volumen de negocios anual no supera los 2 millones de euros.&nbsp;La gran mayor\u00eda de las empresas europeas son microempresas, que son una parte sustancial del entorno empresarial, ya que emplean a dos tercios de la poblaci\u00f3n activa europea.&nbsp;Al mismo tiempo, tambi\u00e9n son responsables de causar aproximadamente el 30 % del impacto ambiental.<\/p>\n\n\n\n<p><strong>\u00bfQu\u00e9 define a una microempresa?<\/strong><\/p>\n\n\n\n<p>\u201cLas microempresas se definen como empresas que emplean a menos de 10 personas y cuyo volumen de negocios anual o balance anual total no supera los 2 millones de euros\u201d (&nbsp;<a href=\"https:\/\/op.europa.eu\/de\/publication-detail\/-\/publication\/756d9260-ee54-11ea-991b-01aa75ed71a1\/language-en\">Comisi\u00f3n Europea, 2020, p. 11<\/a>&nbsp;).<\/p>\n\n\n\n<p><strong>\u00bfCu\u00e1les son las caracter\u00edsticas distintivas de las microempresas?<\/strong><\/p>\n\n\n\n<p>En la OCDE, casi una persona de cada tres est\u00e1 empleada en una microempresa con menos de 10 empleados (&nbsp;<a href=\"https:\/\/doi.org\/10.1787\/34907e9c-en\">OCDE, 2019<\/a>&nbsp;), lo que respalda la importancia de las pymes para la implementaci\u00f3n de pr\u00e1cticas de econom\u00eda circular.&nbsp;Seg\u00fan datos de 2008, la poblaci\u00f3n activa de la econom\u00eda empresarial no financiera en el \u00e1rea de la UE-27 relacionada con las microempresas se puede caracterizar de la siguiente manera: el 92 % del total de empresas pertenece a un grupo de microempresas que emplea al 29 % de los empleados y a\u00f1ade un 21,8 % en valor empresarial (&nbsp;<a href=\"https:\/\/ec.europa.eu\/eurostat\/en\/web\/products-statistical-books\/-\/ch_07_2012\">Eurostat, 2013<\/a>&nbsp;;&nbsp;<a href=\"https:\/\/doi.org\/10.3846\/bm.2012.158\">\u0160\u010deulovs y Gaile-Sarkane, 2012<\/a>&nbsp;).&nbsp;<\/p>\n\n\n\n<p>M\u00e1s all\u00e1 de eso, las pymes han sido los principales impulsores de la creaci\u00f3n de empleo y contribuyen a la identidad y cohesi\u00f3n social de las comunidades locales en \u00e1reas urbanas y rurales (&nbsp;<a href=\"https:\/\/doi.org\/10.1787\/34907e9c-en\">OCDE, 2019<\/a>&nbsp;;&nbsp;<a href=\"https:\/\/doi.org\/10.3390\/su8111212\">Rizos et al., 2016<\/a>&nbsp;).&nbsp;Por lo general, las micro y peque\u00f1as empresas de servicios profesionales, cient\u00edficos y t\u00e9cnicos tienden a ser m\u00e1s productivas que las grandes empresas que podr\u00edan estar relacionadas con estructuras menos jer\u00e1rquicas y v\u00edas de toma de decisiones m\u00e1s r\u00e1pidas.&nbsp;Con respecto a la distribuci\u00f3n geogr\u00e1fica, las microempresas est\u00e1n sobrerrepresentadas en, por ejemplo, Australia y los pa\u00edses del sur de Europa (&nbsp;<a href=\"https:\/\/doi.org\/10.1787\/34907e9c-en\">OCDE, 2019<\/a>&nbsp;).&nbsp;Sin embargo, por lo general, la escasez de recursos humanos y las limitaciones financieras se encuentran entre las deficiencias.&nbsp;<\/p>\n\n\n\n<p>Seg\u00fan el&nbsp;<a href=\"https:\/\/www.eesc.europa.eu\/en\/our-work\/opinions-information-reports\/opinions\/circular-economy-job-creation-and-green-action-plan-smes\">Comit\u00e9 Econ\u00f3mico y Social Europeo<\/a>&nbsp;(2014), ha habido una considerable creaci\u00f3n de empleo en el \u00absector de empleos verdes\u00bb (es decir, el sector de bienes y servicios medioambientales (EGSS)), incluso durante los a\u00f1os de recesi\u00f3n y crisis.&nbsp;Curiosamente, existe un potencial significativo de creaci\u00f3n de empleo vinculado a la producci\u00f3n de energ\u00eda a partir de fuentes renovables, la eficiencia energ\u00e9tica, la gesti\u00f3n de aguas y residuos, la calidad del aire, la restauraci\u00f3n y preservaci\u00f3n de la biodiversidad y el desarrollo de infraestructura verde.<\/p>\n\n\n\n<p><strong>\u00bfC\u00f3mo pueden las microempresas beneficiarse de enfoques comerciales m\u00e1s circulares?<\/strong> Dado que el 92 % de las empresas europeas son microempresas, se estima que 18 millones de empresas son responsables de aproximadamente el 30 % del impacto ambiental, por lo que existe un enorme beneficio ambiental potencial derivado de la implementaci\u00f3n de la econom\u00eda circular.&nbsp;Sin embargo, la mayor\u00eda son demasiado peque\u00f1as para utilizar sistemas de gesti\u00f3n medioambiental.&nbsp;Por tanto, las campa\u00f1as de reducci\u00f3n del impacto ambiental, etiquetas energ\u00e9ticas, ecoetiquetas, ensayo y certificaci\u00f3n de productos permitir\u00e1n a estas empresas reducir su impacto (&nbsp;<a href=\"https:\/\/op.europa.eu\/en\/publication-detail\/-\/publication\/aa507ab8-1a2a-4bf1-86de-5a60d14a3977\">Constantinos et al., 2014<\/a>&nbsp;).<\/p>\n","protected":false},"excerpt":{"rendered":"<p>Microempresas Las microempresas emplean normalmente a menos de 10 personas y su balance o volumen de negocios anual no supera los 2 millones de euros.&nbsp;La &hellip; <\/p>\n","protected":false},"author":2,"featured_media":0,"parent":0,"menu_order":0,"comment_status":"closed","ping_status":"closed","template":"","meta":[],"_links":{"self":[{"href":"https:\/\/www.ce-iperasmus.eu\/dashboard\/wp-json\/wp\/v2\/pages\/268"}],"collection":[{"href":"https:\/\/www.ce-iperasmus.eu\/dashboard\/wp-json\/wp\/v2\/pages"}],"about":[{"href":"https:\/\/www.ce-iperasmus.eu\/dashboard\/wp-json\/wp\/v2\/types\/page"}],"author":[{"embeddable":true,"href":"https:\/\/www.ce-iperasmus.eu\/dashboard\/wp-json\/wp\/v2\/users\/2"}],"replies":[{"embeddable":true,"href":"https:\/\/www.ce-iperasmus.eu\/dashboard\/wp-json\/wp\/v2\/comments?post=268"}],"version-history":[{"count":1,"href":"https:\/\/www.ce-iperasmus.eu\/dashboard\/wp-json\/wp\/v2\/pages\/268\/revisions"}],"predecessor-version":[{"id":270,"href":"https:\/\/www.ce-iperasmus.eu\/dashboard\/wp-json\/wp\/v2\/pages\/268\/revisions\/270"}],"wp:attachment":[{"href":"https:\/\/www.ce-iperasmus.eu\/dashboard\/wp-json\/wp\/v2\/media?parent=268"}],"curies":[{"name":"wp","href":"https:\/\/api.w.org\/{rel}","templated":true}]}}