{"id":260,"date":"2021-11-24T00:19:55","date_gmt":"2021-11-24T00:19:55","guid":{"rendered":"https:\/\/www.ce-iperasmus.eu\/dashboard\/?page_id=260"},"modified":"2022-03-27T14:35:46","modified_gmt":"2022-03-27T14:35:46","slug":"kleinstunternehmen","status":"publish","type":"page","link":"https:\/\/www.ce-iperasmus.eu\/dashboard\/kleinstunternehmen\/","title":{"rendered":"Kleinstunternehmen"},"content":{"rendered":"\n<p><strong>Kleinstunternehmen (allgemein)<\/strong><strong><\/strong><\/p>\n\n\n\n<p>Kleinstunternehmen besch\u00e4ftigen in der Regel weniger als 10 Mitarbeiter und ihre Jahresbilanz oder ihr Jahresumsatz \u00fcbersteigt 2 Mio. EUR nicht. Die gro\u00dfe Mehrheit der europ\u00e4ischen Unternehmen sind Kleinstunternehmen. Sie machen einen wesentlichen Teil des Gesch\u00e4ftsumfelds aus, da sie zwei Drittel der europ\u00e4ischen Arbeitskr\u00e4fte besch\u00e4ftigen. Gleichzeitig sind sie aber auch f\u00fcr sch\u00e4tzungsweise 30 % der Umweltbelastung verantwortlich.<\/p>\n\n\n\n<p><strong>Was definiert ein Mikrounternehmen?<\/strong><\/p>\n\n\n\n<p>\u201eKleinstunternehmen sind definiert als Unternehmen, die weniger als 10 Personen besch\u00e4ftigen und deren Jahresumsatz oder Jahresbilanzsumme 2 Mio. EUR nicht \u00fcberschreitet\u201c ( Europ\u00e4ische Kommission, 2020, S. 11 ).<\/p>\n\n\n\n<p><strong>Was sind charakteristische Merkmale von Kleinstunternehmen?<\/strong><\/p>\n\n\n\n<p>OECD-weit ist fast jede dritte Person in einem Kleinstunternehmen mit weniger als 10 Angestellten besch\u00e4ftigt (OECD, 2019), was die Bedeutung von KMU\u2018s f\u00fcr die Umsetzung von Kreislaufwirtschaftspraktiken unterstreicht. Auf Grundlage der Daten aus dem Jahr 2008 l\u00e4sst sich die Erwerbst\u00e4tigkeit der nichtfinanziellen gewerblichen Wirtschaft in der EU im Zusammenhang mit Kleinstunternehmen wie folgt charakterisieren: 92 % der Gesamtunternehmen geh\u00f6ren zur Gruppe der Kleinstunternehmen, bei denen 29 % der Besch\u00e4ftigten angestellt sind und 21,8 % des Unternehmenswerts steigern ( Eurostat, 2013; \u0160\u010deulovs &amp; Gaile-Sarkane, 2012).<\/p>\n\n\n\n<p>Dar\u00fcber hinaus waren KMU die Hauptantriebskr\u00e4fte f\u00fcr die Schaffung von Arbeitspl\u00e4tzen und tragen zur Identit\u00e4t und zum sozialen Zusammenhalt lokaler Gemeinschaften in st\u00e4dtischen und l\u00e4ndlichen Gebieten bei (OECD, 2019; Rizos et al., 2016). In der Regel sind Kleinst- und Kleinunternehmen im Bereich freiberuflicher, wissenschaftlicher und technischer Dienstleistungen produktiver als Gro\u00dfunternehmen, was auf weniger hierarchische Strukturen und schnellere Entscheidungswege zur\u00fcckzuf\u00fchren sein k\u00f6nnte. In Bezug auf die geografische Verteilung sind Kleinstunternehmen beispielsweise in Australien und s\u00fcdeurop\u00e4ischen L\u00e4ndern \u00fcberrepr\u00e4sentiert (OECD, 2019). Zu den Herausforderungen z\u00e4hlen jedoch in der Regel Personalknappheit und finanzielle Engp\u00e4sse.<\/p>\n\n\n\n<p>Nach Angaben des Europ\u00e4ischen Wirtschafts- und Sozialausschusses (2014) wurden auch in Rezessions- und Krisenjahren erhebliche Arbeitspl\u00e4tze im \u201egr\u00fcnen Besch\u00e4ftigungssektor\u201c (d.h. Umweltg\u00fcter- und -dienstleistungssektor (EGSS)) geschaffen. Interessanterweise gibt es ein erhebliches Besch\u00e4ftigungspotenzial in Verbindung mit der Energieerzeugung aus erneuerbaren Quellen, Energieeffizienz, Abfall- und Wassermanagement, Luftqualit\u00e4t, Wiederherstellung und Erhaltung der biologischen Vielfalt und Entwicklung einer gr\u00fcnen Infrastruktur.<\/p>\n\n\n\n<p><strong>Wie k\u00f6nnen Kleinstunternehmen von kreislauforientierten Gesch\u00e4ftsans\u00e4tzen profitieren?<\/strong><\/p>\n\n\n\n<p>Da 92 % der europ\u00e4ischen Unternehmen Kleinstunternehmen sind, also sch\u00e4tzungsweise 18 Millionen Unternehmen, die f\u00fcr gesch\u00e4tzte 30 % der Umweltauswirkungen verantwortlich sind, besteht ein enormes Potenzial f\u00fcr die Umwelt, das sich aus der Umsetzung der Kreislaufwirtschaft gerade bei diesen Unternehmen ergibt. Die meisten sind jedoch zu klein, um Umweltmanagementsysteme einzusetzen. Daher werden Kampagnen zur Reduzierung der Umweltbelastung, Energielabels, Umweltzeichen, Test und Zertifizierung von Produkten es diesen Unternehmen erm\u00f6glichen, ihre Auswirkungen zu reduzieren (Constantinos et al., 2014).<\/p>\n","protected":false},"excerpt":{"rendered":"<p>Kleinstunternehmen (allgemein) Kleinstunternehmen besch\u00e4ftigen in der Regel weniger als 10 Mitarbeiter und ihre Jahresbilanz oder ihr Jahresumsatz \u00fcbersteigt 2 Mio. EUR nicht. Die gro\u00dfe Mehrheit &hellip; <\/p>\n","protected":false},"author":2,"featured_media":0,"parent":0,"menu_order":0,"comment_status":"closed","ping_status":"closed","template":"","meta":[],"_links":{"self":[{"href":"https:\/\/www.ce-iperasmus.eu\/dashboard\/wp-json\/wp\/v2\/pages\/260"}],"collection":[{"href":"https:\/\/www.ce-iperasmus.eu\/dashboard\/wp-json\/wp\/v2\/pages"}],"about":[{"href":"https:\/\/www.ce-iperasmus.eu\/dashboard\/wp-json\/wp\/v2\/types\/page"}],"author":[{"embeddable":true,"href":"https:\/\/www.ce-iperasmus.eu\/dashboard\/wp-json\/wp\/v2\/users\/2"}],"replies":[{"embeddable":true,"href":"https:\/\/www.ce-iperasmus.eu\/dashboard\/wp-json\/wp\/v2\/comments?post=260"}],"version-history":[{"count":1,"href":"https:\/\/www.ce-iperasmus.eu\/dashboard\/wp-json\/wp\/v2\/pages\/260\/revisions"}],"predecessor-version":[{"id":261,"href":"https:\/\/www.ce-iperasmus.eu\/dashboard\/wp-json\/wp\/v2\/pages\/260\/revisions\/261"}],"wp:attachment":[{"href":"https:\/\/www.ce-iperasmus.eu\/dashboard\/wp-json\/wp\/v2\/media?parent=260"}],"curies":[{"name":"wp","href":"https:\/\/api.w.org\/{rel}","templated":true}]}}