{"id":252,"date":"2021-11-23T23:39:12","date_gmt":"2021-11-23T23:39:12","guid":{"rendered":"https:\/\/www.ce-iperasmus.eu\/dashboard\/?page_id=252"},"modified":"2022-03-27T10:06:15","modified_gmt":"2022-03-27T10:06:15","slug":"introduzione-alleconomia-circolare","status":"publish","type":"page","link":"https:\/\/www.ce-iperasmus.eu\/dashboard\/introduzione-alleconomia-circolare\/","title":{"rendered":"Introduzione all&#8217;ECONOMIA CIRCOLARE"},"content":{"rendered":"\n<p>Economia circolare<\/p>\n\n\n\n<p>CE in poche parole:<\/p>\n\n\n\n<p>L&#8217; economia circolare \u00e8 un muovo approccio alla comprensione del modo in cui acquistiamo e utilizziamo i materiali. Particolarmente importante \u00e8 guardare cosa succede a un prodotto alla fine della sua vita. Abbiamo bisogno di rimodellare il flusso dei nostri materiali e prodotti per allontanarci dall&#8217;economia lineare del prendi&nbsp; e produci rifiuti. Questa trasformazione \u00e8 necessaria per garantire un uso pi\u00f9 efficiente delle materie prime e per ridurre le nostre emissioni di CO2, che sono innescate dall&#8217;aumento dei livelli di consumo eccessivo. Un CE ci aiuter\u00e0 anche a ridurre gli sprechi ea salvaguardare le nostre risorse e l&#8217;ambiente.<\/p>\n\n\n\n<p>Cos&#8217;\u00e8 l&#8217;economia circolare?<\/p>\n\n\n\n<p>Una delle definizioni CE pi\u00f9 importanti \u00e8 stata fornita dalla Fondazione Ellen MacArthur . La fondazione \u00e8 uno dei principali attori nel promuovere la transizione al CE attraverso la ricerca e le collaborazioni industriali. Secondo loro \u201c[CE \u00e8] un sistema industriale che \u00e8 riparativo o rigenerativo per intenzione e design. Sostituisce il concetto di \u00abfine vita\u00bb con il ripristino, si sposta verso l&#8217;uso di energia rinnovabile, elimina l&#8217;uso di sostanze chimiche tossiche, che compromettono il riutilizzo e mira all&#8217;eliminazione dei rifiuti attraverso il design superiore di materiali, prodotti, sistemi, e, all&#8217;interno di questo, modelli di business\u201d. In breve, la CE si basa sui seguenti tre principi :<\/p>\n\n\n\n<p>(1) Progettare rifiuti e inquinamento<\/p>\n\n\n\n<p>&nbsp;(2) Mantenere prodotti e materiali in uso<\/p>\n\n\n\n<p>(3) Rigenerare i sistemi naturali<\/p>\n\n\n\n<p>In aggiunta a ci\u00f2, ci sono un certo numero di principi o \u00abR\u00bb da seguire quando si desidera iniziare a implementare la CE. Stanno costruendo sulle 3R iniziali<\/p>\n\n\n\n<p>\u25cf ridurre (acquistare meno, utilizzare meno, utilizzare meno materiali)&nbsp;&nbsp;&nbsp;&nbsp;&nbsp;<\/p>\n\n\n\n<p>\u25cf riutilizzo (riutilizzare prodotti e materiali una volta che si desidera eliminarli o una volta che non soddisfano pi\u00f9 il loro scopo originale)&nbsp;&nbsp;&nbsp;&nbsp;&nbsp;<\/p>\n\n\n\n<p>\u25cf riciclare (trasformare vecchi prodotti e materiali in input di materiale per nuovi prodotti e materiali)&nbsp;&nbsp;&nbsp;&nbsp;&nbsp;<\/p>\n\n\n\n<p>Nell&#8217;ambito del Green Deal europeo, la Commissione europea ha istituito un piano d&#8217;azione per l&#8217;economia circolare . L&#8217;obiettivo di questo piano \u00e8 realizzare la transizione dell&#8217;UE verso un&#8217;economia circolare.<\/p>\n\n\n\n<p>Questa transizione pu\u00f2<\/p>\n\n\n\n<p>\u25cf aiutaci a proteggere le nostre risorse naturali e ad utilizzarle in modo pi\u00f9 efficiente&nbsp;&nbsp;&nbsp;&nbsp;&nbsp;<\/p>\n\n\n\n<p>\u25cf creare una crescita sostenibile e nuovi posti di lavoro in molti settori e industrie&nbsp;&nbsp;&nbsp;&nbsp;&nbsp;<\/p>\n\n\n\n<p>\u25cf aiutaci a raggiungere l&#8217;obiettivo di neutralit\u00e0 climatica dell&#8217;UE per il 2050&nbsp;&nbsp;&nbsp;&nbsp;&nbsp;&nbsp;&nbsp;<\/p>\n\n\n\n<p>\u25cf arrestare la perdita di biodiversit\u00e0 e aiutarci a proteggere le nostre piante e i nostri animali&nbsp;&nbsp;&nbsp;&nbsp;&nbsp;<\/p>\n\n\n\n<p>&nbsp;Per approfondimenti pi\u00f9 dettagliati e accademici su come definire l&#8217;EC, le risorse da approfondire sono ad esempio&nbsp; Prieto-Sandoval et al. (2018) , Kirchherr et al. (2017) , Rizos et al. (2017) o Korhonen et al. ( 2018a , 2018b ) . Per ulteriori dettagli sui concetti correlati, vedere Geisendorf &amp; Pietrulla (2018) .<\/p>\n\n\n\n<p>Perch\u00e9 abbiamo bisogno di una trasformazione verso l&#8217;economia circolare?<\/p>\n\n\n\n<p>Il 39% delle emissioni globali di gas serra pu\u00f2 essere ridotto attraverso una transizione CE secondo il Circularity Gap Report 2021 . Questo ci aiuter\u00e0 a evitare un crollo climatico e a combattere la crisi climatica globale.<\/p>\n\n\n\n<p>Se continuiamo a realizzare nuovi prodotti con materiali vergini, avremo 23 miliardi di tonnellate (Gt) di emissioni annue. Applicando strategie circolari, possiamo ridurre la quantit\u00e0 di minerali, combustibili fossili, metalli e biomassa consumati dall&#8217;economia mondiale.<\/p>\n\n\n\n<p>Per ottenere una trasformazione di successo, Hartley et al. (2020) stanno delineando diverse politiche per la transizione verso un&#8217;economia circolare. Molti di questi avrebbero un impatto diretto su aziende e industrie perch\u00e9 dovremo ristrutturare il modo in cui facciamo affari e come produciamo i beni.<\/p>\n\n\n\n<p>Quali sono i vantaggi di un sistema circolare? L&#8217; EEA(2016) ha identificato diverse risorse, benefici ambientali, economici e sociali dell&#8217;economia circolare in Europa. I vantaggi delle risorse possono essere realizzati migliorando la sicurezza delle stesse e riducendo la dipendenza da loro. La percentuale di materiali che vengono riutilizzati pu\u00f2 essere aumentata da ca. dal 9 al 17%, quasi raddoppiando la circolarit\u00e0 dell&#8217;economia globale ( Circle Economy, 2021 ). Dal lato ambientale, l&#8217;impatto negativo pu\u00f2 essere ridotto, come confermato anche da Circle Economy (2021), che delinea 21 strategie circolari nel Circularity Gap Report 2021. Ci\u00f2 pu\u00f2 mantenere il pianeta su una traiettoria ben al di sotto dei 2\u00b0C riducendo le emissioni di ca. 23 miliardi di tonnellate oltre quanto raggiunto dagli attuali impegni climatici, una riduzione del 39% rispetto ai livelli del 2019. Tra i vantaggi economici, si possono realizzare opportunit\u00e0 per la crescita economica e l&#8217;innovazione, ad esempio il risparmio sui costi materiali di 340-630 miliardi di USD all&#8217;anno nella sola UE ( EMA, 2013a ) e per alcuni beni di consumo, ad esempio cibo, bevande, tessile e dell&#8217;imballaggio, si stima un potenziale globale di 700 miliardi di dollari all&#8217;anno di risparmi sui materiali, che equivale a circa il 20% dei costi di input dei materiali in questi settori ( EMA, 2013b ). Dal punto di vista sociale, l&#8217;Europa potrebbe aumentare la produttivit\u00e0 delle risorse fino al 3% annuo grazie ai progressi tecnologici. Oltre a un beneficio di risorse primarie fino a 0,6 trilioni di \u20ac all&#8217;anno, potrebbero essere generati 1,2 trilioni di \u20ac in benefici non derivanti da risorse ed esternalit\u00e0, una somma di benefici totali di 1,8 trilioni di \u20ac rispetto ad oggi ( EMA et al., 2015 ; McKinsey, 2015 ). Nel frattempo, l&#8217;Organizzazione Internazionale del Lavoro prevede la creazione netta di 18 milioni di posti di lavoro \u201cverdi\u201d entro il 2030, di cui 4 milioni nel settore manifatturiero e 9 milioni nelle energie rinnovabili e nell&#8217;edilizia, tutte aree che saranno stimolate da un passaggio al pensiero circolare (ILO, 2018 ; 2019 ) . Tuttavia, questo potenziale potrebbe differire a seconda del contesto del paese e del settore ( Chateau &amp; Mavroeidi , 2020 ).<\/p>\n","protected":false},"excerpt":{"rendered":"<p>Economia circolare CE in poche parole: L&#8217; economia circolare \u00e8 un muovo approccio alla comprensione del modo in cui acquistiamo e utilizziamo i materiali. Particolarmente &hellip; <\/p>\n","protected":false},"author":2,"featured_media":0,"parent":0,"menu_order":0,"comment_status":"closed","ping_status":"closed","template":"","meta":[],"_links":{"self":[{"href":"https:\/\/www.ce-iperasmus.eu\/dashboard\/wp-json\/wp\/v2\/pages\/252"}],"collection":[{"href":"https:\/\/www.ce-iperasmus.eu\/dashboard\/wp-json\/wp\/v2\/pages"}],"about":[{"href":"https:\/\/www.ce-iperasmus.eu\/dashboard\/wp-json\/wp\/v2\/types\/page"}],"author":[{"embeddable":true,"href":"https:\/\/www.ce-iperasmus.eu\/dashboard\/wp-json\/wp\/v2\/users\/2"}],"replies":[{"embeddable":true,"href":"https:\/\/www.ce-iperasmus.eu\/dashboard\/wp-json\/wp\/v2\/comments?post=252"}],"version-history":[{"count":1,"href":"https:\/\/www.ce-iperasmus.eu\/dashboard\/wp-json\/wp\/v2\/pages\/252\/revisions"}],"predecessor-version":[{"id":253,"href":"https:\/\/www.ce-iperasmus.eu\/dashboard\/wp-json\/wp\/v2\/pages\/252\/revisions\/253"}],"wp:attachment":[{"href":"https:\/\/www.ce-iperasmus.eu\/dashboard\/wp-json\/wp\/v2\/media?parent=252"}],"curies":[{"name":"wp","href":"https:\/\/api.w.org\/{rel}","templated":true}]}}