{"id":249,"date":"2021-11-23T23:37:08","date_gmt":"2021-11-23T23:37:08","guid":{"rendered":"https:\/\/www.ce-iperasmus.eu\/dashboard\/?page_id=249"},"modified":"2022-03-27T10:07:43","modified_gmt":"2022-03-27T10:07:43","slug":"uvod-v-krozno-gospodarstvo","status":"publish","type":"page","link":"https:\/\/www.ce-iperasmus.eu\/dashboard\/uvod-v-krozno-gospodarstvo\/","title":{"rendered":"Uvod v KRO\u017dNO GOSPODARSTVO"},"content":{"rendered":"\n<h2><a>Kro\u017eno gospodarstvo<\/a> (CE)<\/h2>\n\n\n\n<p><strong><u>CE na kratko:<\/u><\/strong><strong><u><\/u><\/strong><\/p>\n\n\n\n<p>Pojem kro\u017enega gospodarstva je novo razumevanje, kako pridobivamo in uporabljamo materiale. \u0160e posebej pomembno je pogledati, kaj se zgodi z izdelkom ob koncu njegove \u017eivljenjske dobe. Za vzdr\u017eno ekonomijo je nujno preoblikovati pretok materialov in izdelkov, potreben je odmik od linearne ekonomije po sistemu \u00abvzemi in naredi odpadek\u00bb. Ta preobrazba je potrebna za zagotovitev u\u010dinkovitej\u0161e rabe surovin in za zmanj\u0161anje na\u0161ih izpustov CO2, ki jih spro\u017ei nara\u0161\u010dajo\u010da raven prekomerne porabe. CE nam bo pomagal tudi zmanj\u0161ati koli\u010dino odpadkov ter za\u0161\u010dititi na\u0161e naravne vire in okolje.<strong><u><\/u><\/strong><\/p>\n\n\n\n<p><strong><u>Kaj je kro\u017eno gospodarstvo?<\/u><\/strong><strong><\/strong><\/p>\n\n\n\n<p>Eno bolj prepoznavnih definicij kro\u017enega gospodarstva podaja <a href=\"https:\/\/www.ellenmacarthurfoundation.org\/publications\/towards-the-circular-economy-vol-1-an-economic-and-business-rationale-for-an-accelerated-transition\">Opredelitev fundacije Ellen MacArthur<\/a>. Fundacija je pomemben akter pri spodbujanju prehoda na CE z raziskovalnim in industrijskim sodelovanjem. Po njihovem mnenju je \u00bb[CE] industrijski sistem, ki je po namenu in zasnovi obnovitveni ali regenerativni. Nadome\u0161\u010da koncept &#8216;konec \u017eivljenjske dobe&#8217; z obnovo, preusmeri se k uporabi obnovljive energije, odpravlja uporabo strupenih kemikalij, ki \u0161kodijo ponovni uporabi, in si prizadeva za odpravo odpadkov z premi\u0161ljeno zasnovo materialov, izdelkov, sistemov in znotraj tega poslovnih modelov.\u00bb Na kratko <a href=\"https:\/\/www.ellenmacarthurfoundation.org\/explore\/the-circular-economy-in-detail\">CE temelji na naslednjih treh na\u010delih<\/a>:(1) ne delajte odpadkov in onesna\u017eevanja (2) ohranite izdelke in materiale v uporabi (3) regenerirajte naravne sisteme.<\/p>\n\n\n\n<p>Poleg tega obstaja dolo\u010deno \u0161tevilo na\u010del, ki jih morate upo\u0161tevati, ko \u017eelite za\u010deti izvajati CE. Gradijo na za\u010detnih 3R (v angle\u0161\u010dini):<\/p>\n\n\n\n<ul><li><strong>Reduce &#8211; zmanj\u0161ati<\/strong> (kupite manj, tro\u0161ite manj, uporabite manj materialov)<\/li><li><strong>Reuse &#8211; ponovno uporabo<\/strong> (ponovno uporabite izdelke in materiale, ko jih \u017eelite zavre\u010di ali ko ne izpolnjujejo ve\u010d svojega prvotnega namena)<\/li><li><strong>Recycle &#8211; reciklirati<\/strong> (pretvorite stare izdelke in materiale v materialno surovino za nove izdelke in materiale)<\/li><\/ul>\n\n\n\n<p>V okviru evropskega zelenega dogovora je Evropska komisija zastavila <a href=\"https:\/\/eur-lex.europa.eu\/legal-content\/EN\/TXT\/?uri=CELEX:52015DC0614\"><em>Akcijski na\u010drt za kro\u017eno gospodarstvo<\/em><\/a><em>. <\/em>Cilj tega na\u010drta je dose\u010di prehod EU na kro\u017eno gospodarstvo. Ta prehod lahko:<\/p>\n\n\n\n<ul><li>pomaga varovati na\u0161e naravne vire in jih pomaga u\u010dinkoviteje uporabljati,<\/li><li>ustvari trajnostno rast in nova delovna mesta v \u0161tevilnih panogah in sektorjih,<\/li><li>nam pomaga dose\u010di cilj EU glede podnebne nevtralnosti do leta 2050,<\/li><li>ustavi izgubo biotske raznovrstnosti in nam pomagati za\u0161\u010dititi rastline in \u017eivali.<\/li><\/ul>\n\n\n\n<p>Za bolj podroben in akademski vpogled v to, kako je mogo\u010de opredeliti CE, so viri za nadaljnje branje npr. <a href=\"https:\/\/www.sciencedirect.com\/science\/article\/pii\/S0959652617332146\">Prieto-Sandoval et al. (2018)<\/a>, <a href=\"https:\/\/www.sciencedirect.com\/science\/article\/pii\/S0921344917302835\">Kirchherr et al. (2017)<\/a>, <a href=\"http:\/\/aei.pitt.edu\/85892\/\">Rizos et al. (2017)<\/a>ali Korhonen et al. (<a href=\"https:\/\/www.sciencedirect.com\/science\/article\/abs\/pii\/S0921800916300325\">2018a<\/a>, <a href=\"https:\/\/www.sciencedirect.com\/science\/article\/pii\/S0959652617330706\">2018b<\/a>). Za dodatne podrobnosti o povezanih konceptih glejte <a href=\"https:\/\/onlinelibrary.wiley.com\/doi\/abs\/10.1002\/tie.21924\">Geisendorf &amp; Pietrulla (2018)<\/a>.<\/p>\n\n\n\n<p><strong><u>Zakaj potrebujemo preoblikovanje v kro\u017eno gospodarstvo?<\/u><\/strong><strong><\/strong><\/p>\n\n\n\n<p><strong>39 %<\/strong> globalnih emisij toplogrednih plinov je mogo\u010de zmanj\u0161ati s prehodom CE v skladu s <a href=\"https:\/\/www.circle-economy.com\/resources\/circularity-gap-report-2021\"><em>Poro\u010dilo o vrzeli v kro\u017enosti 2021<\/em><\/a>. To nam bo pomagalo, da se izognemo podnebnemu zlomu in se borimo proti globalni podnebni krizi.<\/p>\n\n\n\n<p>\u010ce bomo \u0161e naprej izdelovali nove izdelke iz \u010distih materialov, bo to zna\u0161ajo pribli\u017eno 23 milijard ton (Gt) letnih emisij. Z uporabo kro\u017enih strategij lahko zmanj\u0161amo koli\u010dino mineralov, fosilnih goriv, \u200b\u200bkovin in biomase, ki jih porabi svetovno gospodarstvo.<\/p>\n\n\n\n<p>Za uspe\u0161no preobrazbo <a href=\"https:\/\/www.sciencedirect.com\/science\/article\/pii\/S0921344919305403?via%3Dihub\">Hartley et al. (2020)<\/a> opisujejo razli\u010dne politike za prehod na kro\u017eno gospodarstvo. Mnoge od teh bi imele neposreden vpliv na podjetja in industrije, saj bomo morali prestrukturirati na\u010din poslovanja in proizvodnjo blaga.<\/p>\n\n\n\n<p><strong><u>Kak\u0161ne so prednosti kro\u017enega sistema?<\/u><\/strong><strong><\/strong><\/p>\n\n\n\n<p><a href=\"https:\/\/www.eea.europa.eu\/publications\/circular-economy-in-europe\">EGP<\/a>(2016) je opredelil ve\u010d okoljskih, gospodarskih in dru\u017ebenih koristi kro\u017enega gospodarstva v Evropi. Prednosti virov je mogo\u010de dose\u010di z izbolj\u0161anjem varnosti virov in zmanj\u0161evanjem odvisnosti od virov. Dele\u017e ponovno uporabljenih materialov se lahko pove\u010da iz pribli\u017eno 9 do 17 %, kar skoraj podvoji kro\u017enost svetovnega gospodarstva (<a href=\"https:\/\/www.circle-economy.com\/resources\/circularity-gap-report-2021\">Kro\u017eno gospodarstvo, 2021<\/a>). Na okoljski strani je mogo\u010de zmanj\u0161ati negativne vplive, kar potrjujejo tudi v <a href=\"https:\/\/www.circle-economy.com\/resources\/circularity-gap-report-2021\">Kro\u017eno gospodarstvo<\/a>(2021), kjer opisujejo 21 kro\u017enih strategij v poro\u010dilu Circularity Gap 2021. upo\u0161tevanje strategij lahko ohranja planet na poti krepko pod 2 \u00b0C z zmanj\u0161anjem emisij za pribl. 23 milijard ton ve\u010d, kot je dose\u017eeno s trenutnimi podnebnimi zavezami, kar je 39-odstotno zmanj\u0161anje glede na raven iz leta 2019. Med gospodarskimi koristmi je mogo\u010de uresni\u010diti prilo\u017enosti za gospodarsko rast in inovacije, na primer prihranek materialnih stro\u0161kov v vi\u0161ini 340\u2013630 milijard USD na leto samo v EU (<a href=\"https:\/\/www.ellenmacarthurfoundation.org\/publications\/towards-the-circular-economy-vol-1-an-economic-and-business-rationale-for-an-accelerated-transition\">EMA, 2013a<\/a>), za nekatere potro\u0161ni\u0161ke dobrine, torej hrano, pija\u010do, tekstil in embala\u017eo, je ocenjen globalni potencial prihrankov materiala v vi\u0161ini 700 milijard USD na leto, kar je pribli\u017eno 20 % vhodnih stro\u0161kov materiala v teh sektorjih (<a href=\"https:\/\/www.ellenmacarthurfoundation.org\/publications\/towards-the-circular-economy-vol-2-opportunities-for-the-consumer-goods-sector\">EMA, 2013b<\/a>). Na socialni strani bi Evropi s tehnolo\u0161kim napredkom omogo\u010dili pove\u010danje produktivnosti virov do 3 % letno. Poleg koristi iz primarnih virov v vi\u0161ini kar 0,6 bilijona EUR na leto bi lahko ustvarili 1,2 bilijona EUR koristi, ki niso viri in zunanjih koristi, kar je vsota skupnih koristi 1,8 bilijona EUR v primerjavi z dana\u0161njim dnem (<a href=\"https:\/\/www.ellenmacarthurfoundation.org\/assets\/downloads\/publications\/EllenMacArthurFoundation_Growth-Within_July15.pdf\">EMA idr., 2015<\/a>; <a href=\"https:\/\/www.mckinsey.com\/business-functions\/sustainability\/our-insights\/europes-circular-economy-opportunity\">McKinsey, 2015<\/a>). Medtem Mednarodna organizacija dela predvideva neto ustvarjanje 18 milijonov zelenih delovnih mest do leta 2030, na vseh podro\u010djih, ki jih bo spodbudil prehod na kro\u017eno razmi\u0161ljanje, vklju\u010dno s 4 milijoni v proizvodnji in 9 milijoni v sektorju obnovljivih virih energije in gradbeni\u0161tvu, (ILO,<a href=\"https:\/\/www.ilo.org\/brussels\/information-resources\/news\/WCMS_619122\/lang--en\/index.htm\">2018<\/a>; <a href=\"http:\/\/www.ilo.org\/global\/research\/global-reports\/weso\/2019\/lang--en\/index.htm\">2019<\/a>). Vendar se ta potencial lahko razlikuje glede na kontekst dr\u017eave in industrijo (<a href=\"https:\/\/doi.org\/10.1787\/28e768df-en\">Chateau &amp; Mavroeidi, 2020<\/a>).<\/p>\n","protected":false},"excerpt":{"rendered":"<p>Kro\u017eno gospodarstvo (CE) CE na kratko: Pojem kro\u017enega gospodarstva je novo razumevanje, kako pridobivamo in uporabljamo materiale. \u0160e posebej pomembno je pogledati, kaj se zgodi &hellip; <\/p>\n","protected":false},"author":2,"featured_media":0,"parent":0,"menu_order":0,"comment_status":"closed","ping_status":"closed","template":"","meta":[],"_links":{"self":[{"href":"https:\/\/www.ce-iperasmus.eu\/dashboard\/wp-json\/wp\/v2\/pages\/249"}],"collection":[{"href":"https:\/\/www.ce-iperasmus.eu\/dashboard\/wp-json\/wp\/v2\/pages"}],"about":[{"href":"https:\/\/www.ce-iperasmus.eu\/dashboard\/wp-json\/wp\/v2\/types\/page"}],"author":[{"embeddable":true,"href":"https:\/\/www.ce-iperasmus.eu\/dashboard\/wp-json\/wp\/v2\/users\/2"}],"replies":[{"embeddable":true,"href":"https:\/\/www.ce-iperasmus.eu\/dashboard\/wp-json\/wp\/v2\/comments?post=249"}],"version-history":[{"count":1,"href":"https:\/\/www.ce-iperasmus.eu\/dashboard\/wp-json\/wp\/v2\/pages\/249\/revisions"}],"predecessor-version":[{"id":250,"href":"https:\/\/www.ce-iperasmus.eu\/dashboard\/wp-json\/wp\/v2\/pages\/249\/revisions\/250"}],"wp:attachment":[{"href":"https:\/\/www.ce-iperasmus.eu\/dashboard\/wp-json\/wp\/v2\/media?parent=249"}],"curies":[{"name":"wp","href":"https:\/\/api.w.org\/{rel}","templated":true}]}}