{"id":246,"date":"2021-11-23T23:34:04","date_gmt":"2021-11-23T23:34:04","guid":{"rendered":"https:\/\/www.ce-iperasmus.eu\/dashboard\/?page_id=246"},"modified":"2022-05-26T14:44:40","modified_gmt":"2022-05-26T14:44:40","slug":"kreislaufwirtschaft-kurz-zusammengefasst","status":"publish","type":"page","link":"https:\/\/www.ce-iperasmus.eu\/dashboard\/kreislaufwirtschaft-kurz-zusammengefasst\/","title":{"rendered":"Kreislaufwirtschaft kurz zusammengefasst"},"content":{"rendered":"\n<p><strong>Kreislaufwirtschaft kurz zusammengefasst:<\/strong><\/p>\n\n\n\n<p>Die Kreislaufwirtschaft pr\u00e4gt ein neues Verst\u00e4ndnis davon, wie wir Materialien beschaffen und verwenden. Besonders wichtig ist es zu sehen, was mit einem Produkt am Ende seiner Lebensdauer passiert. Wir m\u00fcssen den Fluss unserer Materialien und Produkte neu gestalten, um uns von der linearen Take-Make-Waste-Wirtschaft zu l\u00f6sen. Diese Transformation ist notwendig, um einen effizienteren Einsatz von Rohstoffen zu gew\u00e4hrleisten sowie unsere CO2-Emissionen zu reduzieren, die durch zunehmenden \u00dcberkonsum ausgel\u00f6st werden. Eine Kreislaufwirtschaft kann uns auch helfen, Abfall zu reduzieren und unsere Ressourcen und die Umwelt zu sch\u00fctzen.<\/p>\n\n\n\n<p><strong>Was ist die Kreislaufwirtschaft?<\/strong><\/p>\n\n\n\n<p>Eine der bekanntesten Definitionen f\u00fcr Kreislaufwirtschaft wurde von der Ellen MacArthur Foundation entworfen. Die Stiftung ist ein wichtiger Akteur, um den \u00dcbergang zu einer Kreislaufwirtschaft durch Forschungs- und Industriekooperationen voranzutreiben. Ihnen zufolge \u201eist [die Kreislaufwirtschaft] ein industrielles System, das durch die Intention und das Design restaurativ oder regenerativ ist. Es ersetzt das \u201eEnd-of-Life\u201c-Konzept durch Restaurierung, verlagert sich auf die Nutzung erneuerbarer Energien, verzichtet auf giftige Chemikalien, die die Wiederverwendung beeintr\u00e4chtigen, und zielt auf die Beseitigung von Abf\u00e4llen durch \u00fcberlegenes Design von Materialien, Produkten und Systemen, und darin Gesch\u00e4ftsmodelle.\u201c<\/p>\n\n\n\n<p>Kurz gesagt basiert die Kreislaufwirtschaft auf den folgenden drei Prinzipien:<\/p>\n\n\n\n<p>(1) Abfall und Umweltverschmutzung vermeiden.<\/p>\n\n\n\n<p>(2) Produkte und Materialien in Gebrauch halten.<\/p>\n\n\n\n<p>(3) Regenerieren nat\u00fcrlicher Systeme.<\/p>\n\n\n\n<p>Dar\u00fcber hinaus sollten eine Reihe von Prinzipien befolgt werden, wenn Sie mit der Implementierung der Kreislaufwirtschaft beginnen m\u00f6chten. Sie bauen auf den anf\u00e4nglichen 3R auf<\/p>\n\n\n\n<ul><li>reduzieren (reduce) (weniger kaufen, weniger verwenden, weniger Materialien verwenden)<\/li><li>wiederverwenden (reuse) (Produkte und Materialien wiederverwenden, wenn Sie sie entsorgen m\u00f6chten oder wenn sie ihren urspr\u00fcnglichen Zweck nicht mehr erf\u00fcllen)<\/li><li>recyceln (recycle) (Alte Produkte und Materialien in Materialinput f\u00fcr neue Produkte und Materialien umwandeln)<\/li><\/ul>\n\n\n\n<p>Im Rahmen des European Green Deal hat die Europ\u00e4ische Kommission einen Aktionsplan f\u00fcr die Kreislaufwirtschaft aufgestellt. Ziel dieses Plans ist es, den \u00dcbergang der EU zu einer Kreislaufwirtschaft zu erreichen.<\/p>\n\n\n\n<p>Dieser \u00dcbergang kann uns helfen<\/p>\n\n\n\n<ul><li>unsere nat\u00fcrlichen Ressourcen zu sch\u00fctzen und effizienter zu nutzen.<\/li><li>nachhaltiges Wachstum und neue Arbeitspl\u00e4tze in vielen Branchen und Sektoren zu schaffen.<\/li><li>die EU-Klimaneutralit\u00e4tsziel 2050 zu erreichen.<\/li><li>den Verlust der biologischen Vielfalt zu stoppen und unsere Pflanzen und Tiere zu sch\u00fctzen.<\/li><\/ul>\n\n\n\n<p>Um detailliertere und akademischere Einblicke zu erhalten, wie die Kreislaufwirtschaft definiert werden kann, kann in den folgenden Ressourcen tiefergehendes Wissen erworben werden: Prieto-Sandoval et al. (2018), Kirchherr et al. (2017), Rizos et al. (2017) oder Korhonen et al. (2018a, 2018b). F\u00fcr weitere Details zu verwandten Konzepten siehe auch Geisendorf &amp; Pietrulla (2018).<\/p>\n\n\n\n<p><strong>Warum brauchen wir eine Transformation zur Kreislaufwirtschaft?<\/strong><\/p>\n\n\n\n<p>39 % der weltweiten Treibhausgasemissionen k\u00f6nnen laut Circularity Gap Report 2021 durch eine Umstellung auf die Kreislaufwirtschaft eingespart werden. Dies wird uns helfen, einen Klimazusammenbruch zu vermeiden und die globale Klimakrise zu bek\u00e4mpfen.<\/p>\n\n\n\n<p>Wenn wir weiterhin Produkte aus neu gewonnen Rohstoffen herstellen, werden dadurch ca. 23 Milliarden Tonnen (Gt) j\u00e4hrliche Emissionen verursacht. Durch die Anwendung zirkul\u00e4rer Strategien k\u00f6nnen wir den Verbrauch von Mineralien, fossilen Brennstoffen, Metallen und Biomasse durch die Weltwirtschaft reduzieren.<\/p>\n\n\n\n<p>Um eine erfolgreiche Transformation zu erreichen, haben Hartley et al. (2020) verschiedene Strategien f\u00fcr den \u00dcbergang zu einer Kreislaufwirtschaft skizziert. Viele davon h\u00e4tten direkte Auswirkungen auf Unternehmen und Branchen, da wir Gesch\u00e4ftsabl\u00e4ufe und Warenproduktion umstrukturiert werden m\u00fcssten.<\/p>\n\n\n\n<p><strong>Was sind die Vorteile eines Kreislaufsystems?<\/strong><\/p>\n\n\n\n<p>Die EUA (2016) hat eine Reihe von \u00f6kologischen, wirtschaftlichen und sozialen Vorteilen der Kreislaufwirtschaft in Europa identifiziert. Ressourcenvorteile k\u00f6nnen durch die Verbesserung der Ressourcensicherheit und die Verringerung der Ressourcenabh\u00e4ngigkeit realisiert werden. Der Anteil der wiederverwendeten Materialien kann von ca. 9 bis 17% angehoben werden, was die Kreislauff\u00e4higkeit der Weltwirtschaft nahezu verdoppelt (Circle Economy, 2021). Auf der Umweltseite k\u00f6nnen die negativen Auswirkungen reduziert werden, was auch von Circle Economy (2021) best\u00e4tigt wurde, die im \u201eCircularity Gap Report 2021\u201c 21 zirkul\u00e4re Strategien skizzieret haben. Dies kann den Planeten auf einem Kurs halten, bei dem die Erderw\u00e4rmung deutlich unter 2\u00b0C liegt, indem die Reduktion der Emissionen um ca. 23 Mrd. Tonnen \u00fcber das hinausgeht, was durch die derzeitigen Klimaschutzverpflichtungen erreicht wird, d. h. eine Reduzierung um 39 % gegen\u00fcber dem Stand von 2019. Zu den wirtschaftlichen Vorteilen z\u00e4hlen Chancen f\u00fcr Wirtschaftswachstum und Innovation, beispielsweise die Materialkosteneinsparungen von 340\u2013630 Mrd. USD. Es wird ein globales Potenzial von 700 Mrd. USD an Materialeinsparungen pro Jahr gesch\u00e4tzt, was etwa 20 % der Materialeinsatzkosten in diesen Sektoren entspricht (EMF, 2013b). Auf der sozialen Seite w\u00fcrde Europa durch technologischen Fortschritt in die Lage versetzt werden, die Ressourcenproduktivit\u00e4t um bis zu 3 % j\u00e4hrlich zu steigern. Zus\u00e4tzlich zu einem Prim\u00e4rressourcennutzen von bis zu 0,6 Billionen EUR pro Jahr k\u00f6nnten 1,2 Billionen \u20ac an Nichtressourcen- und Externalit\u00e4tsvorteilen generiert werden, eine Summe des Gesamtnutzens von 1,8 Billionen EUR im Vergleich zu heute (EMA et al., 2015 ; McKinsey, 2015). Inzwischen prognostiziert die Internationale Arbeitsorganisation die Nettoschaffung von 18 Millionen gr\u00fcnen Arbeitspl\u00e4tzen bis 2030, davon 4 Millionen im verarbeitenden Gewerbe und 9 Millionen in erneuerbaren Energien und im Bauwesen, alles Bereiche, die durch einen Wandel hin zu zirkul\u00e4rem Denken gef\u00f6rdert werden (ILO, 2018; 2019). Dieses Potenzial kann jedoch je nach L\u00e4nderkontext und Branche unterschiedlich sein (Chateau &amp; Mavroeidi, 2020).<\/p>\n","protected":false},"excerpt":{"rendered":"<p>Kreislaufwirtschaft kurz zusammengefasst: Die Kreislaufwirtschaft pr\u00e4gt ein neues Verst\u00e4ndnis davon, wie wir Materialien beschaffen und verwenden. Besonders wichtig ist es zu sehen, was mit einem &hellip; <\/p>\n","protected":false},"author":2,"featured_media":0,"parent":0,"menu_order":0,"comment_status":"closed","ping_status":"closed","template":"","meta":[],"_links":{"self":[{"href":"https:\/\/www.ce-iperasmus.eu\/dashboard\/wp-json\/wp\/v2\/pages\/246"}],"collection":[{"href":"https:\/\/www.ce-iperasmus.eu\/dashboard\/wp-json\/wp\/v2\/pages"}],"about":[{"href":"https:\/\/www.ce-iperasmus.eu\/dashboard\/wp-json\/wp\/v2\/types\/page"}],"author":[{"embeddable":true,"href":"https:\/\/www.ce-iperasmus.eu\/dashboard\/wp-json\/wp\/v2\/users\/2"}],"replies":[{"embeddable":true,"href":"https:\/\/www.ce-iperasmus.eu\/dashboard\/wp-json\/wp\/v2\/comments?post=246"}],"version-history":[{"count":2,"href":"https:\/\/www.ce-iperasmus.eu\/dashboard\/wp-json\/wp\/v2\/pages\/246\/revisions"}],"predecessor-version":[{"id":1443,"href":"https:\/\/www.ce-iperasmus.eu\/dashboard\/wp-json\/wp\/v2\/pages\/246\/revisions\/1443"}],"wp:attachment":[{"href":"https:\/\/www.ce-iperasmus.eu\/dashboard\/wp-json\/wp\/v2\/media?parent=246"}],"curies":[{"name":"wp","href":"https:\/\/api.w.org\/{rel}","templated":true}]}}